{"id":197,"date":"2016-05-31T18:59:17","date_gmt":"2016-05-31T18:59:17","guid":{"rendered":"https:\/\/advancedsofttissuerelease.com\/ankylosing-spondylitis\/"},"modified":"2016-05-31T18:59:17","modified_gmt":"2016-05-31T18:59:17","slug":"spondylitis-ankylopoetica","status":"publish","type":"page","link":"https:\/\/advancedsofttissuerelease.com\/nl\/ankylosing-spondylitis\/","title":{"rendered":"Spondylitis ankylopoetica"},"content":{"rendered":"<h1 class=\"p1\"> \t<span style=\"color:#696969;\"><span class=\"s1\"><b>Spondylitis ankylopoetica&nbsp;<\/b><\/span><\/span><\/h1>\n<p class=\"p1\"> \t<span style=\"color:#696969;\"><span class=\"s2\">Spondylitis ankylopoetica is een systemische ontstekingsziekte of artritis die de wervelkolom aantast, waarbij soms wervels samensmelten. Gefuseerde wervels veroorzaken een voorovergebogen houding en er is geen remedie voor spondylitis ankylopoetica. Vroegtijdige diagnose en behandeling kunnen het risico op misvormingen verminderen en symptomen verminderen. Spondylitis ankylopoetica kan ook de ribben aantasten en de ademhaling pijnlijk maken. Het heeft een onbekende oorzaak en er wordt vermoed dat erfelijkheid een rol speelt.<\/span><\/span><\/p>\n<h2 class=\"p1\"> \t<span style=\"color:#696969;\"><span class=\"s1\">Spondylitis ankylopoetica<\/span><\/span><\/h2>\n<ul>\n<li class=\"p1\"> \t\t<span style=\"color:#696969;\"><span class=\"s2\">Stijfheid en pijn in de onderrug die enkele maanden aanhoudt<\/span><\/span><\/li>\n<li class=\"p1\"> \t\t<span style=\"color:#696969;\"><span class=\"s2\">Fusie van botten in nek, rug, heupen, ribben<\/span><\/span><\/li>\n<li class=\"p1\"> \t\t<span style=\"color:#696969;\"><span class=\"s2\">Pees- en ligamentpijn<\/span><\/span><\/li>\n<li class=\"p1\"> \t\t<span style=\"color:#696969;\"><span class=\"s2\">Koorts<\/span><\/span><\/li>\n<li class=\"p1\"> \t\t<span style=\"color:#696969;\"><span class=\"s2\">Vermoeidheid<\/span><\/span><\/li>\n<li class=\"p1\"> \t\t<span style=\"color:#696969;\"><span class=\"s2\">Verlies van eetlust<\/span><\/span><\/li>\n<\/ul>\n<p class=\"p2\"> \t<span style=\"color:#696969;\"><span style=\"font-family: &quot;Helvetica Neue&quot;, Helvetica, Arial, sans-serif; font-size: 24px; line-height: 1.1;\">Behandeling van spondylitis ankylopoetica<\/span><\/span><\/p>\n<p class=\"p1\"> \t<span style=\"color:#696969;\"><span class=\"s2\">ASTR gebruikt holistische, niet-invasieve en pijnvrije benaderingen om pijn te verlichten zonder het gebruik van medicatie. Onze artsen gebruiken gepatenteerde ASTR-tools om het bestaande littekenweefsel en de myofasciale restrictie bij pati\u00ebnten af te breken en te verwijderen. Er worden specifieke speciale oefenprogramma&#039;s gegeven aan pati\u00ebnten die zijn ontworpen om ontstekingen te verminderen en de spier te versterken om de pati\u00ebnt weer normaal te laten functioneren en actief te maken.<\/span><\/span><\/p>","protected":false},"excerpt":{"rendered":"<p>Ankylosing Spondylitis&nbsp; Ankylosing Spondylitis is a systemic type of inflammatory disease or arthritis that affects the spine, sometimes fusing vertebrae together.&nbsp; Fused vertebrae causes a forward hunched posture and there is no cure for ankylosing spondylitis.&nbsp; Early diagnosis and treatment can reduce the risk of deformity and decrease symptoms.&nbsp; Ankylosing spondylitis can affect the ribs [&hellip;]<\/p>\n","protected":false},"author":2447,"featured_media":0,"parent":0,"menu_order":155,"comment_status":"closed","ping_status":"closed","template":"","meta":{"_analytify_skip_tracking":false,"footnotes":""},"class_list":["post-197","page","type-page","status-publish","hentry"],"_links":{"self":[{"href":"https:\/\/advancedsofttissuerelease.com\/nl\/wp-json\/wp\/v2\/pages\/197","targetHints":{"allow":["GET"]}}],"collection":[{"href":"https:\/\/advancedsofttissuerelease.com\/nl\/wp-json\/wp\/v2\/pages"}],"about":[{"href":"https:\/\/advancedsofttissuerelease.com\/nl\/wp-json\/wp\/v2\/types\/page"}],"author":[{"embeddable":true,"href":"https:\/\/advancedsofttissuerelease.com\/nl\/wp-json\/wp\/v2\/users\/2447"}],"replies":[{"embeddable":true,"href":"https:\/\/advancedsofttissuerelease.com\/nl\/wp-json\/wp\/v2\/comments?post=197"}],"version-history":[{"count":0,"href":"https:\/\/advancedsofttissuerelease.com\/nl\/wp-json\/wp\/v2\/pages\/197\/revisions"}],"wp:attachment":[{"href":"https:\/\/advancedsofttissuerelease.com\/nl\/wp-json\/wp\/v2\/media?parent=197"}],"curies":[{"name":"wp","href":"https:\/\/api.w.org\/{rel}","templated":true}]}}