{"id":199,"date":"2016-05-31T19:07:33","date_gmt":"2016-05-31T19:07:33","guid":{"rendered":"https:\/\/advancedsofttissuerelease.com\/morton-s-neuroma\/"},"modified":"2016-05-31T19:07:33","modified_gmt":"2016-05-31T19:07:33","slug":"morton-s-neuroma-2","status":"publish","type":"page","link":"https:\/\/advancedsofttissuerelease.com\/nl\/morton-s-neuroma\/","title":{"rendered":"Morton&#039;s neuroom"},"content":{"rendered":"<h1 class=\"p1\"> \t<span style=\"color:#696969;\"><span class=\"s1\"><b>Morton&#039;s neuroom<\/b><\/span><\/span><\/h1>\n<p class=\"p1\"> \t<span style=\"color:#696969;\"><span class=\"s2\">Morton&#039;s neuroom is wanneer de zenuw tussen de derde en vierde teen verdikt of opgezwollen raakt en de bal van uw voet be\u00efnvloedt. Morton&#039;s neuroom veroorzaakt en individu het gevoel alsof ze op een kleine kiezelsteen staan en kan scherpe of brandende pijnen voelen. Het weefsel rond de zenuwen die naar de tenen leiden, wordt vaak dikker doordat de tenen te lang samengeknepen worden, meestal van hoge hakken bij vrouwen. Hoge hakken, rotsklimmen en voetmisvormingen zijn risicofactoren voor Morton&#039;s neuroom. &nbsp;<\/span><\/span><\/p>\n<h2 class=\"p1\"> \t<span style=\"color:#696969;\"><span class=\"s1\">Morton&#039;s neuroom Symptomen<\/span><\/span><\/h2>\n<ul>\n<li class=\"p1\"> \t\t<span style=\"color:#696969;\"><span class=\"s2\">Scherpe of brandende pijn<\/span><\/span><\/li>\n<li class=\"p1\"> \t\t<span style=\"color:#696969;\"><span class=\"s2\">Een kleine knobbel op de bal van de voet voelen<\/span><\/span><\/li>\n<li class=\"p1\"> \t\t<span style=\"color:#696969;\"><span class=\"s2\">Gevoelloosheid of tintelingen in de tenen<\/span><\/span><\/li>\n<\/ul>\n<h3 class=\"p1\"> \t<span style=\"color:#696969;\"><span class=\"s1\">Morton&#039;s neuroom behandeling<\/span><\/span><\/h3>\n<p class=\"p1\"> \t<span style=\"color:#696969;\"><span class=\"s2\">ASTR gebruikt holistische, niet-invasieve en pijnvrije benaderingen om pijn te verlichten zonder het gebruik van medicatie. Onze artsen gebruiken gepatenteerde ASTR-tools om het bestaande littekenweefsel en de myofasciale restrictie bij pati\u00ebnten af te breken en te verwijderen. Er worden specifieke speciale oefenprogramma&#039;s gegeven aan pati\u00ebnten die zijn ontworpen om ontstekingen te verminderen en de spier te versterken om de pati\u00ebnt weer normaal te laten functioneren en actief te maken.<\/span><\/span><\/p>","protected":false},"excerpt":{"rendered":"<p>Morton\u2019s Neuroma Morton\u2019s Neuroma is when the nerve between the third and fourth toes becomes thickened or swollen and affects the ball of your foot. Morton&#8217;s neuroma causes and individual to feel as if they are standing on a small pebble and may feel sharp or burning pains.&nbsp; The tissue around the nerves leading to [&hellip;]<\/p>\n","protected":false},"author":2447,"featured_media":0,"parent":0,"menu_order":153,"comment_status":"closed","ping_status":"closed","template":"","meta":{"_analytify_skip_tracking":false,"footnotes":""},"class_list":["post-199","page","type-page","status-publish","hentry"],"_links":{"self":[{"href":"https:\/\/advancedsofttissuerelease.com\/nl\/wp-json\/wp\/v2\/pages\/199","targetHints":{"allow":["GET"]}}],"collection":[{"href":"https:\/\/advancedsofttissuerelease.com\/nl\/wp-json\/wp\/v2\/pages"}],"about":[{"href":"https:\/\/advancedsofttissuerelease.com\/nl\/wp-json\/wp\/v2\/types\/page"}],"author":[{"embeddable":true,"href":"https:\/\/advancedsofttissuerelease.com\/nl\/wp-json\/wp\/v2\/users\/2447"}],"replies":[{"embeddable":true,"href":"https:\/\/advancedsofttissuerelease.com\/nl\/wp-json\/wp\/v2\/comments?post=199"}],"version-history":[{"count":0,"href":"https:\/\/advancedsofttissuerelease.com\/nl\/wp-json\/wp\/v2\/pages\/199\/revisions"}],"wp:attachment":[{"href":"https:\/\/advancedsofttissuerelease.com\/nl\/wp-json\/wp\/v2\/media?parent=199"}],"curies":[{"name":"wp","href":"https:\/\/api.w.org\/{rel}","templated":true}]}}