{"id":205,"date":"2016-05-31T19:49:12","date_gmt":"2016-05-31T19:49:12","guid":{"rendered":"https:\/\/advancedsofttissuerelease.com\/parkinson-s\/"},"modified":"2016-05-31T19:49:12","modified_gmt":"2016-05-31T19:49:12","slug":"parkinson","status":"publish","type":"page","link":"https:\/\/advancedsofttissuerelease.com\/nl\/parkinson-s\/","title":{"rendered":"Parkinson"},"content":{"rendered":"<h1 class=\"p1\"> \t<span style=\"color:#696969;\"><span class=\"s1\"><b>Parkinson<\/b><\/span><\/span><\/h1>\n<p class=\"p1\"> \t<span style=\"color:#696969;\"><span class=\"s2\">Parkinson is een progressieve neurologische aandoening die de zenuwcellen in de hersenen beschadigt die dopamine produceren. Dopamine helpt ons om onze spieren kalm te houden en wanneer het dopaminegehalte daalt, wordt de hersenactiviteit be\u00efnvloed. Vroege stadia van Parkinson beginnen met milde of lichte tremoren, zachtere spraak en verstijving in het gezicht. Deze symptomen nemen met de tijd toe en sommige personen kunnen slechts milde symptomen ervaren. Parkinson heeft geen bekende oorzaak, hoewel genen een rol kunnen spelen. Er is ook geen remedie voor de ziekte van Parkinson en alleen behandeling kan helpen om de symptomen te beheersen.<\/span><\/span><\/p>\n<h2 class=\"p1\"> \t<span style=\"color:#696969;\"><span class=\"s1\">Symptomen van de ziekte van Parkinson<\/span><\/span><\/h2>\n<ul>\n<li class=\"p1\"> \t\t<span style=\"color:#696969;\"><span class=\"s2\">Tremor (vaak in vingers)<\/span><\/span><\/li>\n<li class=\"p1\"> \t\t<span style=\"color:#696969;\"><span class=\"s2\">Langzame beweging<\/span><\/span><\/li>\n<li class=\"p1\"> \t\t<span style=\"color:#696969;\"><span class=\"s2\">Spraakveranderingen<\/span><\/span><\/li>\n<li class=\"p1\"> \t\t<span style=\"color:#696969;\"><span class=\"s2\">Verminderde gezichtsuitdrukking<\/span><\/span><\/li>\n<li class=\"p1\"> \t\t<span style=\"color:#696969;\"><span class=\"s2\">Schuifelende of bukkende houding<\/span><\/span><\/li>\n<li class=\"p1\"> \t\t<span style=\"color:#696969;\"><span class=\"s2\">Spierstijfheid<\/span><\/span><\/li>\n<li class=\"p1\"> \t\t<span style=\"color:#696969;\"><span class=\"s2\">Wijzigingen schrijven<\/span><\/span><\/li>\n<\/ul>\n<h3 class=\"p2\"> \t<span style=\"color:#696969;\"><span style=\"font-family: &quot;Helvetica Neue&quot;, Helvetica, Arial, sans-serif; font-size: 24px; line-height: 1.1;\">Parkinson behandeling<\/span><\/span><\/h3>\n<p class=\"p1\"> \t<span style=\"color:#696969;\"><span class=\"s2\">ASTR gebruikt holistische, niet-invasieve en pijnvrije benaderingen om pijn te verlichten zonder het gebruik van medicatie. Onze artsen gebruiken gepatenteerde ASTR-tools om het bestaande littekenweefsel en de myofasciale restrictie bij pati\u00ebnten af te breken en te verwijderen. Er worden specifieke speciale oefenprogramma&#039;s gegeven aan pati\u00ebnten die zijn ontworpen om ontstekingen te verminderen en de spier te versterken om de pati\u00ebnt weer normaal te laten functioneren en actief te maken.<\/span><\/span><\/p>","protected":false},"excerpt":{"rendered":"<p>Parkinson\u2019s Parkinson\u2019s is a progressive neurological disorder that damages the nerve cells in the brain that produce dopamine.&nbsp; Dopamine helps us to keep our muscles calm and when dopamine levels decrease brain activity is affected.&nbsp; Early stages of Parkinson\u2019s begins with mild or slight tremors, softer speech and stiffening in the face.&nbsp; These symptoms increase [&hellip;]<\/p>\n","protected":false},"author":2447,"featured_media":0,"parent":0,"menu_order":147,"comment_status":"closed","ping_status":"closed","template":"","meta":{"_analytify_skip_tracking":false,"footnotes":""},"class_list":["post-205","page","type-page","status-publish","hentry"],"_links":{"self":[{"href":"https:\/\/advancedsofttissuerelease.com\/nl\/wp-json\/wp\/v2\/pages\/205","targetHints":{"allow":["GET"]}}],"collection":[{"href":"https:\/\/advancedsofttissuerelease.com\/nl\/wp-json\/wp\/v2\/pages"}],"about":[{"href":"https:\/\/advancedsofttissuerelease.com\/nl\/wp-json\/wp\/v2\/types\/page"}],"author":[{"embeddable":true,"href":"https:\/\/advancedsofttissuerelease.com\/nl\/wp-json\/wp\/v2\/users\/2447"}],"replies":[{"embeddable":true,"href":"https:\/\/advancedsofttissuerelease.com\/nl\/wp-json\/wp\/v2\/comments?post=205"}],"version-history":[{"count":0,"href":"https:\/\/advancedsofttissuerelease.com\/nl\/wp-json\/wp\/v2\/pages\/205\/revisions"}],"wp:attachment":[{"href":"https:\/\/advancedsofttissuerelease.com\/nl\/wp-json\/wp\/v2\/media?parent=205"}],"curies":[{"name":"wp","href":"https:\/\/api.w.org\/{rel}","templated":true}]}}