{"id":10110,"date":"2020-03-07T17:21:54","date_gmt":"2020-03-08T00:21:54","guid":{"rendered":"https:\/\/advancedsofttissuerelease.com\/?post_type=product&#038;p=10110"},"modified":"2025-09-22T22:05:23","modified_gmt":"2025-09-23T02:05:23","slug":"chronische-vermoeidheidskit","status":"publish","type":"product","link":"https:\/\/advancedsofttissuerelease.com\/nl\/product\/chronic-fatigue-kit\/","title":{"rendered":"Kit voor chronische vermoeidheid"},"content":{"rendered":"<h1><span style=\"font-size: 12pt; color: #333333;\"><strong>Supplementenset voor chronische vermoeidheid<\/strong><\/span><\/h1>\n<p><span style=\"color: #333333;\">In dit stapsgewijze programma laat Dr. Jacobs u zien hoe u snel en effectief vermoeidheid kunt verminderen door het anti-inflammatoire dieet van ASTR te implementeren met onze chronische vermoeidheidssupplementenkit. Als je last hebt van kortdurende of chronische vermoeidheid, zal deze kit je reis een vliegende start geven om meer energie te ervaren!<\/span><\/p>\n<p><span style=\"color: #333333;\"><strong>Chronische vermoeidheid supplement kit bevat:<\/strong><\/span><\/p>\n<ol>\n<li><span style=\"color: #333333;\">B Actief<\/span><\/li>\n<li><span style=\"color: #333333;\">Magnesium Actief<\/span><\/li>\n<li><span style=\"color: #333333;\">Coq 10 Actief<\/span><\/li>\n<li><span style=\"color: #333333;\">Vitamine C en bioflavono\u00efden\u00a0<\/span><\/li>\n<li>Jodium Actief<\/li>\n<li><span style=\"color: #333333;\">ASTR diet, including recipes<\/span><\/li>\n<\/ol>\n<p><span style=\"color: #0000ff;\"><a style=\"color: #0000ff;\" href=\"https:\/\/advancedsofttissuerelease.com\/nl\/product\/b-actief\/\"><strong>B Actief &gt;<\/strong><\/a><\/span><\/p>\n<ul>\n<li><span style=\"color: #333333;\">Ondersteunt de koolhydraatstofwisseling<\/span><\/li>\n<li><span style=\"color: #333333;\">Ondersteunt de werking van het zenuwstelsel<\/span><\/li>\n<li><span style=\"color: #333333;\">Ondersteunt het functioneren van het bijniersysteem<\/span><\/li>\n<li><span style=\"color: #333333;\">Ondersteunt de werking van het immuunsysteem<\/span><\/li>\n<li><span style=\"color: #333333;\">Ondersteunt de cardiovasculaire gezondheid<\/span><\/li>\n<li><span style=\"color: #333333;\">Beschermt tegen voedingstekorten<\/span><\/li>\n<li><span style=\"color: #333333;\">Beschermt tegen door stress veroorzaakte uitputting van voedingsstoffen<\/span><\/li>\n<li><span style=\"color: #333333;\">Ondersteunt een gezonde mentale functie en stemming<\/span><\/li>\n<\/ul>\n<p><span style=\"color: #333333;\">Het ASTR B Active Supplement helpt bij het ondersteunen van het koolhydraatmetabolisme, het functioneren van het zenuwstelsel\/bijnieren\/immuunsysteem, cardiovasculaire gezondheid en een gezond mentaal functioneren en gemoedstoestand. B Active bevat het volledige spectrum aan B-vitamines; geactiveerde vormen van B2, B6 en B12; en foliumzuur.*<\/span><\/p>\n<p><span style=\"color: #0000ff;\"><a style=\"color: #0000ff;\" href=\"https:\/\/advancedsofttissuerelease.com\/nl\/product\/coq-10-actief\/\"><strong>CoQ 10 Actief &gt;<\/strong><\/a><\/span><\/p>\n<ul>\n<li><span style=\"color: #333333;\">Ondersteunt natuurlijke energieopwekking<\/span><\/li>\n<li><span style=\"color: #333333;\">Ondersteunt mitochondriaal functioneren<\/span><\/li>\n<li><span style=\"color: #333333;\">Ondersteunt de gezondheid van plasma en weefsel<\/span><\/li>\n<li><span style=\"color: #333333;\">Ondersteunt de gezondheid en het functioneren van het cardiovasculaire systeem<\/span><\/li>\n<li><span style=\"color: #333333;\">Ondersteunt de neuromusculaire gezondheid<\/span><\/li>\n<li><span style=\"color: #333333;\">Ondersteunt het functioneren van het centrale zenuwstelsel<\/span><\/li>\n<\/ul>\n<p><span style=\"color: #333333;\">ASTR CoQ 10 Supplement ondersteunt natuurlijke energieopwekking en mitochondriale gezondheid, gezond functioneren van het cardiovasculaire systeem en de gezondheid van neuromusculaire en centrale zenuwstelsel. Het is klinisch aangetoond dat ASTR CoQ 10 beter opneembaar is voor optimaal gebruik ter ondersteuning van cardiovasculaire en op energie gebaseerde gezondheidsbehoeften.<\/span><\/p>\n<p><span style=\"color: #0000ff;\"><a style=\"color: #0000ff;\" href=\"https:\/\/advancedsofttissuerelease.com\/nl\/product\/k2-d3-compleet-2\/\"><strong><span style=\"font-size: 12pt;\">Magnesium Actief &gt;<\/span><\/strong><\/a><\/span><\/p>\n<ul>\n<li><span style=\"color: #333333;\">Biedt 3 vormen van sterk geabsorbeerd magnesium<\/span><\/li>\n<li><span style=\"color: #333333;\">Hooggeconcentreerd magnesium voor cardiovasculaire ondersteuning<\/span><\/li>\n<li><span style=\"color: #333333;\">Magnesium speelt een vitale rol in honderden metabole activiteiten<\/span><\/li>\n<li><span style=\"color: #333333;\">Help een gezonde bloeddruk te behouden<\/span><\/li>\n<li><span style=\"color: #333333;\">Helpt bij het handhaven van een gezond glucosegehalte<\/span><\/li>\n<li><span style=\"color: #333333;\">Bevordert de energieproductie<\/span><\/li>\n<li><span style=\"color: #333333;\">Bevordert spierontspanning<\/span><\/li>\n<li><span style=\"color: #333333;\">Ondersteunt de spierfunctie<\/span><\/li>\n<li><span style=\"color: #333333;\">Ondersteuning zenuwfunctie:<\/span><\/li>\n<\/ul>\n<p><a href=\"https:\/\/advancedsofttissuerelease.com\/nl\/product\/vitamine-c-en-bioflavonoiden-2\/\"><strong><span style=\"color: #0000ff;\">Vitamine C &amp;\u00a0<span style=\"caret-color: #0000ff;\">Bioflavono\u00efden<\/span>\u00a0 &gt;\u00a0<\/span><\/strong><\/a><\/p>\n<ul>\n<li>Krachtige vitamine C-formule<\/li>\n<li>Ondersteunt immuunsysteem<\/li>\n<li>Ondersteunt antioxidantsystemen<\/li>\n<li>Ondersteuning van de synthese van bloedvaten<\/li>\n<li>Ondersteunt de aanmaak van collageen<\/li>\n<li>Ondersteunt de productie van carnitine<\/li>\n<li>Ondersteunt de productie van neurotransmitters<\/li>\n<\/ul>\n<p>Vitamine C en bioflavono\u00efden combineren krachtige vitamine C met een gestandaardiseerd, volledig spectrum, citrusbioflavono\u00efdencomplex. Zowel vitamine C als bioflavono\u00efden zijn uitgebreid onderzocht vanwege hun rol bij het ondersteunen van de antioxidant- en immuunfunctie. Bovendien wijst onderzoek uit dat vitamine C nodig is voor de synthese van collageen, neurotransmitters en carnitine. Bioflavono\u00efden lijken een gezonde stofwisseling en cognitie te ondersteunen door te functioneren als celsignalerende middelen.*<\/p>\n<p><span style=\"color: #0000ff;\"><a style=\"color: #0000ff;\" href=\"https:\/\/advancedsofttissuerelease.com\/nl\/product\/jodium-actief\/\"><strong><span style=\"font-size: 12pt;\">Jodium Actief &gt;<\/span><\/strong><\/a><\/span><\/p>\n<ul>\n<li>Ondersteunt de gezondheid van de schildklier<\/li>\n<li>Helpt gezond borstweefsel te behouden<\/li>\n<li>Ondersteunt een gezonde synthese van schildklierhormonen<\/li>\n<li>Verminder oxidatieve stress<\/li>\n<li>Ondersteunt gezonde ogen<\/li>\n<li>Ondersteunt een gezonde gastro-intestinale voering<\/li>\n<li>antioxidant<\/li>\n<\/ul>\n<div class=\"page\" title=\"Pagina 1\">\n<div class=\"section\">\n<div class=\"layoutArea\">\n<div class=\"column\">\n<p>Jodium &amp; selenium formule voor een optimale schildklierfunctie<\/p>\n<p><span style=\"color: #0000ff;\"><strong style=\"color: #0000ff;\"><span style=\"font-size: 12pt;\"><a style=\"color: #0000ff;\" href=\"https:\/\/advancedsofttissuerelease.com\/nl\/product\/pijnstillende-creme-2\/\">Pijnstillende cr\u00e8me &gt;<\/a><\/span><\/strong><\/span><\/p>\n<\/div>\n<\/div>\n<\/div>\n<\/div>\n<div class=\"page\" title=\"Pagina 1\">\n<div class=\"section\">\n<div class=\"layoutArea\">\n<div class=\"column\">\n<div class=\"page\" title=\"Pagina 1\">\n<div class=\"section\">\n<p><strong>Voor volwassenen en kinderen<\/strong><\/p>\n<ul>\n<li>Ondersteunt spier- en gewrichtspijnverlichting<\/li>\n<li>Ondersteunt wondgenezing<\/li>\n<li>Ondersteunt de normale gezondheid van huid en nagels<\/li>\n<li>Ondersteunt een gezonde ontstekingsreactie<\/li>\n<li>Verbetert de gezondheid van het bewegingsapparaat<\/li>\n<li>Biedt gezamenlijke gezondheid<\/li>\n<li>Verhoogt gezamenlijke beweging<\/li>\n<\/ul>\n<p><strong>Pijnstillende cr\u00e8me wordt gebruikt voor:<\/strong><\/p>\n<ul>\n<li>Pijnstilling<\/li>\n<li>Verminder ontsteking<\/li>\n<li>Artritis<\/li>\n<li>Wondverzorging<\/li>\n<li>Eczeem<\/li>\n<li>Acne<\/li>\n<li>Dermatitis<\/li>\n<li>Psoriasis<\/li>\n<\/ul>\n<\/div>\n<\/div>\n<\/div>\n<\/div>\n<\/div>\n<\/div>\n<p style=\"text-align: center;\"><span style=\"font-size: 8pt; color: #333333;\">*Deze verklaringen zijn niet ge\u00ebvalueerd door de Food and Drug Administration. Dit product is niet bedoeld om een ziekte te diagnosticeren, behandelen, genezen of voorkomen.\u00a0<\/span><\/p>","protected":false},"excerpt":{"rendered":"<p><span class=\"\">Stap-voor-stap programma inclusief tips voor het verlichten van vermoeidheid,\u00a0<\/span><span class=\"\">voedingsschema, <\/span><span class=\"\">recepten, boodschappenlijstjes en supplementen die u zullen helpen de oorzaak van uw onderliggende gezondheidsproblemen aan te pakken.<\/span><\/p>","protected":false},"featured_media":47789,"template":"","meta":{"_analytify_skip_tracking":false},"product_brand":[],"product_cat":[1782],"product_tag":[1799,1790,1800,604,2345,1792],"woo-feed-brand":[],"class_list":{"0":"post-10110","1":"product","2":"type-product","3":"status-publish","4":"has-post-thumbnail","6":"product_cat-health-supplement-kits","7":"product_tag-b-complex","8":"product_tag-c-active","9":"product_tag-chronic-fatigue-supplements","10":"product_tag-coq-10","11":"product_tag-fatigue-vitamins","12":"product_tag-magnesium-active","13":"product_shipping_class-regular-shipping","15":"first","16":"instock","17":"sale","18":"taxable","19":"shipping-taxable","20":"purchasable","21":"product-type-simple"},"exclude_global_add_ons":false,"addons":[{"name":"Pijnstillende cr\u00e8me voor pijn, ontstekingen en snellere genezing","type":"checkbox","position":0,"required":false,"title_format":"heading","default":"","description_enable":false,"description":"","placeholder_enable":false,"placeholder":"","display":"select","restrictions_type":"any_text","adjust_price":false,"price":"","price_type":"flat_fee","restrictions":false,"min":"0","max":"0","options":[{"label":"Yes (save $10)","price":"49","price_type":"flat_fee","image":0,"visibility":true},{"label":"No","price":"","price_type":"flat_fee","image":0,"visibility":true}],"id":1724186133},{"name":"Do you own our tool kit? (A1, A2, A3, A4 & A5)","type":"multiple_choice","position":0,"required":true,"title_format":"heading","default":"","description_enable":false,"description":"","placeholder_enable":false,"placeholder":"","display":"radiobutton","restrictions_type":"any_text","adjust_price":false,"price":"","price_type":"flat_fee","restrictions":false,"min":"0","max":"0","options":[{"label":"Yes","price":"0","price_type":"flat_fee","image":0,"visibility":true},{"label":"No","price":"399","price_type":"flat_fee","image":0,"visibility":true}]}],"_links":{"self":[{"href":"https:\/\/advancedsofttissuerelease.com\/nl\/wp-json\/wp\/v2\/product\/10110","targetHints":{"allow":["GET"]}}],"collection":[{"href":"https:\/\/advancedsofttissuerelease.com\/nl\/wp-json\/wp\/v2\/product"}],"about":[{"href":"https:\/\/advancedsofttissuerelease.com\/nl\/wp-json\/wp\/v2\/types\/product"}],"version-history":[{"count":0,"href":"https:\/\/advancedsofttissuerelease.com\/nl\/wp-json\/wp\/v2\/product\/10110\/revisions"}],"wp:featuredmedia":[{"embeddable":true,"href":"https:\/\/advancedsofttissuerelease.com\/nl\/wp-json\/wp\/v2\/media\/47789"}],"wp:attachment":[{"href":"https:\/\/advancedsofttissuerelease.com\/nl\/wp-json\/wp\/v2\/media?parent=10110"}],"wp:term":[{"taxonomy":"product_brand","embeddable":true,"href":"https:\/\/advancedsofttissuerelease.com\/nl\/wp-json\/wp\/v2\/product_brand?post=10110"},{"taxonomy":"product_cat","embeddable":true,"href":"https:\/\/advancedsofttissuerelease.com\/nl\/wp-json\/wp\/v2\/product_cat?post=10110"},{"taxonomy":"product_tag","embeddable":true,"href":"https:\/\/advancedsofttissuerelease.com\/nl\/wp-json\/wp\/v2\/product_tag?post=10110"},{"taxonomy":"woo-feed-brand","embeddable":true,"href":"https:\/\/advancedsofttissuerelease.com\/nl\/wp-json\/wp\/v2\/woo-feed-brand?post=10110"}],"curies":[{"name":"wp","href":"https:\/\/api.w.org\/{rel}","templated":true}]}}