{"id":10139,"date":"2020-03-09T12:33:51","date_gmt":"2020-03-09T18:33:51","guid":{"rendered":"https:\/\/advancedsofttissuerelease.com\/?post_type=product&#038;p=10139"},"modified":"2025-09-23T20:40:29","modified_gmt":"2025-09-24T00:40:29","slug":"immuun-ondersteunende-kit-2","status":"publish","type":"product","link":"https:\/\/advancedsofttissuerelease.com\/nl\/product\/immune-support-kit\/","title":{"rendered":"Immuunondersteuningskit"},"content":{"rendered":"<h1><span style=\"font-size: 12pt; color: #333333;\"><strong>Aanvullingskit voor immuunondersteuning<\/strong><\/span><\/h1>\n<p><span style=\"color: #333333;\">In dit stapsgewijze programma laat Dr. Jacobs u zien hoe u snel en effectief uw immuunsysteem kunt versterken door het ontstekingsremmende dieet van ASTR te implementeren met onze supplementenkit voor immuunondersteuning. Als u een kortdurende of chronische infectie heeft, zal deze kit uw reis een vliegende start geven om de functie van uw immuunsysteem te verbeteren om infecties te bestrijden!<\/span><\/p>\n<p><span style=\"color: #333333;\"><strong>Aanvullingskit voor immuunondersteuning bevat:<\/strong><\/span><\/p>\n<ol>\n<li><span style=\"color: #333333;\">Mushroom Active<\/span><\/li>\n<li><span style=\"color: #333333;\">Zink Actief<\/span><\/li>\n<li><span style=\"color: #333333;\">K2 &amp; D3 compleet<\/span><\/li>\n<li>Jodium Actief<\/li>\n<li>NAC<\/li>\n<li><span style=\"color: #333333;\">Vitamine C en bioflavono\u00efden\u00a0<\/span><\/li>\n<li><span style=\"color: #333333;\">ASTR diet, including recipes<\/span><\/li>\n<\/ol>\n<p><a href=\"https:\/\/advancedsofttissuerelease.com\/nl\/product\/bijnier-3\/\"><strong><span style=\"color: #0000ff;\"><span style=\"caret-color: #0000ff;\"><u>Mushroom Active &gt;<\/u><\/span><\/span><\/strong><\/a><\/p>\n<ul>\n<li>Reduces fatigue and improves stress resilience<\/li>\n<li>Supports the immune system<\/li>\n<li>Helps eliminate unwanted organisms<\/li>\n<li>Supports modulate and strengthen the immune response<\/li>\n<li>Ondersteunt een normaal ontstekingsevenwicht<\/li>\n<li>Supports the body\u2019s response to stress<\/li>\n<\/ul>\n<p><span style=\"color: #0000ff;\"><a style=\"color: #0000ff;\" href=\"https:\/\/advancedsofttissuerelease.com\/nl\/product\/zink-actief\/\"><strong>Zink Actief &gt;<\/strong><\/a><\/span><\/p>\n<ul>\n<li><span style=\"color: #333333;\">Ondersteunt immuunsysteem<\/span><\/li>\n<li><span style=\"color: #333333;\">Ondersteunt neurologische functie<\/span><\/li>\n<li><span style=\"color: #333333;\">Ondersteunt het metabolisme van voedingsstoffen<\/span><\/li>\n<li><span style=\"color: #333333;\">Ondersteunt reproductieve gezondheid<\/span><\/li>\n<li><span style=\"color: #333333;\">Ondersteunt hormonale balans<\/span><\/li>\n<li><span style=\"color: #333333;\">Ondersteuning zintuiglijke waarneming<\/span><\/li>\n<li><span style=\"color: #333333;\">Ondersteunt antioxiderende activiteit<\/span><\/li>\n<li><span style=\"color: #333333;\">Ondersteunt enzymatische reacties<\/span><\/li>\n<li><span style=\"color: #333333;\">Ondersteunt de eiwitstofwisseling<\/span><\/li>\n<\/ul>\n<p><a href=\"https:\/\/advancedsofttissuerelease.com\/nl\/product\/vitamine-c-en-bioflavonoiden-2\/\"><strong>Vitamine C &amp; Bioflavono\u00efden &gt;\u00a0<\/strong><\/a><\/p>\n<ul>\n<li>Krachtige vitamine C-formule<\/li>\n<li>Ondersteunt immuunsysteem<\/li>\n<li>Ondersteunt antioxidantsystemen<\/li>\n<li>Ondersteuning van de synthese van bloedvaten<\/li>\n<li>Ondersteunt de aanmaak van collageen<\/li>\n<li>Ondersteunt de productie van carnitine<\/li>\n<li>Ondersteunt de productie van neurotransmitters<\/li>\n<\/ul>\n<p>Vitamine C en bioflavono\u00efden combineren krachtige vitamine C met een gestandaardiseerd, volledig spectrum, citrusbioflavono\u00efdencomplex. Zowel vitamine C als bioflavono\u00efden zijn uitgebreid onderzocht vanwege hun rol bij het ondersteunen van de antioxidant- en immuunfunctie. Bovendien wijst onderzoek uit dat vitamine C nodig is voor de synthese van collageen, neurotransmitters en carnitine. Bioflavono\u00efden lijken een gezonde stofwisseling en cognitie te ondersteunen door te functioneren als celsignalerende middelen.*<\/p>\n<p><span style=\"color: #0000ff;\"><a style=\"color: #0000ff;\" href=\"https:\/\/advancedsofttissuerelease.com\/nl\/product\/jodium-actief\/\"><strong>Jodium Actief &gt;<\/strong><\/a><\/span><\/p>\n<ul>\n<li>Ondersteunt de gezondheid van de schildklier<\/li>\n<li>Helpt gezond borstweefsel te behouden<\/li>\n<li>Ondersteunt een gezonde synthese van schildklierhormonen<\/li>\n<li>Verminder oxidatieve stress<\/li>\n<li>Ondersteunt gezonde ogen<\/li>\n<li>Ondersteunt immuunsysteem<\/li>\n<li>Ondersteunt het ontgiftingsproces<\/li>\n<li>Ondersteunt een gezonde gastro-intestinale voering<\/li>\n<li>antioxidant<\/li>\n<\/ul>\n<p><a href=\"https:\/\/advancedsofttissuerelease.com\/nl\/product\/nac-n-acetyl-l-cysteine\/\"><span style=\"font-size: 12pt; color: #0000ff;\"><strong>N-Acetyl-L-Cyste\u00efne (NAC) &gt;<\/strong><\/span><\/a><\/p>\n<div class=\"page\" title=\"Pagina 1\">\n<div class=\"section\">\n<div class=\"layoutArea\">\n<div class=\"column\">\n<ul>\n<li>Ondersteunt glutathionsynthese<\/li>\n<li>Ondersteunt ontgifting van milieutoxines en verontreinigende stoffen<\/li>\n<li>Ondersteunt de immuunfunctie<\/li>\n<li>Ondersteunt de leverfunctie<\/li>\n<li>Ondersteunt antioxiderende activiteit in alle lichaamscellen<\/li>\n<li>Ondersteunt een gezonde ademhalingsfunctie<\/li>\n<\/ul>\n<\/div>\n<\/div>\n<\/div>\n<\/div>\n<div class=\"page\" title=\"Pagina 1\">\n<div class=\"section\">\n<div class=\"layoutArea\">\n<div class=\"column\">\n<p><span style=\"color: #0000ff;\"><a style=\"color: #0000ff;\" href=\"https:\/\/advancedsofttissuerelease.com\/nl\/product\/k2-d3-compleet-2\/\"><strong>K2 &amp; D3 Compleet &gt;<\/strong><\/a><\/span><\/p>\n<ul>\n<li><span style=\"color: #333333;\">Ondersteunt een gezonde bloedcirculatie<\/span><\/li>\n<li><span style=\"color: #333333;\">Bevordert een optimale botgezondheid<\/span><\/li>\n<li><span style=\"color: #333333;\">Bevordert een goede calciumopslag<\/span><\/li>\n<li><span style=\"color: #333333;\">Handhaaft een gezonde cardiometabolische functie<\/span><\/li>\n<li><span style=\"color: #333333;\">Ondersteunt arteri\u00eble elasticiteit<\/span><\/li>\n<li><span style=\"color: #333333;\">Verhoogt de immuunfunctie<\/span><\/li>\n<li><span style=\"color: #333333;\">Ondersteunt een gezonde calciumbalans<\/span><\/li>\n<li><span style=\"color: #333333;\">Ondersteunt de bloedsuikerspiegel<\/span><\/li>\n<\/ul>\n<p><span style=\"color: #333333;\">Uit recent onderzoek is gebleken dat suppletie met een hoge concentratie van K2, met 180 mcg\/dag, resulteert in verbeterde klinische resultaten in vergelijking met suppletie met een lagere dosis*. K2 &amp; D3 complete levert 180 mcg MenaQ7\u00ae PRO, de meest bestudeerde vorm van vitamine K2 als MK-7, samen met 5.000 IE vitamine D3 voor optimale ondersteuning van de bot- en cardiovasculaire gezondheid.<\/span><\/p>\n<\/div>\n<\/div>\n<\/div>\n<\/div>\n<p style=\"text-align: center;\"><span style=\"font-size: 8pt; color: #333333;\">*Deze verklaringen zijn niet ge\u00ebvalueerd door de Food and Drug Administration. Dit product is niet bedoeld om een ziekte te diagnosticeren, behandelen, genezen of voorkomen.\u00a0<\/span><\/p>","protected":false},"excerpt":{"rendered":"<p><span class=\"\">Stap-voor-stap programma inclusief tips voor immuunondersteuning,\u00a0<\/span><span class=\"\">voedingsschema, <\/span><span class=\"\">recepten, boodschappenlijstjes en supplementen die u zullen helpen de oorzaak van uw onderliggende gezondheidsproblemen aan te pakken.<\/span><\/p>","protected":false},"featured_media":41982,"template":"","meta":{"_analytify_skip_tracking":false},"product_brand":[],"product_cat":[1782],"product_tag":[1993,534,1792,2367,1885,529,1412,1807],"woo-feed-brand":[],"class_list":{"0":"post-10139","1":"product","2":"type-product","3":"status-publish","4":"has-post-thumbnail","6":"product_cat-health-supplement-kits","7":"product_tag-immune-support-supplements","8":"product_tag-immune-system","9":"product_tag-magnesium-active","10":"product_tag-mushroom-complex","11":"product_tag-nac","12":"product_tag-vitamin-c","13":"product_tag-vitamin-d3","14":"product_tag-zinc-active","15":"product_shipping_class-regular-shipping","17":"first","18":"instock","19":"sale","20":"taxable","21":"shipping-taxable","22":"purchasable","23":"product-type-simple"},"exclude_global_add_ons":[],"addons":[],"_links":{"self":[{"href":"https:\/\/advancedsofttissuerelease.com\/nl\/wp-json\/wp\/v2\/product\/10139","targetHints":{"allow":["GET"]}}],"collection":[{"href":"https:\/\/advancedsofttissuerelease.com\/nl\/wp-json\/wp\/v2\/product"}],"about":[{"href":"https:\/\/advancedsofttissuerelease.com\/nl\/wp-json\/wp\/v2\/types\/product"}],"version-history":[{"count":0,"href":"https:\/\/advancedsofttissuerelease.com\/nl\/wp-json\/wp\/v2\/product\/10139\/revisions"}],"wp:featuredmedia":[{"embeddable":true,"href":"https:\/\/advancedsofttissuerelease.com\/nl\/wp-json\/wp\/v2\/media\/41982"}],"wp:attachment":[{"href":"https:\/\/advancedsofttissuerelease.com\/nl\/wp-json\/wp\/v2\/media?parent=10139"}],"wp:term":[{"taxonomy":"product_brand","embeddable":true,"href":"https:\/\/advancedsofttissuerelease.com\/nl\/wp-json\/wp\/v2\/product_brand?post=10139"},{"taxonomy":"product_cat","embeddable":true,"href":"https:\/\/advancedsofttissuerelease.com\/nl\/wp-json\/wp\/v2\/product_cat?post=10139"},{"taxonomy":"product_tag","embeddable":true,"href":"https:\/\/advancedsofttissuerelease.com\/nl\/wp-json\/wp\/v2\/product_tag?post=10139"},{"taxonomy":"woo-feed-brand","embeddable":true,"href":"https:\/\/advancedsofttissuerelease.com\/nl\/wp-json\/wp\/v2\/woo-feed-brand?post=10139"}],"curies":[{"name":"wp","href":"https:\/\/api.w.org\/{rel}","templated":true}]}}