{"id":10208,"date":"2020-03-10T09:43:47","date_gmt":"2020-03-10T15:43:47","guid":{"rendered":"https:\/\/advancedsofttissuerelease.com\/?post_type=product&#038;p=10208"},"modified":"2025-09-23T20:36:51","modified_gmt":"2025-09-24T00:36:51","slug":"hoofdpijn-migraine-relief-kit","status":"publish","type":"product","link":"https:\/\/advancedsofttissuerelease.com\/nl\/product\/headache-migraine-relief-kit\/","title":{"rendered":"Verlichtingsset voor hoofdpijn"},"content":{"rendered":"<h1><span style=\"font-size: 12pt; color: #333333;\"><strong>Supplementenset voor hoofdpijnverlichting<\/strong><\/span><\/h1>\n<p><span style=\"color: #333333;\">In dit stapsgewijze programma laat Dr. Jacobs u zien hoe u snel en effectief hoofdpijn of migrainesymptomen kunt beheersen of elimineren door het anti-inflammatoire dieet van ASTR te implementeren met onze hoofdpijnsupplementenkit. Als u last heeft van kortdurende of chronische hoofdpijn of migraine, zal deze kit uw reis naar een hoofdpijnvrij leven een vliegende start maken!<\/span><\/p>\n<p><span style=\"color: #333333;\"><strong>Hoofdpijn Relief Supplement Kit Bevat:<\/strong><\/span><\/p>\n<ol>\n<li><span style=\"color: #333333;\">B Actief<\/span><\/li>\n<li><span style=\"color: #333333;\">Magnesium Actief<\/span><\/li>\n<li>Omega Actief<\/li>\n<li><span style=\"color: #333333;\">Vitamine C en bioflavono\u00efden<\/span><\/li>\n<li><span style=\"color: #333333;\">Probiotische Max<\/span><\/li>\n<li><span style=\"color: #333333;\">ASTR diet, including recipes<\/span><\/li>\n<\/ol>\n<p><span style=\"color: #0000ff;\"><a style=\"color: #0000ff;\" href=\"https:\/\/advancedsofttissuerelease.com\/nl\/product\/b-actief\/\"><strong>B Actief &gt;<\/strong><\/a><\/span><\/p>\n<ul>\n<li><span style=\"color: #333333;\">Ondersteunt de koolhydraatstofwisseling<\/span><\/li>\n<li><span style=\"color: #333333;\">Ondersteunt de werking van het zenuwstelsel<\/span><\/li>\n<li><span style=\"color: #333333;\">Ondersteunt het functioneren van het bijniersysteem<\/span><\/li>\n<li><span style=\"color: #333333;\">Ondersteunt de werking van het immuunsysteem<\/span><\/li>\n<li><span style=\"color: #333333;\">Ondersteunt de cardiovasculaire gezondheid<\/span><\/li>\n<li><span style=\"color: #333333;\">Beschermt tegen voedingstekorten<\/span><\/li>\n<li><span style=\"color: #333333;\">Beschermt tegen door stress veroorzaakte uitputting van voedingsstoffen<\/span><\/li>\n<li><span style=\"color: #333333;\">Ondersteunt een gezonde mentale functie en stemming<\/span><\/li>\n<\/ul>\n<p><span style=\"color: #333333;\">Het ASTR B Active Supplement helpt bij het ondersteunen van het koolhydraatmetabolisme, het functioneren van het zenuwstelsel\/bijnieren\/immuunsysteem, cardiovasculaire gezondheid en een gezond mentaal functioneren en gemoedstoestand. B Active bevat het volledige spectrum aan B-vitamines; geactiveerde vormen van B2, B6 en B12; en foliumzuur.*<\/span><\/p>\n<p><span style=\"color: #0000ff;\"><a style=\"color: #0000ff;\" href=\"https:\/\/advancedsofttissuerelease.com\/nl\/product\/omega-actief-2\/\"><strong><span style=\"font-size: 12pt;\">Omega Actief &gt;<\/span><\/strong><\/a><\/span><\/p>\n<ul>\n<li>Ondersteunt de cardiovasculaire gezondheid<\/li>\n<li>Ondersteunt de bloedsuikerstofwisseling<\/li>\n<li>Ondersteunt cognitieve functie<\/li>\n<li>Ondersteunt cognitieve ontwikkeling<\/li>\n<li>Ondersteunt een gezonde huid<\/li>\n<li>Ondersteunt gezonde gewrichten<\/li>\n<li>Ondersteunt gezond bindweefsel<\/li>\n<li>Verhoogt de visuele en oculaire gezondheid<\/li>\n<li>Handhaaft een normale ontstekingsbalans<\/li>\n<\/ul>\n<p><span style=\"color: #0000ff;\"><a style=\"color: #0000ff;\" href=\"https:\/\/advancedsofttissuerelease.com\/nl\/product\/magnesium-actief\/\"><strong>Magnesium Actief &gt;<\/strong><\/a><\/span><\/p>\n<ul>\n<li><span style=\"color: #333333;\">Biedt 3 vormen van sterk geabsorbeerd magnesium<\/span><\/li>\n<li><span style=\"color: #333333;\">Hooggeconcentreerd magnesium voor cardiovasculaire ondersteuning<\/span><\/li>\n<li><span style=\"color: #333333;\">Magnesium speelt een vitale rol in honderden metabole activiteiten<\/span><\/li>\n<li><span style=\"color: #333333;\">Help een gezonde bloeddruk te behouden<\/span><\/li>\n<li><span style=\"color: #333333;\">Helpt bij het handhaven van een gezond glucosegehalte<\/span><\/li>\n<li><span style=\"color: #333333;\">Bevordert de energieproductie<\/span><\/li>\n<li><span style=\"color: #333333;\">Bevordert spierontspanning<\/span><\/li>\n<li><span style=\"color: #333333;\">Ondersteunt de spierfunctie<\/span><\/li>\n<li><span style=\"color: #333333;\">Ondersteuning zenuwfunctie:<\/span><\/li>\n<\/ul>\n<p><a href=\"https:\/\/advancedsofttissuerelease.com\/nl\/product\/vitamine-c-en-bioflavonoiden-2\/\"><strong><span style=\"color: #0000ff;\">Vitamine C &amp;\u00a0<span style=\"caret-color: #0000ff;\">Bioflavono\u00efden<\/span>\u00a0 &gt;\u00a0<\/span><\/strong><\/a><\/p>\n<ul>\n<li>Krachtige vitamine C-formule<\/li>\n<li>Ondersteunt immuunsysteem<\/li>\n<li>Ondersteunt antioxidantsystemen<\/li>\n<li>Ondersteuning van de synthese van bloedvaten<\/li>\n<li>Ondersteunt de aanmaak van collageen<\/li>\n<li>Ondersteunt de productie van carnitine<\/li>\n<li>Ondersteunt de productie van neurotransmitters<\/li>\n<\/ul>\n<p>Vitamine C en bioflavono\u00efden combineren krachtige vitamine C met een gestandaardiseerd, volledig spectrum, citrusbioflavono\u00efdencomplex. Zowel vitamine C als bioflavono\u00efden zijn uitgebreid onderzocht vanwege hun rol bij het ondersteunen van de antioxidant- en immuunfunctie. Bovendien wijst onderzoek uit dat vitamine C nodig is voor de synthese van collageen, neurotransmitters en carnitine. Bioflavono\u00efden lijken een gezonde stofwisseling en cognitie te ondersteunen door te functioneren als celsignalerende middelen.*<\/p>\n<div class=\"page\" title=\"Pagina 1\">\n<div class=\"section\">\n<div class=\"layoutArea\">\n<div class=\"column\">\n<p><span style=\"color: #0000ff;\"><a style=\"color: #0000ff;\" href=\"https:\/\/advancedsofttissuerelease.com\/nl\/product\/probiotische-max\/\"><strong>Probiotic Max \u2013 18 stammen&gt;<\/strong><\/a><\/span><\/p>\n<ul>\n<li><span style=\"color: #333333;\">Ondersteunt een gezonde microbiota<\/span><\/li>\n<li><span style=\"color: #333333;\">Ondersteunt de natuurlijke immuunrespons<\/span><\/li>\n<li><span style=\"color: #333333;\">Ondersteunt de vertering van lactose<\/span><\/li>\n<li><span style=\"color: #333333;\">Ondersteunt de stoelgang<\/span><\/li>\n<li><span style=\"color: #333333;\">Ondersteunt een gezond darmmicrobioom<\/span><\/li>\n<li><span style=\"color: #333333;\">Ondersteunt de spijsvertering<\/span><\/li>\n<li><span style=\"color: #333333;\">Ondersteunt de opname van micronutri\u00ebnten<\/span><\/li>\n<li><span style=\"color: #333333;\">Verhoogt secretoire IgA voor verbeterde darmimmuniteit<\/span><\/li>\n<li><span style=\"color: #333333;\">Geselecteerd vanwege zijn levensvatbaarheid en stabiliteit<\/span><\/li>\n<\/ul>\n<p><span style=\"color: #0000ff;\"><strong style=\"color: #0000ff;\"><a style=\"color: #0000ff;\" href=\"https:\/\/advancedsofttissuerelease.com\/nl\/product\/pijnstillende-creme-2\/\">Pijnstillende cr\u00e8me &gt;<\/a><\/strong><\/span><\/p>\n<\/div>\n<div class=\"page\" title=\"Pagina 1\">\n<div class=\"section\">\n<p><strong>Voor volwassenen en kinderen<\/strong><\/p>\n<ul>\n<li>Ondersteunt spier- en gewrichtspijnverlichting<\/li>\n<li>Ondersteunt wondgenezing<\/li>\n<li>Ondersteunt de normale gezondheid van huid en nagels<\/li>\n<li>Ondersteunt een gezonde ontstekingsreactie<\/li>\n<li>Verbetert de gezondheid van het bewegingsapparaat<\/li>\n<li>Biedt gezamenlijke gezondheid<\/li>\n<li>Verhoogt gezamenlijke beweging<\/li>\n<\/ul>\n<p><strong>Pijnstillende cr\u00e8me wordt gebruikt voor:<\/strong><\/p>\n<ul>\n<li>Pijnstilling<\/li>\n<li>Verminder ontsteking<\/li>\n<li>Artritis<\/li>\n<li>Wondverzorging<\/li>\n<li>Eczeem<\/li>\n<li>Acne<\/li>\n<li>Dermatitis<\/li>\n<li>Psoriasis<\/li>\n<\/ul>\n<\/div>\n<\/div>\n<\/div>\n<\/div>\n<\/div>\n<p style=\"text-align: center;\"><span style=\"font-size: 8pt; color: #333333;\">*Deze verklaringen zijn niet ge\u00ebvalueerd door de Food and Drug Administration. Dit product is niet bedoeld om een ziekte te diagnosticeren, behandelen, genezen of voorkomen.\u00a0<\/span><\/p>","protected":false},"excerpt":{"rendered":"<p><span class=\"\">Stap-voor-stap programma inclusief tips voor het verlichten van hoofdpijn,\u00a0<\/span><span class=\"\">voedingsschema, <\/span><span class=\"\">recepten, boodschappenlijstjes en supplementen die u zullen helpen de oorzaak van uw onderliggende gezondheidsproblemen aan te pakken.<\/span><\/p>","protected":false},"featured_media":37352,"template":"","meta":{"_analytify_skip_tracking":false},"product_brand":[],"product_cat":[1782],"product_tag":[1799,1699,1863,1792,1864,1408,574,529],"woo-feed-brand":[],"class_list":{"0":"post-10208","1":"product","2":"type-product","3":"status-publish","4":"has-post-thumbnail","6":"product_cat-health-supplement-kits","7":"product_tag-b-complex","8":"product_tag-headache-relief","9":"product_tag-headache-supplement","10":"product_tag-magnesium-active","11":"product_tag-migraine-supplements","12":"product_tag-omega-3","13":"product_tag-probiotic","14":"product_tag-vitamin-c","15":"product_shipping_class-regular-shipping","17":"first","18":"instock","19":"sale","20":"taxable","21":"shipping-taxable","22":"purchasable","23":"product-type-simple"},"exclude_global_add_ons":false,"addons":[{"name":"Pijnstillende cr\u00e8me voor pijn, ontstekingen en snellere genezing","type":"checkbox","position":0,"required":true,"title_format":"heading","default":"","description_enable":false,"description":"","placeholder_enable":false,"placeholder":"","display":"select","restrictions_type":"any_text","adjust_price":false,"price":"","price_type":"flat_fee","restrictions":false,"min":"0","max":"0","options":[{"label":"Yes (save $10)","price":"49","price_type":"flat_fee","image":0,"visibility":true},{"label":"No","price":"","price_type":"flat_fee","image":0,"visibility":true}],"id":1723735899},{"name":"Do you own our tool kit? (A1, A2, A3, A4 & A5)","type":"multiple_choice","position":0,"required":true,"title_format":"heading","default":"","description_enable":false,"description":"","placeholder_enable":false,"placeholder":"","display":"radiobutton","restrictions_type":"any_text","adjust_price":false,"price":"","price_type":"flat_fee","restrictions":false,"min":"0","max":"0","options":[{"label":"Yes","price":"0","price_type":"flat_fee","image":0,"visibility":true},{"label":"No","price":"399","price_type":"flat_fee","image":0,"visibility":true}]}],"_links":{"self":[{"href":"https:\/\/advancedsofttissuerelease.com\/nl\/wp-json\/wp\/v2\/product\/10208","targetHints":{"allow":["GET"]}}],"collection":[{"href":"https:\/\/advancedsofttissuerelease.com\/nl\/wp-json\/wp\/v2\/product"}],"about":[{"href":"https:\/\/advancedsofttissuerelease.com\/nl\/wp-json\/wp\/v2\/types\/product"}],"version-history":[{"count":0,"href":"https:\/\/advancedsofttissuerelease.com\/nl\/wp-json\/wp\/v2\/product\/10208\/revisions"}],"wp:featuredmedia":[{"embeddable":true,"href":"https:\/\/advancedsofttissuerelease.com\/nl\/wp-json\/wp\/v2\/media\/37352"}],"wp:attachment":[{"href":"https:\/\/advancedsofttissuerelease.com\/nl\/wp-json\/wp\/v2\/media?parent=10208"}],"wp:term":[{"taxonomy":"product_brand","embeddable":true,"href":"https:\/\/advancedsofttissuerelease.com\/nl\/wp-json\/wp\/v2\/product_brand?post=10208"},{"taxonomy":"product_cat","embeddable":true,"href":"https:\/\/advancedsofttissuerelease.com\/nl\/wp-json\/wp\/v2\/product_cat?post=10208"},{"taxonomy":"product_tag","embeddable":true,"href":"https:\/\/advancedsofttissuerelease.com\/nl\/wp-json\/wp\/v2\/product_tag?post=10208"},{"taxonomy":"woo-feed-brand","embeddable":true,"href":"https:\/\/advancedsofttissuerelease.com\/nl\/wp-json\/wp\/v2\/woo-feed-brand?post=10208"}],"curies":[{"name":"wp","href":"https:\/\/api.w.org\/{rel}","templated":true}]}}