{"id":10509,"date":"2020-03-16T12:44:48","date_gmt":"2020-03-16T18:44:48","guid":{"rendered":"https:\/\/advancedsofttissuerelease.com\/?post_type=product&#038;p=10509"},"modified":"2025-09-22T22:05:03","modified_gmt":"2025-09-23T02:05:03","slug":"stress-relief-kit","status":"publish","type":"product","link":"https:\/\/advancedsofttissuerelease.com\/nl\/product\/stress-relief-kit\/","title":{"rendered":"Stressverlichtingskit"},"content":{"rendered":"<h1><span style=\"font-size: 12pt; color: #333333;\"><strong>Supplementenset voor stressverlichting<\/strong><\/span><\/h1>\n<p>In dit stapsgewijze programma zal Dr. Jacobs u laten zien hoe u snel en effectief stress kunt beheersen en verlichten door het dieet van ASTR te implementeren met onze supplementenset voor stressverlichting. Als je kortdurende of chronische stress ervaart, zal deze kit je reis naar een stressvrij leven een vliegende start geven!<\/p>\n<p><span style=\"color: #333333;\"><strong>Supplementenset voor stressverlichting bevat:<\/strong><\/span><\/p>\n<ol>\n<li><span style=\"color: #333333;\">B Actief<\/span><\/li>\n<li><span style=\"color: #333333;\">Magnesium Actief<\/span><\/li>\n<li>Niacine aanhoudende afgifte<\/li>\n<li>Omega Actief<\/li>\n<li>NAC<\/li>\n<li>Vitamine C en bioflavono\u00efden<\/li>\n<li>Coq 10 Actief<\/li>\n<li><span style=\"color: #333333;\">ASTR diet, including recipes<\/span><\/li>\n<\/ol>\n<p><span style=\"color: #0000ff;\"><a style=\"color: #0000ff;\" href=\"https:\/\/advancedsofttissuerelease.com\/nl\/product\/b-actief\/\"><strong>B Actief &gt;<\/strong><\/a><\/span><\/p>\n<ul>\n<li><span style=\"color: #333333;\">Ondersteunt de koolhydraatstofwisseling<\/span><\/li>\n<li><span style=\"color: #333333;\">Ondersteunt de werking van het zenuwstelsel<\/span><\/li>\n<li><span style=\"color: #333333;\">Ondersteunt het functioneren van het bijniersysteem<\/span><\/li>\n<li><span style=\"color: #333333;\">Ondersteunt de werking van het immuunsysteem<\/span><\/li>\n<li><span style=\"color: #333333;\">Ondersteunt de cardiovasculaire gezondheid<\/span><\/li>\n<li><span style=\"color: #333333;\">Beschermt tegen voedingstekorten<\/span><\/li>\n<li><span style=\"color: #333333;\">Beschermt tegen door stress veroorzaakte uitputting van voedingsstoffen<\/span><\/li>\n<li><span style=\"color: #333333;\">Ondersteunt een gezonde mentale functie en stemming<\/span><\/li>\n<\/ul>\n<p><span style=\"color: #333333;\">Het ASTR B Active Supplement helpt bij het ondersteunen van het koolhydraatmetabolisme, het functioneren van het zenuwstelsel\/bijnieren\/immuunsysteem, cardiovasculaire gezondheid en een gezond mentaal functioneren en gemoedstoestand. B Active bevat het volledige spectrum aan B-vitamines; geactiveerde vormen van B2, B6 en B12; en foliumzuur.*<\/span><\/p>\n<p><span style=\"color: #0000ff;\"><a style=\"color: #0000ff;\" href=\"https:\/\/advancedsofttissuerelease.com\/nl\/product\/omega-actief-2\/\"><strong><span style=\"font-size: 12pt;\">Omega Actief &gt;<\/span><\/strong><\/a><\/span><\/p>\n<ul>\n<li>Ondersteunt de cardiovasculaire gezondheid<\/li>\n<li>Ondersteunt de bloedsuikerstofwisseling<\/li>\n<li>Ondersteunt cognitieve functie<\/li>\n<li>Ondersteunt cognitieve ontwikkeling<\/li>\n<li>Ondersteunt een gezonde huid<\/li>\n<li>Ondersteunt gezonde gewrichten<\/li>\n<li>Ondersteunt gezond bindweefsel<\/li>\n<li>Verhoogt de visuele en oculaire gezondheid<\/li>\n<li>Handhaaft een normale ontstekingsbalans<\/li>\n<\/ul>\n<p><span style=\"color: #0000ff;\"><a style=\"color: #0000ff;\" href=\"https:\/\/advancedsofttissuerelease.com\/nl\/product\/niacine-aanhoudende-afgifte-2\/\"><strong>niacine<\/strong><strong>\u00a0Active &gt;<\/strong><\/a><\/span><\/p>\n<ul>\n<li>Ondersteunt gezonde bloedlipiden<\/li>\n<li>Ondersteunt de gezondheid van lipoprote\u00efne-cholesterol met hoge dichtheid (HDL)<\/li>\n<li>Time-release formule die in zeven tot acht uur voltooid is<\/li>\n<li>Ondersteunt normale halsslagader intima-media dikte (CIMT)<\/li>\n<li>Heeft minder spoeleffect in vergelijking met niacine met onmiddellijke afgifte<\/li>\n<\/ul>\n<p><span style=\"color: #0000ff;\"><a style=\"color: #0000ff;\" href=\"https:\/\/advancedsofttissuerelease.com\/nl\/product\/magnesium-actief\/\"><strong>Magnesium Actief &gt;<\/strong><\/a><\/span><\/p>\n<ul>\n<li><span style=\"color: #333333;\">Biedt 3 vormen van sterk geabsorbeerd magnesium<\/span><\/li>\n<li><span style=\"color: #333333;\">Hooggeconcentreerd magnesium voor cardiovasculaire ondersteuning<\/span><\/li>\n<li><span style=\"color: #333333;\">Magnesium speelt een vitale rol in honderden metabole activiteiten<\/span><\/li>\n<li><span style=\"color: #333333;\">Help een gezonde bloeddruk te behouden<\/span><\/li>\n<li><span style=\"color: #333333;\">Helpt bij het handhaven van een gezond glucosegehalte<\/span><\/li>\n<li><span style=\"color: #333333;\">Bevordert de energieproductie<\/span><\/li>\n<li><span style=\"color: #333333;\">Bevordert spierontspanning<\/span><\/li>\n<li><span style=\"color: #333333;\">Ondersteunt de spierfunctie<\/span><\/li>\n<li><span style=\"color: #333333;\">Ondersteuning zenuwfunctie:<\/span><\/li>\n<\/ul>\n<p><a href=\"https:\/\/advancedsofttissuerelease.com\/nl\/product\/vitamine-c-en-bioflavonoiden-2\/\"><strong><span style=\"color: #0000ff;\">Vitamine C &amp;\u00a0<span style=\"caret-color: #0000ff;\">Bioflavono\u00efden<\/span>\u00a0 &gt;\u00a0<\/span><\/strong><\/a><\/p>\n<ul>\n<li>Krachtige vitamine C-formule<\/li>\n<li>Ondersteunt immuunsysteem<\/li>\n<li>Ondersteunt antioxidantsystemen<\/li>\n<li>Ondersteuning van de synthese van bloedvaten<\/li>\n<li>Ondersteunt de aanmaak van collageen<\/li>\n<li>Ondersteunt de productie van carnitine<\/li>\n<li>Ondersteunt de productie van neurotransmitters<\/li>\n<\/ul>\n<p>Vitamine C en bioflavono\u00efden combineren krachtige vitamine C met een gestandaardiseerd, volledig spectrum, citrusbioflavono\u00efdencomplex. Zowel vitamine C als bioflavono\u00efden zijn uitgebreid onderzocht vanwege hun rol bij het ondersteunen van de antioxidant- en immuunfunctie. Bovendien wijst onderzoek uit dat vitamine C nodig is voor de synthese van collageen, neurotransmitters en carnitine. Bioflavono\u00efden lijken een gezonde stofwisseling en cognitie te ondersteunen door te functioneren als celsignalerende middelen.*<\/p>\n<div class=\"page\" title=\"Pagina 1\">\n<div class=\"section\">\n<div class=\"layoutArea\">\n<div class=\"column\">\n<p><span style=\"color: #0000ff;\"><a style=\"color: #0000ff;\" href=\"https:\/\/advancedsofttissuerelease.com\/nl\/product\/nac-n-acetyl-l-cysteine\/\"><strong>NAC &gt;<\/strong><\/a><\/span><\/p>\n<div class=\"page\" title=\"Pagina 1\">\n<div class=\"section\">\n<div class=\"layoutArea\">\n<div class=\"column\">\n<ul>\n<li>Ondersteunt glutathionsynthese<\/li>\n<li>Ondersteunt ontgifting van milieutoxines en verontreinigende stoffen<\/li>\n<li>Ondersteunt antioxiderende activiteit in alle lichaamscellen<\/li>\n<li>Ondersteunt een gezonde ademhalingsfunctie<\/li>\n<\/ul>\n<p><a href=\"https:\/\/advancedsofttissuerelease.com\/nl\/product\/coq-10-actief\/\"><strong>CoQ 10 Actief &gt;<\/strong><\/a><\/p>\n<ul>\n<li>Ondersteunt natuurlijke energieopwekking<\/li>\n<li>Ondersteunt mitochondriaal functioneren<\/li>\n<li>Ondersteunt de gezondheid van plasma en weefsel<\/li>\n<li>Ondersteunt de gezondheid en het functioneren van het cardiovasculaire systeem<\/li>\n<li>Ondersteunt de neuromusculaire gezondheid<\/li>\n<li>Ondersteunt het functioneren van het centrale zenuwstelsel<\/li>\n<\/ul>\n<p>ASTR CoQ 10 Supplement ondersteunt natuurlijke energieopwekking en mitochondriale gezondheid, gezond functioneren van het cardiovasculaire systeem en de gezondheid van neuromusculaire en centrale zenuwstelsel. Het is klinisch aangetoond dat ASTR CoQ 10 beter opneembaar is voor optimaal gebruik ter ondersteuning van cardiovasculaire en op energie gebaseerde gezondheidsbehoeften.*<\/p>\n<\/div>\n<\/div>\n<\/div>\n<\/div>\n<\/div>\n<\/div>\n<\/div>\n<\/div>\n<p style=\"text-align: center;\"><span style=\"font-size: 8pt; color: #333333;\">*Deze verklaringen zijn niet ge\u00ebvalueerd door de Food and Drug Administration. Dit product is niet bedoeld om een ziekte te diagnosticeren, behandelen, genezen of voorkomen.\u00a0<\/span><\/p>","protected":false},"excerpt":{"rendered":"<p><span class=\"\">Stap-voor-stap programma inclusief tips voor stressvermindering, meditatie,\u00a0<\/span><span class=\"\">voedingsschema, <\/span><span class=\"\">recepten, boodschappenlijstjes en supplementen die u zullen helpen de oorzaak van uw onderliggende gezondheidsproblemen aan te pakken.<\/span><\/p>","protected":false},"featured_media":48276,"template":"","meta":{"_analytify_skip_tracking":false},"product_brand":[],"product_cat":[1782],"product_tag":[1934,1799,1935,1792,1933,1831,1883,1884],"woo-feed-brand":[],"class_list":{"0":"post-10509","1":"product","2":"type-product","3":"status-publish","4":"has-post-thumbnail","6":"product_cat-health-supplement-kits","7":"product_tag-anxiety-relief","8":"product_tag-b-complex","9":"product_tag-depression-relief","10":"product_tag-magnesium-active","11":"product_tag-n-acetyl-l-cysteine","12":"product_tag-niacin","13":"product_tag-stress-relief","14":"product_tag-stress-relief-supplements","15":"product_shipping_class-regular-shipping","17":"first","18":"instock","19":"sale","20":"taxable","21":"shipping-taxable","22":"purchasable","23":"product-type-simple"},"exclude_global_add_ons":[],"addons":[],"_links":{"self":[{"href":"https:\/\/advancedsofttissuerelease.com\/nl\/wp-json\/wp\/v2\/product\/10509","targetHints":{"allow":["GET"]}}],"collection":[{"href":"https:\/\/advancedsofttissuerelease.com\/nl\/wp-json\/wp\/v2\/product"}],"about":[{"href":"https:\/\/advancedsofttissuerelease.com\/nl\/wp-json\/wp\/v2\/types\/product"}],"version-history":[{"count":0,"href":"https:\/\/advancedsofttissuerelease.com\/nl\/wp-json\/wp\/v2\/product\/10509\/revisions"}],"wp:featuredmedia":[{"embeddable":true,"href":"https:\/\/advancedsofttissuerelease.com\/nl\/wp-json\/wp\/v2\/media\/48276"}],"wp:attachment":[{"href":"https:\/\/advancedsofttissuerelease.com\/nl\/wp-json\/wp\/v2\/media?parent=10509"}],"wp:term":[{"taxonomy":"product_brand","embeddable":true,"href":"https:\/\/advancedsofttissuerelease.com\/nl\/wp-json\/wp\/v2\/product_brand?post=10509"},{"taxonomy":"product_cat","embeddable":true,"href":"https:\/\/advancedsofttissuerelease.com\/nl\/wp-json\/wp\/v2\/product_cat?post=10509"},{"taxonomy":"product_tag","embeddable":true,"href":"https:\/\/advancedsofttissuerelease.com\/nl\/wp-json\/wp\/v2\/product_tag?post=10509"},{"taxonomy":"woo-feed-brand","embeddable":true,"href":"https:\/\/advancedsofttissuerelease.com\/nl\/wp-json\/wp\/v2\/woo-feed-brand?post=10509"}],"curies":[{"name":"wp","href":"https:\/\/api.w.org\/{rel}","templated":true}]}}