{"id":10557,"date":"2020-03-17T11:01:01","date_gmt":"2020-03-17T17:01:01","guid":{"rendered":"https:\/\/advancedsofttissuerelease.com\/?post_type=product&#038;p=10557"},"modified":"2025-09-23T20:43:49","modified_gmt":"2025-09-24T00:43:49","slug":"detox-kit","status":"publish","type":"product","link":"https:\/\/advancedsofttissuerelease.com\/nl\/product\/detox-kit\/","title":{"rendered":"Detox-kit"},"content":{"rendered":"<div dir=\"ltr\">\n<h1><strong><span class=\"\" style=\"font-size: 12pt; color: #333333;\">Detox Supplement Kit<\/span><\/strong><\/h1>\n<p>In dit stapsgewijze programma laat Dr. Jacobs u zien hoe u het ASTR-ontgiftingsdieet kunt toepassen met onze ontgiftingssupplementenset om gifstoffen uit uw lichaam te verwijderen. Dr. Jacobs raadt een of twee keer per jaar detox aan om de dagelijkse blootstelling aan giftige stoffen zoals pesticiden, herbiciden, luchtvervuiling, watervervuiling, huishoudelijke chemicali\u00ebn enz. die kunnen leiden tot gezondheidsproblemen zoals een verstoorde endocriene systeembalans, vermoeidheid, slapeloosheid, hoofdpijn, chronische pijn, constante ontsteking, enz.<\/p>\n<p><span style=\"color: #333333;\"><strong>Detox Supplement Kit bevat<\/strong><\/span><\/p>\n<ol>\n<li>Collageen actief<\/li>\n<li>N-acetyl-L-cyste\u00efne (NAC)<\/li>\n<li>Jodium Actief<\/li>\n<li><span style=\"color: #333333;\">Vitamine C en bioflavono\u00efden\u00a0<\/span><\/li>\n<li><span style=\"color: #333333;\">ASTR \u00a0diet, including recipes<\/span><\/li>\n<\/ol>\n<p><span style=\"color: #0000ff;\"><a style=\"color: #0000ff;\" href=\"https:\/\/advancedsofttissuerelease.com\/nl\/product\/collageen-actief-2\/\"><strong>Collageen Actief &gt;<\/strong><\/a><\/span><\/p>\n<\/div>\n<ul>\n<li>Supports detox process<\/li>\n<li>Ondersteunt het proces van zelfherstel van kraakbeen<\/li>\n<li>Ondersteunt het proces van zelfherstel van pezen<\/li>\n<li>Ondersteunt het proces van zelfherstel van de banden<\/li>\n<li>Ondersteunt het proces van zelfherstel van de fascia<\/li>\n<li>Ondersteunt gezond haar<\/li>\n<li>Ondersteunt een gezonde huid<\/li>\n<li>Ondersteunt gezonde nagels<\/li>\n<li>Ondersteunt gezamenlijke smering<\/li>\n<li>Ondersteunt gewrichtsdemping<\/li>\n<li>Bevordert de biosynthese van bindweefsel<\/li>\n<\/ul>\n<p><a href=\"https:\/\/advancedsofttissuerelease.com\/nl\/product\/nac-n-acetyl-l-cysteine\/\"><span style=\"color: #0000ff;\"><strong>N-Acetyl-L-Cyste\u00efne (NAC) &gt;<\/strong><\/span><\/a><\/p>\n<div class=\"page\" title=\"Pagina 1\">\n<div class=\"section\">\n<div class=\"layoutArea\">\n<div class=\"column\">\n<ul>\n<li>Ondersteunt glutathionsynthese<\/li>\n<li>Ondersteunt ontgifting van milieutoxines en verontreinigende stoffen<\/li>\n<li>Ondersteunt de immuunfunctie<\/li>\n<li>Ondersteunt de leverfunctie<\/li>\n<li>Ondersteunt antioxiderende activiteit in alle lichaamscellen<\/li>\n<li>Ondersteunt een gezonde ademhalingsfunctie<\/li>\n<\/ul>\n<p><a href=\"https:\/\/advancedsofttissuerelease.com\/nl\/product\/vitamine-c-en-bioflavonoiden-2\/\"><strong><span style=\"color: #0000ff;\">Vitamine C &amp;\u00a0<span style=\"caret-color: #0000ff;\">Bioflavono\u00efden<\/span>\u00a0 &gt;\u00a0<\/span><\/strong><\/a><\/p>\n<ul>\n<li>Krachtige vitamine C-formule<\/li>\n<li>Ondersteunt immuunsysteem<\/li>\n<li>Ondersteunt antioxidantsystemen<\/li>\n<li>Ondersteuning van de synthese van bloedvaten<\/li>\n<li>Ondersteunt de aanmaak van collageen<\/li>\n<li>Ondersteunt de productie van carnitine<\/li>\n<li>Ondersteunt de productie van neurotransmitters<\/li>\n<\/ul>\n<p>Vitamine C en bioflavono\u00efden combineren krachtige vitamine C met een gestandaardiseerd, volledig spectrum, citrusbioflavono\u00efdencomplex. Zowel vitamine C als bioflavono\u00efden zijn uitgebreid onderzocht vanwege hun rol bij het ondersteunen van de antioxidant- en immuunfunctie. Bovendien wijst onderzoek uit dat vitamine C nodig is voor de synthese van collageen, neurotransmitters en carnitine. Bioflavono\u00efden lijken een gezonde stofwisseling en cognitie te ondersteunen door te functioneren als celsignalerende middelen.*<\/p>\n<\/div>\n<\/div>\n<\/div>\n<\/div>\n<p><span style=\"color: #0000ff;\"><a style=\"color: #0000ff;\" href=\"https:\/\/advancedsofttissuerelease.com\/nl\/product\/jodium-actief\/\"><strong>Jodium Actief &gt;<\/strong><\/a><\/span><\/p>\n<ul>\n<li>Ondersteunt de gezondheid van de schildklier<\/li>\n<li>Supports detox process<\/li>\n<li>Helpt gezond borstweefsel te behouden<\/li>\n<li>Ondersteunt een gezonde synthese van schildklierhormonen<\/li>\n<li>Verminder oxidatieve stress<\/li>\n<li>Ondersteunt gezonde ogen<\/li>\n<li>Ondersteunt een gezonde gastro-intestinale voering<\/li>\n<li>antioxidant<\/li>\n<\/ul>\n<p><span style=\"color: #333333;\">ASTR Essential-supplement ondersteunt antioxidantbescherming en ontgifting, terwijl het ook helpt bij het verbeteren van de gezondheid van personen met een slechte voedingsinname. Het uitgebreide voedingsprofiel in Essential ondersteunt fundamenteel welzijn; antioxiderende activiteit met vitamine C en E, selenium en b\u00e8tacaroteen; en fase I ontgifting.*<\/span><\/p>\n<p style=\"text-align: center;\"><span style=\"font-size: 8pt; color: #333333;\">Deze verklaringen zijn niet ge\u00ebvalueerd door de Food and Drug Administration. Dit product is niet bedoeld om een ziekte te diagnosticeren, behandelen, genezen of voorkomen.<\/span><\/p>","protected":false},"excerpt":{"rendered":"<p><span class=\"\">Stap-voor-stap programma inclusief detox tips,\u00a0<\/span><span class=\"\">voedingsschema, <\/span><span class=\"\">recepten, boodschappenlijstjes en supplementen die u zullen helpen de oorzaak van uw onderliggende gezondheidsproblemen aan te pakken.<\/span><\/p>","protected":false},"featured_media":29581,"template":"","meta":{"_analytify_skip_tracking":false},"product_brand":[],"product_cat":[1782],"product_tag":[1042,1928,1929,1898,529],"woo-feed-brand":[],"class_list":{"0":"post-10557","1":"product","2":"type-product","3":"status-publish","4":"has-post-thumbnail","6":"product_cat-health-supplement-kits","7":"product_tag-detox","8":"product_tag-detox-diet","9":"product_tag-detox-supplements","10":"product_tag-fiber","11":"product_tag-vitamin-c","12":"product_shipping_class-regular-shipping","14":"first","15":"instock","16":"sale","17":"featured","18":"taxable","19":"shipping-taxable","20":"purchasable","21":"product-type-simple"},"exclude_global_add_ons":[],"addons":[],"_links":{"self":[{"href":"https:\/\/advancedsofttissuerelease.com\/nl\/wp-json\/wp\/v2\/product\/10557","targetHints":{"allow":["GET"]}}],"collection":[{"href":"https:\/\/advancedsofttissuerelease.com\/nl\/wp-json\/wp\/v2\/product"}],"about":[{"href":"https:\/\/advancedsofttissuerelease.com\/nl\/wp-json\/wp\/v2\/types\/product"}],"version-history":[{"count":0,"href":"https:\/\/advancedsofttissuerelease.com\/nl\/wp-json\/wp\/v2\/product\/10557\/revisions"}],"wp:featuredmedia":[{"embeddable":true,"href":"https:\/\/advancedsofttissuerelease.com\/nl\/wp-json\/wp\/v2\/media\/29581"}],"wp:attachment":[{"href":"https:\/\/advancedsofttissuerelease.com\/nl\/wp-json\/wp\/v2\/media?parent=10557"}],"wp:term":[{"taxonomy":"product_brand","embeddable":true,"href":"https:\/\/advancedsofttissuerelease.com\/nl\/wp-json\/wp\/v2\/product_brand?post=10557"},{"taxonomy":"product_cat","embeddable":true,"href":"https:\/\/advancedsofttissuerelease.com\/nl\/wp-json\/wp\/v2\/product_cat?post=10557"},{"taxonomy":"product_tag","embeddable":true,"href":"https:\/\/advancedsofttissuerelease.com\/nl\/wp-json\/wp\/v2\/product_tag?post=10557"},{"taxonomy":"woo-feed-brand","embeddable":true,"href":"https:\/\/advancedsofttissuerelease.com\/nl\/wp-json\/wp\/v2\/woo-feed-brand?post=10557"}],"curies":[{"name":"wp","href":"https:\/\/api.w.org\/{rel}","templated":true}]}}