{"id":13751,"date":"2020-05-22T13:20:13","date_gmt":"2020-05-22T19:20:13","guid":{"rendered":"https:\/\/advancedsofttissuerelease.com\/?post_type=product&#038;p=13751"},"modified":"2025-09-23T20:33:35","modified_gmt":"2025-09-24T00:33:35","slug":"wound-healing-kit","status":"publish","type":"product","link":"https:\/\/advancedsofttissuerelease.com\/nl\/product\/wound-healing-kit\/","title":{"rendered":"Wondgenezingskit"},"content":{"rendered":"<p><span style=\"font-size: 12pt; color: #333333;\"><strong>Wondgenezingskit<\/strong><\/span><\/p>\n<p><span style=\"color: #333333;\">In this step-by-step program, Dr. Jacobs will show you how to quickly and effectively you can speed up the healing process by implementing ASTR\u2019s anti-inflammatory diet with our wound healing supplement kit. If you are experiencing short term or chronic wound problem, this kit will jump start your journey to healing!<\/span><\/p>\n<p><span style=\"color: #333333;\"><strong><span style=\"font-size: 12pt; color: #333333;\">Wound Healing<\/span> Kit Includes<\/strong><\/span><\/p>\n<ol>\n<li>Pijnstillende cr\u00e8me<\/li>\n<li>Collageen actief<\/li>\n<li>Vitamine C en bioflavono\u00efden<\/li>\n<li><span style=\"color: #333333;\">K2 &amp; D3 compleet<\/span><\/li>\n<li><span style=\"color: #333333;\">Zink Actief<\/span><\/li>\n<li><span style=\"color: #333333;\">ASTR diet, including recipes<\/span><\/li>\n<\/ol>\n<p><strong><a href=\"https:\/\/advancedsofttissuerelease.com\/nl\/product\/pijnstillende-creme-2\/\">Pijnstillende cr\u00e8me &gt;<\/a><\/strong><\/p>\n<div class=\"page\" title=\"Pagina 1\">\n<div class=\"section\">\n<p><strong>Voor volwassenen en kinderen<\/strong><\/p>\n<ul>\n<li>Ondersteunt spier- en gewrichtspijnverlichting<\/li>\n<li>Ondersteunt wondgenezing<\/li>\n<li>Ondersteunt de normale gezondheid van huid en nagels<\/li>\n<li>Ondersteunt een gezonde ontstekingsreactie<\/li>\n<li>Verbetert de gezondheid van het bewegingsapparaat<\/li>\n<li>Biedt gezamenlijke gezondheid<\/li>\n<li>Verhoogt gezamenlijke beweging<\/li>\n<\/ul>\n<p><strong>Pain Relief Cream is used for<\/strong><\/p>\n<ul>\n<li>Pijnstilling<\/li>\n<li>Verminder ontsteking<\/li>\n<li>Artritis<\/li>\n<li>Wondverzorging<\/li>\n<li>Eczeem<\/li>\n<li>Acne<\/li>\n<li>Dermatitis<\/li>\n<li>Psoriasis<\/li>\n<\/ul>\n<\/div>\n<\/div>\n<div class=\"page\" title=\"Pagina 2\">\n<div class=\"layoutArea\">\n<div class=\"column\">\n<div class=\"page\" title=\"Pagina 1\">\n<div class=\"section\">\n<div class=\"layoutArea\">\n<div class=\"page\" title=\"Pagina 1\">\n<div class=\"section\">\n<div class=\"layoutArea\">\n<p><a href=\"https:\/\/advancedsofttissuerelease.com\/nl\/product\/collageen-actief-2\/\"><strong>Collageen Actief &gt;<\/strong><\/a><\/p>\n<ul>\n<li>Ondersteunt het proces van zelfherstel van kraakbeen<\/li>\n<li>Ondersteunt het proces van zelfherstel van pezen<\/li>\n<li>Ondersteunt het proces van zelfherstel van de banden<\/li>\n<li>Ondersteunt het proces van zelfherstel van de fascia<\/li>\n<li>Ondersteunt gezond haar<\/li>\n<li>Ondersteunt een gezonde huid<\/li>\n<li>Ondersteunt gezonde nagels<\/li>\n<li>Ondersteunt gezamenlijke smering<\/li>\n<li>Ondersteunt gewrichtsdemping<\/li>\n<li>Bevordert de biosynthese van bindweefsel<\/li>\n<\/ul>\n<div class=\"page\" title=\"Pagina 1\">\n<div class=\"section\">\n<div class=\"layoutArea\">\n<div class=\"column\">\n<p>Collageen is een cruciaal element van huid, haar, nagels, gewrichten en bindweefsel. Collageen Actieve inhoud: vitamine C, magnesium, type 1 collageen, hyaluronzuur, gelatinehydrolysaat. Collageen actief ondersteunt gezond kraakbeen, pees, ligament, fascia en gewrichtsfunctie.<\/p>\n<\/div>\n<\/div>\n<\/div>\n<\/div>\n<p><a href=\"https:\/\/advancedsofttissuerelease.com\/nl\/product\/vitamine-c-en-bioflavonoiden-2\/\"><strong><span style=\"color: #0000ff;\">Vitamine C &amp;\u00a0<span style=\"caret-color: #0000ff;\">Bioflavono\u00efden<\/span>\u00a0 &gt;\u00a0<\/span><\/strong><\/a><\/p>\n<ul>\n<li>Krachtige vitamine C-formule<\/li>\n<li>Ondersteunt immuunsysteem<\/li>\n<li>Ondersteunt antioxidantsystemen<\/li>\n<li>Ondersteuning van de synthese van bloedvaten<\/li>\n<li>Ondersteunt de aanmaak van collageen<\/li>\n<li>Ondersteunt de productie van carnitine<\/li>\n<li>Ondersteunt de productie van neurotransmitters<\/li>\n<\/ul>\n<p>Vitamine C en bioflavono\u00efden combineren krachtige vitamine C met een gestandaardiseerd, volledig spectrum, citrusbioflavono\u00efdencomplex. Zowel vitamine C als bioflavono\u00efden zijn uitgebreid onderzocht vanwege hun rol bij het ondersteunen van de antioxidant- en immuunfunctie. Bovendien wijst onderzoek uit dat vitamine C nodig is voor de synthese van collageen, neurotransmitters en carnitine. Bioflavono\u00efden lijken een gezonde stofwisseling en cognitie te ondersteunen door te functioneren als celsignalerende middelen.*<\/p>\n<p><span style=\"color: #0000ff;\"><a style=\"color: #0000ff;\" href=\"https:\/\/advancedsofttissuerelease.com\/nl\/product\/zink-actief\/\"><strong>Zink Actief &gt;<\/strong><\/a><\/span><\/p>\n<ul>\n<li>Ondersteunt immuunsysteem<\/li>\n<li>Ondersteunt neurologische functie<\/li>\n<li>Ondersteunt het metabolisme van voedingsstoffen<\/li>\n<li>Ondersteunt reproductieve gezondheid<\/li>\n<li>Ondersteunt hormonale balans<\/li>\n<li>Ondersteuning zintuiglijke waarneming<\/li>\n<li>Ondersteunt antioxiderende activiteit<\/li>\n<li>Ondersteunt enzymatische reacties<\/li>\n<li>Ondersteunt de eiwitstofwisseling<\/li>\n<\/ul>\n<p><span style=\"color: #0000ff;\"><a style=\"color: #0000ff;\" href=\"https:\/\/advancedsofttissuerelease.com\/nl\/product\/k2-d3-compleet-2\/\"><strong>K2 &amp; D3 Compleet &gt;<\/strong><\/a><\/span><\/p>\n<ul>\n<li><span style=\"color: #333333;\">Ondersteunt een gezonde bloedcirculatie<\/span><\/li>\n<li><span style=\"color: #333333;\">Bevordert een optimale botgezondheid<\/span><\/li>\n<li><span style=\"color: #333333;\">Bevordert een goede calciumopslag<\/span><\/li>\n<li><span style=\"color: #333333;\">Handhaaft een gezonde cardiometabolische functie<\/span><\/li>\n<li><span style=\"color: #333333;\">Ondersteunt arteri\u00eble elasticiteit<\/span><\/li>\n<li><span style=\"color: #333333;\">Verhoogt de immuunfunctie<\/span><\/li>\n<li><span style=\"color: #333333;\">Ondersteunt een gezonde calciumbalans<\/span><\/li>\n<li><span style=\"color: #333333;\">Ondersteunt de bloedsuikerspiegel<\/span><\/li>\n<\/ul>\n<p><span style=\"color: #333333;\">Uit recent onderzoek is gebleken dat suppletie met een hoge concentratie van K2, met 180 mcg\/dag, resulteert in verbeterde klinische resultaten in vergelijking met suppletie met een lagere dosis*. K2 &amp; D3 complete levert 180 mcg MenaQ7\u00ae PRO, de meest bestudeerde vorm van vitamine K2 als MK-7, samen met 5.000 IE vitamine D3 voor optimale ondersteuning van de bot- en cardiovasculaire gezondheid.<\/span><\/p>\n<\/div>\n<\/div>\n<\/div>\n<\/div>\n<\/div>\n<\/div>\n<p><span style=\"color: #333333;\"><strong>Bevat geen:\u00a0<\/strong>Gluten, ma\u00efs, gist, kunstmatige kleur- en smaakstoffen.<\/span><\/p>\n<\/div>\n<\/div>\n<\/div>\n<p style=\"text-align: center;\"><span style=\"font-size: 8pt; color: #333333;\">*Deze verklaringen zijn niet ge\u00ebvalueerd door de Food and Drug Administration. Dit product is niet bedoeld om een ziekte te diagnosticeren, behandelen, genezen of voorkomen.\u00a0<\/span><\/p>","protected":false},"excerpt":{"rendered":"<p>Step-by-step program including wound healing tips,\u00a0nutrition plan, recipes, shopping lists, Pain Relief Cream and supplements that will help you address the source of your underlying health issues.<\/p>","protected":false},"featured_media":29590,"template":"","meta":{"_analytify_skip_tracking":false},"product_brand":[],"product_cat":[1782],"product_tag":[521,1809,1808,529,2193,1907],"woo-feed-brand":[],"class_list":{"0":"post-13751","1":"product","2":"type-product","3":"status-publish","4":"has-post-thumbnail","6":"product_cat-health-supplement-kits","7":"product_tag-astr-supplement","8":"product_tag-d3-vitamin","9":"product_tag-k2-vitamin","10":"product_tag-vitamin-c","11":"product_tag-wound-healing-supplements","12":"product_tag-zinc","13":"product_shipping_class-regular-shipping","15":"first","16":"instock","17":"sale","18":"taxable","19":"shipping-taxable","20":"purchasable","21":"product-type-simple"},"exclude_global_add_ons":[],"addons":[],"_links":{"self":[{"href":"https:\/\/advancedsofttissuerelease.com\/nl\/wp-json\/wp\/v2\/product\/13751","targetHints":{"allow":["GET"]}}],"collection":[{"href":"https:\/\/advancedsofttissuerelease.com\/nl\/wp-json\/wp\/v2\/product"}],"about":[{"href":"https:\/\/advancedsofttissuerelease.com\/nl\/wp-json\/wp\/v2\/types\/product"}],"version-history":[{"count":0,"href":"https:\/\/advancedsofttissuerelease.com\/nl\/wp-json\/wp\/v2\/product\/13751\/revisions"}],"wp:featuredmedia":[{"embeddable":true,"href":"https:\/\/advancedsofttissuerelease.com\/nl\/wp-json\/wp\/v2\/media\/29590"}],"wp:attachment":[{"href":"https:\/\/advancedsofttissuerelease.com\/nl\/wp-json\/wp\/v2\/media?parent=13751"}],"wp:term":[{"taxonomy":"product_brand","embeddable":true,"href":"https:\/\/advancedsofttissuerelease.com\/nl\/wp-json\/wp\/v2\/product_brand?post=13751"},{"taxonomy":"product_cat","embeddable":true,"href":"https:\/\/advancedsofttissuerelease.com\/nl\/wp-json\/wp\/v2\/product_cat?post=13751"},{"taxonomy":"product_tag","embeddable":true,"href":"https:\/\/advancedsofttissuerelease.com\/nl\/wp-json\/wp\/v2\/product_tag?post=13751"},{"taxonomy":"woo-feed-brand","embeddable":true,"href":"https:\/\/advancedsofttissuerelease.com\/nl\/wp-json\/wp\/v2\/woo-feed-brand?post=13751"}],"curies":[{"name":"wp","href":"https:\/\/api.w.org\/{rel}","templated":true}]}}