{"id":17061,"date":"2020-12-23T20:50:20","date_gmt":"2020-12-24T03:50:20","guid":{"rendered":"https:\/\/advancedsofttissuerelease.com\/?post_type=product&#038;p=17061"},"modified":"2024-10-14T11:49:23","modified_gmt":"2024-10-14T15:49:23","slug":"vegan-support-kit-2","status":"publish","type":"product","link":"https:\/\/advancedsofttissuerelease.com\/nl\/product\/vegan-support-kit\/","title":{"rendered":"Veganistische ondersteuningskit"},"content":{"rendered":"<h1><span style=\"font-size: 12pt; color: #333333;\"><strong>Veganistische ondersteuningskit<\/strong><\/span><\/h1>\n<p>In dit stapsgewijze programma laat Dr. Jacobs u zien hoe u snel en effectief het ASTR-dieet kunt implementeren met onze veganistische ondersteuningskit voor optimale gezondheid, energie en welzijn. Als je een optimale gezondheid wilt behouden, is deze kit een goede start!<\/p>\n<p><span style=\"color: #333333;\"><strong>Veganistische ondersteuningskit bevat<\/strong><\/span><\/p>\n<ol>\n<li><span style=\"color: #333333;\">Vitamine C en bioflavono\u00efden<\/span><\/li>\n<li><span style=\"color: #333333;\">Jodium Actief<\/span><\/li>\n<li>Omega Actief<\/li>\n<li>B Actief<\/li>\n<li>K2 &amp; D3 compleet<\/li>\n<li><span style=\"color: #333333;\">Ontstekingsremmend dieet, inclusief recepten<\/span><\/li>\n<\/ol>\n<p><a href=\"https:\/\/advancedsofttissuerelease.com\/nl\/product\/vitamine-c-en-bioflavonoiden-2\/\"><strong><span style=\"color: #0000ff;\">Vitamine C &amp;\u00a0<span style=\"caret-color: #0000ff;\">Bioflavono\u00efden<\/span>\u00a0 &gt;\u00a0<\/span><\/strong><\/a><\/p>\n<ul>\n<li>Krachtige vitamine C-formule<\/li>\n<li>Ondersteunt immuunsysteem<\/li>\n<li>Ondersteunt antioxidantsystemen<\/li>\n<li>Ondersteuning van de synthese van bloedvaten<\/li>\n<li>Ondersteunt de aanmaak van collageen<\/li>\n<li>Ondersteunt de productie van carnitine<\/li>\n<li>Ondersteunt de productie van neurotransmitters<\/li>\n<\/ul>\n<p>Vitamine C en bioflavono\u00efden combineren krachtige vitamine C met een gestandaardiseerd, volledig spectrum, citrusbioflavono\u00efdencomplex. Zowel vitamine C als bioflavono\u00efden zijn uitgebreid onderzocht vanwege hun rol bij het ondersteunen van de antioxidant- en immuunfunctie. Bovendien wijst onderzoek uit dat vitamine C nodig is voor de synthese van collageen, neurotransmitters en carnitine. Bioflavono\u00efden lijken een gezonde stofwisseling en cognitie te ondersteunen door te functioneren als celsignalerende middelen.*<\/p>\n<p><span style=\"color: #0000ff;\"><a style=\"color: #0000ff;\" href=\"https:\/\/advancedsofttissuerelease.com\/nl\/product\/jodium-actief\/\"><strong>Jodium Actief &gt;<\/strong><\/a><\/span><\/p>\n<ul>\n<li>Ondersteunt de gezondheid van de schildklier<\/li>\n<li>Helpt gezond borstweefsel te behouden<\/li>\n<li>Ondersteunt een gezonde synthese van schildklierhormonen<\/li>\n<li>Verminder oxidatieve stress<\/li>\n<li>Ondersteunt gezonde ogen<\/li>\n<li>Ondersteunt een gezonde gastro-intestinale voering<\/li>\n<li>antioxidant<\/li>\n<\/ul>\n<div class=\"page\" title=\"Pagina 1\">\n<div class=\"section\">\n<div class=\"layoutArea\">\n<div class=\"column\">\n<p>Jodium &amp; selenium formule voor een optimale schildklierfunctie<\/p>\n<\/div>\n<\/div>\n<\/div>\n<\/div>\n<p><span style=\"color: #0000ff;\"><a style=\"color: #0000ff;\" href=\"https:\/\/advancedsofttissuerelease.com\/nl\/product\/b-actief\/\"><strong>B Actief &gt;<\/strong><\/a><\/span><\/p>\n<ul>\n<li>Ondersteunt de koolhydraatstofwisseling<\/li>\n<li>Ondersteunt de werking van het zenuwstelsel<\/li>\n<li>Ondersteunt het functioneren van het bijniersysteem<\/li>\n<li>Ondersteunt de werking van het immuunsysteem<\/li>\n<li>Ondersteunt de cardiovasculaire gezondheid<\/li>\n<li>Beschermt tegen voedingstekorten<\/li>\n<li>Beschermt tegen door stress veroorzaakte uitputting van voedingsstoffen<\/li>\n<li>Ondersteunt een gezonde mentale functie en stemming<\/li>\n<\/ul>\n<p>Het ASTR B Active Supplement helpt bij het ondersteunen van het koolhydraatmetabolisme, het functioneren van het zenuwstelsel\/bijnieren\/immuunsysteem, cardiovasculaire gezondheid en een gezond mentaal functioneren en gemoedstoestand. B Active bevat het volledige spectrum aan B-vitamines; geactiveerde vormen van B2, B6 en B12; en foliumzuur.*<\/p>\n<p><span style=\"color: #0000ff;\"><a style=\"color: #0000ff;\" href=\"https:\/\/advancedsofttissuerelease.com\/nl\/product\/omega-actief-2\/\"><strong>Omega Actief &gt;<\/strong><\/a><\/span><\/p>\n<ul>\n<li>Ondersteunt de cardiovasculaire gezondheid<\/li>\n<li>Ondersteunt de bloedsuikerstofwisseling<\/li>\n<li>Ondersteunt cognitieve functie<\/li>\n<li>Ondersteunt cognitieve ontwikkeling<\/li>\n<li>Ondersteunt een gezonde huid<\/li>\n<li>Ondersteunt gezonde gewrichten<\/li>\n<li>Ondersteunt gezond bindweefsel<\/li>\n<li>Verhoogt de visuele en oculaire gezondheid<\/li>\n<li>Handhaaft een normale ontstekingsbalans<\/li>\n<\/ul>\n<p><span style=\"color: #0000ff;\"><a style=\"color: #0000ff;\" href=\"https:\/\/advancedsofttissuerelease.com\/nl\/product\/k2-d3-compleet-2\/\"><strong>K2 &amp; D3 Compleet &gt;<\/strong><\/a><\/span><\/p>\n<ul>\n<li>Ondersteunt een gezonde bloedcirculatie<\/li>\n<li>Bevordert een optimale botgezondheid<\/li>\n<li>Bevordert een goede calciumopslag<\/li>\n<li>Handhaaft een gezonde cardiometabolische functie<\/li>\n<li>Ondersteunt arteri\u00eble elasticiteit<\/li>\n<li>Verhoogt de immuunfunctie<\/li>\n<li>Ondersteunt een gezonde calciumbalans<\/li>\n<li>Ondersteunt de bloedsuikerspiegel<\/li>\n<\/ul>\n<div class=\"page\" title=\"Pagina 1\">\n<div class=\"section\">\n<div class=\"layoutArea\">\n<div class=\"column\">\n<p>Uit recent onderzoek is gebleken dat suppletie met een hoge concentratie van K2, met 180 mcg\/dag, resulteert in verbeterde klinische resultaten in vergelijking met suppletie met een lagere dosis*. K2 &amp; D3 complete levert 180 mcg MenaQ7\u00ae PRO, de meest bestudeerde vorm van vitamine K2 als MK-7, samen met 5.000 IE vitamine D3 voor optimale ondersteuning van de bot- en cardiovasculaire gezondheid.<\/p>\n<\/div>\n<\/div>\n<\/div>\n<\/div>\n<p style=\"text-align: center;\"><span style=\"font-size: 8pt; color: #333333;\">*Deze verklaringen zijn niet ge\u00ebvalueerd door de Food and Drug Administration. Dit product is niet bedoeld om een ziekte te diagnosticeren, behandelen, genezen of voorkomen.\u00a0<\/span><\/p>","protected":false},"excerpt":{"rendered":"<p>Stap-voor-stap programma met tips, voedingsplan, recepten, boodschappenlijstjes en supplementen die je helpen de oorzaak van je onderliggende gezondheidsproblemen aan te pakken.<\/p>","protected":false},"featured_media":29589,"template":"","meta":{"_analytify_skip_tracking":false},"product_brand":[],"product_cat":[1782],"product_tag":[604,1809,1890,1808,1792,1891],"woo-feed-brand":[],"class_list":{"0":"post-17061","1":"product","2":"type-product","3":"status-publish","4":"has-post-thumbnail","6":"product_cat-health-supplement-kits","7":"product_tag-coq-10","8":"product_tag-d3-vitamin","9":"product_tag-daily-vitamins","10":"product_tag-k2-vitamin","11":"product_tag-magnesium-active","12":"product_tag-multivitamins","13":"product_shipping_class-regular-shipping","15":"first","16":"instock","17":"sale","18":"taxable","19":"shipping-taxable","20":"purchasable","21":"product-type-simple"},"exclude_global_add_ons":[],"addons":[],"_links":{"self":[{"href":"https:\/\/advancedsofttissuerelease.com\/nl\/wp-json\/wp\/v2\/product\/17061","targetHints":{"allow":["GET"]}}],"collection":[{"href":"https:\/\/advancedsofttissuerelease.com\/nl\/wp-json\/wp\/v2\/product"}],"about":[{"href":"https:\/\/advancedsofttissuerelease.com\/nl\/wp-json\/wp\/v2\/types\/product"}],"version-history":[{"count":0,"href":"https:\/\/advancedsofttissuerelease.com\/nl\/wp-json\/wp\/v2\/product\/17061\/revisions"}],"wp:featuredmedia":[{"embeddable":true,"href":"https:\/\/advancedsofttissuerelease.com\/nl\/wp-json\/wp\/v2\/media\/29589"}],"wp:attachment":[{"href":"https:\/\/advancedsofttissuerelease.com\/nl\/wp-json\/wp\/v2\/media?parent=17061"}],"wp:term":[{"taxonomy":"product_brand","embeddable":true,"href":"https:\/\/advancedsofttissuerelease.com\/nl\/wp-json\/wp\/v2\/product_brand?post=17061"},{"taxonomy":"product_cat","embeddable":true,"href":"https:\/\/advancedsofttissuerelease.com\/nl\/wp-json\/wp\/v2\/product_cat?post=17061"},{"taxonomy":"product_tag","embeddable":true,"href":"https:\/\/advancedsofttissuerelease.com\/nl\/wp-json\/wp\/v2\/product_tag?post=17061"},{"taxonomy":"woo-feed-brand","embeddable":true,"href":"https:\/\/advancedsofttissuerelease.com\/nl\/wp-json\/wp\/v2\/woo-feed-brand?post=17061"}],"curies":[{"name":"wp","href":"https:\/\/api.w.org\/{rel}","templated":true}]}}