{"id":37804,"date":"2022-04-25T11:56:52","date_gmt":"2022-04-25T17:56:52","guid":{"rendered":"https:\/\/advancedsofttissuerelease.com\/?post_type=product&#038;p=37804"},"modified":"2024-10-05T12:08:17","modified_gmt":"2024-10-05T16:08:17","slug":"vruchtbaarheidsondersteunende-kit-2","status":"publish","type":"product","link":"https:\/\/advancedsofttissuerelease.com\/nl\/product\/fertility-support-kit\/","title":{"rendered":"Vruchtbaarheidsondersteuningskit"},"content":{"rendered":"<h1><span style=\"font-size: 12pt; color: #333333;\"><strong>Vruchtbaarheidsondersteunende aanvullingskit<\/strong><\/span><\/h1>\n<p>In dit stapsgewijze programma laat Dr. Jacobs u zien hoe u snel en effectief het ASTR-dieet kunt implementeren met onze supplementenkit voor vruchtbaarheidsondersteuning voor optimale vruchtbaarheidsondersteuning voor mannen en vrouwen. Als je een optimale gezondheid en vruchtbaarheid wilt behouden, is deze kit een goede start!<\/p>\n<h2><span style=\"color: #333333;\"><strong>Vruchtbaarheidsondersteuningssupplementkit bevat:<\/strong><\/span><\/h2>\n<ol>\n<li><span style=\"color: #333333;\">B Actief<\/span><\/li>\n<li>Coq 10 Actief<\/li>\n<li>K2 &amp; D3 compleet<\/li>\n<li>Omega Actief<\/li>\n<li>Vitamine C en bioflavono\u00efden<\/li>\n<li>Jodium Actief<\/li>\n<li><span style=\"color: #333333;\">Ontstekingsremmend dieet, inclusief recepten<\/span><\/li>\n<\/ol>\n<p><span style=\"color: #0000ff;\"><a style=\"color: #0000ff;\" href=\"https:\/\/advancedsofttissuerelease.com\/nl\/product\/b-actief\/\"><strong>B Actief &gt;<\/strong><\/a><\/span><\/p>\n<ul>\n<li><span style=\"color: #333333;\">Ondersteunt de koolhydraatstofwisseling<\/span><\/li>\n<li><span style=\"color: #333333;\">Ondersteunt de werking van het zenuwstelsel<\/span><\/li>\n<li><span style=\"color: #333333;\">Ondersteunt het functioneren van het bijniersysteem<\/span><\/li>\n<li><span style=\"color: #333333;\">Ondersteunt de werking van het immuunsysteem<\/span><\/li>\n<li><span style=\"color: #333333;\">Ondersteunt de cardiovasculaire gezondheid<\/span><\/li>\n<li><span style=\"color: #333333;\">Beschermt tegen voedingstekorten<\/span><\/li>\n<li><span style=\"color: #333333;\">Beschermt tegen door stress veroorzaakte uitputting van voedingsstoffen<\/span><\/li>\n<li><span style=\"color: #333333;\">Ondersteunt een gezonde mentale functie en stemming<\/span><\/li>\n<\/ul>\n<p><span style=\"color: #333333;\">Het ASTR B Active Supplement helpt bij het ondersteunen van het koolhydraatmetabolisme, het functioneren van het zenuwstelsel\/bijnieren\/immuunsysteem, cardiovasculaire gezondheid en een gezond mentaal functioneren en gemoedstoestand. B Active bevat het volledige spectrum aan B-vitamines; geactiveerde vormen van B2, B6 en B12; en foliumzuur.*<\/span><\/p>\n<p><a href=\"https:\/\/advancedsofttissuerelease.com\/nl\/product\/vitamine-c-en-bioflavonoiden-2\/\"><strong><span style=\"color: #0000ff;\">Vitamine C &amp;\u00a0<span style=\"caret-color: #0000ff;\">Bioflavono\u00efden<\/span>\u00a0 &gt;\u00a0<\/span><\/strong><\/a><\/p>\n<ul>\n<li>Krachtige vitamine C-formule<\/li>\n<li>Ondersteunt immuunsysteem<\/li>\n<li>Ondersteunt antioxidantsystemen<\/li>\n<li>Ondersteuning van de synthese van bloedvaten<\/li>\n<li>Ondersteunt de aanmaak van collageen<\/li>\n<li>Ondersteunt de productie van carnitine<\/li>\n<li>Ondersteunt de productie van neurotransmitters<\/li>\n<\/ul>\n<p>Vitamine C en bioflavono\u00efden combineren krachtige vitamine C met een gestandaardiseerd, volledig spectrum, citrusbioflavono\u00efdencomplex. Zowel vitamine C als bioflavono\u00efden zijn uitgebreid onderzocht vanwege hun rol bij het ondersteunen van de antioxidant- en immuunfunctie. Bovendien wijst onderzoek uit dat vitamine C nodig is voor de synthese van collageen, neurotransmitters en carnitine. Bioflavono\u00efden lijken een gezonde stofwisseling en cognitie te ondersteunen door te functioneren als celsignalerende middelen.*<\/p>\n<p><span style=\"color: #0000ff;\"><a style=\"color: #0000ff;\" href=\"https:\/\/advancedsofttissuerelease.com\/nl\/product\/coq-10-actief\/\"><strong>CoQ 10 Actief &gt;<\/strong><\/a><\/span><\/p>\n<ul>\n<li>Ondersteunt natuurlijke energieopwekking<\/li>\n<li>Ondersteunt mitochondriaal functioneren<\/li>\n<li>Ondersteunt de gezondheid van plasma en weefsel<\/li>\n<li>Ondersteunt de gezondheid en het functioneren van het cardiovasculaire systeem<\/li>\n<li>Ondersteunt de neuromusculaire gezondheid<\/li>\n<li>Ondersteunt het functioneren van het centrale zenuwstelsel<\/li>\n<\/ul>\n<p>ASTR CoQ 10 Supplement ondersteunt natuurlijke energieopwekking en mitochondriale gezondheid, gezond functioneren van het cardiovasculaire systeem en de gezondheid van neuromusculaire en centrale zenuwstelsel. Het is klinisch aangetoond dat ASTR CoQ 10 beter opneembaar is voor optimaal gebruik ter ondersteuning van cardiovasculaire en op energie gebaseerde gezondheidsbehoeften.<\/p>\n<p><span style=\"color: #0000ff;\"><a style=\"color: #0000ff;\" href=\"https:\/\/advancedsofttissuerelease.com\/nl\/product\/k2-d3-compleet-2\/\"><strong>K2 &amp; D3 Compleet &gt;<\/strong><\/a><\/span><\/p>\n<ul>\n<li>Ondersteunt een gezonde bloedcirculatie<\/li>\n<li>Bevordert een optimale botgezondheid<\/li>\n<li>Bevordert een goede calciumopslag<\/li>\n<li>Handhaaft een gezonde cardiometabolische functie<\/li>\n<li>Ondersteunt arteri\u00eble elasticiteit<\/li>\n<li>Verhoogt de immuunfunctie<\/li>\n<li>Ondersteunt een gezonde calciumbalans<\/li>\n<li>Ondersteunt de bloedsuikerspiegel<\/li>\n<\/ul>\n<div class=\"page\" title=\"Pagina 1\">\n<div class=\"section\">\n<div class=\"layoutArea\">\n<div class=\"column\">\n<p>Uit recent onderzoek is gebleken dat suppletie met een hoge concentratie van K2, met 180 mcg\/dag, resulteert in verbeterde klinische resultaten in vergelijking met suppletie met een lagere dosis*. K2 &amp; D3 complete levert 180 mcg MenaQ7\u00ae PRO, de meest bestudeerde vorm van vitamine K2 als MK-7, samen met 5.000 IE vitamine D3 voor optimale ondersteuning van de bot- en cardiovasculaire gezondheid.<\/p>\n<\/div>\n<\/div>\n<\/div>\n<\/div>\n<p><span style=\"color: #0000ff;\"><a style=\"color: #0000ff;\" href=\"https:\/\/advancedsofttissuerelease.com\/nl\/product\/omega-actief-2\/\"><strong><span style=\"font-size: 12pt;\">Omega Actief &gt;<\/span><\/strong><\/a><\/span><\/p>\n<ul>\n<li>Ondersteunt de cardiovasculaire gezondheid<\/li>\n<li>Ondersteunt de bloedsuikerstofwisseling<\/li>\n<li>Ondersteunt cognitieve functie<\/li>\n<li>Ondersteunt cognitieve ontwikkeling<\/li>\n<li>Ondersteunt een gezonde huid<\/li>\n<li>Ondersteunt gezonde gewrichten<\/li>\n<li>Ondersteunt gezond bindweefsel<\/li>\n<li>Verhoogt de visuele en oculaire gezondheid<\/li>\n<li>Handhaaft een normale ontstekingsbalans<\/li>\n<\/ul>\n<p><span style=\"color: #0000ff;\"><a style=\"color: #0000ff;\" href=\"https:\/\/advancedsofttissuerelease.com\/nl\/product\/jodium-actief\/\"><strong><span style=\"font-size: 12pt;\">Jodium Actief &gt;<\/span><\/strong><\/a><\/span><\/p>\n<ul>\n<li>Ondersteunt de gezondheid van de schildklier<\/li>\n<li>Helpt gezond borstweefsel te behouden<\/li>\n<li>Ondersteunt een gezonde synthese van schildklierhormonen<\/li>\n<li>Verminder oxidatieve stress<\/li>\n<li>Ondersteunt gezonde ogen<\/li>\n<li>Ondersteunt een gezonde gastro-intestinale voering<\/li>\n<li>antioxidant<\/li>\n<\/ul>\n<div class=\"page\" title=\"Pagina 1\">\n<div class=\"section\">\n<div class=\"layoutArea\">\n<div class=\"column\">\n<p>Jodium &amp; selenium formule voor een optimale schildklierfunctie<\/p>\n<\/div>\n<\/div>\n<\/div>\n<\/div>\n<p style=\"text-align: center;\"><span style=\"font-size: 8pt; color: #333333;\">*Deze verklaringen zijn niet ge\u00ebvalueerd door de Food and Drug Administration. Dit product is niet bedoeld om een ziekte te diagnosticeren, behandelen, genezen of voorkomen.\u00a0<\/span><\/p>","protected":false},"excerpt":{"rendered":"<p>Stap-voor-stap programma inclusief gezondheidstips, voedingsplan, recepten, boodschappenlijstjes en supplementen die je helpen de oorzaak van je onderliggende gezondheidsproblemen aan te pakken.<\/p>","protected":false},"featured_media":37810,"template":"","meta":{"_analytify_skip_tracking":false},"product_brand":[],"product_cat":[1782],"product_tag":[604,2344,2342,2341,2343],"woo-feed-brand":[],"class_list":{"0":"post-37804","1":"product","2":"type-product","3":"status-publish","4":"has-post-thumbnail","6":"product_cat-health-supplement-kits","7":"product_tag-coq-10","8":"product_tag-fertility-diet","9":"product_tag-fertility-suplements","10":"product_tag-fertility-support","11":"product_tag-fertility-vitamins","12":"product_shipping_class-regular-shipping","14":"first","15":"instock","16":"sale","17":"taxable","18":"shipping-taxable","19":"purchasable","20":"product-type-simple"},"exclude_global_add_ons":[],"addons":[],"_links":{"self":[{"href":"https:\/\/advancedsofttissuerelease.com\/nl\/wp-json\/wp\/v2\/product\/37804","targetHints":{"allow":["GET"]}}],"collection":[{"href":"https:\/\/advancedsofttissuerelease.com\/nl\/wp-json\/wp\/v2\/product"}],"about":[{"href":"https:\/\/advancedsofttissuerelease.com\/nl\/wp-json\/wp\/v2\/types\/product"}],"version-history":[{"count":0,"href":"https:\/\/advancedsofttissuerelease.com\/nl\/wp-json\/wp\/v2\/product\/37804\/revisions"}],"wp:featuredmedia":[{"embeddable":true,"href":"https:\/\/advancedsofttissuerelease.com\/nl\/wp-json\/wp\/v2\/media\/37810"}],"wp:attachment":[{"href":"https:\/\/advancedsofttissuerelease.com\/nl\/wp-json\/wp\/v2\/media?parent=37804"}],"wp:term":[{"taxonomy":"product_brand","embeddable":true,"href":"https:\/\/advancedsofttissuerelease.com\/nl\/wp-json\/wp\/v2\/product_brand?post=37804"},{"taxonomy":"product_cat","embeddable":true,"href":"https:\/\/advancedsofttissuerelease.com\/nl\/wp-json\/wp\/v2\/product_cat?post=37804"},{"taxonomy":"product_tag","embeddable":true,"href":"https:\/\/advancedsofttissuerelease.com\/nl\/wp-json\/wp\/v2\/product_tag?post=37804"},{"taxonomy":"woo-feed-brand","embeddable":true,"href":"https:\/\/advancedsofttissuerelease.com\/nl\/wp-json\/wp\/v2\/woo-feed-brand?post=37804"}],"curies":[{"name":"wp","href":"https:\/\/api.w.org\/{rel}","templated":true}]}}