{"id":1113,"date":"2019-01-04T21:21:11","date_gmt":"2019-01-04T21:21:11","guid":{"rendered":"https:\/\/advancedsofttissuerelease.com\/?page_id=1113"},"modified":"2022-02-16T12:30:54","modified_gmt":"2022-02-16T19:30:54","slug":"politica-de-devolucao-2","status":"publish","type":"page","link":"https:\/\/advancedsofttissuerelease.com\/pt\/return-policy\/","title":{"rendered":"Pol\u00edtica de Devolu\u00e7\u00e3o"},"content":{"rendered":"<p><strong>Pol\u00edtica de Devolu\u00e7\u00e3o <\/strong><\/p>\r\n\r\n\r\n\r\n<p>Na ASTR, estamos totalmente comprometidos em fornecer aos nossos clientes a mais alta qualidade de atendimento! Sabemos que nossos produtos e servi\u00e7os funcionam e queremos que voc\u00ea se sinta 100% confiante ao nos escolher para suas necessidades de sa\u00fade! Se voc\u00ea n\u00e3o est\u00e1\u00a0<b>satisfeito<\/b>\u00a0com nossas ferramentas, programas on-line ou cursos on-line, voc\u00ea pode solicitar o reembolso de sua compra dentro de\u00a0<b>14 dias<\/b>\u00a0de receber nossos produtos e cursos. Todas as devolu\u00e7\u00f5es devem ser iniciadas e enviadas de volta at\u00e9 o 14\u00ba dia ap\u00f3s o recebimento dos itens. Isso inclui cursos online. Esta pol\u00edtica de devolu\u00e7\u00e3o \u00e9 v\u00e1lida apenas para compradores iniciantes. Nossa promessa de satisfa\u00e7\u00e3o 100% n\u00e3o se aplica a cremes, suplementos, programas com suplementos inclu\u00eddos, avalia\u00e7\u00f5es de telessa\u00fade\/consultas por telefone, tratamentos em nossa cl\u00ednica ou treinamento particular. Para devolu\u00e7\u00f5es eleg\u00edveis, reembolsamos o valor total menos os custos de envio e uma taxa de reabastecimento de 20%. Para planos de pagamento, a taxa de reabastecimento 20% ser\u00e1 deduzida do seu primeiro pagamento feito. N\u00e3o pagamos o frete de devolu\u00e7\u00e3o.\u00a0<\/p>\r\n\r\n\r\n\r\n\r\n\r\n\r\n\r\n\r\n\r\n<p><span style=\"font-size: 12pt;\"> \r\n\r\n <\/span><\/p>\r\n<p><span style=\"font-size: 12pt;\">Descontos e promo\u00e7\u00f5es n\u00e3o podem ser combinados. Os descontos atuais n\u00e3o podem ser aplicados a compras anteriores. Compras anteriores n\u00e3o podem ser reembolsadas para que o cliente possa comprar com desconto atual.<\/span><\/p>","protected":false},"excerpt":{"rendered":"<p>Return Policy At ASTR, we are fully committed to providing our customers with the highest quality of care! We know our products and services work and we want you to feel 100% confident when choosing us for your healthcare needs! If you are not\u00a0satisfied\u00a0with our tools, online programs or online courses, you can request a [&hellip;]<\/p>\n","protected":false},"author":1,"featured_media":0,"parent":0,"menu_order":0,"comment_status":"closed","ping_status":"closed","template":"","meta":{"_analytify_skip_tracking":false,"footnotes":""},"class_list":["post-1113","page","type-page","status-publish","hentry"],"_links":{"self":[{"href":"https:\/\/advancedsofttissuerelease.com\/pt\/wp-json\/wp\/v2\/pages\/1113","targetHints":{"allow":["GET"]}}],"collection":[{"href":"https:\/\/advancedsofttissuerelease.com\/pt\/wp-json\/wp\/v2\/pages"}],"about":[{"href":"https:\/\/advancedsofttissuerelease.com\/pt\/wp-json\/wp\/v2\/types\/page"}],"author":[{"embeddable":true,"href":"https:\/\/advancedsofttissuerelease.com\/pt\/wp-json\/wp\/v2\/users\/1"}],"replies":[{"embeddable":true,"href":"https:\/\/advancedsofttissuerelease.com\/pt\/wp-json\/wp\/v2\/comments?post=1113"}],"version-history":[{"count":0,"href":"https:\/\/advancedsofttissuerelease.com\/pt\/wp-json\/wp\/v2\/pages\/1113\/revisions"}],"wp:attachment":[{"href":"https:\/\/advancedsofttissuerelease.com\/pt\/wp-json\/wp\/v2\/media?parent=1113"}],"curies":[{"name":"wp","href":"https:\/\/api.w.org\/{rel}","templated":true}]}}