{"id":116,"date":"2015-08-17T15:01:19","date_gmt":"2015-08-17T15:01:19","guid":{"rendered":"https:\/\/advancedsofttissuerelease.com\/mission\/"},"modified":"2020-01-06T15:31:41","modified_gmt":"2020-01-06T23:31:41","slug":"missao-2","status":"publish","type":"page","link":"https:\/\/advancedsofttissuerelease.com\/pt\/mission\/","title":{"rendered":"Miss\u00e3o"},"content":{"rendered":"<p>&nbsp;<\/p>\n<p><span style=\"font-size: 12pt;\">N\u00f3s nos esfor\u00e7amos para revolucionar o campo m\u00e9dico pesquisando, inventando e desenvolvendo instrumentos avan\u00e7ados, dispositivos, suplementos e metodologias para o tratamento da dor em sua origem. Nosso objetivo \u00e9 facilitar o acesso generalizado ao al\u00edvio n\u00e3o invasivo, r\u00e1pido e de longo prazo para os milh\u00f5es afetados por les\u00f5es e doen\u00e7as dolorosas.<\/span><\/p>","protected":false},"excerpt":{"rendered":"<p>&nbsp; N\u00f3s nos esfor\u00e7amos para revolucionar o campo m\u00e9dico pesquisando, inventando e desenvolvendo instrumentos avan\u00e7ados, dispositivos, suplementos e metodologias para o tratamento da dor em sua origem. Nosso objetivo \u00e9 facilitar o acesso generalizado ao al\u00edvio n\u00e3o invasivo, r\u00e1pido e de longo prazo para os milh\u00f5es afetados por les\u00f5es e doen\u00e7as dolorosas.<\/p>","protected":false},"author":2447,"featured_media":0,"parent":0,"menu_order":6,"comment_status":"closed","ping_status":"closed","template":"","meta":{"_analytify_skip_tracking":false,"footnotes":""},"class_list":["post-116","page","type-page","status-publish","hentry"],"_links":{"self":[{"href":"https:\/\/advancedsofttissuerelease.com\/pt\/wp-json\/wp\/v2\/pages\/116","targetHints":{"allow":["GET"]}}],"collection":[{"href":"https:\/\/advancedsofttissuerelease.com\/pt\/wp-json\/wp\/v2\/pages"}],"about":[{"href":"https:\/\/advancedsofttissuerelease.com\/pt\/wp-json\/wp\/v2\/types\/page"}],"author":[{"embeddable":true,"href":"https:\/\/advancedsofttissuerelease.com\/pt\/wp-json\/wp\/v2\/users\/2447"}],"replies":[{"embeddable":true,"href":"https:\/\/advancedsofttissuerelease.com\/pt\/wp-json\/wp\/v2\/comments?post=116"}],"version-history":[{"count":0,"href":"https:\/\/advancedsofttissuerelease.com\/pt\/wp-json\/wp\/v2\/pages\/116\/revisions"}],"wp:attachment":[{"href":"https:\/\/advancedsofttissuerelease.com\/pt\/wp-json\/wp\/v2\/media?parent=116"}],"curies":[{"name":"wp","href":"https:\/\/api.w.org\/{rel}","templated":true}]}}