{"id":120,"date":"2015-09-15T19:32:08","date_gmt":"2015-09-16T01:32:08","guid":{"rendered":"https:\/\/advancedsofttissuerelease.com\/manual-therapy\/"},"modified":"2022-02-20T18:59:15","modified_gmt":"2022-02-21T01:59:15","slug":"terapia-manual-definicao-tipos-propositos-estilos","status":"publish","type":"page","link":"https:\/\/advancedsofttissuerelease.com\/pt\/manual-therapy-definition-types-purposes-styles\/","title":{"rendered":"Terapia Manual: Defini\u00e7\u00e3o, Tipos, Prop\u00f3sitos e Estilos"},"content":{"rendered":"<h1 style=\"text-align: left;\"><strong>Terapia Manual: Defini\u00e7\u00e3o, Tipos, Prop\u00f3sitos e Estilos<\/strong><\/h1>\n<h2><strong>O que \u00e9 Terapia Manual?<\/strong><\/h2>\n<p>A terapia manual \u00e9 uma forma de tratamento f\u00edsico e pr\u00e1tico que \u00e9 usado por muitos tipos de profissionais m\u00e9dicos para tratar doen\u00e7as e les\u00f5es musculoesquel\u00e9ticas. Os tr\u00eas principais tipos de terapia manual s\u00e3o manipula\u00e7\u00e3o, mobiliza\u00e7\u00e3o e massagem. Os profissionais m\u00e9dicos que utilizam a terapia manual incluem massoterapeutas, fisioterapeutas, terapeutas ocupacionais, osteopatas e m\u00e9dicos osteopatas.<\/p>\n<h3><strong><u>1. Manipula\u00e7\u00e3o:<\/u><\/strong><\/h3>\n<p>Aplica\u00e7\u00e3o r\u00e1pida de for\u00e7a em uma dire\u00e7\u00e3o de rota\u00e7\u00e3o, cisalhamento ou distra\u00e7\u00e3o a uma articula\u00e7\u00e3o articular. Isso ocorre frequentemente com um som de estalo.<\/p>\n<h3><strong><u>2. Mobiliza\u00e7\u00e3o:<\/u><\/strong><\/h3>\n<p>Movimento passivo lento e controlado de uma articula\u00e7\u00e3o para obter um efeito terap\u00eautico.<\/p>\n<h3><strong><u>3. Massagem Terap\u00eautica:<\/u><\/strong><\/h3>\n<p>Amassamento repetitivo, fric\u00e7\u00e3o ou remo\u00e7\u00e3o de tecidos miofasciais para melhorar a din\u00e2mica do fluido intersticial.<\/p>\n<h2 style=\"text-align: left;\">Objetivos da Terapia Manual em Fisioterapia<\/h2>\n<p>Os prop\u00f3sitos da terapia manual em fisioterapia incluem:<\/p>\n<ol style=\"margin-left: 120px;\">\n<li>Diminuindo a dor<\/li>\n<li>Aumente a amplitude de movimento<\/li>\n<li>Reduzindo a inflama\u00e7\u00e3o dos tecidos moles<\/li>\n<li>Induzindo relaxamento<\/li>\n<li>Melhorar o reparo, a extensibilidade e\/ou a estabilidade dos tecidos contr\u00e1teis e n\u00e3o contr\u00e1teis<\/li>\n<li>Facilitando o movimento<\/li>\n<li>Melhorando a fun\u00e7\u00e3o<\/li>\n<\/ol>\n<h2 style=\"text-align: left;\"><strong>Estilos de terapia manual\u00a0<\/strong><\/h2>\n<table style=\"width: 750px;\" border=\"1\" cellspacing=\"1\" cellpadding=\"1\">\n<tbody>\n<tr>\n<td style=\"width: 215px;\">Acupress\u00e3o<\/td>\n<td style=\"width: 264px;\">Mobiliza\u00e7\u00e3o Conjunta<\/td>\n<td style=\"width: 253px;\">Fisioterapia<\/td>\n<\/tr>\n<tr>\n<td style=\"width: 215px;\">Anma<\/td>\n<td style=\"width: 264px;\">Massagem Terap\u00eautica<\/td>\n<td style=\"width: 253px;\">Terapia de Polaridade<\/td>\n<\/tr>\n<tr>\n<td style=\"width: 215px;\">ASTR<\/td>\n<td style=\"width: 264px;\">Matriz Energ\u00e9tica<\/td>\n<td style=\"width: 253px;\">Rolfing Integra\u00e7\u00e3o Estrutural<\/td>\n<\/tr>\n<tr>\n<td style=\"width: 215px;\">Carro\u00e7aria<\/td>\n<td style=\"width: 264px;\">Drenagem Linf\u00e1tica Manual<\/td>\n<td style=\"width: 253px;\">Seitai<\/td>\n<\/tr>\n<tr>\n<td style=\"width: 215px;\">Fixa\u00e7\u00e3o \u00f3ssea<\/td>\n<td style=\"width: 264px;\">Acupuntura M\u00e9dica<\/td>\n<td style=\"width: 253px;\">Manipula\u00e7\u00e3o da Coluna<\/td>\n<\/tr>\n<tr>\n<td style=\"width: 215px;\">T\u00e9cnica Bowen<\/td>\n<td style=\"width: 264px;\">T\u00e9cnicas de energia muscular<\/td>\n<td style=\"width: 253px;\">Mobiliza\u00e7\u00e3o da Coluna Vertebral<\/td>\n<\/tr>\n<tr>\n<td style=\"width: 215px;\">Quiropraxia<\/td>\n<td style=\"width: 264px;\">Libera\u00e7\u00e3o Miofascial<\/td>\n<td style=\"width: 253px;\">Sotai<\/td>\n<\/tr>\n<tr>\n<td style=\"width: 215px;\">Terapia Cr\u00e2nio-Sacral<\/td>\n<td style=\"width: 264px;\">Mioterapia<\/td>\n<td style=\"width: 253px;\">Shiatsu<\/td>\n<\/tr>\n<tr>\n<td style=\"width: 215px;\">M\u00e9todo Dorn<\/td>\n<td style=\"width: 264px;\">Naprapatia<\/td>\n<td style=\"width: 253px;\">Tra\u00e7\u00e3o<\/td>\n<\/tr>\n<tr>\n<td style=\"width: 215px;\">Terapia Manual Integrativa<\/td>\n<td style=\"width: 264px;\">Medicina Manipulativa Osteop\u00e1tica<\/td>\n<td style=\"width: 253px;\">Tui Na<\/td>\n<\/tr>\n<tr>\n<td style=\"width: 215px;\">Manipula\u00e7\u00e3o conjunta<\/td>\n<td style=\"width: 264px;\">Osteopatia<\/td>\n<td style=\"width: 253px;\">Equil\u00edbrio Zero<\/td>\n<\/tr>\n<\/tbody>\n<\/table>\n<h1 style=\"text-align: left;\"><strong>Terapia Manual e ASTR<\/strong><\/h1>\n<p>O ASTR trata a dor de maneira suave, eficaz e natural, liberando tecido cicatricial, pontos-gatilho e restri\u00e7\u00e3o da f\u00e1scia. ASTR adota uma abordagem hol\u00edstica para abordar as causas da dor, n\u00e3o apenas os sintomas. A terapia manual ASTR pode ser feita em casa.<\/p>\n<h1>Curso Online de Terapia Manual<\/h1>\n<p><iframe title=\"As 3 principais raz\u00f5es pelas quais os m\u00e9dicos escolhem o tratamento ASTR\" width=\"800\" height=\"450\" src=\"https:\/\/www.youtube.com\/embed\/2tVG_3-t9_Q?feature=oembed\" frameborder=\"0\" allow=\"accelerometer; autoplay; clipboard-write; encrypted-media; gyroscope; picture-in-picture; web-share\" allowfullscreen><\/iframe><\/p>\n<h3>Ver<\/h3>\n<p>Trate a causa raiz do problema!<\/p>\n<h2><a href=\"https:\/\/advancedsofttissuerelease.com\/pt\/curso-astr-healthcare-provedor-2\/\">Minimizar a energia. Maximizar os resultados.<\/a><\/h2>\n<ul>\n<li>Resultados r\u00e1pidos<\/li>\n<li>F\u00e1cil de usar<\/li>\n<li>Projetado ergonomicamente<\/li>\n<li>Abordagem hol\u00edstica natural<\/li>\n<li>Tratar a causa raiz do problema<\/li>\n<li>Treinamento online individualizado<\/li>\n<li>Inventado por um m\u00e9dico que tinha dores cr\u00f3nicas<\/li>\n<li>Apoiado por mais de 45 estudos<\/li>\n<\/ul>\n<p><a role=\"button\" href=\"https:\/\/advancedsofttissuerelease.com\/pt\/curso-astr-healthcare-provedor-2\/\"><br \/>\nTorne-se Provedor ASTR<br \/>\n<\/a><\/p>\n<h2>Os m\u00e9dicos recomendam a ASTR<\/h2>\n<p><i>\ue934<\/i><i>\ue934<\/i><i>\ue934<\/i><i>\ue934<\/i><i>\ue934<\/i> 5\/5<br \/>\n<a role=\"button\" href=\"https:\/\/advancedsofttissuerelease.com\/pt\/resenhas-de-medicos\/\"><br \/>\nVer os m\u00e9dicos a rever v\u00eddeos<br \/>\n<\/a><br \/>\n&#8220;<b>Tipicamente, antes da ASTR eu veria os pacientes 2-3 meses na altura, para obter os resultados que obtenho com a ASTR. Com o tratamento ASTR obtenho os resultados em menos de 5 visitas<\/b>&#8221;<br \/>\n<img decoding=\"async\" src=\"https:\/\/advancedsofttissuerelease.com\/wp-content\/uploads\/2021\/05\/mq2-1.jpg\" alt=\"Derek Biesheuvel, PT\" \/><br \/>\n<cite>Derek Biesheuvel, PTPhysical Therapist \u2013 20 anos de pr\u00e1tica<\/cite><br \/>\n\u201c\u00c9 diferente de outras aulas que fiz porque envolve todo o corpo e <b>\u00e9 apoiado pela investiga\u00e7\u00e3o e \u00e9 eficaz, ver\u00e1 os resultados imediatamente<\/b>&#8221;<br \/>\n<img decoding=\"async\" src=\"https:\/\/advancedsofttissuerelease.com\/wp-content\/uploads\/2021\/05\/LisaKwan.jpg\" alt=\"Lisa Kwan, PT\" \/><br \/>\n<cite>Lisa Kwan, Fisioterapeuta PTP \u2013 18 anos de pr\u00e1tica<\/cite><br \/>\n&#8220;<b>A aula de ASTR \u00e9 s\u00f3lida e o tratamento vai mudar sua pr\u00e1tica... Acho que todo fisioterapeuta deveria conhecer o ASTR<\/b>\u2026 Fisioterapeutas, quiropr\u00e1ticos e profissionais de bem-estar participam das aulas de ASTR.\u201d<br \/>\n<img decoding=\"async\" src=\"https:\/\/advancedsofttissuerelease.com\/wp-content\/uploads\/2021\/05\/mq3.jpg\" alt=\"Dr. Roland Samaniego, DPT\" \/><br \/>\n<cite>Dr. Roland Samaniego, DPTDoutor em Fisioterapia \u2013 16 anos de pr\u00e1tica<\/cite><br \/>\n&#8220;<b>Se procura algo que lhe permita obter resultados r\u00e1pidos e satisfat\u00f3rios, este \u00e9 definitivamente o curso que deve seguir<\/b>, aprenda e use-o imediatamente em seus pacientes. Com certeza recomendo\u201d<br \/>\n<img decoding=\"async\" src=\"https:\/\/advancedsofttissuerelease.com\/wp-content\/uploads\/2021\/05\/mq1.jpg\" alt=\"Dr. Amin Nia, DC\" \/><br \/>\n<cite>Dr. Amin Nia, DCDoctor of Chiropractic \u2013 28 anos de pr\u00e1tica<\/cite><br \/>\n&#8220;<b>Estou procurando algo como ASTR desde ent\u00e3o, h\u00e1 32 anos!\u2026.Voc\u00ea tem que fazer esta aula<\/b> do Dr. Jacobs, <b>estes s\u00e3o os melhores resultados<\/b> e olhei para tudo o resto e tentei e eventualmente nada funcionou e <b>isto \u00e9 espantoso<\/b>!&#8221;<br \/>\n<img decoding=\"async\" src=\"https:\/\/advancedsofttissuerelease.com\/wp-content\/uploads\/2021\/05\/mq2.jpg\" alt=\"Dr. Charles Hough, DC\" \/><br \/>\n<cite>Dr. Charles Hough, DCDoctor of Chiropractic \u2013 32 anos de pr\u00e1tica<\/cite><br \/>\n\u201cNa escola de quiropraxia ensinamos a tratar todo o corpo e este \u00e9 um sistema (ASTR) que faz isso de maneira muito eficiente com <b>resultados imediatos<\/b>&#8221;<br \/>\n<img decoding=\"async\" src=\"https:\/\/advancedsofttissuerelease.com\/wp-content\/uploads\/2021\/05\/mq2-2.jpg\" alt=\"Dr. Gary Wat, DC\" \/><br \/>\n<cite>Dr. Gary Wat, DCDoctor of Chiropractic \u2013 14 anos de pr\u00e1tica<\/cite><br \/>\n\u201cEstou na ind\u00fastria da fisioterapia h\u00e1 mais de 3 anos. 6 meses atr\u00e1s, comecei a trabalhar com o Dr.Jacobs e devo dizer que <b>Nunca testemunhei uma taxa de recupera\u00e7\u00e3o de pacientes t\u00e3o bem sucedida como a que tive aqui<\/b>. O Dr. Joseph Jacobs definitivamente sabe como chegar \u00e0 raiz da doen\u00e7a do paciente por meio de suas ferramentas e m\u00e9todos patenteados de fisioterapia. <b>No in\u00edcio fui c\u00e9ptico, mas depois de ter testemunhado repetidamente a recupera\u00e7\u00e3o dos pacientes, passei a acreditar na sua pr\u00e1tica<\/b>. Tenho orgulho de fazer parte de ajudar os pacientes em sua recupera\u00e7\u00e3o.\u201d<br \/>\n<img decoding=\"async\" src=\"https:\/\/advancedsofttissuerelease.com\/wp-content\/uploads\/2021\/05\/148B0148-70-scaled.jpg\" alt=\"Dee Ann Pop\" \/><br \/>\n<cite>DeeAnn PopPreviews Coworker<\/cite><br \/>\n\u201cDr. Jacobs \u00e9 muito qualificado, eu o respeito muito\u2026.<b>Se quiser melhorar a sua pr\u00e1tica, tem de ter aulas de ASTR<\/b>. Esse algo ser\u00e1 cada vez maior no futuro\u201d<br \/>\n<img decoding=\"async\" src=\"https:\/\/advancedsofttissuerelease.com\/wp-content\/uploads\/2021\/05\/mq3-1.jpg\" alt=\"Dr. Niklas Fougner, DC\" \/><br \/>\n<cite>Dr. Niklas Fougner, DCDoctor of Chiropractic \u2013 20 anos de pr\u00e1tica<\/cite><br \/>\n\u201cASTR \u00e9 um conceito muito \u00fanico e disciplina por si s\u00f3, voc\u00ea n\u00e3o pode aprender isso em nenhum outro lugar. Eu n\u00e3o vi ou pratiquei nada t\u00e3o \u00fanico quanto o ASTR. Voc\u00ea n\u00e3o pode dizer que me formei e tenho todo o conhecimento que preciso, <b>tem de experimentar o ASTR porque funciona e recomendo-o vivamente<\/b>&#8221;<br \/>\n<img decoding=\"async\" src=\"https:\/\/advancedsofttissuerelease.com\/wp-content\/uploads\/2021\/05\/mq3-2.jpg\" alt=\"Rabih Mezher, OT\" \/><br \/>\n<cite>Rabih Mezher, terapeuta ocupacional da OTO<\/cite><br \/>\n\u201cDr. Jacobs \u00e9 pioneiro, ele criou aplicativos muito mais f\u00e1ceis que fazem libera\u00e7\u00e3o miofascial muito r\u00e1pida. \u00c9 muito f\u00e1cil para o paciente e para o profissional que o aplica. <b>Estou extremamente entusiasmado com a t\u00e9cnica ASTR. Espero que todos os praticantes de medicina f\u00edsica d\u00eaem uma vista de olhos a isto.<\/b>&#8221;<br \/>\n<img decoding=\"async\" src=\"https:\/\/advancedsofttissuerelease.com\/wp-content\/uploads\/2021\/05\/mq3-1-1.jpg\" alt=\"Dr.\u00aa Maria Angle, DC\" \/><br \/>\n<cite>Dra. Maria Angle, DCChiropractor &amp; Oriental Medicine Doctor \u2013 18 anos de pr\u00e1tica<\/cite><br \/>\n\u201cEu definitivamente encorajo (profissionais de sa\u00fade) a verificar este programa e se inscrever e <b>fazer parte deste tratamento revolucion\u00e1rio. Esta \u00e9 a melhor aula de terapia manual que alguma vez fiz<\/b>&#8221;<br \/>\n<img decoding=\"async\" src=\"https:\/\/advancedsofttissuerelease.com\/wp-content\/uploads\/2021\/05\/mq3-3.jpg\" alt=\"Sherwin Gagatam, PT\" \/><br \/>\n<cite>Sherwin Gagatam, PTPhysical Therapist \u2013 15 anos de pr\u00e1tica<\/cite><br \/>\nAnterior<br \/>\nPr\u00f3ximo<br \/>\n<iframe title=\"Alivie a dor cr\u00f4nica instantaneamente e facilmente!\" width=\"800\" height=\"450\" src=\"https:\/\/www.youtube.com\/embed\/07mLKtiiyBc?start=2&#038;feature=oembed\" frameborder=\"0\" allow=\"accelerometer; autoplay; clipboard-write; encrypted-media; gyroscope; picture-in-picture; web-share\" allowfullscreen><\/iframe><\/p>","protected":false},"excerpt":{"rendered":"<p>Manual Therapy: Definition, Types, Purposes &amp; Styles What is Manual Therapy? Manual therapy is a form of physical, hands-on treatment that is used by many types of medical professionals to address musculoskeletal ailments and injuries. The three main types of manual therapy are manipulation, mobilization, and massage. Medical professionals that utilize manual therapy include massage [&hellip;]<\/p>\n","protected":false},"author":1,"featured_media":0,"parent":0,"menu_order":227,"comment_status":"closed","ping_status":"closed","template":"","meta":{"_analytify_skip_tracking":false,"footnotes":""},"class_list":["post-120","page","type-page","status-publish","hentry"],"_links":{"self":[{"href":"https:\/\/advancedsofttissuerelease.com\/pt\/wp-json\/wp\/v2\/pages\/120","targetHints":{"allow":["GET"]}}],"collection":[{"href":"https:\/\/advancedsofttissuerelease.com\/pt\/wp-json\/wp\/v2\/pages"}],"about":[{"href":"https:\/\/advancedsofttissuerelease.com\/pt\/wp-json\/wp\/v2\/types\/page"}],"author":[{"embeddable":true,"href":"https:\/\/advancedsofttissuerelease.com\/pt\/wp-json\/wp\/v2\/users\/1"}],"replies":[{"embeddable":true,"href":"https:\/\/advancedsofttissuerelease.com\/pt\/wp-json\/wp\/v2\/comments?post=120"}],"version-history":[{"count":0,"href":"https:\/\/advancedsofttissuerelease.com\/pt\/wp-json\/wp\/v2\/pages\/120\/revisions"}],"wp:attachment":[{"href":"https:\/\/advancedsofttissuerelease.com\/pt\/wp-json\/wp\/v2\/media?parent=120"}],"curies":[{"name":"wp","href":"https:\/\/api.w.org\/{rel}","templated":true}]}}