{"id":125,"date":"2015-12-06T03:03:19","date_gmt":"2015-12-06T03:03:19","guid":{"rendered":"https:\/\/advancedsofttissuerelease.com\/scar-tissue\/"},"modified":"2021-12-11T15:13:32","modified_gmt":"2021-12-11T22:13:32","slug":"cicatriz-tecido-liberacao-sintomas-causas-tratamento-2","status":"publish","type":"page","link":"https:\/\/advancedsofttissuerelease.com\/pt\/scar-tissue-release-symptoms-causes-treatment\/","title":{"rendered":"Libera\u00e7\u00e3o de tecido cicatricial: sintomas, causas e tratamento"},"content":{"rendered":"<h1 style=\"text-align: left;\"><span style=\"color: #696969;\"><span style=\"font-family: verdana,geneva,sans-serif;\"><strong>Libera\u00e7\u00e3o de tecido cicatricial: sintomas, causas e tratamento<\/strong><\/span><\/span><\/h1>\n<p><iframe title=\"Como se livrar do tecido cicatricial? ENCONTRE HACKS AQUI!\" width=\"800\" height=\"450\" src=\"https:\/\/www.youtube.com\/embed\/mmL_sD0-_Bk?start=19&#038;feature=oembed\" frameborder=\"0\" allow=\"accelerometer; autoplay; clipboard-write; encrypted-media; gyroscope; picture-in-picture; web-share\" allowfullscreen><\/iframe><\/p>\n<p><span style=\"color: #696969;\"><span style=\"font-family: verdana,geneva,sans-serif;\">O tecido cicatricial se forma em todo o corpo em resposta ao dano tecidual, a fim de reparar temporariamente um local da les\u00e3o at\u00e9 que um tecido mais forte e permanente seja feito. Pode se formar quando o corpo \u00e9 submetido a les\u00f5es, estresse, doen\u00e7a, cirurgia, acidente, m\u00e1 postura prolongada e mec\u00e2nica corporal inadequada. Durante o processo normal de cicatriza\u00e7\u00e3o, a maior parte do tecido cicatricial tempor\u00e1rio \u00e9 reabsorvido pelo corpo ap\u00f3s a confec\u00e7\u00e3o do tecido permanente. Ocasionalmente, o processo de cicatriza\u00e7\u00e3o \u00e9 interrompido e muito tecido cicatricial \u00e9 formado, colocando press\u00e3o excessiva nos m\u00fasculos, vasos sangu\u00edneos, nervos, ossos e \u00f3rg\u00e3os circundantes. Isso pode causar dor e\/ou limitar a amplitude de movimento de uma articula\u00e7\u00e3o.<\/span><\/span><\/p>\n<h2 style=\"text-align: left;\"><span style=\"color: #696969;\"><span style=\"font-family: verdana,geneva,sans-serif;\">Causas do tecido cicatricial\u00a0<\/span><\/span><\/h2>\n<p><span style=\"color: #696969;\"><span style=\"font-family: verdana,geneva,sans-serif;\">As causas do tecido cicatricial incluem:<\/span><\/span><\/p>\n<ol style=\"margin-left: 120px;\">\n<li><span style=\"color: #696969;\"><span style=\"font-family: verdana,geneva,sans-serif;\">Postura pobre<\/span><\/span><\/li>\n<li><span style=\"color: #696969;\"><span style=\"font-family: verdana,geneva,sans-serif;\">Acidentes<\/span><\/span><\/li>\n<li><span style=\"color: #696969;\"><span style=\"font-family: verdana,geneva,sans-serif;\">Inflama\u00e7\u00e3o<\/span><\/span><\/li>\n<li><span style=\"color: #696969;\"><span style=\"font-family: verdana,geneva,sans-serif;\">Preju\u00edzo<\/span><\/span><\/li>\n<li><span style=\"color: #696969;\"><span style=\"font-family: verdana,geneva,sans-serif;\">Cirurgia<\/span><\/span><\/li>\n<li><span style=\"color: #696969;\"><span style=\"font-family: verdana,geneva,sans-serif;\">Doen\u00e7a<\/span><\/span><\/li>\n<li><span style=\"color: #696969;\"><span style=\"font-family: verdana,geneva,sans-serif;\">Estresse<\/span><\/span><\/li>\n<li><span style=\"color: #696969;\"><span style=\"font-family: verdana,geneva,sans-serif;\">Mec\u00e2nica corporal ruim<\/span><\/span><\/li>\n<\/ol>\n<h2 style=\"text-align: left;\"><span style=\"color: #696969;\"><span style=\"font-family: verdana,geneva,sans-serif;\">Sintomas do tecido cicatricial<\/span><\/span><\/h2>\n<p><span style=\"color: #696969;\"><span style=\"font-family: verdana,geneva,sans-serif;\">Os sintomas do tecido cicatricial incluem:<\/span><\/span><\/p>\n<ol style=\"margin-left: 120px;\">\n<li><span style=\"color: #696969;\"><span style=\"font-family: verdana,geneva,sans-serif;\">Amplitude de movimento limitada em uma articula\u00e7\u00e3o<\/span><\/span><\/li>\n<li><span style=\"color: #696969;\"><span style=\"font-family: verdana,geneva,sans-serif;\">Dor ma\u00e7ante e dolorosa<\/span><\/span><\/li>\n<li><span style=\"color: #696969;\"><span style=\"font-family: verdana,geneva,sans-serif;\">Sensa\u00e7\u00f5es de dorm\u00eancia ou formigamento<\/span><\/span><\/li>\n<li><span style=\"color: #696969;\"><span style=\"font-family: verdana,geneva,sans-serif;\">Rigidez em uma articula\u00e7\u00e3o<\/span><\/span><\/li>\n<li><span style=\"color: #696969;\"><span style=\"font-family: verdana,geneva,sans-serif;\">Aperto muscular<\/span><\/span><\/li>\n<li><span style=\"color: #696969;\"><span style=\"font-family: verdana,geneva,sans-serif;\">Espasmos musculares<\/span><\/span><\/li>\n<li><span style=\"color: #696969;\"><span style=\"font-family: verdana,geneva,sans-serif;\">M\u00fasculo sens\u00edvel ao toque<\/span><\/span><\/li>\n<\/ol>\n<h2 style=\"text-align: left;\"><span style=\"color: #696969;\"><span style=\"font-family: verdana,geneva,sans-serif;\"><strong>Como o ASTR libera o tecido cicatricial<\/strong><\/span><\/span><\/h2>\n<p><span style=\"color: #696969;\"><span style=\"font-family: verdana,geneva,sans-serif;\">A Libera\u00e7\u00e3o Avan\u00e7ada de Tecidos Moles (abreviada como ASTR) \u00e9 uma nova especialidade de terapia manual que est\u00e1 revolucionando a maneira como os pacientes experimentam\u00a0<strong>longo prazo\u00a0<\/strong>al\u00edvio da dor. O ASTR trata a dor de maneira suave, eficaz e natural, liberando tecido cicatricial, pontos-gatilho e restri\u00e7\u00e3o da f\u00e1scia. As ferramentas patenteadas do ASTR auxiliam na libera\u00e7\u00e3o e remo\u00e7\u00e3o de tecido cicatricial, e os m\u00e9dicos do ASTR s\u00e3o treinados em t\u00e9cnicas eficazes que n\u00e3o causam dor ou estresse adicionais ao corpo do paciente.<a href=\"https:\/\/advancedsofttissuerelease.com\/pt\/about-astr\/o-que-e-astro-2\/\"> Saiba como a ASTR pode ajud\u00e1-lo <\/a>ou <a href=\"https:\/\/advancedsofttissuerelease.com\/pt\/depoimentos-2\/\">assista a v\u00eddeos de depoimentos<\/a> de pacientes que experimentaram al\u00edvio da dor atrav\u00e9s do tratamento com ASTR.<\/span><\/span><\/p>","protected":false},"excerpt":{"rendered":"<p>Scar Tissue Release : Symptoms, Causes &amp; Treatment Scar tissue forms throughout the body in response to tissue damage in order to temporarily repair an injury site until stronger, more permanent tissue is made. It can form when the body is subjected to injury, stress, disease, surgery, an accident, prolonged poor posture, and improper body [&hellip;]<\/p>\n","protected":false},"author":2447,"featured_media":0,"parent":0,"menu_order":223,"comment_status":"closed","ping_status":"closed","template":"","meta":{"_analytify_skip_tracking":false,"footnotes":""},"class_list":["post-125","page","type-page","status-publish","hentry"],"_links":{"self":[{"href":"https:\/\/advancedsofttissuerelease.com\/pt\/wp-json\/wp\/v2\/pages\/125","targetHints":{"allow":["GET"]}}],"collection":[{"href":"https:\/\/advancedsofttissuerelease.com\/pt\/wp-json\/wp\/v2\/pages"}],"about":[{"href":"https:\/\/advancedsofttissuerelease.com\/pt\/wp-json\/wp\/v2\/types\/page"}],"author":[{"embeddable":true,"href":"https:\/\/advancedsofttissuerelease.com\/pt\/wp-json\/wp\/v2\/users\/2447"}],"replies":[{"embeddable":true,"href":"https:\/\/advancedsofttissuerelease.com\/pt\/wp-json\/wp\/v2\/comments?post=125"}],"version-history":[{"count":0,"href":"https:\/\/advancedsofttissuerelease.com\/pt\/wp-json\/wp\/v2\/pages\/125\/revisions"}],"wp:attachment":[{"href":"https:\/\/advancedsofttissuerelease.com\/pt\/wp-json\/wp\/v2\/media?parent=125"}],"curies":[{"name":"wp","href":"https:\/\/api.w.org\/{rel}","templated":true}]}}