{"id":129,"date":"2015-12-07T00:37:16","date_gmt":"2015-12-07T00:37:16","guid":{"rendered":"https:\/\/advancedsofttissuerelease.com\/soft-tissue\/"},"modified":"2015-12-07T00:37:16","modified_gmt":"2015-12-07T00:37:16","slug":"soft-tissue","status":"publish","type":"page","link":"https:\/\/advancedsofttissuerelease.com\/pt\/soft-tissue\/","title":{"rendered":"Soft Tissue"},"content":{"rendered":"<p> \t&nbsp;<\/p>\n<h1 style=\"text-align: center;\"> \t<span style=\"color:#696969;\"><span style=\"font-family:verdana,geneva,sans-serif;\"><strong>Soft Tissue<\/strong><\/span><\/span><\/h1>\n<p> \t<span style=\"color:#696969;\"><span style=\"font-family:verdana,geneva,sans-serif;\">Soft tissue surrounds, connects, and supports bones, structures, and organs of the body.<\/span><\/span><\/p>\n<h2 style=\"text-align: center;\"> \t<span style=\"color:#696969;\"><span style=\"font-family:verdana,geneva,sans-serif;\">Soft Tissues Include:<\/span><\/span><\/h2>\n<ul>\n<li> \t\t<span style=\"color:#696969;\"><span style=\"font-family:verdana,geneva,sans-serif;\">Tendons (connect muscles to bones)<\/span><\/span><\/li>\n<li> \t\t<span style=\"color:#696969;\"><span style=\"font-family:verdana,geneva,sans-serif;\">Ligaments (connect bone to bone)<\/span><\/span><\/li>\n<li> \t\t<span style=\"color:#696969;\"><span style=\"font-family:verdana,geneva,sans-serif;\">Fascia (connective layer that wraps around the entire body, including muscles and organs)<\/span><\/span><\/li>\n<li> \t\t<span style=\"color:#696969;\"><span style=\"font-family:verdana,geneva,sans-serif;\">Skin<\/span><\/span><\/li>\n<li> \t\t<span style=\"color:#696969;\"><span style=\"font-family:verdana,geneva,sans-serif;\">Fibrous Tissues<\/span><\/span><\/li>\n<li> \t\t<span style=\"color:#696969;\"><span style=\"font-family:verdana,geneva,sans-serif;\">Fat<\/span><\/span><\/li>\n<li> \t\t<span style=\"color:#696969;\"><span style=\"font-family:verdana,geneva,sans-serif;\">Synovial Membranes (compose joint capsules)<\/span><\/span><\/li>\n<li> \t\t<span style=\"color:#696969;\"><span style=\"font-family:verdana,geneva,sans-serif;\">Muscles (contractile elements)<\/span><\/span><\/li>\n<li> \t\t<span style=\"color:#696969;\"><span style=\"font-family:verdana,geneva,sans-serif;\">Nerves (connect the body to the brain)<\/span><\/span><\/li>\n<li> \t\t<span style=\"color:#696969;\"><span style=\"font-family:verdana,geneva,sans-serif;\">Blood Vessels (transports blood, oxygen, and nutrients throughout the body)<\/span><\/span><\/li>\n<\/ul>\n<p> \t&nbsp;<\/p>\n<h2 style=\"text-align: center;\"> \t<span style=\"color:#696969;\"><span style=\"font-family:verdana,geneva,sans-serif;\">Soft Tissue Dysfunctions<\/span><\/span><\/h2>\n<p> \t<span style=\"color:#696969;\"><span style=\"font-family:verdana,geneva,sans-serif;\">When these soft tissues are not working as they should, it can lead to the following types of dysfunctions:<\/span><\/span><\/p>\n<ul>\n<li> \t\t<span style=\"color:#696969;\"><span style=\"font-family:verdana,geneva,sans-serif;\"><strong>Scar Tissue (Fibrosis):<\/strong>&nbsp;Scar tissue places excessive pressure on surrounding muscles, blood vessels, nerves, bones, and organs. This can cause pain and\/or limit a joint\u2019s range of motion. With ASTR\u2019s Tools, scar tissue can be painlessly and efficiently released, relieving pain and restoring range of motion.<\/span><\/span><\/li>\n<li> \t\t<span style=\"color:#696969;\"><span style=\"font-family:verdana,geneva,sans-serif;\"><strong>Fascia Restriction:<\/strong>&nbsp;Semelhante \u00e0 maneira como o traje do Homem-Aranha abra\u00e7a seu corpo, a f\u00e1scia \u00e9 um tecido conjuntivo forte que envolve nossos corpos da cabe\u00e7a aos p\u00e9s. Normalmente, a f\u00e1scia \u00e9 el\u00e1stica e capaz de esticar e encurtar em resposta aos movimentos do corpo. Acidentes, traumas, cirurgias, tecido cicatricial, estresse, m\u00e1 postura e m\u00e1 mec\u00e2nica corporal podem diminuir a elasticidade da f\u00e1scia, resultando em dor e limita\u00e7\u00e3o da amplitude de movimento.<\/span><\/span><\/li>\n<li> \t\t<span style=\"color:#696969;\"><span style=\"font-family:verdana,geneva,sans-serif;\"><strong>Trigger Points &amp; Muscle Spasms:<\/strong>&nbsp;Os pontos-gatilho s\u00e3o n\u00f3s palp\u00e1veis no tecido muscular. Sua presen\u00e7a pode causar dor e encurtamento muscular ou espasmos musculares.<\/span><\/span><\/li>\n<li> \t\t<span style=\"color:#696969;\"><span style=\"font-family:verdana,geneva,sans-serif;\"><strong>Joint Displacement:<\/strong>&nbsp;Todas as articula\u00e7\u00f5es do nosso corpo t\u00eam um alinhamento normal, descrevendo como dois ossos adjacentes est\u00e3o posicionados e se movem em rela\u00e7\u00e3o um ao outro. Deslocamento articular refere-se a qualquer desvio nesse alinhamento normal. A restri\u00e7\u00e3o nos tecidos moles muitas vezes pode causar o deslocamento de uma articula\u00e7\u00e3o. Isso pode ser extremamente doloroso e pode colocar muito estresse na articula\u00e7\u00e3o e nas estruturas circundantes.<\/span><\/span><\/li>\n<\/ul>\n<p> \t<span style=\"color:#696969;\"><span style=\"font-family:verdana,geneva,sans-serif;\">These types of dysfunctions are commonly seen in jaw pain, sciatica, arthritis, headaches, neck and back pain, carpal tunnel syndrome, tendonitis, bursitis, and many more conditions!<\/span><\/span><\/p>\n<h1 style=\"text-align: center;\"> \t<span style=\"color:#696969;\"><span style=\"font-family:verdana,geneva,sans-serif;\"><strong>How ASTR Treats Soft Tissue Dysfunction<\/strong><\/span><\/span><\/h1>\n<p> \t<span style=\"color:#696969;\"><span style=\"font-family:verdana,geneva,sans-serif;\">A Libera\u00e7\u00e3o Avan\u00e7ada de Tecidos Moles (abreviada como ASTR) \u00e9 uma nova especialidade de terapia manual que est\u00e1 revolucionando a maneira como os pacientes experimentam&nbsp;<strong>longo prazo&nbsp;<\/strong>al\u00edvio da dor. O ASTR trata a dor de maneira suave, eficaz e natural, liberando tecido cicatricial, pontos-gatilho e restri\u00e7\u00e3o da f\u00e1scia. As ferramentas patenteadas do ASTR auxiliam na libera\u00e7\u00e3o de tecidos moles, e os m\u00e9dicos do ASTR s\u00e3o treinados em t\u00e9cnicas eficazes que n\u00e3o causam dor ou estresse adicionais ao corpo do paciente. <a href=\"https:\/\/advancedsofttissuerelease.com\/pt\/about-astr\/o-que-e-astro-2\/\">Saiba como a ASTR pode ajud\u00e1-lo<\/a> ou <a href=\"https:\/\/advancedsofttissuerelease.com\/pt\/depoimentos-2\/\">assista a v\u00eddeos de depoimentos<\/a> de pacientes que experimentaram al\u00edvio da dor atrav\u00e9s do tratamento com ASTR.<\/span><\/span><\/p>","protected":false},"excerpt":{"rendered":"<p>&nbsp; Soft Tissue Soft tissue surrounds, connects, and supports bones, structures, and organs of the body. Soft Tissues Include: Tendons (connect muscles to bones) Ligaments (connect bone to bone) Fascia (connective layer that wraps around the entire body, including muscles and organs) Skin Fibrous Tissues Fat Synovial Membranes (compose joint capsules) Muscles (contractile elements) Nerves [&hellip;]<\/p>\n","protected":false},"author":2447,"featured_media":0,"parent":0,"menu_order":219,"comment_status":"closed","ping_status":"closed","template":"","meta":{"_analytify_skip_tracking":false,"footnotes":""},"class_list":["post-129","page","type-page","status-publish","hentry"],"_links":{"self":[{"href":"https:\/\/advancedsofttissuerelease.com\/pt\/wp-json\/wp\/v2\/pages\/129","targetHints":{"allow":["GET"]}}],"collection":[{"href":"https:\/\/advancedsofttissuerelease.com\/pt\/wp-json\/wp\/v2\/pages"}],"about":[{"href":"https:\/\/advancedsofttissuerelease.com\/pt\/wp-json\/wp\/v2\/types\/page"}],"author":[{"embeddable":true,"href":"https:\/\/advancedsofttissuerelease.com\/pt\/wp-json\/wp\/v2\/users\/2447"}],"replies":[{"embeddable":true,"href":"https:\/\/advancedsofttissuerelease.com\/pt\/wp-json\/wp\/v2\/comments?post=129"}],"version-history":[{"count":0,"href":"https:\/\/advancedsofttissuerelease.com\/pt\/wp-json\/wp\/v2\/pages\/129\/revisions"}],"wp:attachment":[{"href":"https:\/\/advancedsofttissuerelease.com\/pt\/wp-json\/wp\/v2\/media?parent=129"}],"curies":[{"name":"wp","href":"https:\/\/api.w.org\/{rel}","templated":true}]}}