{"id":152,"date":"2016-02-06T05:30:21","date_gmt":"2016-02-06T05:30:21","guid":{"rendered":"https:\/\/advancedsofttissuerelease.com\/disclaimer\/"},"modified":"2019-01-16T17:44:39","modified_gmt":"2019-01-16T17:44:39","slug":"disclaimer","status":"publish","type":"page","link":"https:\/\/advancedsofttissuerelease.com\/pt\/disclaimer\/","title":{"rendered":"Declara\u00e7\u00e3o de exonera\u00e7\u00e3o de responsabilidade"},"content":{"rendered":"<p class=\"p1\"><span class=\"s1\">MEDICAL DISCLAIMER<\/span><\/p>\n<p class=\"p2\"><span class=\"s1\">No advice<\/span><\/p>\n<p class=\"p2\"><span class=\"s1\">This website contains general information about medical conditions and treatments.\u00a0 The information is not advice, and should not be treated as such.<\/span><\/p>\n<p class=\"p2\"><span class=\"s1\">Resultados\u00a0<\/span><\/p>\n<p class=\"p4\"><span class=\"s1\">Results may vary with each person and we cannot guarantee that you will experience similar result to the testimonials and treatment videos presented on any of our pages. Each individual is different and one person\u2019s success is not guarantee of result. These products are not intended to diagnose, cure, treat, or prevent any disease. <\/span><\/p>\n<p class=\"p5\"><span class=\"s1\">\u00a0ASTR online and physical classes<\/span><span class=\"s1\">\u00a0<\/span><\/p>\n<p class=\"p4\"><span class=\"s1\">We do not allow recording of this class at all. Any and all information provided in this class is purely from the standpoint of the developer and inventor and is considered general information. By participating in this class or online class, your voice, image, or likeness may be videotaped, audiotaped, photographed and\/or recorded by us. You are giving us permission to use your photo and audio voice or likeness and you also give us permission to edit and distribute them along with the class recording without condition. You are giving us all of the rights that pertain to these photos, audio and images, including copyright and moral rights, you or your family, heirs and assigns may have to all of these things. Doctors, healthcare providers and patients have the responsibility to properly evaluate any and all information distributed by ASTR to determine if in fact the information is applicable and appropriate. Neither the authors, instructors, nor ASTR Institute assume any liability for any injury and\/or damage done to people or property as a result of information or suggestions found in ASTR courses, reading materials and websites.\u00a0<\/span><\/p>\n<p class=\"p4\"><span class=\"s1\">Limitation of warranties<\/span><\/p>\n<p class=\"p3\"><span class=\"s1\">\u00a0The medical information on this website is provided \u201cas is\u201d without any representations or warranties, express or implied. \u00a0AdvancedSoftTissueRelease.com makes no representations or warranties in relation to the medical information on this website. \u00a0<\/span><span class=\"s1\">\u00a0<\/span><\/p>\n<p class=\"p2\"><span class=\"s1\">Without prejudice to the generality of the foregoing paragraph,\u00a0AdvancedSoftTissueRelease.com\u00a0does not warrant that:<\/span><\/p>\n<ul class=\"ul1\">\n<li style=\"list-style-type: none;\">\n<ul class=\"ul2\">\n<li class=\"li4\"><span class=\"s1\">the medical information on this website will be constantly available, or available at all; or<\/span><\/li>\n<\/ul>\n<\/li>\n<\/ul>\n<p class=\"p3\"><span class=\"s1\">\u00a0<\/span><\/p>\n<ul class=\"ul1\">\n<li style=\"list-style-type: none;\">\n<ul class=\"ul2\">\n<li class=\"li4\"><span class=\"s1\">the medical information on this website is complete, true, accurate, up-to-date, or non-misleading.<\/span><\/li>\n<\/ul>\n<\/li>\n<\/ul>\n<p class=\"p3\"><span class=\"s1\">\u00a0<\/span><span class=\"s1\">Professional assistance<\/span><\/p>\n<p class=\"p2\"><span class=\"s1\">You must not rely on the information on this website as an alternative to medical advice from your doctor or other professional healthcare provider.\u00a0<\/span><\/p>\n<p class=\"p2\"><span class=\"s1\">If you have any specific questions about any medical matter you should consult your doctor or other professional healthcare provider.<\/span><\/p>\n<p class=\"p2\"><span class=\"s1\">If you think you may be suffering from any medical condition you should seek immediate medical attention. \u00a0<\/span><\/p>\n<p class=\"p3\"><span class=\"s1\">\u00a0<\/span><\/p>\n<p class=\"p2\"><span class=\"s1\">You should never delay seeking medical advice, disregard medical advice, or discontinue medical treatment because of information on this website.<\/span><\/p>\n<p class=\"p3\"><span class=\"s1\">\u00a0<\/span><\/p>\n<p class=\"p2\"><span class=\"s1\">Liability<\/span><\/p>\n<p class=\"p3\"><span class=\"s1\">\u00a0<\/span><\/p>\n<p class=\"p2\"><span class=\"s1\">Nothing in this medical disclaimer will limit any of our liabilities in any way that is not permitted under applicable law, or exclude any of our liabilities that may not be excluded under applicable law.<\/span><\/p>\n<p class=\"p3\"><span class=\"s1\">Magnet Disclaimer:<\/span><\/p>\n<p class=\"p3\"><span class=\"s1\">O Instituto ASTR n\u00e3o \u00e9 respons\u00e1vel por qualquer les\u00e3o, destrui\u00e7\u00e3o ou dano que o MagnaHeal possa causar como resultado de seu uso. Antes de comprar o MagnaHeal, o comprador atesta que leu e compreendeu os seguintes avisos:<\/p>\n<p>O comprador atesta que ele\/ela assume a responsabilidade da 100% por todas as les\u00f5es e danos que o MagnaHeal possa causar. Isso inclui ferimentos a si mesmo ou a outros, danos \u00e0 propriedade e danos ao MagnaHeal. O comprador deve concordar com estes termos antes de comprar o MagnaHeal.<\/p>\n<p>O ASTR Institute fornecer\u00e1 uma estimativa da for\u00e7a de tra\u00e7\u00e3o para o MagnaHeal, mas n\u00e3o somos respons\u00e1veis por qualquer discrep\u00e2ncia ou imprecis\u00e3o da for\u00e7a de tra\u00e7\u00e3o dos \u00edm\u00e3s. Por favor, teste a for\u00e7a de tra\u00e7\u00e3o antes de us\u00e1-lo.<\/p>\n<p>MagnaHeal \u00e9 muito poderoso. \u00c9 essencial que seja manuseado com cuidado para evitar danos ao \u00edm\u00e3 e ferimentos a si mesmo ou a terceiros. \u00cdm\u00e3s do mesmo tamanho ou maiores que um cubo de 2 polegadas t\u00eam o potencial de causar danos muito s\u00e9rios aos dedos se os dedos ficarem presos entre os 2 \u00edm\u00e3s. Os ossos podem quebrar e as pontas dos dedos podem ser perdidas.<\/p>\n<p>MagnaHeal \u00e9 quebr\u00e1vel. Se cair ou bater, pode quebrar ou estilha\u00e7ar. Use luvas e \u00f3culos de prote\u00e7\u00e3o ao segurar e usar o MagnaHeal, pois lascas e\/ou espa\u00e7adores podem se soltar e voar para fora do MagnaHeal.<\/p>\n<p>A. If MagnaHeal is heated above 175 degrees Farenheit or 80 degrees Celsius, it will lose its magnetic property.<\/p>\n<p>B. MagnaHeal has a very powerful magnetic field and can damage the following: computers, televisions, computer monitors, data carriers, phones, electronic devices, credit cards, watches, hearing aids, pacemakers, etc.<\/p>\n<p>Marcapassos s\u00e3o uma contra-indica\u00e7\u00e3o e podem ser danificados se expostos ao MagnaHeal. Pacientes com marca-passos precisam ficar a pelo menos 1 metro de dist\u00e2ncia do MagnaHeal.<\/p>\n<p>C. Children should not use or touch the MagnaHeal as it can be dangerous and pose a choking hazard. Children can choke on the magnet and this can cause damage internally. MagnaHeal is only to be used externally.<\/p>\n<p>D. The MagnaHeal should not be altered at all. No cutting, drilling or sawing of the MagnaHeal is allowed. Particles from the MagnaHeal from cutting can cause a very dangerous environment as the particles are highly flammable. The magnet will break if sawed, cut or drilled. MagnaHeal should never be burned due to the toxic females this would create.<\/p>\n<p><\/span><\/p>","protected":false},"excerpt":{"rendered":"<p>MEDICAL DISCLAIMER No advice This website contains general information about medical conditions and treatments.\u00a0 The information is not advice, and should not be treated as such. Results\u00a0 Results may vary with each person and we cannot guarantee that you will experience similar result to the testimonials and treatment videos presented on any of our pages. [&hellip;]<\/p>\n","protected":false},"author":2447,"featured_media":0,"parent":0,"menu_order":4,"comment_status":"closed","ping_status":"closed","template":"","meta":{"_analytify_skip_tracking":false,"footnotes":""},"class_list":["post-152","page","type-page","status-publish","hentry"],"_links":{"self":[{"href":"https:\/\/advancedsofttissuerelease.com\/pt\/wp-json\/wp\/v2\/pages\/152","targetHints":{"allow":["GET"]}}],"collection":[{"href":"https:\/\/advancedsofttissuerelease.com\/pt\/wp-json\/wp\/v2\/pages"}],"about":[{"href":"https:\/\/advancedsofttissuerelease.com\/pt\/wp-json\/wp\/v2\/types\/page"}],"author":[{"embeddable":true,"href":"https:\/\/advancedsofttissuerelease.com\/pt\/wp-json\/wp\/v2\/users\/2447"}],"replies":[{"embeddable":true,"href":"https:\/\/advancedsofttissuerelease.com\/pt\/wp-json\/wp\/v2\/comments?post=152"}],"version-history":[{"count":0,"href":"https:\/\/advancedsofttissuerelease.com\/pt\/wp-json\/wp\/v2\/pages\/152\/revisions"}],"wp:attachment":[{"href":"https:\/\/advancedsofttissuerelease.com\/pt\/wp-json\/wp\/v2\/media?parent=152"}],"curies":[{"name":"wp","href":"https:\/\/api.w.org\/{rel}","templated":true}]}}