{"id":155,"date":"2016-03-23T04:58:30","date_gmt":"2016-03-23T10:58:30","guid":{"rendered":"https:\/\/advancedsofttissuerelease.com\/myofascial-release-technique\/"},"modified":"2022-02-22T15:27:21","modified_gmt":"2022-02-22T22:27:21","slug":"myofascial-release-technique-definition-causes-uses-treatment","status":"publish","type":"page","link":"https:\/\/advancedsofttissuerelease.com\/pt\/myofascial-release-technique-definition-causes-uses-treatment\/","title":{"rendered":"Myofascial Release Technique: Definition, Causes, Uses &#038;\u00a0Treatment"},"content":{"rendered":"<h1><strong>Myofascial Release Technique: Definition, Causes, Uses &amp;\u00a0<\/strong>Tratamento<\/h1>\n<h1><\/h1>\n<h2><strong>What is Moyfascial?<\/strong><\/h2>\n<p>Similar to the way Spiderman\u2019s suit hugs his body, fascia (or myofascia) is a strong connective tissue that wraps around the entire body from head to toe. Normally fascia is elastic and able to stretch and shorten in response to the body\u2019s movements.<\/p>\n<h2><strong>Causes of Myofascial Restrictions<\/strong><\/h2>\n<p>Myofascial restrictions can be caused by trauma, inflammation, surgical procedures, and\/or stress.\u00a0Myofascial release technique is used to treat the tightness and tension caused myofascial restriction.\u00a0This is a hands-on technique that applies a gentle pressure over the area to help elongate the fascia and release the tension and tightness within the muscle. This technique can increase range of motion and flexibility.\u00a0It can also reduces stress and relaxes the muscles.<\/p>\n<h2><strong>Who uses Myofascial Release Technique?<\/strong><\/h2>\n<p>Myofascial release technique is used by licensed practitioners such as physical therapists, chiropractors, and occupational therapists.<\/p>\n<h2><strong>Myofascial Release Technique At Home<\/strong><\/h2>\n<p>ASTR \u00a0treats pain in a gentle, effective, and natural way by releasing scar tissue, trigger points, and myofascial restriction. ASTR treatment can be done at home to release myofascial restrictions<\/p>\n<h1>Myofascial Release Technique At Home<\/h1>\n<p><iframe title=\"Viva sem dor\" width=\"800\" height=\"450\" src=\"https:\/\/www.youtube.com\/embed\/EWL3NHpDQQI?feature=oembed\" frameborder=\"0\" allow=\"accelerometer; autoplay; clipboard-write; encrypted-media; gyroscope; picture-in-picture; web-share\" allowfullscreen><\/iframe><\/p>\n<h1><a href=\"https:\/\/advancedsofttissuerelease.com\/pt\/tratar-sua-dor-em-casa-2-2\/\">Trate a sua dor em casa<\/a><\/h1>\n<ul>\n<li>Resultados r\u00e1pidos<\/li>\n<li>O tratamento demora cerca de 5 min por dia<\/li>\n<li>Ferramentas m\u00e9dicas f\u00e1ceis de usar<\/li>\n<li>Abordagem hol\u00edstica natural<\/li>\n<li>Tratar a causa raiz do problema<\/li>\n<li>Inventado por um m\u00e9dico que tinha dores cr\u00f3nicas<\/li>\n<li><a href=\"https:\/\/advancedsofttissuerelease.com\/pt\/o-que-e-astro-2\/pesquisar\/\"><br \/>\nApoiado por mais de 45 estudos<br \/>\n<\/a><\/li>\n<\/ul>\n<p><a role=\"button\" href=\"https:\/\/advancedsofttissuerelease.com\/pt\/tratar-sua-dor-em-casa-2-2\/\"><br \/>\nComece hoje a sua Jornada de Cura<br \/>\n<\/a><\/p>\n<h2><a href=\"https:\/\/advancedsofttissuerelease.com\/pt\/produtos\/trate-sua-dor-em-casa-pagamento-plano-2\/\">Planos de pagamento dispon\u00edveis<\/a><\/h2>\n<h2>ASTR Excepcionalmente diferente<\/h2>\n<p>Revis\u00f5es recolhidas em v\u00e1rios s\u00edtios Web<\/p>\n<p><i>\ue934<\/i><i>\ue934<\/i><i>\ue934<\/i><i>\ue934<\/i><i>\ue934<\/i> 5\/5<br \/>\n<a role=\"button\" href=\"https:\/\/advancedsofttissuerelease.com\/pt\/tratamento-videos-2-2\/\"><br \/>\nVer tratamentos e v\u00eddeos de acompanhamento<br \/>\n<\/a><br \/>\n\"Tenho andado perturbado com o agravamento dos efeitos do Ankylosing Spondylities (artrite da coluna vertebral, dores nas costas). Depois de ter <b>viveu com a doen\u00e7a durante mais de 40 anos<\/b>Estava c\u00e9ptico que qualquer al\u00edvio seria poss\u00edvel. Para meu espanto, experimentei\u00a0<b>al\u00edvio imediato ap\u00f3s uma sess\u00e3o<\/b>. Estou muito agradecido pelo trabalho que fazem\".<br \/>\n<cite>William KBack Pain<\/cite><br \/>\n\"Depois de ter <b>18 meses de fisioterapia tradicional ap\u00f3s duas cirurgias ao joelho<\/b> para substituir o meu LCA, estava c\u00e9ptico de que tudo mais poderia ser feito para ajudar a minha dor e rigidez no joelho.\u00a0<b>Ap\u00f3s apenas uma visita<\/b>, Fiquei impressionado com os resultados que o Doutor Jacobs conseguiu produzir com sua t\u00e9cnica de Libera\u00e7\u00e3o Avan\u00e7ada de Tecidos Moles! \u2026. Fiquei muito impressionado com a forma como meu joelho respondeu e se soltou, especialmente porque j\u00e1 se passaram dois anos desde minha cirurgia original.\u00a0<b>Entrei num c\u00e9ptico e agora sou um crente!<\/b>\u201d<br \/>\n<cite>Mychal TKnee Dor<\/cite><br \/>\n\"Para <b>um ano<\/b>N\u00e3o consegui abrir a minha m\u00e3o. O meu polegar tinha um movimento muito limitado sem muita dor. Era dif\u00edcil levantar qualquer coisa, mesmo pequena, ou mover a minha m\u00e3o de uma certa maneira sem dor. No ano passado, mandei colocar duas injec\u00e7\u00f5es na zona para a gest\u00e3o da dor. E antes disso,<b> Fiz cerca de 5-6 meses de quiropr\u00e1tica, mas a dor voltava sempre<\/b>. A partir de hoje, tive <b>3 tratamentos ASTR<\/b>. Posso abrir completamente a minha m\u00e3o e n\u00e3o sentir qualquer dor. <b>ASTR funciona! Sem d\u00favida, funciona!<\/b>\u201c<br \/>\n<cite>Carol Hand Pain<\/cite><br \/>\n&quot;Juntamente com o <b>elimina\u00e7\u00e3o de medicamentos<\/b>.\u00a0<b>A t\u00e9cnica ASTR reduziu tremendamente as minhas enxaquecas em frequ\u00eancia e intensidade<\/b>&#8221;<br \/>\n<cite>Jessica YMigraines<\/cite><br \/>\n\"Eu tenho\u00a0<b>recuperou rapidamente<\/b>\u00a0gra\u00e7as ao Doutor Jacobs; a minha dor n\u00e3o s\u00f3 diminuiu significativamente, como foi inteiramente eliminada. A t\u00e9cnica ASTR do Doutor Jacob funciona rapidamente. A minha coisa favorita sobre ela \u00e9 que \u00e9\u00a0<b>sem dor<\/b>. Eu recomendaria definitivamente a sua terapia a qualquer pessoa que conhe\u00e7a com dores cr\u00f3nicas\".<br \/>\n<cite>Candace PJaw Pain<\/cite><br \/>\n\u201cConsegui retomar todas as minhas atividades normais ap\u00f3s o tratamento e o\u00a0<b>a dor de cabe\u00e7a n\u00e3o voltou<\/b>.\u201d<br \/>\n<cite>Jeremy R Dor de cabe\u00e7a<\/cite><br \/>\n\"Estava a sentir tens\u00e3o muscular no meu antebra\u00e7o e no meu b\u00edceps. Tinha um alcance de movimento limitado, n\u00e3o conseguia dormir, e n\u00e3o conseguia estender o bra\u00e7o. Depois de <b>3 sess\u00f5es<\/b>, eu estava <b>sem dor<\/b>. E ap\u00f3s a minha quarta sess\u00e3o ter tido de novo todo o movimento, consegui dormir, e estou de facto a voltar e a come\u00e7ar a fazer exerc\u00edcio. <b>Estou muito satisfeito com a terapia e com os resultados!<\/b>\u201d<br \/>\n<cite>Kathy Dor no Cotovelo<\/cite><br \/>\n&quot;Eu estava tendo <b>dores de cabe\u00e7a cerca de 50% da \u00e9poca<\/b> durante os \u00faltimos meses. Ap\u00f3s v\u00e1rios tratamentos, as minhas dores de cabe\u00e7a come\u00e7aram a diminuir e <b>Eu estive sem dor de cabe\u00e7a nos \u00faltimos dois meses<\/b>. \u00c9 maravilhoso n\u00e3o ter dor.\u201d<br \/>\n<cite>Liz Dor de cabe\u00e7a<\/cite><br \/>\n\u201cEstou na ind\u00fastria da fisioterapia h\u00e1 mais de 3 anos. 6 meses atr\u00e1s, comecei a trabalhar com o Dr.Jacobs e devo dizer que <b>Nunca testemunhei uma taxa de recupera\u00e7\u00e3o de pacientes t\u00e3o bem sucedida como a que tive aqui<\/b>. O Dr. Joseph Jacobs definitivamente sabe como chegar \u00e0 raiz da doen\u00e7a do paciente por meio de suas ferramentas e m\u00e9todos patenteados de fisioterapia. <b>No in\u00edcio fui c\u00e9ptico, mas depois de ter testemunhado repetidamente a recupera\u00e7\u00e3o dos pacientes, passei a acreditar na sua pr\u00e1tica<\/b>. Tenho orgulho de fazer parte de ajudar os pacientes em sua recupera\u00e7\u00e3o.\u201d<br \/>\n<cite>Dee Ann PopeCoworker Anterior<\/cite><br \/>\n\u201cEu estava tendo fortes dores de cabe\u00e7a quase todos os dias depois do trabalho. Ap\u00f3s apenas o <b>primeira visita<\/b> as minhas dores de cabe\u00e7a tinham desaparecido e <b>n\u00e3o voltou<\/b>&#8221;<br \/>\n<cite>Drew A Dor de cabe\u00e7a<\/cite><br \/>\n\"Para o passado <b>ano<\/b>Estava a ficar dormente e apertado no meu p\u00e9. O entorpecimento era horrendo e eu n\u00e3o sabia o que fazer. Ap\u00f3s 7 tratamentos ASTR, <b>agora n\u00e3o sinto qualquer dor<\/b>. Tem sido tudo muito confort\u00e1vel\".<br \/>\n<cite>Richard Dor nos P\u00e9s<\/cite><br \/>\n\"Entrei com TMJ, com alcance limitado de movimento e dor no meu pesco\u00e7o e ombros (com dor de tiro acima do ouvido direito). Depois de apenas\u00a0<b>um tratamento<\/b>o meu pesco\u00e7o e ombros ficaram <b>al\u00edvio imediato!<\/b> Depois de 3 tratamentos, a minha dor de disparo agudo acima do ouvido desapareceu. Estou confiante que com \"Advanced Soft Tissue Release,\" e a minha dilig\u00eancia em seguir o programa de exerc\u00edcios fornecido, em breve voltarei a sentir-me como novo\".<br \/>\n<cite>Margarete EJaw Pain<\/cite><br \/>\n\"Antes do tratamento, eu tinha um alcance de movimento muito limitado ao virar o pesco\u00e7o de um lado para o outro ou inclinar-me para a frente. Ap\u00f3s um tratamento, senti uma liberta\u00e7\u00e3o e podia dobrar e virar o meu pesco\u00e7o com menos stress. O tratamento foi <b>sem dor<\/b>, n\u00e3o invasivo e melhor do que qualquer massagem que j\u00e1 fiz!\u201d<br \/>\n<cite>Dor no Pesco\u00e7o Cathy<\/cite><br \/>\n&#8220;<b>Senti-me de volta ao normal ap\u00f3s cerca de uma semana<\/b>. O meu pulso quase recuperou toda a sua amplitude de movimento ap\u00f3s duas semanas e a dor diminuiu substancialmente. <b>Recomendaria vivamente a ASTR a qualquer pessoa.<\/b>\u201d<br \/>\n<cite>Alex B Dor nas costas e no pulso<\/cite><br \/>\n\"Tive um espasmo no pesco\u00e7o h\u00e1 tr\u00eas dias e n\u00e3o consegui mexer o pesco\u00e7o. O meu pesco\u00e7o estava r\u00edgido e o meu ombro estava realmente entorpecido. Agora tenho quase <b>sem dor<\/b>. Eu tinha <b>tr\u00eas tratamentos<\/b> e agora posso mexer o meu pesco\u00e7o\".<br \/>\n<cite>Anthony Dor no Pesco\u00e7o<\/cite><br \/>\n&#8221; <b>Foi um processo frustrante receber 3 meses de fisioterapia, 2 doses de cortisona, e 3 ort\u00f3teses diferentes com o m\u00ednimo de al\u00edvio<\/b>.... Muito obrigado Dr. Jacobs por aliviar minha <b>dores cr\u00f3nicas de fascite plantar<\/b>. Decidi seguir todo o programa e em apenas <b>3 visitas<\/b> Consegui caminhar 3 milhas sem dor. Voc\u00ea conhece suas coisas e muito inteligente para inventar ferramentas e tratamento ASTR. Espero que mais m\u00e9dicos aprendam com voc\u00ea.\u201d<br \/>\n<cite>Elsie JPlantar Fascite<\/cite><br \/>\n\u201cTenho sofrido de dores cr\u00f4nicas no pesco\u00e7o, ombros e joelhos devido \u00e0 fibromialgia nos \u00faltimos <b>12 anos<\/b>.<b> Tentei massagem, fisioterapia, quiropr\u00e1tica e medica\u00e7\u00e3o, mas ainda sinto dor<\/b>. Depois de seguir o plano de dieta do Dr. Jacobs, modifica\u00e7\u00e3o do comportamento, ergonomia e suplementos as minhas recomenda\u00e7\u00f5es <b>os sintomas de fibromialgia foram diminu\u00eddos em 90%<\/b>.&#8221;<br \/>\n<cite> Liam MFibromialgia, dores no pesco\u00e7o, ombros e joelhos<\/cite><br \/>\n\u201cT\u00e9cnica incr\u00edvel funcionou para me ajudar a quebrar o tecido cicatricial na minha mand\u00edbula, pesco\u00e7o, est\u00f4mago e ap\u00f3s a cirurgia de implante mam\u00e1rio. <b> Estou espantosamente sem dor<\/b>&#8221;<br \/>\n<cite>Janice SalmonJaw, pesco\u00e7o e dor de est\u00f4mago<\/cite><br \/>\n\u201cEu vi o Dr. Jacobs 3 anos atr\u00e1s para <b>dores de cabe\u00e7a de tens\u00e3o di\u00e1ria<\/b>. Eu estava miser\u00e1vel e tomando <b>Advil todos os dias<\/b>. Depois de v\u00e1rios tratamentos, o tecido cicatricial que eu nem sabia que tinha na cabe\u00e7a e no pesco\u00e7o finalmente come\u00e7ou a desaparecer. Ap\u00f3s cerca de 6 semanas, <b>J\u00e1 n\u00e3o tinha dores de cabe\u00e7a<\/b>. At\u00e9 hoje ainda n\u00e3o! Obrigada!&quot;<br \/>\n<cite>Melissa K Dor de cabe\u00e7a<\/cite><br \/>\n&quot;O <b>Ferramentas ASTR<\/b> t\u00eam sido <b>extremamente \u00fatil<\/b> em evitar minhas dores de cabe\u00e7a ou enxaquecas \u00e0 medida que as sinto chegando, bem como m\u00fasculos tensos e outras dores\u201d<br \/>\n<cite>Stacy HMigraine<\/cite><br \/>\n\u201cN\u00e3o \u00e9 a sua fisioterapia cotidiana, eles t\u00eam uma compreens\u00e3o do seu corpo e m\u00e9todo de reabilita\u00e7\u00e3o que eu n\u00e3o vi em outros lugares. Eu recomendo este lugar, pois eles s\u00e3o amig\u00e1veis e tomam medidas extras para<b> ajud\u00e1-lo a tornar-se fisicamente inteiro novamente<\/b>.&#8221;<br \/>\n<cite>Maher S. Dor nas costas<\/cite><br \/>\n\u201cFiz um tratamento para o meu neuroma de morton, pelo qual sofria h\u00e1 2 anos. Fiz tratamento m\u00e9dico, mas nada mudou. O m\u00e9dico me pediu para fazer uma cirurgia. Eu n\u00e3o queria. EU <b>voou 24 horas<\/b> fazer o tratamento do Dr. Jacob: valeu muito a pena. Depois de <b>primeiro tratamento<\/b> o resultado foi \u00f3bvio: <b>j\u00e1 n\u00e3o h\u00e1 dor<\/b> e eu poderia voltar a usar sapatos. <b>Simplesmente espantoso! 2 semanas depois, n\u00e3o h\u00e1 mais sinais de dor<\/b>. Meu p\u00e9 n\u00e3o d\u00f3i mais. Eu posso andar e correr. Posso dormir uma noite inteira sem ser acordado pela dor. \u00c9 \u00f3timo!&quot;<br \/>\n<cite>Neuroma de Christine DMorton<\/cite><br \/>\n\u201d Minha dor nas costas estava presente h\u00e1 <b>7 anos<\/b> e depois de <b>um tratamento<\/b> era como se fosse uma nova volta. Eu posso mov\u00ea-lo corretamente agora e n\u00e3o h\u00e1 mais dor.<br \/>\nO tratamento \u00e9 realmente bom, incr\u00edvel!\u201d<br \/>\n<cite>Christine Ddor nas costas e pesco\u00e7o<\/cite><br \/>\n\u201cEu estava sentindo dores nas costas por mais de <b>5 anos<\/b>. As minhas dores nas costas estavam a piorar no \u00faltimo ano, por isso <b>Tentei massagem terap\u00eautica, cuidados quiropr\u00e1ticos, fisioterapia e medica\u00e7\u00e3o para a dor, mas n\u00e3o senti al\u00edvio<\/b>\u2026..eu costurei ele <b>duas vezes e a minha dor desapareceu totalmente<\/b>. Agora sou capaz de andar, dormir e dirigir sem dor nas costas. Eu sou um crente do tratamento inventivo Dr.Jacobs que chamou ASTR. Eu recomendo o tratamento ASTR para dores nas costas ou musculares.\u201d<br \/>\n<cite>Karit\u00e9 Gdor nas Costas<\/cite><br \/>\n\u201d Finalmente consegui al\u00edvio da minha dor no joelho depois de ver o Dr. Jacobs\u2026.. Sua abordagem \u00e0 fisioterapia \u00e9 muito hol\u00edstica. <b>Desperdicei v\u00e1rios meses a ir aos m\u00e9dicos tradicionais<\/b> que decidiu que era minha dieta ou \u201cna minha cabe\u00e7a\u201d sem chegar a lugar algum antes de encontrar o Dr. Jacobs.\u201d<br \/>\n<cite>Norma FKnee Pain<\/cite><br \/>\n\u201c\u2026 Dentro de apenas um <b>alguns minutos<\/b> do meu primeiro tratamento, os n\u00edveis de dor e tens\u00e3o na minha mand\u00edbula e pesco\u00e7o passaram de 8 para 2\u2033<br \/>\n<cite>Tiffany AJaw Pain<\/cite><br \/>\n\u201cEstou indo muito bem depois de um <b>sess\u00f5es de casal<\/b> com o Dr. Jacobs. Eu tenho pouco a <b>sem dor<\/b> agora. Que alivio! Minha experi\u00eancia com o Dr. Jacobs tem sido \u00f3tima. Obrigada!&quot;<br \/>\n<cite>Lola Gdor nas costas<\/cite><br \/>\n\u201d Eu sofri de dor nas articula\u00e7\u00f5es SI no passado <b> 2 anos<\/b>. Foi t\u00e3o ruim, eu tive que parar de dan\u00e7ar e at\u00e9 tive que me preparar para algo t\u00e3o simples quanto um espirro\u2026 <b>poucas visitas<\/b>j\u00e1 podia dizer que a t\u00e9cnica ASTR estava a funcionar!<br \/>\n<cite>Alexandra Gonzalez Dor nas Costas<\/cite><br \/>\n\u201cEu n\u00e3o podia andar, dirigir ou sentar. Com o <b>2 primeira visita<\/b>, senti uma diferen\u00e7a enorme consigo dirigir e andar, na 3\u00aa semana minhas costas quase normal\u201d<br \/>\n<cite>Nayibe Rahim Ci\u00e1tica<\/cite><br \/>\nAnterior<br \/>\nPr\u00f3ximo<\/p>\n<h2><a href=\"https:\/\/advancedsofttissuerelease.com\/pt\/produtos\/creme-de-alivio-da-dor\/\">Creme de Al\u00edvio da Dor<\/a><\/h2>\n<p style=\"text-align: center;\">Cure mais r\u00e1pido<\/p>\n<p><a role=\"button\" href=\"https:\/\/advancedsofttissuerelease.com\/pt\/produtos\/creme-de-alivio-da-dor\/\"><br \/>\nComprar agora<br \/>\n<\/a><br \/>\n<a href=\"https:\/\/advancedsofttissuerelease.com\/pt\/produtos\/creme-de-alivio-da-dor\/\"><br \/>\n<img fetchpriority=\"high\" decoding=\"async\" src=\"https:\/\/advancedsofttissuerelease.com\/wp-content\/uploads\/2022\/02\/ASTR-pain-relief-cream-decrease-inflammation-cream-wound-care-cream-eczema-Psoriasis-dermatitis--300x300.jpg\" sizes=\"(max-width: 300px) 100vw, 300px\" srcset=\"https:\/\/advancedsofttissuerelease.com\/wp-content\/uploads\/2022\/02\/ASTR-pain-relief-cream-decrease-inflammation-cream-wound-care-cream-eczema-Psoriasis-dermatitis--300x300.jpg 300w, https:\/\/advancedsofttissuerelease.com\/wp-content\/uploads\/2022\/02\/ASTR-pain-relief-cream-decrease-inflammation-cream-wound-care-cream-eczema-Psoriasis-dermatitis--520x520.jpg 520w, https:\/\/advancedsofttissuerelease.com\/wp-content\/uploads\/2022\/02\/ASTR-pain-relief-cream-decrease-inflammation-cream-wound-care-cream-eczema-Psoriasis-dermatitis--1200x1200.jpg 1200w, https:\/\/advancedsofttissuerelease.com\/wp-content\/uploads\/2022\/02\/ASTR-pain-relief-cream-decrease-inflammation-cream-wound-care-cream-eczema-Psoriasis-dermatitis--768x768.jpg 768w, https:\/\/advancedsofttissuerelease.com\/wp-content\/uploads\/2022\/02\/ASTR-pain-relief-cream-decrease-inflammation-cream-wound-care-cream-eczema-Psoriasis-dermatitis--1000x1000.jpg 1000w\" alt=\"\" width=\"300\" height=\"300\" \/> <\/a><br \/>\n<iframe title=\"Alivie a dor cr\u00f4nica instantaneamente e facilmente!\" width=\"800\" height=\"450\" src=\"https:\/\/www.youtube.com\/embed\/07mLKtiiyBc?feature=oembed\" frameborder=\"0\" allow=\"accelerometer; autoplay; clipboard-write; encrypted-media; gyroscope; picture-in-picture; web-share\" allowfullscreen><\/iframe><\/p>","protected":false},"excerpt":{"rendered":"<p>Myofascial Release Technique: Definition, Causes, Uses &amp;\u00a0Treatment What is Moyfascial? Similar to the way Spiderman\u2019s suit hugs his body, fascia (or myofascia) is a strong connective tissue that wraps around the entire body from head to toe. Normally fascia is elastic and able to stretch and shorten in response to the body\u2019s movements. Causes of [&hellip;]<\/p>\n","protected":false},"author":2447,"featured_media":530,"parent":0,"menu_order":195,"comment_status":"closed","ping_status":"closed","template":"","meta":{"_analytify_skip_tracking":false,"footnotes":""},"class_list":["post-155","page","type-page","status-publish","has-post-thumbnail","hentry"],"_links":{"self":[{"href":"https:\/\/advancedsofttissuerelease.com\/pt\/wp-json\/wp\/v2\/pages\/155","targetHints":{"allow":["GET"]}}],"collection":[{"href":"https:\/\/advancedsofttissuerelease.com\/pt\/wp-json\/wp\/v2\/pages"}],"about":[{"href":"https:\/\/advancedsofttissuerelease.com\/pt\/wp-json\/wp\/v2\/types\/page"}],"author":[{"embeddable":true,"href":"https:\/\/advancedsofttissuerelease.com\/pt\/wp-json\/wp\/v2\/users\/2447"}],"replies":[{"embeddable":true,"href":"https:\/\/advancedsofttissuerelease.com\/pt\/wp-json\/wp\/v2\/comments?post=155"}],"version-history":[{"count":0,"href":"https:\/\/advancedsofttissuerelease.com\/pt\/wp-json\/wp\/v2\/pages\/155\/revisions"}],"wp:featuredmedia":[{"embeddable":true,"href":"https:\/\/advancedsofttissuerelease.com\/pt\/wp-json\/wp\/v2\/media\/530"}],"wp:attachment":[{"href":"https:\/\/advancedsofttissuerelease.com\/pt\/wp-json\/wp\/v2\/media?parent=155"}],"curies":[{"name":"wp","href":"https:\/\/api.w.org\/{rel}","templated":true}]}}