{"id":15680,"date":"2020-11-19T19:37:08","date_gmt":"2020-11-20T03:37:08","guid":{"rendered":"https:\/\/advancedsofttissuerelease.com\/?page_id=15680"},"modified":"2020-11-21T20:43:12","modified_gmt":"2020-11-22T03:43:12","slug":"privacy-notice","status":"publish","type":"page","link":"https:\/\/advancedsofttissuerelease.com\/pt\/privacy-notice\/","title":{"rendered":"Notifica\u00e7\u00e3o de privacidade"},"content":{"rendered":"<p style=\"text-align: center;\"><span style=\"font-size: 14pt;\"><b>Statement of Privacy Notice<span class=\"Apple-converted-space\">\u00a0<\/span><\/b><\/span><\/p>\n<p>&nbsp;<\/p>\n<p><span style=\"font-size: 10pt;\">THIS NOTICE DESCRIBES HOW MEDICAL INFORMATION ABOUT YOU MAY BE USED AND DISCLOSED AND HOW YOU CAN GET ACCESS TO THIS INFORMATION. PLEASE REVIEW IT CAREFULLY.<span class=\"Apple-converted-space\">\u00a0<\/span><\/span><\/p>\n<p><span style=\"font-size: 10pt;\">Podemos divulgar suas informa\u00e7\u00f5es de sa\u00fade a outros profissionais de sa\u00fade em nossa pr\u00e1tica para fins de tratamento, pagamento ou opera\u00e7\u00f5es de sa\u00fade.<span class=\"Apple-converted-space\">\u00a0<\/span><\/span><\/p>\n<p><span style=\"font-size: 10pt;\">Podemos divulgar suas informa\u00e7\u00f5es de sa\u00fade para notificar ou ajudar a notificar um membro da fam\u00edlia ou outra pessoa respons\u00e1vel por seus cuidados sobre sua condi\u00e7\u00e3o m\u00e9dica ou em caso de emerg\u00eancia ou de sua morte.<span class=\"Apple-converted-space\">\u00a0<\/span><\/span><\/p>\n<p><span style=\"font-size: 10pt;\">As required by law, we may disclose your health information to public health authorities for purposes related to: preventing or controlling disease, injury or disability, reporting child abuse or neglect, reporting domestic violence, reporting to the Food and Drug Administration problems with products and reactions to medications, and reporting disease or infection exposure.<span class=\"Apple-converted-space\">\u00a0<\/span><\/span><\/p>\n<p><span style=\"font-size: 10pt;\">Podemos divulgar suas informa\u00e7\u00f5es de sa\u00fade no decorrer de qualquer processo administrativo ou judicial.<span class=\"Apple-converted-space\">\u00a0<\/span><\/span><\/p>\n<p><span style=\"font-size: 10pt;\">Podemos divulgar suas informa\u00e7\u00f5es de sa\u00fade a um oficial da lei para fins como identificar ou localizar um suspeito, fugitivo, testemunha material ou pessoa desaparecida, cumprir uma ordem judicial ou intima\u00e7\u00e3o e outros fins de aplica\u00e7\u00e3o da lei.<span class=\"Apple-converted-space\">\u00a0<\/span><\/span><\/p>\n<p><span style=\"font-size: 10pt;\">Podemos divulgar suas informa\u00e7\u00f5es de sa\u00fade para m\u00e9dicos legistas ou m\u00e9dicos legistas.<span class=\"Apple-converted-space\">\u00a0<\/span><\/span><\/p>\n<p><span style=\"font-size: 10pt;\">Podemos divulgar suas informa\u00e7\u00f5es de sa\u00fade para organiza\u00e7\u00f5es envolvidas na aquisi\u00e7\u00e3o, banco ou transplante de \u00f3rg\u00e3os e tecidos.<span class=\"Apple-converted-space\">\u00a0<\/span><\/span><\/p>\n<p><span style=\"font-size: 10pt;\">Podemos divulgar suas informa\u00e7\u00f5es de sa\u00fade para pesquisadores que conduzam pesquisas que tenham sido aprovadas por um Conselho de Revis\u00e3o Institucional.<span class=\"Apple-converted-space\">\u00a0<\/span><\/span><\/p>\n<p><span style=\"font-size: 10pt;\">Pode ser necess\u00e1rio divulgar suas informa\u00e7\u00f5es de sa\u00fade \u00e0s pessoas apropriadas para prevenir ou diminuir uma amea\u00e7a s\u00e9ria e iminente \u00e0 sa\u00fade ou seguran\u00e7a de uma determinada pessoa ou do p\u00fablico em geral.<span class=\"Apple-converted-space\">\u00a0<\/span><\/span><\/p>\n<p><span style=\"font-size: 10pt;\">Podemos divulgar suas informa\u00e7\u00f5es de sa\u00fade para fins militares, de seguran\u00e7a nacional, prisioneiros e benef\u00edcios governamentais.<span class=\"Apple-converted-space\">\u00a0<\/span><\/span><\/p>\n<p><span style=\"font-size: 10pt;\">We may leave a message on an automated answering device or person answering the phone for the purposes of scheduling appointments. No personal health information will be disclosed during this recording or message other than the date and time of your scheduled appointment along with a request to call our office if you need to cancel or reschedule your appointment.\u201d<span class=\"Apple-converted-space\">\u00a0<\/span><\/span><\/p>\n<p><span style=\"font-size: 10pt;\">Podemos entrar em contato com voc\u00ea ou enviar sua conta por telefone, correio ou e-mail. \u201c\u00c9 nossa pr\u00e1tica participar de eventos beneficentes e de marketing para aumentar a conscientiza\u00e7\u00e3o, doa\u00e7\u00f5es de alimentos, presentes, dinheiro, etc. Durante esses per\u00edodos, podemos enviar uma carta, cart\u00e3o postal, convite ou ligar para sua casa convidando voc\u00ea a participar a atividade beneficente.<span class=\"Apple-converted-space\">\u00a0<\/span><\/span><\/p>\n<p><span style=\"font-size: 10pt;\">Podemos divulgar suas informa\u00e7\u00f5es de sa\u00fade ao seu provedor de seguros para fins de pagamento ou opera\u00e7\u00f5es de assist\u00eancia m\u00e9dica. <\/span><\/p>\n<p><span style=\"font-size: 10pt;\">Podemos divulgar suas informa\u00e7\u00f5es de sa\u00fade conforme necess\u00e1rio para cumprir as Leis Estaduais de Compensa\u00e7\u00e3o de Trabalhadores. <\/span><\/p>\n<p><span style=\"font-size: 10pt;\">No caso de sermos vendidos ou fundidos com outra organiza\u00e7\u00e3o, suas informa\u00e7\u00f5es\/registros de sa\u00fade se tornar\u00e3o propriedade do novo propriet\u00e1rio.<span class=\"Apple-converted-space\">\u00a0<\/span><\/span><\/p>\n<p><span style=\"font-size: 10pt;\">! You have the right to request restrictions on certain uses and disclosures of your health information. Please be advised, however, that we are not required to agree to the restriction that you requested.<span class=\"Apple-converted-space\">\u00a0<\/span><\/span><\/p>\n<ul>\n<li><span style=\"font-size: 10pt;\">Voc\u00ea tem o direito de ter suas informa\u00e7\u00f5es de sa\u00fade recebidas ou comunicadas por meio de um m\u00e9todo alternativo ou enviadas para um local alternativo diferente do m\u00e9todo usual de comunica\u00e7\u00e3o ou entrega, mediante solicita\u00e7\u00e3o.<span class=\"Apple-converted-space\">\u00a0<\/span><\/span><\/li>\n<li><span style=\"font-size: 10pt;\">Voc\u00ea tem o direito de inspecionar e copiar suas informa\u00e7\u00f5es de sa\u00fade.<span class=\"Apple-converted-space\">\u00a0<\/span><\/span><\/li>\n<li><span style=\"font-size: 10pt;\">Voc\u00ea tem o direito de solicitar que alteremos suas informa\u00e7\u00f5es de sa\u00fade protegidas. Informamos, no entanto, que n\u00e3o somos obrigados a concordar em alterar suas informa\u00e7\u00f5es de sa\u00fade protegidas. Se sua solicita\u00e7\u00e3o para alterar suas informa\u00e7\u00f5es de sa\u00fade for negada, voc\u00ea receber\u00e1 uma explica\u00e7\u00e3o do(s) motivo(s) da recusa e informa\u00e7\u00f5es sobre como voc\u00ea pode discordar da recusa.<span class=\"Apple-converted-space\">\u00a0<\/span><\/span><\/li>\n<li><span style=\"font-size: 10pt;\">Voc\u00ea tem o direito de receber uma contabilidade das divulga\u00e7\u00f5es de suas informa\u00e7\u00f5es de sa\u00fade protegidas feitas por n\u00f3s.<span class=\"Apple-converted-space\">\u00a0<\/span><\/span><\/li>\n<li><span style=\"font-size: 10pt;\">Voc\u00ea tem direito a uma c\u00f3pia impressa deste Aviso de Pr\u00e1ticas de Privacidade a qualquer momento, mediante solicita\u00e7\u00e3o.<span class=\"Apple-converted-space\">\u00a0<\/span><\/span><\/li>\n<\/ul>\n<p><span style=\"font-size: 10pt;\">Reservamo-nos o direito de alterar este Aviso de Pr\u00e1ticas de Privacidade a qualquer momento no futuro e tornaremos as novas disposi\u00e7\u00f5es efetivas para todas as informa\u00e7\u00f5es que ele mantiver. At\u00e9 que tal altera\u00e7\u00e3o seja feita, somos obrigados por lei a cumprir este Aviso.<span class=\"Apple-converted-space\">\u00a0<\/span><\/span><\/p>\n<p><span style=\"font-size: 10pt;\">We are required by law to maintain the privacy of your health information and to provide you with notice of its legal duties and privacy practices with respect to your health information. If you have questions about any part of this notice or if you want more information about your privacy rights, please contact us by calling this office at <b>(949) 236-6862<\/b>. If our Privacy Officer is not available, you may make an appointment for a personal conference in person or by telephone within 2 working days.<span class=\"Apple-converted-space\">\u00a0<\/span><\/span><\/p>\n<p><span style=\"font-size: 10pt;\">Reclama\u00e7\u00f5es sobre seus direitos de privacidade, ou como lidamos com suas informa\u00e7\u00f5es de sa\u00fade, devem ser direcionadas ao nosso Diretor de Privacidade, ligando para este escrit\u00f3rio em <b>(949) 236-6862<\/b>. If our Privacy Officer is not available, you may make an appointment for a personal conference in person or by telephone within 2 working days.<span class=\"Apple-converted-space\">\u00a0<\/span><\/span><\/p>\n<p><span style=\"font-size: 10pt;\">If you are not satisfied with the manner in which this office handles your complaint, you may submit a formal complaint to:<span class=\"Apple-converted-space\">\u00a0<\/span><\/span><\/p>\n<p><span style=\"font-size: 10pt;\">DHHS, Office of Civil Rights<\/span><br \/>\n<span style=\"font-size: 10pt;\">200 Independence Avenue, S.W. Room 509F HHH Building Washington, DC 20201<span class=\"Apple-converted-space\">\u00a0<\/span><\/span><\/p>\n<p><span style=\"font-size: 10pt;\">I have read the Privacy Notice and understand my rights contained in the notice.<span class=\"Apple-converted-space\">\u00a0<\/span><\/span><\/p>\n<p><span style=\"font-size: 10pt;\">By way of my signature, I provide the company above with my authorization and consent to use and disclose my protected health care information for the purposes of treatment, payment and health care operations as described in the Privacy Notice<span class=\"Apple-converted-space\">\u00a0<\/span><\/span><\/p>\n<p><span style=\"font-size: 10pt;\"><b>Consentimento Informado<span class=\"Apple-converted-space\">\u00a0<\/span><\/b><\/span><\/p>\n<p><span style=\"font-size: 10pt;\">By signing below, you give the us permission to perform the evaluation and treatment recommendations. You have the right to accept or refuse any treatment offered. There are no guarantees made as to the results that may be obtained from our treatment(s). We will do our best to provide a treatment\/exercise program that causes the least amount of pain to you. It is your responsibility to accurate information to get the best recommendation from our system . If you have any questions about your care, be sure to ask the chat or call us.<span class=\"Apple-converted-space\">\u00a0<\/span><\/span><\/p>\n<p><span style=\"font-size: 10pt;\">It is up to you(patient)\/caretaker to inform the our system or staff about any health problems or allergies you may have. You, the patient or the caretaker must also tell the software \/staff about drugs or medications being taken as well as any medical conditions and\/or surgeries.<\/span><\/p>\n<p><span style=\"font-size: 10pt;\"><b>Minors and Parents<span class=\"Apple-converted-space\">\u00a0<\/span><\/b><\/span><\/p>\n<p><span style=\"font-size: 10pt;\">If patient is a minor (under 18 years of age), the parent or legal guardian is responsible for all charges and decisions made by the minor. We do not assume any liability for the minor while on premises or not, and it is the responsibility of the parent or guardian to supervise the minor before, during and after treatments.<span class=\"Apple-converted-space\">\u00a0<\/span><\/span><\/p>\n<p><span style=\"font-size: 10pt;\"><b>Consent To Participate In Research Study<span class=\"Apple-converted-space\">\u00a0<\/span><\/b><\/span><\/p>\n<p><span style=\"font-size: 10pt;\">I Agree to participate in a research study conducted by ASTR institute and its affiliates. My participation in this study is voluntary. I have read the information below and have asked questions regarding anything I do not understand and have decided to participate in the study\/research. I further authorize the said parties to use my medical information in their literature.<span class=\"Apple-converted-space\">\u00a0<\/span><\/span><\/p>\n<p><span style=\"font-size: 10pt;\">My participation in this research study will help others have a better understanding of the effects of ASTR Institute on patients. ASTR Institute will not use my name, address or phone number in this study\/research.<span class=\"Apple-converted-space\">\u00a0<\/span><\/span><\/p>\n<p><span style=\"font-size: 10pt;\"><b>Declara\u00e7\u00e3o de exonera\u00e7\u00e3o de responsabilidade<\/b><\/span><\/p>\n<p><span style=\"font-size: 10pt;\">These statements have not been evaluated by the Food and Drug Administration. These products are not intended to diagnose, treat, cure, or prevent any disease. Results may vary with each person and we cannot guarantee that you will experience the same results found in our testimonial and treatment videos. Each individual is different and one person\u2019s success is not a guaranteed result. These products are not intended to diagnose, cure, treat or prevent any disease.<\/span><\/p>\n<p><span style=\"font-size: 10pt;\">The videos &amp; website information are not intended to provide diagnosis, treatments, opinions, services or advice to any viewers. Through our social media, courses and website we introduce you to new ideas for treatment, intended to be researched and expand general knowledge. The content in our website, any videos or social media posts can not be substituted for professional assistance. If you are concerned over a medical issue, please consult your healthcare provider, physician, or other medical professional.<\/span><\/p>\n<p><span style=\"font-size: 10pt;\">O Dr. Joseph Jacobs e o instituto ASTR n\u00e3o s\u00e3o de forma alguma respons\u00e1veis por quaisquer a\u00e7\u00f5es, servi\u00e7os ou produtos adquiridos atrav\u00e9s deste site, nossos v\u00eddeos ou postagens em m\u00eddias sociais. O instituto ASTR nem suas organiza\u00e7\u00f5es ou pessoas associadas n\u00e3o s\u00e3o respons\u00e1veis por qualquer les\u00e3o ou dano causado pela aplica\u00e7\u00e3o de informa\u00e7\u00f5es em nossos cursos, site e postagem de m\u00eddia social. \u00c9 recomend\u00e1vel que voc\u00ea revise suas d\u00favidas e\/ou preocupa\u00e7\u00f5es com um profissional m\u00e9dico. Use nossas informa\u00e7\u00f5es por sua conta e risco. O conte\u00fado de nossos cursos, site, postagens nas redes sociais n\u00e3o pode ser substitu\u00eddo por assist\u00eancia profissional. Se voc\u00ea estiver preocupado com um problema m\u00e9dico, consulte seu m\u00e9dico, m\u00e9dico ou outro profissional m\u00e9dico.<\/span><\/p>\n<p><span style=\"font-size: 10pt;\">O instituto ASTR e os cursos ASTR destinam-se a treinamento avan\u00e7ado para profissionais de sa\u00fade e m\u00e9dicos. Esses cursos por si s\u00f3 n\u00e3o conferem a um profissional n\u00e3o licenciado a autoridade legal para implementar as informa\u00e7\u00f5es desses cursos em pacientes ou clientes. Algumas das informa\u00e7\u00f5es contidas nesses cursos podem estar al\u00e9m do escopo de uma pr\u00e1tica privada de sa\u00fade que n\u00e3o seja licenciada ou supervisionada por um m\u00e9dico ou outro profissional devidamente licenciado. Antes de utilizar as informa\u00e7\u00f5es ou t\u00e9cnicas apresentadas nestes cursos em pacientes ou clientes, um profissional n\u00e3o licenciado ou um profissional com licen\u00e7a restritiva (como farmac\u00eautico, fisioterapeuta, terapeuta ocupacional, quiropr\u00e1tico, enfermeiro, nutricionista, etc.) pr\u00e1tica relevante atua em seu estado para garantir que o uso do praticante das modalidades, terapias ou t\u00e9cnicas estabelecidas nestes cursos seja consistente com a lei estadual.<\/span><\/p>\n<p><span style=\"font-size: 10pt;\"><b>Programs Disclaimer<\/b><\/span><\/p>\n<p><span style=\"font-size: 10pt;\">These statements have not been evaluated by the Food and Drug Administration. These products are not intended to diagnose, treat, cure, or prevent any disease. The content on our courses cannot be substituted for professional assistance. If you are concerned about a medical issue, please consult your healthcare provider, physician, or other medical professional. Dr. Joseph Jacobs and\u00a0ASTR institute are in no way responsible or liable for any actions, services or products acquired through this website. ASTR institute and its associated organizations or people are not responsible for any injury or harm caused by the application of ASTR tools. ASTR tools are generally safe when practiced with proper technique and care. It is recommended that you review your questions and\/or concerns with a medical professional. Stop using immediately if painful or conditions worsen. Use at your own risk.<\/span><\/p>\n<p><span style=\"font-size: 10pt;\"><b>Collection of your Personal Information<\/b><\/span><\/p>\n<p><span style=\"font-size: 10pt;\">ASTR institute may collect personally identifiable information, such as your name. If you purchase\u00a0Advanced Soft Tissue Release\u2019s\u00a0products and services, we collect billing and credit card information. This information is used to complete the purchase transaction. We may gather additional personal or non-personal information in the future.<\/span><\/p>\n<p><span style=\"font-size: 10pt;\">Information about your computer hardware and software may be automatically collected by\u00a0Advanced Soft Tissue Release. This information can include: your IP address, browser type, domain names, access times and referring website addresses. This information is used for the operation of the service, to maintain quality of the service, and to provide general statistics regarding use of the ASTR institute website.<\/span><\/p>\n<p><span style=\"font-size: 10pt;\">ASTR institute encourages you to review the privacy statements of websites you choose to link to from\u00a0Advanced Soft Tissue Release\u00a0so that you can understand how those websites collect, use and share your information. ASTR institute is not responsible for the privacy statements or other content on websites outside of the Advanced Soft Tissue Release\u00a0website.<\/span><\/p>\n<p><span style=\"font-size: 10pt;\"><b>Use of your Personal Information<\/b><\/span><\/p>\n<p><span style=\"font-size: 10pt;\">ASTR institute\u00a0collects and uses your personal information to operate its website(s) and deliver the services you have requested.<\/span><\/p>\n<p><span style=\"font-size: 10pt;\">ASTR institute may also use your personally identifiable information to inform you of other products or services available from ASTR institute and its affiliates.\u00a0Advanced Soft Tissue Release\u00a0may also contact you via surveys to conduct research about your opinion of current services or of potential new services that may be offered.<\/span><\/p>\n<p><span style=\"font-size: 10pt;\">ASTR institute (Advanced Soft Tissue Release) does not sell, rent or lease its customer lists to third parties.<\/span><\/p>\n<p><span style=\"font-size: 10pt;\">ASTR institute may, from time to time, contact you on behalf of external business partners about a particular offering that may be of interest to you. In those cases, your unique personally identifiable information (e-mail, name, address, telephone number) is not transferred to the third party.\u00a0Advanced Soft Tissue Release\u00a0may share data with trusted partners to help perform statistical analysis, send you email or postal mail, provide customer support, or arrange for deliveries. All such third parties are prohibited from using your personal information except to provide these services to ASTR institute, and they are required to maintain the confidentiality of your information.<\/span><\/p>\n<p><span style=\"font-size: 10pt;\">ASTR institute may keep track of the websites and pages our users visit within\u00a0Advanced Soft Tissue Release, in order to determine what ASTR institute services are the most popular. This data is used to deliver customized content and advertising within ASTR institute to customers whose behavior indicates that they are interested in a particular subject area.<\/span><\/p>\n<p><span style=\"font-size: 10pt;\">ASTR institute will disclose your personal information, without notice, only if required to do so by law or in the good faith belief that such action is necessary to: (a) conform to the edicts of the law or comply with legal process served on\u00a0Advanced Soft Tissue Release\u00a0or the site; (b) protect and defend the rights or property of\u00a0Advanced Soft Tissue Release; and, (c) act under exigent circumstances to protect the personal safety of users of\u00a0Advanced Soft Tissue Release, or the public.<\/span><\/p>\n<p><span style=\"font-size: 10pt;\"><b>Use of Cookies<\/b><\/span><\/p>\n<p><span style=\"font-size: 10pt;\">The ASTR institute website may use \u201ccookies\u201d to help you personalize your online experience. A cookie is a text file that is placed on your hard disk by a web page server. Cookies cannot be used to run programs or deliver viruses to your computer. Cookies are uniquely assigned to you, and can only be read by a web server in the domain that issued the cookie to you.<\/span><\/p>\n<p><span style=\"font-size: 10pt;\">One of the primary purposes of cookies is to provide a convenience feature to save you time. The purpose of a cookie is to tell the Web server that you have returned to a specific page. For example, if you personalize\u00a0Advanced Soft Tissue Release\u00a0pages, or register with\u00a0Advanced Soft Tissue Release\u00a0site or services, a cookie helps\u00a0Advanced Soft Tissue Release\u00a0to recall your specific information on subsequent visits. This simplifies the process of recording your personal information, such as billing addresses, shipping addresses, and so on. When you return to the same\u00a0Advanced Soft Tissue Release\u00a0website, the information you previously provided can be retrieved, so you can easily use the\u00a0Advanced Soft Tissue Release\u00a0features that you customized.<\/span><\/p>\n<p><span style=\"font-size: 10pt;\">You have the ability to accept or decline cookies. Most Web browsers automatically accept cookies, but you can usually modify your browser setting to decline cookies if you prefer. If you choose to decline cookies, you may not be able to fully experience the interactive features of the Advanced Soft Tissue Release\u00a0services or websites you visit.<\/span><\/p>\n<p><span style=\"font-size: 10pt;\"><b>Security of your Personal Information<\/b><\/span><\/p>\n<p><span style=\"font-size: 10pt;\">ASTR institute secures your personal information from unauthorized access, use or disclosure.<\/span><\/p>\n<p><span style=\"font-size: 10pt;\"><b>Children Under Thirteen<\/b><\/span><\/p>\n<p><span style=\"font-size: 10pt;\">ASTR institute\u00a0does not knowingly collect personally identifiable information from children under the age of thirteen. If you are under the age of thirteen, you must ask your parent or guardian for permission to use this website.<\/span><\/p>\n<p><span style=\"font-size: 10pt;\"><b>Opt-Out &amp; Unsubscribe<\/b><\/span><\/p>\n<p><span style=\"font-size: 10pt;\">We respect your privacy and give you an opportunity to opt-out of receiving announcements of certain information. Users may opt-out of receiving any or all communications from\u00a0ASTR institute\u00a0by contacting us here:<\/span><\/p>\n<p><span style=\"font-size: 10pt;\">\u2013 Web page: https:\/\/advancedsofttissuerelease.com\/contact-page\/<\/span><\/p>\n<p><span style=\"font-size: 10pt;\">\u2013 Email: support@astrinstitute.com<\/span><\/p>\n<p><span style=\"font-size: 10pt;\">\u2013 Phone: (949) 236- 6862<\/span><\/p>\n<p><span style=\"font-size: 10pt;\"><b>Changes to this Statement<\/b><\/span><\/p>\n<p><span style=\"font-size: 10pt;\">ASTR institute will occasionally update this Statement of Privacy to reflect company and customer feedback.\u00a0ASTR institute\u00a0encourages you to periodically review this Statement to be informed of how\u00a0Advanced Soft Tissue Release\u00a0is protecting your information.<\/span><\/p>\n<p><span style=\"font-size: 10pt;\"><b>Contact Information<\/b><\/span><\/p>\n<p><span style=\"font-size: 10pt;\">ASTR institute welcomes your questions or comments regarding this Statement of Privacy. If you believe that\u00a0ASTR institute\u00a0has not adhered to this Statement, please contact\u00a0ASTR institute\u00a0at:<\/span><\/p>\n<p><span style=\"font-size: 10pt;\">Instituto ASTR<\/span><\/p>\n<p><span style=\"font-size: 10pt;\">Email Address:<\/span><\/p>\n<p><span style=\"font-size: 10pt;\">Support@astrinstitute.com<\/span><\/p>\n<p><span style=\"font-size: 10pt;\">Telephone number: 888-210-2787<\/span><\/p>\n<p><span style=\"font-size: 10pt;\">Effective as of December 20, 2018<\/span><\/p>","protected":false},"excerpt":{"rendered":"<p>Statement of Privacy Notice\u00a0 &nbsp; THIS NOTICE DESCRIBES HOW MEDICAL INFORMATION ABOUT YOU MAY BE USED AND DISCLOSED AND HOW YOU CAN GET ACCESS TO THIS INFORMATION. PLEASE REVIEW IT CAREFULLY.\u00a0 We may disclose your health care information to other healthcare professionals within our practice for the purpose of treatment, payment or healthcare operations.\u00a0 We [&hellip;]<\/p>\n","protected":false},"author":1,"featured_media":0,"parent":0,"menu_order":0,"comment_status":"closed","ping_status":"closed","template":"","meta":{"_analytify_skip_tracking":false,"footnotes":""},"class_list":["post-15680","page","type-page","status-publish","hentry"],"_links":{"self":[{"href":"https:\/\/advancedsofttissuerelease.com\/pt\/wp-json\/wp\/v2\/pages\/15680","targetHints":{"allow":["GET"]}}],"collection":[{"href":"https:\/\/advancedsofttissuerelease.com\/pt\/wp-json\/wp\/v2\/pages"}],"about":[{"href":"https:\/\/advancedsofttissuerelease.com\/pt\/wp-json\/wp\/v2\/types\/page"}],"author":[{"embeddable":true,"href":"https:\/\/advancedsofttissuerelease.com\/pt\/wp-json\/wp\/v2\/users\/1"}],"replies":[{"embeddable":true,"href":"https:\/\/advancedsofttissuerelease.com\/pt\/wp-json\/wp\/v2\/comments?post=15680"}],"version-history":[{"count":0,"href":"https:\/\/advancedsofttissuerelease.com\/pt\/wp-json\/wp\/v2\/pages\/15680\/revisions"}],"wp:attachment":[{"href":"https:\/\/advancedsofttissuerelease.com\/pt\/wp-json\/wp\/v2\/media?parent=15680"}],"curies":[{"name":"wp","href":"https:\/\/api.w.org\/{rel}","templated":true}]}}