{"id":1584,"date":"2019-01-10T03:00:52","date_gmt":"2019-01-10T03:00:52","guid":{"rendered":"https:\/\/advancedsofttissuerelease.com\/affiliate-home\/"},"modified":"2019-01-10T03:00:52","modified_gmt":"2019-01-10T03:00:52","slug":"casa-de-afiliados-2","status":"publish","type":"page","link":"https:\/\/advancedsofttissuerelease.com\/pt\/affiliate-home\/","title":{"rendered":"Afiliados da loja"},"content":{"rendered":"<p>Esta \u00e9 a se\u00e7\u00e3o de afiliados desta loja. Se voc\u00ea \u00e9 um afiliado existente, por favor <a href=\"https:\/\/advancedsofttissuerelease.com\/pt\/casa-de-afiliados-2\/login-de-afiliado\/\">Conecte-se<\/a> para acessar seu painel de controle.<\/p>\n<p>Se voc\u00ea n\u00e3o \u00e9 um afiliado, mas deseja se tornar um, precisar\u00e1 se inscrever. Para se inscrever, voc\u00ea deve ser um usu\u00e1rio registrado neste blog. Se voc\u00ea j\u00e1 possui uma conta neste blog, por favor <a href=\"https:\/\/advancedsofttissuerelease.com\/pt\/casa-de-afiliados-2\/login-de-afiliado\/\">Conecte-se<\/a>. Se n\u00e3o, por favor <a href=\"https:\/\/advancedsofttissuerelease.com\/pt\/casa-de-afiliados-2\/affiliate-register\/\">registro<\/a>.<\/p>","protected":false},"excerpt":{"rendered":"","protected":false},"author":1,"featured_media":0,"parent":0,"menu_order":0,"comment_status":"closed","ping_status":"closed","template":"","meta":{"_analytify_skip_tracking":false,"footnotes":""},"class_list":["post-1584","page","type-page","status-publish","hentry"],"_links":{"self":[{"href":"https:\/\/advancedsofttissuerelease.com\/pt\/wp-json\/wp\/v2\/pages\/1584","targetHints":{"allow":["GET"]}}],"collection":[{"href":"https:\/\/advancedsofttissuerelease.com\/pt\/wp-json\/wp\/v2\/pages"}],"about":[{"href":"https:\/\/advancedsofttissuerelease.com\/pt\/wp-json\/wp\/v2\/types\/page"}],"author":[{"embeddable":true,"href":"https:\/\/advancedsofttissuerelease.com\/pt\/wp-json\/wp\/v2\/users\/1"}],"replies":[{"embeddable":true,"href":"https:\/\/advancedsofttissuerelease.com\/pt\/wp-json\/wp\/v2\/comments?post=1584"}],"version-history":[{"count":0,"href":"https:\/\/advancedsofttissuerelease.com\/pt\/wp-json\/wp\/v2\/pages\/1584\/revisions"}],"wp:attachment":[{"href":"https:\/\/advancedsofttissuerelease.com\/pt\/wp-json\/wp\/v2\/media?parent=1584"}],"curies":[{"name":"wp","href":"https:\/\/api.w.org\/{rel}","templated":true}]}}