{"id":1585,"date":"2019-01-10T03:00:54","date_gmt":"2019-01-10T03:00:54","guid":{"rendered":"https:\/\/advancedsofttissuerelease.com\/affiliate-home\/affiliate-register\/"},"modified":"2019-07-18T08:19:22","modified_gmt":"2019-07-18T15:19:22","slug":"registro-afiliado12-2","status":"publish","type":"page","link":"https:\/\/advancedsofttissuerelease.com\/pt\/affiliate-home\/affiliate-register12\/","title":{"rendered":"Registro"},"content":{"rendered":"\t<div id=\"wpam_form_error_panel\" class=\"wpam_form_errors\">\n\t\t<ul>\n\n\t\t<\/ul>\n\t<\/div><div id=\"wpam-reg-form\">\n<form action=\"\" method=\"post\" id=\"mainForm\" class=\"pure-form pure-form-stacked\">\n    <input type=\"hidden\" id=\"_wpnonce\" name=\"_wpnonce\" value=\"4b11ceb64f\" \/><input type=\"hidden\" name=\"_wp_http_referer\" value=\"\/pt\/wp-json\/wp\/v2\/pages\/1585\" \/>\t\t* Os campos obrigat\u00f3rios<br \/><br \/>\n\t\t<fieldset>\n\t\t\t\t\t\t\t\t<label for=\"_firstName\">Primeiro Nome&nbsp;*<\/label>\n\t\t\t\t\t\n\t\t\t\t\t\t\t\t\t\t\t\t\t<input type=\"text\" id=\"_firstName\" name=\"_firstName\" value=\"\" required \/>\n\t\t\t\t\t\t\t\t\t\t\t\t\t\t\t<label for=\"_lastName\">Apelido&nbsp;*<\/label>\n\t\t\t\t\t\n\t\t\t\t\t\t\t\t\t\t\t\t\t<input type=\"text\" id=\"_lastName\" name=\"_lastName\" value=\"\" required \/>\n\t\t\t\t\t\t\t\t\t\t\t\t\t\t\t<label for=\"_phoneNumber\">N\u00famero de telem\u00f3vel&nbsp;*<\/label>\n\t\t\t\t\t\n\t\t\t\t\t\t\t\t\t\t\t\t\t<input type=\"text\" id=\"_phoneNumber\" name=\"_phoneNumber\" value=\"\" required \/>\n\t\t\t\t\t\t\t\t\t\t\t\t\t\t\t<label for=\"_email\">Endere\u00e7o de e-mail&nbsp;*<\/label>\n\t\t\t\t\t\n\t\t\t\t\t\t                                                            <input type=\"text\" id=\"_email\" name=\"_email\" value=\"\" required \/>\n                                                            \t\t\t\t\t\t\t\t<label for=\"_addressLine1\">Morada (linha 1)&nbsp;*<\/label>\n\t\t\t\t\t\n\t\t\t\t\t\t\t\t\t\t\t\t\t<input type=\"text\" id=\"_addressLine1\" name=\"_addressLine1\" value=\"\" required \/>\n\t\t\t\t\t\t\t\t\t\t\t\t\t\t\t<label for=\"_addressLine2\">Morada (linha 2)<\/label>\n\t\t\t\t\t\n\t\t\t\t\t\t\t\t\t\t\t\t\t<input type=\"text\" id=\"_addressLine2\" name=\"_addressLine2\" value=\"\"  \/>\n\t\t\t\t\t\t\t\t\t\t\t\t\t\t\t<label for=\"_addressCity\">Cidade&nbsp;*<\/label>\n\t\t\t\t\t\n\t\t\t\t\t\t\t\t\t\t\t\t\t<input type=\"text\" id=\"_addressCity\" name=\"_addressCity\" value=\"\" required \/>\n\t\t\t\t\t\t\t\t\t\t\t\t\t\t\t<label for=\"_addressState\">Estado&nbsp;*<\/label>\n\t\t\t\t\t\n\t\t\t\t\t\t\t\t\t\t\t\t\t<select id=\"_addressState\" name=\"_addressState\" required>\n\t\t\t\t\t\t\t\t<option value=\"\">Selecione uma op\u00e7\u00e3o<\/option><option value=\"OU\">Outside US<\/option><option value=\"AL\">Alabama<\/option><option value=\"AK\">Alaska<\/option><option value=\"AZ\">Arizona<\/option><option value=\"AR\">Arkansas<\/option><option value=\"CA\">California<\/option><option value=\"CO\">Colorado<\/option><option value=\"CT\">Connecticut<\/option><option value=\"DE\">Delaware<\/option><option value=\"DC\">District Of Columbia<\/option><option value=\"FL\">Florida<\/option><option value=\"GA\">Georgia<\/option><option value=\"HI\">Hawaii<\/option><option value=\"ID\">Idaho<\/option><option value=\"IL\">Illinois<\/option><option value=\"IN\">Indiana<\/option><option value=\"IA\">Iowa<\/option><option value=\"KS\">Kansas<\/option><option value=\"KY\">Kentucky<\/option><option value=\"LA\">Louisiana<\/option><option value=\"ME\">Maine<\/option><option value=\"MD\">Maryland<\/option><option value=\"MA\">Massachusetts<\/option><option value=\"MI\">Michigan<\/option><option value=\"MN\">Minnesota<\/option><option value=\"MS\">Mississippi<\/option><option value=\"MO\">Missouri<\/option><option value=\"MT\">Montana<\/option><option value=\"NE\">Nebraska<\/option><option value=\"NV\">Nevada<\/option><option value=\"NH\">New Hampshire<\/option><option value=\"NJ\">New Jersey<\/option><option value=\"NM\">New Mexico<\/option><option value=\"NY\">New York<\/option><option value=\"NC\">North Carolina<\/option><option value=\"ND\">North Dakota<\/option><option value=\"OH\">Ohio<\/option><option value=\"OK\">Oklahoma<\/option><option value=\"OR\">Oregon<\/option><option value=\"PA\">Pennsylvania<\/option><option value=\"RI\">Rhode Island<\/option><option value=\"SC\">South Carolina<\/option><option value=\"SD\">South Dakota<\/option><option value=\"TN\">Tennessee<\/option><option value=\"TX\">Texas<\/option><option value=\"UT\">Utah<\/option><option value=\"VT\">Vermont<\/option><option value=\"VA\">Virginia<\/option><option value=\"WA\">Washington<\/option><option value=\"WV\">West Virginia<\/option><option value=\"WI\">Wisconsin<\/option><option value=\"WY\">Wyoming<\/option>\t\t\t\t\t\t\t<\/select>\n\t\t\t\t\t\t\t\t\t\t\t\t\t\t\t<label for=\"_addressZipCode\">C\u00f3digo postal&nbsp;*<\/label>\n\t\t\t\t\t\n\t\t\t\t\t\t\t\t\t\t\t\t\t<input type=\"text\" id=\"_addressZipCode\" name=\"_addressZipCode\" value=\"\" required \/>\n\t\t\t\t\t\t\t\t\t\t\t\t\t\t\t<label for=\"_addressCountry\">Pais&nbsp;*<\/label>\n\t\t\t\t\t\n\t\t\t\t\t\t\t\t\t\t\t\t\t<select id=\"_addressCountry\" name=\"_addressCountry\" required>\n\t\t\t\t\t\t\t\t<option value=\"\">Selecione uma op\u00e7\u00e3o<\/option><option value=\"AF\">AFEGANIST\u00c3O<\/option><option value=\"AX\">ILHAS ALAND<\/option><option value=\"AL\">ALB\u00c2NIA<\/option><option value=\"DZ\">ARG\u00c9LIA<\/option><option value=\"AS\">SAMOA AMERICANA<\/option><option value=\"AD\">ANDORRA<\/option><option value=\"AO\">ANGOLA<\/option><option value=\"AI\">ANGUILLA<\/option><option value=\"AQ\">ANT\u00c1RTICA<\/option><option value=\"AG\">ANTIGUA E BARBUDA<\/option><option value=\"AR\">ARGENTINA<\/option><option value=\"AM\">ARM\u00caNIA<\/option><option value=\"AW\">ARUBA<\/option><option value=\"AU\">AUSTR\u00c1LIA<\/option><option value=\"AT\">\u00c1USTRIA<\/option><option value=\"AZ\">AZERBAIJ\u00c3O<\/option><option value=\"BS\">BAHAMAS<\/option><option value=\"BH\">BAR\u00c9M<\/option><option value=\"BD\">BANGLADESH<\/option><option value=\"BB\">BARBADOS<\/option><option value=\"BY\">BIELORR\u00daSSIA<\/option><option value=\"BE\">B\u00c9LGICA<\/option><option value=\"BZ\">BELIZE<\/option><option value=\"BJ\">BENIN<\/option><option value=\"BM\">BERMUDAS<\/option><option value=\"BT\">BUT\u00c3O<\/option><option value=\"BO\">BOL\u00cdVIA<\/option><option value=\"BA\">B\u00d3SNIA E HERZEGOVINA<\/option><option value=\"BW\">BOTSWANA<\/option><option value=\"BV\">ILHA DE BOUVET<\/option><option value=\"BR\">BRASIL<\/option><option value=\"BN\">BRUNEI DARUSSALAM<\/option><option value=\"BG\">BULG\u00c1RIA<\/option><option value=\"BF\">BURKINA FASO<\/option><option value=\"BI\">BURUNDI<\/option><option value=\"KH\">CAMBOJA<\/option><option value=\"CM\">CAMAR\u00d5ES<\/option><option value=\"CA\">CANAD\u00c1<\/option><option value=\"CV\">CABO VERDE<\/option><option value=\"KY\">ILHAS CAYMAN<\/option><option value=\"CF\">REP\u00daBLICA CENTRAL AFRICANA<\/option><option value=\"TD\">CHADE<\/option><option value=\"CL\">CHILE<\/option><option value=\"CN\">CHINA<\/option><option value=\"CX\">ILHA DO NATAL<\/option><option value=\"CC\">ILHAS COCOS (KEELING)<\/option><option value=\"CO\">COLOMBIA<\/option><option value=\"KM\">COMOROS<\/option><option value=\"CG\">CONGO (BRAZZAVILLE)<\/option><option value=\"CD\">CONGO (KINSHASA)<\/option><option value=\"CK\">ILHAS COOK<\/option><option value=\"CR\">COSTA RICA<\/option><option value=\"HR\">CRO\u00c1CIA<\/option><option value=\"CU\">CUBA<\/option><option value=\"CY\">CHIPRE<\/option><option value=\"CZ\">REP\u00daBLICA CHECA<\/option><option value=\"DK\">DINAMARCA<\/option><option value=\"DJ\">DJIBOUTI<\/option><option value=\"DM\">DOMINICA<\/option><option value=\"DO\">REP\u00daBLICA DOMINICANA<\/option><option value=\"EC\">EQUADOR<\/option><option value=\"EG\">EGITO<\/option><option value=\"SV\">EL SALVADOR<\/option><option value=\"GQ\">GUIN\u00c9 EQUATORIAL<\/option><option value=\"ER\">ERITREA<\/option><option value=\"EE\">EST\u00d4NIA<\/option><option value=\"ET\">ETI\u00d3PIA<\/option><option value=\"FK\">ILHAS FALKLAND (MALVINAS)<\/option><option value=\"FO\">ILHAS FAROE<\/option><option value=\"FJ\">FIJI<\/option><option value=\"FI\">FINL\u00c2NDIA<\/option><option value=\"FR\">FRAN\u00c7A<\/option><option value=\"GF\">GUIANA FRANCESA<\/option><option value=\"PF\">POLIN\u00c9SIA FRANCESA<\/option><option value=\"TF\">TERRIT\u00d3RIOS DO SUL FRANC\u00caS<\/option><option value=\"GA\">GAB\u00c3O<\/option><option value=\"GM\">G\u00c2MBIA<\/option><option value=\"GE\">GEORGIA<\/option><option value=\"DE\">ALEMANHA<\/option><option value=\"GH\">GANA<\/option><option value=\"GI\">GIBRALTAR<\/option><option value=\"GR\">GR\u00c9CIA<\/option><option value=\"GL\">GRONEL\u00c2NDIA<\/option><option value=\"GD\">GRENADA<\/option><option value=\"GP\">GUADALUPE<\/option><option value=\"GU\">GUAM<\/option><option value=\"GT\">GUATEMALA<\/option><option value=\"GN\">GUIN\u00c9<\/option><option value=\"GW\">GUIN\u00c9-BISSAU<\/option><option value=\"GY\">GUIANA<\/option><option value=\"HT\">HAITI<\/option><option value=\"VA\">SANTA S\u00c9 (ESTADO DA CIDADE DO VATICANO)<\/option><option value=\"HN\">HONDURAS<\/option><option value=\"HK\">HONG KONG<\/option><option value=\"HU\">HUNGRIA<\/option><option value=\"IS\">ISL\u00c2NDIA<\/option><option value=\"IN\">\u00cdNDIA<\/option><option value=\"ID\">INDON\u00c9SIA<\/option><option value=\"IR\">IR\u00c3 (REPUBLIC ISL\u00c2MICA DO IR\u00c3<\/option><option value=\"IQ\">IRAQUE<\/option><option value=\"IE\">IRLANDA<\/option><option value=\"IL\">ISRAEL<\/option><option value=\"IT\">IT\u00c1LIA<\/option><option value=\"CI\">COSTA DO MARFIM<\/option><option value=\"JM\">JAMAICA<\/option><option value=\"JP\">JAP\u00c3O<\/option><option value=\"JO\">JORD\u00c2NIA<\/option><option value=\"KZ\">KAZAKHSTAN<\/option><option value=\"KE\">QU\u00caNIA<\/option><option value=\"KI\">KIRIBATI<\/option><option value=\"KP\">COR\u00c9IA<\/option><option value=\"KR\">REPUBLICA DA COR\u00c9IA<\/option><option value=\"KW\">KUWAIT<\/option><option value=\"KG\">QUIRGUIST\u00c3O<\/option><option value=\"LA\">LAO<\/option><option value=\"LV\">LET\u00d4NIA<\/option><option value=\"LB\">L\u00cdBANO<\/option><option value=\"LS\">LESOTO<\/option><option value=\"LR\">LIB\u00c9RIA<\/option><option value=\"LY\">LIBYAN ARAB JAMAHIRIYA<\/option><option value=\"LI\">LIECHTENSTEIN<\/option><option value=\"LT\">LITU\u00c2NIA<\/option><option value=\"LU\">LUXEMBURGO<\/option><option value=\"MO\">MACAU<\/option><option value=\"MK\">MACED\u00d3NIA<\/option><option value=\"MG\">MADAG\u00c1SCAR<\/option><option value=\"MW\">MALAWIMALAWI<\/option><option value=\"MY\">MAL\u00c1SIA<\/option><option value=\"MV\">MALDIVAS<\/option><option value=\"ML\">MALI<\/option><option value=\"MT\">MALTA<\/option><option value=\"MH\">ILHAS MARSHALL<\/option><option value=\"MQ\">MARTINIQUE<\/option><option value=\"MR\">MAURIT\u00c2NIA<\/option><option value=\"MU\">MAUR\u00cdCIA<\/option><option value=\"YT\">MAYOTTE<\/option><option value=\"MX\">M\u00c9XICO<\/option><option value=\"FM\">MICRONESIA<\/option><option value=\"MD\">MOLDOVA, REP\u00daBLICA DA<\/option><option value=\"MC\">MONACO<\/option><option value=\"MN\">MONG\u00d3LIA<\/option><option value=\"ME\">MONTENEGRO<\/option><option value=\"MS\">MONTSERRAT<\/option><option value=\"MA\">MARROCOS<\/option><option value=\"MZ\">MO\u00c7AMBIQUE<\/option><option value=\"MM\">MYANMAR<\/option><option value=\"NA\">NAM\u00cdBIA<\/option><option value=\"NR\">NAURU<\/option><option value=\"NP\">NEPAL<\/option><option value=\"NL\">HOLANDA<\/option><option value=\"AN\">ANTILHAS HOLANDESAS<\/option><option value=\"NC\">NOVA CALED\u00d4NIA<\/option><option value=\"NZ\">NOVA ZEL\u00c2NDIA<\/option><option value=\"NI\">NICAR\u00c1GUA<\/option><option value=\"NE\">N\u00cdGER<\/option><option value=\"NG\">NIG\u00c9RIA<\/option><option value=\"NU\">NIUE<\/option><option value=\"NF\">ILHA NORFOLK<\/option><option value=\"MP\">ILHAS MARIANA DO NORTE<\/option><option value=\"NO\">NORUEGA<\/option><option value=\"OM\">OM\u00c3<\/option><option value=\"PK\">PAQUIST\u00c3O<\/option><option value=\"PW\">PALAU<\/option><option value=\"PS\">TERRIT\u00d3RIO PALESTINO<\/option><option value=\"PA\">PANAM\u00c1<\/option><option value=\"PG\">PAPUA NOVA GUIN\u00c9<\/option><option value=\"PY\">PARAGUAI<\/option><option value=\"PE\">PERU<\/option><option value=\"PH\">FILIPINAS<\/option><option value=\"PN\">PITCAIRN<\/option><option value=\"PL\">POL\u00d4NIA<\/option><option value=\"PT\">PORTUGAL<\/option><option value=\"PR\">PORTO RICO<\/option><option value=\"QA\">QATAR<\/option><option value=\"RE\">REUNI\u00c3O<\/option><option value=\"RO\">ROMANIA<\/option><option value=\"RU\">FEDERA\u00c7\u00c3O RUSSA<\/option><option value=\"RW\">RUANDA<\/option><option value=\"SH\">SAINT HELENA<\/option><option value=\"KN\">S\u00c3O KITTS E NEVIS<\/option><option value=\"LC\">SANTA L\u00daCIA<\/option><option value=\"PM\">S\u00c3O PIERRE E MIQUELON<\/option><option value=\"WS\">SAMOA<\/option><option value=\"SM\">S\u00c3O MARINHO<\/option><option value=\"ST\">S\u00c3O TOM\u00c9 E PR\u00cdNCIPE<\/option><option value=\"SA\">AR\u00c1BIA SAUDITA<\/option><option value=\"SN\">SENEGAL<\/option><option value=\"RS\">S\u00c9RVIA<\/option><option value=\"SC\">SEYCHELLES<\/option><option value=\"SL\">SERRA LEOA<\/option><option value=\"SG\">CINGAPURA<\/option><option value=\"SK\">ESLOV\u00c1QUIA<\/option><option value=\"SI\">ESLOV\u00caNIA<\/option><option value=\"SB\">ILHAS SALOM\u00c3O<\/option><option value=\"SO\">SOM\u00c1LIA<\/option><option value=\"ZA\">\u00c1FRICA DO SUL<\/option><option value=\"ES\">ESPANHA<\/option><option value=\"LK\">SRI LANKA<\/option><option value=\"SD\">SUD\u00c3O<\/option><option value=\"SR\">SURINAME<\/option><option value=\"SJ\">SVALBARD E JAN MAYEN<\/option><option value=\"SZ\">SUAZIL\u00c2NDIA<\/option><option value=\"SE\">SU\u00c9CIA<\/option><option value=\"CH\">SU\u00cd\u00c7A<\/option><option value=\"SY\">REP\u00daBLICA \u00c1RABE DA S\u00cdRIA<\/option><option value=\"TW\">TAIWAN<\/option><option value=\"TJ\">TAJIQUIST\u00c3O<\/option><option value=\"TZ\">TANZ\u00c2NIA REP\u00daBLICA UNIDA DA<\/option><option value=\"TH\">TAIL\u00c2NDIA<\/option><option value=\"TL\">TIMOR-LESTE<\/option><option value=\"TG\">TOGO<\/option><option value=\"TK\">TOKELAU<\/option><option value=\"TO\">TONGA<\/option><option value=\"TT\">TRINIDAD E TOBAGO<\/option><option value=\"TN\">TUN\u00cdSIA<\/option><option value=\"TR\">TURQUIA<\/option><option value=\"TM\">TURKMENISTAN<\/option><option value=\"TC\">ILHAS TURCAS E CAICOS<\/option><option value=\"TV\">TUVALU<\/option><option value=\"UG\">UGANDA<\/option><option value=\"UA\">UCR\u00c2NIA<\/option><option value=\"AE\">EMIRADOS \u00c1RABES UNIDOS<\/option><option value=\"GB\">REINO UNIDO<\/option><option value=\"US\">ESTADOS UNIDOS<\/option><option value=\"UY\">URUGUAI<\/option><option value=\"UZ\">UZBEKISTAN<\/option><option value=\"VU\">VANUATU<\/option><option value=\"VE\">VENEZUELA<\/option><option value=\"VN\">VIETN\u00c3<\/option><option value=\"VG\">VIRGIN ISLANDS BRITISH<\/option><option value=\"VI\">VIRGIN ISLANDS U.S.<\/option><option value=\"WF\">WALLIS E FUTUNA<\/option><option value=\"EH\">SARA OCIDENTAL<\/option><option value=\"YE\">I\u00c9MEN<\/option><option value=\"ZM\">Z\u00c2MBIA<\/option><option value=\"ZW\">ZIMB\u00c1BUE<\/option>\t\t\t\t\t\t\t<\/select>\n\t\t\t\t\t\t\t\t\t\t\t\t\t\t\t<label for=\"_companyName\">Nome da empresa<\/label>\n\t\t\t\t\t\n\t\t\t\t\t\t\t\t\t\t\t\t\t<input type=\"text\" id=\"_companyName\" name=\"_companyName\" value=\"\"  \/>\n\t\t\t\t\t\t\t\t\t\t\t\t\t\t\t<label for=\"_websiteUrl\">URL do website<\/label>\n\t\t\t\t\t\n\t\t\t\t\t\t\t\t\t\t\t\t\t<input type=\"text\" id=\"_websiteUrl\" name=\"_websiteUrl\" value=\"\"  \/>\n\t\t\t\t\t\t\t\t\t\t    \n                            <label for=\"chkAgreeTerms\" id=\"agreeTermsLabel\" class=\"pure-checkbox\"><input type=\"checkbox\" id=\"chkAgreeTerms\" name=\"chkAgreeTerms\"  required \/>&nbsp;Eu li e concordo com o <a target=\"_blank\" href=\"https:\/\/advancedsofttissuerelease.com\/affiliate-terms-conditions\/\">Termos e Condi\u00e7\u00f5es<\/a><\/label>\n                            <div id=\"termsAgreeWarning\" style=\"color: red; display: none\">Voc\u00ea deve concordar com os termos.<\/div>\n\t\t\t<script src=\"https:\/\/www.google.com\/recaptcha\/api.js\" async defer><\/script><div class=\"wpam_g_captcha\"><div class=\"g-recaptcha\" data-sitekey=\"6Le_0iETAAAAAH1U9uvq_ryfCiZ4fpZL7dG_B1ow\"><\/div><\/div>    \n                <!--<div class=\"wpam-registration-form\">-->\n                <input type=\"hidden\" name=\"wpam_reg_submit\" value=\"1\" \/>\n                <input type=\"submit\" name=\"submit\" value=\"Enviar inscri\u00e7\u00e3o\" class=\"wpam-registration-form-submit pure-button pure-button-active\" \/>\n                <!--<\/div>-->  \n                <\/fieldset>\n<\/form>\n<\/div>\n<div id=\"tncDialog\" style=\"display: none\">\n\t<div id=\"termsBox\" style=\"padding: 20px; width: auto; height: 380px; overflow: scroll; background-color: white; color: black; border: 1px solid black; white-space: pre-wrap;\">[AffiliatesRegister]<\/div>\n<\/div>\n\n","protected":false},"excerpt":{"rendered":"","protected":false},"author":1,"featured_media":0,"parent":1584,"menu_order":0,"comment_status":"closed","ping_status":"closed","template":"","meta":{"_analytify_skip_tracking":false,"footnotes":""},"class_list":["post-1585","page","type-page","status-publish","hentry"],"_links":{"self":[{"href":"https:\/\/advancedsofttissuerelease.com\/pt\/wp-json\/wp\/v2\/pages\/1585","targetHints":{"allow":["GET"]}}],"collection":[{"href":"https:\/\/advancedsofttissuerelease.com\/pt\/wp-json\/wp\/v2\/pages"}],"about":[{"href":"https:\/\/advancedsofttissuerelease.com\/pt\/wp-json\/wp\/v2\/types\/page"}],"author":[{"embeddable":true,"href":"https:\/\/advancedsofttissuerelease.com\/pt\/wp-json\/wp\/v2\/users\/1"}],"replies":[{"embeddable":true,"href":"https:\/\/advancedsofttissuerelease.com\/pt\/wp-json\/wp\/v2\/comments?post=1585"}],"version-history":[{"count":0,"href":"https:\/\/advancedsofttissuerelease.com\/pt\/wp-json\/wp\/v2\/pages\/1585\/revisions"}],"up":[{"embeddable":true,"href":"https:\/\/advancedsofttissuerelease.com\/pt\/wp-json\/wp\/v2\/pages\/1584"}],"wp:attachment":[{"href":"https:\/\/advancedsofttissuerelease.com\/pt\/wp-json\/wp\/v2\/media?parent=1585"}],"curies":[{"name":"wp","href":"https:\/\/api.w.org\/{rel}","templated":true}]}}