{"id":1588,"date":"2019-01-10T03:09:56","date_gmt":"2019-01-10T03:09:56","guid":{"rendered":"https:\/\/advancedsofttissuerelease.com\/?page_id=1588"},"modified":"2021-01-17T15:13:09","modified_gmt":"2021-01-17T22:13:09","slug":"termos-condicoes-de-afiliados-2","status":"publish","type":"page","link":"https:\/\/advancedsofttissuerelease.com\/pt\/affiliate-terms-conditions\/","title":{"rendered":"Termos e condi\u00e7\u00f5es de afiliados"},"content":{"rendered":"<p><strong>Termos e condi\u00e7\u00f5es de afiliados<\/strong><\/p>\n\n\n\n<p>O programa de afiliados do ASTR Institute \u00e9 gratuito e permite que os membros obtenham receita colocando um link ou links em seu site que anunciam o ASTR Institute ou produtos espec\u00edficos nele. Quaisquer vendas feitas para clientes que clicaram nesses links ganhar\u00e3o a comiss\u00e3o de afiliado. <strong>A taxa de comiss\u00e3o padr\u00e3o \u00e9 atualmente 20%.<\/strong><\/p>\n\n\n\n<p>Este acordo descreve os termos e condi\u00e7\u00f5es para participa\u00e7\u00e3o no programa de afiliados do ASTR Institute. Neste contrato, o termo \u201cAfiliado\u201d refere-se a voc\u00ea (o candidato). Neste contrato, \u201cInstituto ASTR\u201d refere-se ao Instituto ASTR, uma Corpora\u00e7\u00e3o da Calif\u00f3rnia, com quem voc\u00ea est\u00e1 firmando este contrato. Ao se inscrever no programa de afiliados do ASTR Institute, voc\u00ea confirma que leu o contrato&nbsp;<\/p>\n\n\n\n<p><strong>Comiss\u00f5es<\/strong><\/p>\n\n\n\n<p>Para que uma venda gere uma comiss\u00e3o a um Afiliado, o cliente deve preencher o formul\u00e1rio de pedido e efetuar o pagamento integral do produto. As comiss\u00f5es s\u00f3 ser\u00e3o pagas nas vendas realizadas quando o cliente clicar em links de Afiliados qualificados e corretamente estruturados. Os links devidamente codificados s\u00e3o de responsabilidade exclusiva do afiliado. As comiss\u00f5es podem ser visualizadas no Painel do Afiliado. Se o Afiliado estiver em um cronograma de pagamento recorrente, ele continuar\u00e1 a acumular comiss\u00f5es por cada transa\u00e7\u00e3o paga pelo cliente enquanto o cliente continuar pagando. Para os Afiliados participantes do programa recorrente, as comiss\u00f5es tamb\u00e9m ser\u00e3o acumuladas para upgrades de planos e adi\u00e7\u00e3o de usu\u00e1rios.<\/p>\n\n\n\n<p><strong>Pagamento<\/strong><\/p>\n\n\n\n<p>Um Afiliado pode solicitar um pagamento quando seu saldo atingir um saldo m\u00ednimo de $25 USD. Os pagamentos podem ser solicitados a cada 30 dias. O processamento do pagamento pode levar at\u00e9 30 dias a partir da data da solicita\u00e7\u00e3o. Os pagamentos geralmente ser\u00e3o pagos via PayPal.<\/p>\n\n\n\n<p><strong>Reembolsos<\/strong><\/p>\n\n\n\n<p>Caso um cliente solicite um reembolso para uma transa\u00e7\u00e3o para a qual o Afiliado ganhou comiss\u00f5es, quaisquer comiss\u00f5es recebidas sobre o valor do reembolso ser\u00e3o deduzidas do saldo do Afiliado.<\/p>\n\n\n\n<p><strong>Uso e obriga\u00e7\u00f5es<\/strong><\/p>\n\n\n\n<p>Os afiliados t\u00eam permiss\u00e3o para usar a marca do ASTR Institute e os recursos de marketing dispon\u00edveis na se\u00e7\u00e3o Afiliados do aplicativo do ASTR Institute ou do site do ASTR. Os logotipos e outros ativos n\u00e3o podem ser modificados. O Afiliado n\u00e3o obt\u00e9m nenhuma marca registrada, direitos autorais ou quaisquer outros direitos sobre esses materiais. O Afiliado nunca implicar\u00e1 que est\u00e1 agindo em nome do instituto ASTR e nunca anunciar\u00e1 o instituto ASTR diretamente. O Afiliado nunca concorrer\u00e1 a an\u00fancios que concorram com o instituto ASTR. O Afiliado nunca se apresentar\u00e1, o instituto ASTR ou seu relacionamento com o instituto ASTR de forma falsa ou enganosa. O Afiliado n\u00e3o se envolver\u00e1 na distribui\u00e7\u00e3o de um e-mail em massa n\u00e3o solicitado (spam ) mencionando ou fazendo refer\u00eancia ao instituto ASTR.<\/p>\n\n\n\n<p><strong>Prazo e Rescis\u00e3o<\/strong><\/p>\n\n\n\n<p>Qualquer uma das partes tem o direito de rescindir o contrato imediatamente sem aviso pr\u00e9vio. Se o Afiliado rescindir o contrato, nenhuma comiss\u00e3o adicional do instituto ASTR ser\u00e1 paga por quaisquer transa\u00e7\u00f5es passadas ou futuras do cliente. Se o instituto ASTR optar por rescindir o contrato, qualquer saldo maior superior a $25 USD ser\u00e1 pago ao afiliado no prazo de 60 dias ap\u00f3s a rescis\u00e3o. Saldos menores que $25 ser\u00e3o perdidos.<\/p>\n\n\n\n<p>Se o Afiliado estiver em um programa recorrente, o instituto ASTR n\u00e3o ser\u00e1 obrigado a nenhum pagamento futuro ap\u00f3s a rescis\u00e3o. Sua inscri\u00e7\u00e3o e status de afiliado no Programa podem ser suspensos ou encerrados por qualquer um dos seguintes motivos: An\u00fancios inapropriados (reivindica\u00e7\u00f5es falsas, hiperlinks enganosos , etc.).Spamming (e-mail em massa, postagem em grupo de not\u00edcias em massa, etc.).Publicidade em sites que contenham ou promovam atividades ilegais.Falha em divulgar o relacionamento de afiliado para qualquer promo\u00e7\u00e3o que se qualifique como um endosso de acordo com as diretrizes e regulamentos da Federal Trade Commission, ou quaisquer leis estaduais aplic\u00e1veis. Viola\u00e7\u00e3o dos direitos de propriedade intelectual.<\/p>\n\n\n\n<p>O instituto ASTR reserva-se o direito de exigir acordos de licen\u00e7a daqueles que empregam marcas registradas do instituto ASTR para proteger nossos direitos de propriedade intelectual. Oferecer descontos, cupons ou outra forma de propina prometida de sua comiss\u00e3o de afiliado como incentivo. No entanto, adicionar b\u00f4nus ou agrupar outros produtos com o instituto ASTR \u00e9 aceit\u00e1vel. Refer\u00eancias pr\u00f3prias, transa\u00e7\u00f5es fraudulentas, suspeita de fraude de afiliados. Al\u00e9m do exposto, o instituto ASTR se reserva o direito de encerrar qualquer conta de afiliado a qualquer momento, por quaisquer viola\u00e7\u00f5es deste Acordo ou sem motivo.<\/p>\n\n\n\n<p><strong>Lei Aplic\u00e1vel<\/strong><\/p>\n\n\n\n<p>Este Contrato ser\u00e1 regido, interpretado e executado de acordo com as leis do Estado de Idaho, sem levar em conta suas regras de conflito de leis.<\/p>\n\n\n\n<p><strong>Arbitragem<\/strong><\/p>\n\n\n\n<p>Todas as reivindica\u00e7\u00f5es e disputas decorrentes ou relacionadas a este Contrato devem ser resolvidas por arbitragem obrigat\u00f3ria no Estado de Idaho. Uma senten\u00e7a arbitral pode ser confirmada em um tribunal de jurisdi\u00e7\u00e3o competente.<\/p>\n\n\n\n<p><strong>Modifica\u00e7\u00e3o<\/strong><\/p>\n\n\n\n<p>Podemos modificar qualquer um dos termos e condi\u00e7\u00f5es deste Contrato a qualquer momento e a nosso exclusivo crit\u00e9rio. Essas modifica\u00e7\u00f5es podem incluir, mas n\u00e3o se limitam a altera\u00e7\u00f5es no escopo das comiss\u00f5es dispon\u00edveis, cronogramas de comiss\u00f5es, procedimentos de pagamento e regras do Programa de Afiliados.<\/p>","protected":false},"excerpt":{"rendered":"<p>Affiliate Terms &amp; Conditions ASTR Institute affiliate program is free and enables members to earn revenue by placing a link or links on their web site which advertises ASTR Institute or specific products on it. Any sales made to customers who have clicked on those links will earn the affiliate commission. The standard commission rate [&hellip;]<\/p>\n","protected":false},"author":1,"featured_media":0,"parent":0,"menu_order":0,"comment_status":"closed","ping_status":"closed","template":"","meta":{"_analytify_skip_tracking":false,"footnotes":""},"class_list":["post-1588","page","type-page","status-publish","hentry"],"_links":{"self":[{"href":"https:\/\/advancedsofttissuerelease.com\/pt\/wp-json\/wp\/v2\/pages\/1588","targetHints":{"allow":["GET"]}}],"collection":[{"href":"https:\/\/advancedsofttissuerelease.com\/pt\/wp-json\/wp\/v2\/pages"}],"about":[{"href":"https:\/\/advancedsofttissuerelease.com\/pt\/wp-json\/wp\/v2\/types\/page"}],"author":[{"embeddable":true,"href":"https:\/\/advancedsofttissuerelease.com\/pt\/wp-json\/wp\/v2\/users\/1"}],"replies":[{"embeddable":true,"href":"https:\/\/advancedsofttissuerelease.com\/pt\/wp-json\/wp\/v2\/comments?post=1588"}],"version-history":[{"count":0,"href":"https:\/\/advancedsofttissuerelease.com\/pt\/wp-json\/wp\/v2\/pages\/1588\/revisions"}],"wp:attachment":[{"href":"https:\/\/advancedsofttissuerelease.com\/pt\/wp-json\/wp\/v2\/media?parent=1588"}],"curies":[{"name":"wp","href":"https:\/\/api.w.org\/{rel}","templated":true}]}}