{"id":17080,"date":"2020-12-26T18:38:20","date_gmt":"2020-12-27T01:38:20","guid":{"rendered":"https:\/\/advancedsofttissuerelease.com\/?page_id=17080"},"modified":"2023-05-16T21:06:14","modified_gmt":"2023-05-17T03:06:14","slug":"isencao-de-responsabilidade-2","status":"publish","type":"page","link":"https:\/\/advancedsofttissuerelease.com\/pt\/disclaimer-2\/","title":{"rendered":"Declara\u00e7\u00e3o de exonera\u00e7\u00e3o de responsabilidade"},"content":{"rendered":"<p><strong>Declara\u00e7\u00e3o de exonera\u00e7\u00e3o de responsabilidade<\/strong><\/p>\r\n\r\n\r\n\r\n<p>Essas declara\u00e7\u00f5es n\u00e3o foram avaliadas pela Food and Drug Administration. Estes produtos n\u00e3o se destinam a diagnosticar, tratar, curar ou prevenir qualquer doen\u00e7a. Os resultados podem variar de pessoa para pessoa e n\u00e3o podemos garantir que voc\u00ea experimentar\u00e1 os mesmos resultados encontrados em nossos v\u00eddeos de depoimentos e tratamentos. Cada indiv\u00edduo \u00e9 diferente e o sucesso de uma pessoa n\u00e3o \u00e9 um resultado garantido.<\/p>\r\n\r\n\r\n\r\n<p>Os v\u00eddeos e informa\u00e7\u00f5es do site n\u00e3o se destinam a fornecer diagn\u00f3sticos, tratamentos, opini\u00f5es, servi\u00e7os ou conselhos a nenhum espectador. Atrav\u00e9s de nossas redes sociais, cursos e site apresentamos a voc\u00ea novas ideias de tratamento, destinadas a serem pesquisadas e ampliar o conhecimento geral. O conte\u00fado do nosso site, quaisquer v\u00eddeos ou publica\u00e7\u00f5es nas redes sociais n\u00e3o podem ser substitu\u00eddos por assist\u00eancia profissional. <strong>Se voc\u00ea estiver preocupado com um problema m\u00e9dico, consulte seu m\u00e9dico, m\u00e9dico ou outro profissional m\u00e9dico.<\/strong> <strong>SE VOC\u00ca ACHA QUE TEM UMA EMERG\u00caNCIA M\u00c9DICA, LIGUE IMEDIATAMENTE PARA O 911.\u00a0<\/strong><\/p>\r\n\r\n\r\n\r\n<p>O Dr. Joseph Jacobs e o instituto ASTR n\u00e3o s\u00e3o de forma alguma respons\u00e1veis por quaisquer a\u00e7\u00f5es, servi\u00e7os ou produtos adquiridos atrav\u00e9s deste site, nossos v\u00eddeos ou postagens em m\u00eddias sociais. O instituto ASTR nem suas organiza\u00e7\u00f5es ou pessoas associadas n\u00e3o s\u00e3o respons\u00e1veis por qualquer les\u00e3o ou dano causado pela aplica\u00e7\u00e3o de informa\u00e7\u00f5es em nossos cursos, site e postagem de m\u00eddia social. \u00c9 recomend\u00e1vel que voc\u00ea revise suas d\u00favidas e\/ou preocupa\u00e7\u00f5es com um profissional m\u00e9dico. Use nossas informa\u00e7\u00f5es por sua conta e risco. O conte\u00fado de nossos cursos, site, postagens nas redes sociais n\u00e3o pode ser substitu\u00eddo por assist\u00eancia profissional. Se voc\u00ea estiver preocupado com um problema m\u00e9dico, consulte seu m\u00e9dico, m\u00e9dico ou outro profissional m\u00e9dico.<\/p>\r\n\r\n\r\n\r\n<p><strong>Pergunte ao ASTR Isen\u00e7\u00e3o de responsabilidade<\/strong><\/p>\r\n\r\n\r\n\r\n<p>Ask ASTR \u00e9 um software de intelig\u00eancia artificial que ajuda os usu\u00e1rios a descobrir a causa de seus sintomas de sa\u00fade. Ask ASTR \u00e9 um produto beta e em constante desenvolvimento e atualiza\u00e7\u00f5es. \u00c9 de responsabilidade do usu\u00e1rio responder \u00e0s perguntas com precis\u00e3o, a fim de receber as melhores recomenda\u00e7\u00f5es para sua condi\u00e7\u00e3o. Respostas imprecisas do usu\u00e1rio levar\u00e3o a recomenda\u00e7\u00f5es imprecisas do sistema.\u00a0<\/p>\r\n\r\n\r\n\r\n<p>As declara\u00e7\u00f5es do nosso software n\u00e3o foram avaliadas pela Food and Drug Administration. Estes produtos n\u00e3o se destinam a diagnosticar, tratar, curar ou prevenir qualquer doen\u00e7a. As recomenda\u00e7\u00f5es fornecidas n\u00e3o podem substituir a assist\u00eancia profissional. Se voc\u00ea estiver preocupado com um problema m\u00e9dico, consulte seu m\u00e9dico, m\u00e9dico ou outro profissional m\u00e9dico. O Dr. Joseph Jacobs e o instituto ASTR n\u00e3o s\u00e3o de forma alguma respons\u00e1veis por quaisquer a\u00e7\u00f5es, servi\u00e7os ou produtos adquiridos atrav\u00e9s deste site. O instituto ASTR e suas organiza\u00e7\u00f5es ou pessoas associadas n\u00e3o s\u00e3o respons\u00e1veis por qualquer les\u00e3o ou dano causado pelo uso de nosso sistema. \u00c9 recomend\u00e1vel que voc\u00ea revise suas d\u00favidas e\/ou preocupa\u00e7\u00f5es com um profissional m\u00e9dico. Use por sua conta e risco. <strong>Se voc\u00ea estiver preocupado com um problema m\u00e9dico, consulte seu m\u00e9dico, m\u00e9dico ou outro profissional m\u00e9dico.<\/strong> <strong>SE VOC\u00ca ACHA QUE TEM UMA EMERG\u00caNCIA M\u00c9DICA, LIGUE IMEDIATAMENTE PARA O 911.\u00a0<\/strong><\/p>\r\n\r\n\r\n\r\n<p><strong>Isen\u00e7\u00e3o de responsabilidade dos cursos para profissionais de sa\u00fade<\/strong><\/p>\r\n\r\n\r\n\r\n<p>O instituto ASTR e os cursos ASTR destinam-se a treinamento avan\u00e7ado para profissionais de sa\u00fade e m\u00e9dicos. Esses cursos por si s\u00f3 n\u00e3o conferem a um profissional n\u00e3o licenciado a autoridade legal para implementar as informa\u00e7\u00f5es desses cursos em pacientes ou clientes. Algumas das informa\u00e7\u00f5es contidas nesses cursos podem estar al\u00e9m do escopo de uma pr\u00e1tica privada de sa\u00fade que n\u00e3o seja licenciada ou supervisionada por um m\u00e9dico ou outro profissional devidamente licenciado. Antes de utilizar as informa\u00e7\u00f5es ou t\u00e9cnicas apresentadas nestes cursos em pacientes ou clientes, um profissional n\u00e3o licenciado ou um profissional com licen\u00e7a restritiva (como farmac\u00eautico, fisioterapeuta, terapeuta ocupacional, quiropr\u00e1tico, enfermeiro, nutricionista, etc.) pr\u00e1tica relevante atua em seu estado para garantir que o uso do praticante das modalidades, terapias ou t\u00e9cnicas estabelecidas nestes cursos seja consistente com a lei estadual.<\/p>\r\n\r\n\r\n\r\n<p><strong>Isen\u00e7\u00e3o de responsabilidade dos programas de autotratamento<\/strong><\/p>\r\n\r\n\r\n\r\n<p>Essas declara\u00e7\u00f5es n\u00e3o foram avaliadas pela Food and Drug Administration. Estes produtos n\u00e3o se destinam a diagnosticar, tratar, curar ou prevenir qualquer doen\u00e7a. O conte\u00fado de nossos cursos n\u00e3o pode ser substitu\u00eddo por assist\u00eancia profissional. Se voc\u00ea estiver preocupado com um problema m\u00e9dico, consulte seu m\u00e9dico, m\u00e9dico ou outro profissional m\u00e9dico. O Dr. Joseph Jacobs e o instituto ASTR n\u00e3o s\u00e3o de forma alguma respons\u00e1veis por quaisquer a\u00e7\u00f5es, servi\u00e7os ou produtos adquiridos atrav\u00e9s deste site. O instituto ASTR e suas organiza\u00e7\u00f5es ou pessoas associadas n\u00e3o s\u00e3o respons\u00e1veis por qualquer les\u00e3o ou dano causado pela aplica\u00e7\u00e3o das ferramentas ASTR. As ferramentas ASTR s\u00e3o geralmente seguras quando praticadas com t\u00e9cnica e cuidado adequados. \u00c9 recomend\u00e1vel que voc\u00ea revise suas d\u00favidas e\/ou preocupa\u00e7\u00f5es com um profissional m\u00e9dico. Pare de usar imediatamente se houver dor, se a condi\u00e7\u00e3o piorar ou se causar hematomas. Use por sua conta e risco. <strong>Se voc\u00ea estiver preocupado com um problema m\u00e9dico, consulte seu m\u00e9dico, m\u00e9dico ou outro profissional m\u00e9dico.<\/strong> <strong>SE VOC\u00ca ACHA QUE TEM UMA EMERG\u00caNCIA M\u00c9DICA, LIGUE IMEDIATAMENTE PARA O 911.\u00a0<\/strong><\/p>\r\n\r\n\r\n\r\n<p><strong>Consulta e Avalia\u00e7\u00e3o de Telessa\u00fade<\/strong><\/p>\r\n<p>As sugest\u00f5es dadas durante as consultas e avalia\u00e7\u00f5es no que se refere \u00e0s recomenda\u00e7\u00f5es de nutri\u00e7\u00e3o, dieta, suplementos ou desintoxica\u00e7\u00e3o s\u00e3o puramente preventivas e educacionais e n\u00e3o se destinam ao diagn\u00f3stico de pacientes. M\u00e9dicos, enfermeiros e profissionais de enfermagem s\u00e3o os profissionais de sa\u00fade que t\u00eam autoridade para autorizar os pacientes a interromper ou iniciar interven\u00e7\u00f5es m\u00e9dicas espec\u00edficas. Encorajamos os pacientes a conduzirem suas pr\u00f3prias pesquisas no que se refere \u00e0s decis\u00f5es que tomam por si mesmos. Apoiamos a pesquisa atual. \u00c9 muito importante que cada paciente entre em contato com seu m\u00e9dico e comunique quaisquer altera\u00e7\u00f5es em seu regime de sa\u00fade. Deixar de fazer altera\u00e7\u00f5es sem consultar seu m\u00e9dico pode ser perigoso. Ao clicar no bot\u00e3o \u201cConcordo\u201d, voc\u00ea declara que compreende essas informa\u00e7\u00f5es.\u00a0<\/p>\r\n<p><strong>Magnet \u2013 Isen\u00e7\u00e3o de responsabilidade MagnaHeal<\/strong><\/p>\r\n\r\n\r\n\r\n<p>O ASTR Institute n\u00e3o \u00e9 respons\u00e1vel por qualquer les\u00e3o, destrui\u00e7\u00e3o ou dano que o MagnaHeal ou os \u00edm\u00e3s possam causar como resultado de seu uso. Antes de comprar o MagnaHeal, o comprador atesta que leu e compreendeu os seguintes avisos:<\/p>\r\n\r\n\r\n\r\n<p><strong>Contra-indica\u00e7\u00f5es:<\/strong> MagnaHeal deve ser evitado se voc\u00ea tiver um dos seguintes:<\/p>\r\n\r\n\r\n\r\n<ul class=\"wp-block-list\">\r\n<li>Marcapasso<\/li>\r\n<li>Gravidez<\/li>\r\n<li>Qualquer eletr\u00f4nica em seu corpo<\/li>\r\n<li>Apreens\u00e3o<\/li>\r\n<\/ul>\r\n\r\n\r\n\r\n<p>O comprador atesta que ele\/ela assume a responsabilidade da 100% por todas as les\u00f5es e danos que o MagnaHeal possa causar. Isso inclui ferimentos a si mesmo ou a outros, danos \u00e0 propriedade e danos ao MagnaHeal. O comprador deve concordar com estes termos antes de comprar o MagnaHeal.<\/p>\r\n\r\n\r\n\r\n<p>O ASTR Institute fornecer\u00e1 uma estimativa da for\u00e7a de tra\u00e7\u00e3o para o MagnaHeal, mas n\u00e3o somos respons\u00e1veis por qualquer discrep\u00e2ncia ou imprecis\u00e3o da for\u00e7a de tra\u00e7\u00e3o dos \u00edm\u00e3s. Por favor, teste a for\u00e7a de tra\u00e7\u00e3o antes de us\u00e1-lo.<\/p>\r\n\r\n\r\n\r\n<p>MagnaHeal \u00e9 muito poderoso. \u00c9 essencial que seja manuseado com cuidado para evitar danos ao \u00edm\u00e3 e ferimentos a si mesmo ou a terceiros. \u00cdm\u00e3s do mesmo tamanho ou maiores que um cubo de 3 polegadas t\u00eam o potencial de causar s\u00e9rios danos aos dedos se os dedos ficarem presos entre os 2 \u00edm\u00e3s. Os ossos podem quebrar e as pontas dos dedos podem ser perdidas.<\/p>\r\n\r\n\r\n\r\n<p>MagnaHeal \u00e9 quebr\u00e1vel. Se cair ou bater, pode quebrar ou estilha\u00e7ar. Use luvas e \u00f3culos de prote\u00e7\u00e3o ao segurar e usar o MagnaHeal, pois lascas e\/ou espa\u00e7adores podem se soltar e voar para fora do MagnaHeal.<\/p>\r\n\r\n\r\n\r\n<ul class=\"wp-block-list\">\r\n<li>Se o MagnaHeal for aquecido acima de 175 graus Farenheit ou 80 graus Celsius, ele perder\u00e1 sua propriedade magn\u00e9tica.<\/li>\r\n<li>MagnaHeal tem um campo magn\u00e9tico muito poderoso e pode danificar o seguinte: computadores, televisores, monitores de computador, suportes de dados, telefones, dispositivos eletr\u00f4nicos, cart\u00f5es de cr\u00e9dito, rel\u00f3gios, aparelhos auditivos, marca-passos, etc. Marcapassos s\u00e3o uma contra-indica\u00e7\u00e3o e podem ser danificados se expostos para o MagnaHeal. Pacientes com marca-passos precisam ficar a pelo menos 3 p\u00e9s de dist\u00e2ncia do MagnaHeal.<\/li>\r\n<li>MagnaHeal is only to be used externally.<\/li>\r\n<li>O MagnaHeal n\u00e3o deve ser alterado de forma alguma. N\u00e3o \u00e9 permitido cortar, perfurar ou serrar o MagnaHeal. Part\u00edculas de corte do MagnaHeal podem causar um ambiente muito perigoso, pois as part\u00edculas s\u00e3o altamente inflam\u00e1veis. O \u00edm\u00e3 quebrar\u00e1 se for serrado, cortado ou perfurado. MagnaHeal nunca deve ser queimado devido ao t\u00f3xico que isso criaria.<\/li>\r\n<\/ul>","protected":false},"excerpt":{"rendered":"<p>Disclaimer These statements have not been evaluated by the Food and Drug Administration. These products are not intended to diagnose, treat, cure, or prevent any disease. Results may vary with each person and we cannot guarantee that you will experience the same results found in our testimonial and treatment videos. Each individual is different and [&hellip;]<\/p>\n","protected":false},"author":1,"featured_media":0,"parent":0,"menu_order":0,"comment_status":"closed","ping_status":"closed","template":"","meta":{"_analytify_skip_tracking":false,"footnotes":""},"class_list":["post-17080","page","type-page","status-publish","hentry"],"_links":{"self":[{"href":"https:\/\/advancedsofttissuerelease.com\/pt\/wp-json\/wp\/v2\/pages\/17080","targetHints":{"allow":["GET"]}}],"collection":[{"href":"https:\/\/advancedsofttissuerelease.com\/pt\/wp-json\/wp\/v2\/pages"}],"about":[{"href":"https:\/\/advancedsofttissuerelease.com\/pt\/wp-json\/wp\/v2\/types\/page"}],"author":[{"embeddable":true,"href":"https:\/\/advancedsofttissuerelease.com\/pt\/wp-json\/wp\/v2\/users\/1"}],"replies":[{"embeddable":true,"href":"https:\/\/advancedsofttissuerelease.com\/pt\/wp-json\/wp\/v2\/comments?post=17080"}],"version-history":[{"count":0,"href":"https:\/\/advancedsofttissuerelease.com\/pt\/wp-json\/wp\/v2\/pages\/17080\/revisions"}],"wp:attachment":[{"href":"https:\/\/advancedsofttissuerelease.com\/pt\/wp-json\/wp\/v2\/media?parent=17080"}],"curies":[{"name":"wp","href":"https:\/\/api.w.org\/{rel}","templated":true}]}}