{"id":17086,"date":"2020-12-26T19:20:20","date_gmt":"2020-12-27T02:20:20","guid":{"rendered":"https:\/\/advancedsofttissuerelease.com\/?page_id=17086"},"modified":"2021-01-15T11:08:32","modified_gmt":"2021-01-15T18:08:32","slug":"praticas-de-aviso-de-privacidade","status":"publish","type":"page","link":"https:\/\/advancedsofttissuerelease.com\/pt\/notice-of-privacy-practices\/","title":{"rendered":"Aviso sobre pr\u00e1ticas de privacidade"},"content":{"rendered":"<p><strong>HIPAA \u2013 AVISO DE PR\u00c1TICAS DE PRIVACIDADE<\/strong><\/p>\n\n\n\n<p>ESTE AVISO DESCREVE COMO AS INFORMA\u00c7\u00d5ES DE SA\u00daDE PODEM SER USADAS E DIVULGADAS E COMO VOC\u00ca PODE TER ACESSO A ESTAS INFORMA\u00c7\u00d5ES PELO ASTR INSTITUTE, INC. POR FAVOR, REVISE-AS COM ATEN\u00c7\u00c3O.<\/p>\n\n\n\n<p><strong>I. NOSSO COMPROMISSO EM RELA\u00c7\u00c3O \u00c0S INFORMA\u00c7\u00d5ES DE SA\u00daDE:<\/strong><\/p>\n\n\n\n<p>O Instituto ASTR entende que as informa\u00e7\u00f5es de sa\u00fade sobre voc\u00ea e seus cuidados de sa\u00fade s\u00e3o pessoais. Comprometemo-nos a proteger as informa\u00e7\u00f5es de sa\u00fade sobre voc\u00ea. Precisamos desse registro para fornecer cuidados de qualidade e cumprir certos requisitos legais. Este aviso informar\u00e1 sobre as maneiras pelas quais podemos usar e divulgar informa\u00e7\u00f5es de sa\u00fade sobre voc\u00ea. Tamb\u00e9m descrevemos seus direitos \u00e0s informa\u00e7\u00f5es de sa\u00fade que mantemos sobre voc\u00ea e descrevemos certas obriga\u00e7\u00f5es que temos em rela\u00e7\u00e3o ao uso e divulga\u00e7\u00e3o de suas informa\u00e7\u00f5es de sa\u00fade. Exigimos por lei que:<\/p>\n\n\n\n<ul class=\"wp-block-list\"><li>Certifique-se de que as informa\u00e7\u00f5es de sa\u00fade protegidas (\u201cPHI\u201d) que o identificam sejam mantidas em sigilo.<\/li><li>Dar-lhe este aviso de nossos deveres legais e pr\u00e1ticas de privacidade em rela\u00e7\u00e3o \u00e0s informa\u00e7\u00f5es de sa\u00fade.<\/li><li>Siga os termos do aviso que est\u00e1 atualmente em vigor.<\/li><li>Podemos alterar os termos deste Aviso e tais altera\u00e7\u00f5es ser\u00e3o aplicadas a todas as informa\u00e7\u00f5es que temos sobre voc\u00ea. O novo Aviso estar\u00e1 dispon\u00edvel mediante solicita\u00e7\u00e3o no site da ASTR.<\/li><\/ul>\n\n\n\n<p><strong>II. COMO PODEMOS USAR E DIVULGAR INFORMA\u00c7\u00d5ES DE SA\u00daDE SOBRE VOC\u00ca:<\/strong><\/p>\n\n\n\n<p>As categorias a seguir descrevem diferentes maneiras como usamos e divulgamos informa\u00e7\u00f5es de sa\u00fade. Para cada categoria de usos ou divulga\u00e7\u00f5es, explicaremos o que queremos dizer e tentaremos dar alguns exemplos. Nem todos os usos ou divulga\u00e7\u00f5es em uma categoria ser\u00e3o listados. No entanto, todas as maneiras pelas quais permitimos usar e divulgar informa\u00e7\u00f5es se enquadram em uma das categorias.<\/p>\n\n\n\n<p>Para Pagamento de Tratamento, ou Opera\u00e7\u00f5es de Cuidados de Sa\u00fade: As regras federais de privacidade (regulamentos) permitem que os prestadores de cuidados de sa\u00fade que tenham uma rela\u00e7\u00e3o direta de tratamento com o paciente\/cliente usem ou divulguem as informa\u00e7\u00f5es pessoais de sa\u00fade do paciente\/cliente sem a autoriza\u00e7\u00e3o por escrito do paciente, para realizar o tratamento, pagamento ou opera\u00e7\u00f5es de cuidados de sa\u00fade do pr\u00f3prio prestador de cuidados de sa\u00fade. Tamb\u00e9m podemos divulgar suas informa\u00e7\u00f5es de sa\u00fade protegidas para as atividades de tratamento de qualquer profissional de sa\u00fade. Isso tamb\u00e9m pode ser feito sem sua autoriza\u00e7\u00e3o por escrito. Por exemplo, se um m\u00e9dico consultar outro profissional de sa\u00fade licenciado sobre sua condi\u00e7\u00e3o, ter\u00edamos permiss\u00e3o para usar e divulgar suas informa\u00e7\u00f5es de sa\u00fade pessoais, que de outra forma seriam confidenciais, para ajudar o m\u00e9dico no diagn\u00f3stico e tratamento de sua doen\u00e7a mental. condi\u00e7\u00e3o de sa\u00fade.<\/p>\n\n\n\n<p>As divulga\u00e7\u00f5es para fins de tratamento n\u00e3o se limitam ao padr\u00e3o m\u00ednimo necess\u00e1rio. Porque terapeutas e outros profissionais de sa\u00fade precisam ter acesso ao prontu\u00e1rio completo e\/ou informa\u00e7\u00f5es completas e completas para prestar um atendimento de qualidade. A palavra \u201ctratamento\u201d inclui, entre outras coisas, a coordena\u00e7\u00e3o e gest\u00e3o de prestadores de cuidados de sa\u00fade com terceiros, consultas entre prestadores de cuidados de sa\u00fade e encaminhamentos de um paciente para cuidados de sa\u00fade de um prestador de cuidados de sa\u00fade para outro.<\/p>\n\n\n\n<p>A\u00e7\u00f5es judiciais e disputas: Se voc\u00ea estiver envolvido em uma a\u00e7\u00e3o judicial, poderemos divulgar informa\u00e7\u00f5es de sa\u00fade em resposta a uma ordem judicial ou administrativa. Tamb\u00e9m podemos divulgar informa\u00e7\u00f5es de sa\u00fade sobre seu filho em resposta a uma intima\u00e7\u00e3o, solicita\u00e7\u00e3o de descoberta ou outro processo legal por outra pessoa envolvida na disputa, mas somente se esfor\u00e7os foram feitos para inform\u00e1-lo sobre a solicita\u00e7\u00e3o ou para obter uma ordem protegendo o informa\u00e7\u00e3o solicitada.<\/p>\n\n\n\n<p><strong>III. CERTOS USOS E DIVULGA\u00c7\u00d5ES REQUEREM SUA AUTORIZA\u00c7\u00c3O:<\/strong><\/p>\n\n\n\n<ol class=\"wp-block-list\"><li><strong>Notas M\u00e9dicas.<\/strong> N\u00f3s mantemos \u201cnotas\u201d conforme esse termo \u00e9 definido no 45 CFR \u00a7 164.501, e qualquer uso ou divulga\u00e7\u00e3o de tais notas requer sua Autoriza\u00e7\u00e3o, a menos que o uso ou divulga\u00e7\u00e3o seja:<\/li><li>uma. Para nosso uso no tratamento de voc\u00ea.<\/li><li>b. Para nosso uso em treinamento ou supervis\u00e3o para ajud\u00e1-los a melhorar suas habilidades em aconselhamento ou terapia em grupo, conjunto, familiar ou individual.<\/li><li>c. Para nosso uso em me defender em processos judiciais instaurados por voc\u00ea.<\/li><li>d. Para uso do Secret\u00e1rio de Sa\u00fade e Servi\u00e7os Humanos para investigar nossa conformidade com a HIPAA.<\/li><li>e. Exigido por lei e o uso ou divulga\u00e7\u00e3o est\u00e1 limitado aos requisitos de tal lei.<\/li><li>f. Exigido por lei para certas atividades de supervis\u00e3o de sa\u00fade pertencentes ao originador das notas.<\/li><li>g. Exigido por um m\u00e9dico legista que esteja exercendo fun\u00e7\u00f5es autorizadas por lei.<\/li><li>h. Necess\u00e1rio para ajudar a evitar uma s\u00e9ria amea\u00e7a \u00e0 sa\u00fade e seguran\u00e7a de outras pessoas.<\/li><li><strong>Finalidades de Marketing.<\/strong> N\u00e3o usaremos ou divulgaremos suas PHI para fins de marketing.<\/li><li><strong>Venda de PHI.<\/strong> N\u00e3o venderemos sua PHI no curso regular de nossos neg\u00f3cios.<\/li><\/ol>\n\n\n\n<p><strong>4. CERTOS USOS E DIVULGA\u00c7\u00d5ES N\u00c3O REQUEREM SUA AUTORIZA\u00c7\u00c3O.<\/strong><\/p>\n\n\n\n<p>Sujeito a certas limita\u00e7\u00f5es da lei, podemos usar e divulgar sua PHI sem sua autoriza\u00e7\u00e3o pelos seguintes motivos:<\/p>\n\n\n\n<ol class=\"wp-block-list\"><li>Quando a divulga\u00e7\u00e3o for exigida por lei estadual ou federal e o uso ou divulga\u00e7\u00e3o estiver em conformidade e estiver limitado aos requisitos relevantes de tal lei.<\/li><li>Para atividades de sa\u00fade p\u00fablica, incluindo den\u00fancia de suspeita de abuso infantil, idoso ou adulto dependente, ou preven\u00e7\u00e3o ou redu\u00e7\u00e3o de uma amea\u00e7a s\u00e9ria \u00e0 sa\u00fade ou seguran\u00e7a de qualquer pessoa.<\/li><li>Para atividades de supervis\u00e3o de sa\u00fade, incluindo auditorias e investiga\u00e7\u00f5es.<\/li><li>Para processos judiciais e administrativos, incluindo resposta a uma ordem judicial ou administrativa, embora nossa prefer\u00eancia seja obter uma Autoriza\u00e7\u00e3o sua antes de faz\u00ea-lo.<\/li><li>Para fins de aplica\u00e7\u00e3o da lei, incluindo den\u00fancia de crimes ocorridos em nossas instala\u00e7\u00f5es.<\/li><li>Aos m\u00e9dicos legistas ou m\u00e9dicos legistas, quando estiverem exercendo fun\u00e7\u00f5es autorizadas por lei.<\/li><li>Para fins de pesquisa, incluindo estudar e comparar a sa\u00fade de pacientes que receberam uma forma de terapia versus aqueles que receberam outra forma de terapia para a mesma condi\u00e7\u00e3o.<\/li><li>Fun\u00e7\u00f5es governamentais especializadas, incluindo assegurar a execu\u00e7\u00e3o adequada das miss\u00f5es militares; proteger o Presidente dos Estados Unidos; conduzir opera\u00e7\u00f5es de intelig\u00eancia ou contra-intelig\u00eancia; ou, ajudando a garantir a seguran\u00e7a daqueles que trabalham dentro ou alojados em institui\u00e7\u00f5es correcionais.<\/li><li>Para fins de compensa\u00e7\u00e3o dos trabalhadores. Embora nossa prefer\u00eancia seja obter uma Autoriza\u00e7\u00e3o sua, posso fornecer sua PHI para cumprir as leis de compensa\u00e7\u00e3o trabalhista.<\/li><li>Lembretes de compromissos e benef\u00edcios ou servi\u00e7os relacionados \u00e0 sa\u00fade. Podemos usar e divulgar sua PHI para entrar em contato com voc\u00ea para lembr\u00e1-lo de que voc\u00ea tem um compromisso conosco. Tamb\u00e9m podemos usar e divulgar sua PHI para inform\u00e1-lo sobre alternativas de tratamento ou outros servi\u00e7os ou benef\u00edcios de assist\u00eancia m\u00e9dica que ofere\u00e7o.<\/li><li>Podemos divulgar suas informa\u00e7\u00f5es de sa\u00fade a outros profissionais de sa\u00fade em nossa pr\u00e1tica para fins de tratamento, pagamento ou opera\u00e7\u00f5es de sa\u00fade.<\/li><li>Podemos divulgar suas informa\u00e7\u00f5es de sa\u00fade ao seu provedor de seguros para fins de pagamento ou opera\u00e7\u00f5es de assist\u00eancia m\u00e9dica.&nbsp;<\/li><li>Podemos divulgar suas informa\u00e7\u00f5es de sa\u00fade conforme necess\u00e1rio para cumprir as Leis Estaduais de Compensa\u00e7\u00e3o de Trabalhadores.<\/li><li>Podemos divulgar suas informa\u00e7\u00f5es de sa\u00fade para notificar ou ajudar a notificar um membro da fam\u00edlia ou outra pessoa respons\u00e1vel por seus cuidados sobre sua condi\u00e7\u00e3o m\u00e9dica ou em caso de emerg\u00eancia ou de sua morte.<\/li><li>Conforme exigido por lei, podemos divulgar suas informa\u00e7\u00f5es de sa\u00fade \u00e0s autoridades de sa\u00fade p\u00fablica para fins relacionados a: prevenir ou controlar doen\u00e7as, les\u00f5es ou defici\u00eancias, relatar abuso ou neglig\u00eancia infantil, relatar viol\u00eancia dom\u00e9stica, relatar \u00e0 Food and Drug Administration problemas com produtos e rea\u00e7\u00f5es a medicamentos e relato de exposi\u00e7\u00e3o a doen\u00e7as ou infec\u00e7\u00f5es.<\/li><li>Podemos divulgar suas informa\u00e7\u00f5es de sa\u00fade no decorrer de qualquer processo administrativo ou judicial.<\/li><li>Podemos divulgar suas informa\u00e7\u00f5es de sa\u00fade a um oficial da lei para fins como identificar ou localizar um suspeito, fugitivo, testemunha material ou pessoa desaparecida, cumprir uma ordem judicial ou intima\u00e7\u00e3o e outros fins de aplica\u00e7\u00e3o da lei.<\/li><li>Podemos divulgar suas informa\u00e7\u00f5es de sa\u00fade para m\u00e9dicos legistas ou m\u00e9dicos legistas.<\/li><li>Podemos divulgar suas informa\u00e7\u00f5es de sa\u00fade para organiza\u00e7\u00f5es envolvidas na aquisi\u00e7\u00e3o, banco ou transplante de \u00f3rg\u00e3os e tecidos.<\/li><li>Podemos divulgar suas informa\u00e7\u00f5es de sa\u00fade para pesquisadores que conduzam pesquisas que tenham sido aprovadas por um Conselho de Revis\u00e3o Institucional.<\/li><li>Pode ser necess\u00e1rio divulgar suas informa\u00e7\u00f5es de sa\u00fade \u00e0s pessoas apropriadas para prevenir ou diminuir uma amea\u00e7a s\u00e9ria e iminente \u00e0 sa\u00fade ou seguran\u00e7a de uma determinada pessoa ou do p\u00fablico em geral.<\/li><li>Podemos divulgar suas informa\u00e7\u00f5es de sa\u00fade para fins militares, de seguran\u00e7a nacional, prisioneiros e benef\u00edcios governamentais. &nbsp;<\/li><li>Podemos deixar uma mensagem em um dispositivo de atendimento autom\u00e1tico ou na pessoa que atender o telefone para fins de agendamento de consultas. Nenhuma informa\u00e7\u00e3o pessoal de sa\u00fade ser\u00e1 divulgada durante esta grava\u00e7\u00e3o ou mensagem al\u00e9m da data e hora da sua consulta agendada, juntamente com uma solicita\u00e7\u00e3o para ligar para nosso escrit\u00f3rio se voc\u00ea precisar cancelar ou reagendar sua consulta.\u201d<\/li><li>Podemos entrar em contato com voc\u00ea ou enviar sua conta por telefone, correio ou e-mail. \u201c\u00c9 nossa pr\u00e1tica participar de eventos beneficentes e de marketing para aumentar a conscientiza\u00e7\u00e3o, doa\u00e7\u00f5es de alimentos, presentes, dinheiro, etc. Durante esses per\u00edodos, podemos enviar uma carta, cart\u00e3o postal, convite ou ligar para sua casa convidando voc\u00ea a participar a atividade beneficente. &nbsp;<\/li><li>No caso de sermos vendidos ou fundidos com outra organiza\u00e7\u00e3o, suas informa\u00e7\u00f5es\/registros de sa\u00fade se tornar\u00e3o propriedade do novo propriet\u00e1rio.<\/li><\/ol>\n\n\n\n<p><strong>V. CERTOS USOS E DIVULGA\u00c7\u00d5ES EXIGEM QUE VOC\u00ca TENHA A OPORTUNIDADE DE OBJETAR.<\/strong><\/p>\n\n\n\n<p>Divulga\u00e7\u00f5es para familiares, amigos ou outros. Podemos fornecer sua PHI a um membro da fam\u00edlia, amigo ou outra pessoa que voc\u00ea indique estar envolvida em seus cuidados ou no pagamento de seus cuidados de sa\u00fade, a menos que voc\u00ea se oponha no todo ou em parte. A oportunidade de consentimento pode ser obtida retroativamente em situa\u00e7\u00f5es de emerg\u00eancia.<\/p>\n\n\n\n<p><strong>VI. VOC\u00ca TEM OS SEGUINTES DIREITOS COM RELA\u00c7\u00c3O \u00c0 SUA PHI:<\/strong><\/p>\n\n\n\n<ol class=\"wp-block-list\"><li>O Direito de Solicitar Limites de Usos e Divulga\u00e7\u00f5es de suas PHI. Voc\u00ea tem o direito de me pedir para n\u00e3o usar ou divulgar determinadas PHI para fins de tratamento, pagamento ou opera\u00e7\u00f5es de assist\u00eancia m\u00e9dica. N\u00e3o somos obrigados a concordar com sua solicita\u00e7\u00e3o e posso dizer \u201cn\u00e3o\u201d se acreditarmos que isso afetaria seus cuidados de sa\u00fade.<\/li><li>O direito de solicitar restri\u00e7\u00f5es para despesas desembolsadas pagas integralmente. Voc\u00ea tem o direito de solicitar restri\u00e7\u00f5es nas divulga\u00e7\u00f5es de suas PHI a planos de sa\u00fade para fins de pagamento ou opera\u00e7\u00f5es de assist\u00eancia m\u00e9dica se a PHI pertencer apenas a um item de assist\u00eancia m\u00e9dica ou a um servi\u00e7o de assist\u00eancia m\u00e9dica que voc\u00ea pagou integralmente.<\/li><li>O direito de escolher como enviamos PHI para voc\u00ea. Voc\u00ea tem o direito de nos pedir para entrar em contato com voc\u00ea de uma maneira espec\u00edfica (por exemplo, telefone residencial ou comercial) ou enviar correspond\u00eancia para um endere\u00e7o diferente, e n\u00f3s concordaremos com todas as solicita\u00e7\u00f5es razo\u00e1veis.<\/li><li>O direito de ver e obter c\u00f3pias de sua PHI. Al\u00e9m de \u201canota\u00e7\u00f5es m\u00e9dicas\u201d, voc\u00ea tem o direito de obter uma c\u00f3pia eletr\u00f4nica ou em papel de seu prontu\u00e1rio m\u00e9dico e outras informa\u00e7\u00f5es que temos sobre voc\u00ea. Forneceremos a voc\u00ea uma c\u00f3pia de seu registro, ou um resumo dele, se voc\u00ea concordar em receber um resumo, no prazo de 30 dias ap\u00f3s o recebimento de sua solicita\u00e7\u00e3o por escrito, e poderemos cobrar uma taxa razo\u00e1vel baseada no custo por faz\u00ea-lo.<\/li><li>O direito de obter uma lista das divulga\u00e7\u00f5es que fizemos. Voc\u00ea tem o direito de solicitar uma lista de casos em que divulgamos sua PHI para outros fins que n\u00e3o tratamento, pagamento ou opera\u00e7\u00f5es de assist\u00eancia m\u00e9dica, ou para as quais voc\u00ea me forneceu uma Autoriza\u00e7\u00e3o. Responderemos ao seu pedido de contabiliza\u00e7\u00e3o das divulga\u00e7\u00f5es no prazo de 60 dias ap\u00f3s o recebimento do seu pedido. Cobraremos uma taxa baseada em custo razo\u00e1vel para cada solicita\u00e7\u00e3o adicional.<\/li><li>O direito de corrigir ou atualizar sua PHI. Se voc\u00ea acredita que h\u00e1 um erro em sua PHI ou que uma informa\u00e7\u00e3o importante est\u00e1 faltando em sua PHI, voc\u00ea tem o direito de solicitar que corrijamos as informa\u00e7\u00f5es existentes ou adicionemos as informa\u00e7\u00f5es ausentes. Podemos dizer \u201cn\u00e3o\u201d \u00e0 sua solicita\u00e7\u00e3o, mas informaremos o motivo por escrito em at\u00e9 60 dias ap\u00f3s o recebimento da solicita\u00e7\u00e3o.<\/li><li>O direito de obter uma c\u00f3pia impressa ou eletr\u00f4nica deste Aviso. Voc\u00ea tem o direito de obter uma c\u00f3pia impressa deste Aviso e tem o direito de obter uma c\u00f3pia deste aviso por e-mail. E, mesmo que voc\u00ea tenha concordado em receber este Aviso por e-mail, voc\u00ea tamb\u00e9m tem o direito de solicitar uma c\u00f3pia impressa do mesmo.<\/li><li>Voc\u00ea tem o direito de solicitar restri\u00e7\u00f5es sobre determinados usos e divulga\u00e7\u00f5es de suas informa\u00e7\u00f5es de sa\u00fade. Informamos, no entanto, que n\u00e3o somos obrigados a concordar com a restri\u00e7\u00e3o que voc\u00ea solicitou.<\/li><li>Voc\u00ea tem o direito de ter suas informa\u00e7\u00f5es de sa\u00fade recebidas ou comunicadas por meio de um m\u00e9todo alternativo ou enviadas para um local alternativo diferente do m\u00e9todo usual de comunica\u00e7\u00e3o ou entrega, mediante solicita\u00e7\u00e3o.<\/li><li>Voc\u00ea tem o direito de inspecionar e copiar suas informa\u00e7\u00f5es de sa\u00fade.<\/li><li>Voc\u00ea tem o direito de solicitar que alteremos suas informa\u00e7\u00f5es de sa\u00fade protegidas. Informamos, no entanto, que n\u00e3o somos obrigados a concordar em alterar suas informa\u00e7\u00f5es de sa\u00fade protegidas. Se sua solicita\u00e7\u00e3o para alterar suas informa\u00e7\u00f5es de sa\u00fade for negada, voc\u00ea receber\u00e1 uma explica\u00e7\u00e3o do(s) motivo(s) da recusa e informa\u00e7\u00f5es sobre como voc\u00ea pode discordar da recusa.<\/li><li>Voc\u00ea tem o direito de receber uma contabilidade das divulga\u00e7\u00f5es de suas informa\u00e7\u00f5es de sa\u00fade protegidas feitas por n\u00f3s.<\/li><li>Voc\u00ea tem direito a uma c\u00f3pia impressa deste Aviso de Pr\u00e1ticas de Privacidade a qualquer momento, mediante solicita\u00e7\u00e3o.<\/li><\/ol>\n\n\n\n<p>Reservamo-nos o direito de alterar este Aviso de Pr\u00e1ticas de Privacidade a qualquer momento no futuro e tornaremos as novas disposi\u00e7\u00f5es efetivas para todas as informa\u00e7\u00f5es que ele mantiver. At\u00e9 que tal altera\u00e7\u00e3o seja feita, somos obrigados por lei a cumprir este Aviso. &nbsp;<\/p>\n\n\n\n<p>Somos obrigados por lei a manter a privacidade de suas informa\u00e7\u00f5es de sa\u00fade e a notific\u00e1-lo sobre seus deveres legais e pr\u00e1ticas de privacidade com rela\u00e7\u00e3o \u00e0s suas informa\u00e7\u00f5es de sa\u00fade. Se voc\u00ea tiver d\u00favidas sobre qualquer parte deste aviso ou se quiser mais informa\u00e7\u00f5es sobre seus direitos de privacidade, entre em contato conosco ligando para este escrit\u00f3rio em <strong>(888) 210-2787<\/strong>. Se nosso Diretor de Privacidade n\u00e3o estiver dispon\u00edvel, voc\u00ea poder\u00e1 marcar uma entrevista pessoal ou por telefone em at\u00e9 2 dias \u00fateis. &nbsp;<\/p>\n\n\n\n<p>Voc\u00ea tem o direito de se comunicar conosco sobre quaisquer reclama\u00e7\u00f5es que possa ter se acreditar que violamos seus direitos de privacidade de alguma forma. Voc\u00ea tamb\u00e9m tem o direito de entrar em contato com o Secret\u00e1rio de Sa\u00fade e Servi\u00e7os Humanos se acreditar que violamos seus direitos de privacidade. O ASTR Institute se preocupa com voc\u00ea e quer saber se voc\u00ea tem algum problema ou reclama\u00e7\u00e3o em rela\u00e7\u00e3o \u00e0 privacidade de suas informa\u00e7\u00f5es de sa\u00fade.<\/p>\n\n\n\n<p>Reclama\u00e7\u00f5es sobre seus direitos de privacidade, ou como lidamos com suas informa\u00e7\u00f5es de sa\u00fade, devem ser direcionadas ao nosso Diretor de Privacidade, ligando para este escrit\u00f3rio em <strong>(888) 210-2787<\/strong>. Se nosso Diretor de Privacidade n\u00e3o estiver dispon\u00edvel, voc\u00ea poder\u00e1 marcar uma entrevista pessoal ou por telefone em at\u00e9 2 dias \u00fateis. Se voc\u00ea n\u00e3o estiver satisfeito com a maneira como este escrit\u00f3rio trata sua reclama\u00e7\u00e3o, voc\u00ea pode enviar uma reclama\u00e7\u00e3o formal para:<\/p>\n\n\n\n<p><strong>Instituto ASTR<\/strong><\/p>\n\n\n\n<p>1577 N Linder Rd MB # 199<\/p>\n\n\n\n<p>Kuna, ID 83634<\/p>\n\n\n\n<p>E-mail: support@atrinstitute.com&nbsp;<\/p>\n\n\n\n<p><strong>DATA DE VIG\u00caNCIA DESTE AVISO<\/strong><\/p>\n\n\n\n<p>Este aviso entrou em vigor em 03\/01\/2018<\/p>\n\n\n\n<p>Confirma\u00e7\u00e3o de Recebimento de Aviso de Privacidade<\/p>\n\n\n\n<p>De acordo com a Lei de Portabilidade e Responsabilidade do Seguro de Sa\u00fade de 1996 (HIPAA), voc\u00ea tem certos direitos em rela\u00e7\u00e3o ao uso e divulga\u00e7\u00e3o de suas informa\u00e7\u00f5es de sa\u00fade protegidas. Ao usar este site, voc\u00ea reconhece que recebeu uma c\u00f3pia do Aviso de Pr\u00e1ticas de Privacidade da HIPAA. Ao usar este site, voc\u00ea fornece \u00e0 empresa acima minha autoriza\u00e7\u00e3o e consentimento para usar e divulgar minhas informa\u00e7\u00f5es de sa\u00fade protegidas para fins de tratamento, pagamento e opera\u00e7\u00f5es de sa\u00fade, conforme descrito no Aviso de Privacidade<\/p>\n\n\n\n<p>LI ESTE ACORDO E CONCORDO COM TODAS AS DISPOSI\u00c7\u00d5ES ACIMA CONTIDAS.&nbsp;<\/p>","protected":false},"excerpt":{"rendered":"<p>HIPAA &#8211; NOTICE OF PRIVACY PRACTICES THIS NOTICE DESCRIBES HOW HEALTH INFORMATION MAY BE USED AND DISCLOSED AND HOW YOU CAN GET ACCESS TO THIS INFORMATION BY ASTR INSTITUTE, INC. PLEASE REVIEW IT CAREFULLY. I. OUR PLEDGE REGARDING HEALTH INFORMATION: ASTR Institute understand that health information about you and your health care is personal. We [&hellip;]<\/p>\n","protected":false},"author":1,"featured_media":0,"parent":0,"menu_order":0,"comment_status":"closed","ping_status":"closed","template":"","meta":{"_analytify_skip_tracking":false,"footnotes":""},"class_list":["post-17086","page","type-page","status-publish","hentry"],"_links":{"self":[{"href":"https:\/\/advancedsofttissuerelease.com\/pt\/wp-json\/wp\/v2\/pages\/17086","targetHints":{"allow":["GET"]}}],"collection":[{"href":"https:\/\/advancedsofttissuerelease.com\/pt\/wp-json\/wp\/v2\/pages"}],"about":[{"href":"https:\/\/advancedsofttissuerelease.com\/pt\/wp-json\/wp\/v2\/types\/page"}],"author":[{"embeddable":true,"href":"https:\/\/advancedsofttissuerelease.com\/pt\/wp-json\/wp\/v2\/users\/1"}],"replies":[{"embeddable":true,"href":"https:\/\/advancedsofttissuerelease.com\/pt\/wp-json\/wp\/v2\/comments?post=17086"}],"version-history":[{"count":0,"href":"https:\/\/advancedsofttissuerelease.com\/pt\/wp-json\/wp\/v2\/pages\/17086\/revisions"}],"wp:attachment":[{"href":"https:\/\/advancedsofttissuerelease.com\/pt\/wp-json\/wp\/v2\/media?parent=17086"}],"curies":[{"name":"wp","href":"https:\/\/api.w.org\/{rel}","templated":true}]}}