{"id":187,"date":"2016-05-19T04:47:42","date_gmt":"2016-05-19T04:47:42","guid":{"rendered":"https:\/\/advancedsofttissuerelease.com\/whiplash\/"},"modified":"2016-05-19T04:47:42","modified_gmt":"2016-05-19T04:47:42","slug":"chicote","status":"publish","type":"page","link":"https:\/\/advancedsofttissuerelease.com\/pt\/whiplash\/","title":{"rendered":"Chicote"},"content":{"rendered":"<h1 class=\"p1\"> \t<span style=\"color:#696969;\">Chicote<\/span><\/h1>\n<p class=\"p2\"> \t<span style=\"color:#696969;\"><span class=\"s1\">Whiplash \u00e9 um forte movimento r\u00e1pido para frente e para tr\u00e1s do pesco\u00e7o. Geralmente ocorre ap\u00f3s um acidente de carro, abuso f\u00edsico, trauma ou les\u00e3o esportiva. Impacto repentino enquanto o corpo est\u00e1 em repouso for\u00e7a a cabe\u00e7a para tr\u00e1s hiperextens\u00e3o do pesco\u00e7o. Este movimento brusco causa danos aos tecidos moles que sustentam os ossos inferiores do pesco\u00e7o (v\u00e9rtebras cervicais inferiores). Imediatamente ap\u00f3s a cabe\u00e7a ser jogada para frente, hiperflex\u00e3o do pesco\u00e7o e danos primos ao tecido mole que sustenta os ossos superiores do pesco\u00e7o (v\u00e9rtebras cervicais superiores). Ambos os movimentos causam alongamento dos m\u00fasculos e ligamentos, juntamente com poss\u00edveis danos aos ossos do pesco\u00e7o. &nbsp;<\/span><\/span><\/p>\n<p class=\"p1\"> \t<span style=\"color: rgb(105, 105, 105); font-family: 'Helvetica Neue', Helvetica, Arial, sans-serif; font-size: 30px; line-height: 1.1;\">Sintomas de Whiplash<\/span><\/p>\n<ul>\n<li class=\"li2\"> \t\t<span style=\"color:#696969;\"><span class=\"s1\">Dor de pesco\u00e7o<\/span><\/span><\/li>\n<li class=\"li2\"> \t\t<span style=\"color:#696969;\"><span class=\"s1\">Movimento restrito no pesco\u00e7o&nbsp;<\/span><\/span><\/li>\n<li class=\"li2\"> \t\t<span style=\"color:#696969;\"><span class=\"s1\">Dores de cabe\u00e7a na base da habilidade<\/span><\/span><\/li>\n<li class=\"li2\"> \t\t<span style=\"color:#696969;\"><span class=\"s1\">Ternura nos ombros, parte superior das costas ou bra\u00e7os<\/span><\/span><\/li>\n<li class=\"li2\"> \t\t<span style=\"color:#696969;\"><span class=\"s1\">Formigamento&nbsp;<\/span><\/span><\/li>\n<\/ul>\n<h3 class=\"p2\"> \t<span style=\"color:#696969;\"><span class=\"s1\">Tratamento de chicote&nbsp;<\/span><\/span><\/h3>\n<p class=\"p2\"> \t<span style=\"color:#696969;\"><span class=\"s1\">O dano aos tecidos, ap\u00f3s a ocorr\u00eancia do chicote, move o corpo para o processo de cicatriza\u00e7\u00e3o e acumula tecido cicatricial ao redor do pesco\u00e7o. O tecido cicatricial pode ser decomposto afetivamente pelo tratamento ASTR. O Center for Advanced Soft Tissue Release utiliza m\u00e9dicos treinados com ferramentas patenteadas especificamente projetadas para romper e liberar tecido cicatricial e reduzir a inflama\u00e7\u00e3o sem causar dor. A remo\u00e7\u00e3o do tecido cicatricial junto com o alongamento promove o processo natural de cicatriza\u00e7\u00e3o, liberando o aperto nos m\u00fasculos, f\u00e1scia e tend\u00f5es. A t\u00e9cnica \u00e9 projetada para ser um al\u00edvio da dor r\u00e1pido, n\u00e3o invasivo e de longo prazo.<\/span><\/span><\/p>","protected":false},"excerpt":{"rendered":"<p>Whiplash Whiplash is a forceful rapid back and forth movement of the neck.&nbsp; It usually occurs after a car accident, physical abuse, trauma, or sports injury.&nbsp; Sudden impact while the body is at rest forces the head backwards hyperextending the neck.&nbsp; This jerking motion causes damage to soft tissue that holds the lower bones of [&hellip;]<\/p>\n","protected":false},"author":2447,"featured_media":0,"parent":0,"menu_order":165,"comment_status":"closed","ping_status":"closed","template":"","meta":{"_analytify_skip_tracking":false,"footnotes":""},"class_list":["post-187","page","type-page","status-publish","hentry"],"_links":{"self":[{"href":"https:\/\/advancedsofttissuerelease.com\/pt\/wp-json\/wp\/v2\/pages\/187","targetHints":{"allow":["GET"]}}],"collection":[{"href":"https:\/\/advancedsofttissuerelease.com\/pt\/wp-json\/wp\/v2\/pages"}],"about":[{"href":"https:\/\/advancedsofttissuerelease.com\/pt\/wp-json\/wp\/v2\/types\/page"}],"author":[{"embeddable":true,"href":"https:\/\/advancedsofttissuerelease.com\/pt\/wp-json\/wp\/v2\/users\/2447"}],"replies":[{"embeddable":true,"href":"https:\/\/advancedsofttissuerelease.com\/pt\/wp-json\/wp\/v2\/comments?post=187"}],"version-history":[{"count":0,"href":"https:\/\/advancedsofttissuerelease.com\/pt\/wp-json\/wp\/v2\/pages\/187\/revisions"}],"wp:attachment":[{"href":"https:\/\/advancedsofttissuerelease.com\/pt\/wp-json\/wp\/v2\/media?parent=187"}],"curies":[{"name":"wp","href":"https:\/\/api.w.org\/{rel}","templated":true}]}}