{"id":194,"date":"2016-05-19T04:53:19","date_gmt":"2016-05-19T04:53:19","guid":{"rendered":"https:\/\/advancedsofttissuerelease.com\/thigh-pain\/"},"modified":"2016-05-19T04:53:19","modified_gmt":"2016-05-19T04:53:19","slug":"dor-na-coxa-2","status":"publish","type":"page","link":"https:\/\/advancedsofttissuerelease.com\/pt\/thigh-pain\/","title":{"rendered":"Dor na Coxa"},"content":{"rendered":"<h1 class=\"p1\"> \t<span style=\"color:#696969;\"><span class=\"s1\">Dor na Coxa&nbsp;<\/span><\/span><\/h1>\n<p class=\"p1\"> \t<span style=\"color:#696969;\"><span class=\"s1\">O uso constante nos m\u00fasculos, articula\u00e7\u00f5es, tend\u00f5es e ligamentos pode causar les\u00f5es na coxa, que \u00e9 o tipo mais comum de les\u00e3o. A dor na coxa pode vir do uso excessivo, causando inflama\u00e7\u00e3o e resultando em dor, mas tamb\u00e9m pode ser causada por l\u00e1grimas de esfor\u00e7o do m\u00fasculo. A dor pode variar de uma dor inc\u00f4moda, dorm\u00eancia e formigamento, at\u00e9 uma dor aguda e aguda. Se a dor persistir por mais de alguns dias, deve-se procurar atendimento m\u00e9dico.<\/span><\/span><\/p>\n<h2 class=\"p1\"> \t<span style=\"color:#696969;\"><span class=\"s1\">Causas da dor na coxa<\/span><\/span><\/h2>\n<ul>\n<li class=\"li1\"> \t\t<span style=\"color:#696969;\"><span class=\"s1\">L\u00e1grima de tens\u00e3o do m\u00fasculo&nbsp;<\/span><\/span><\/li>\n<li class=\"li1\"> \t\t<span style=\"color:#696969;\"><span class=\"s1\">Les\u00f5es por uso excessivo do m\u00fasculo (ligamento, articula\u00e7\u00e3o, tend\u00e3o, dos m\u00fasculos)<\/span><\/span><\/li>\n<li class=\"li1\"> \t\t<span style=\"color:#696969;\"><span class=\"s1\">Co\u00e1gulo sangu\u00edneo&nbsp;<\/span><\/span><\/li>\n<li class=\"li1\"> \t\t<span style=\"color:#696969;\"><span class=\"s1\">Sciatica<\/span><\/span><\/li>\n<li class=\"li1\"> \t\t<span style=\"color:#696969;\"><span class=\"s1\">Merlagia Parent\u00e9tico&nbsp;<\/span><\/span><\/li>\n<li class=\"li1\"> \t\t<span style=\"color:#696969;\"><span class=\"s1\">S\u00edndrome da dor trocant\u00e9rica maior&nbsp;<\/span><\/span><\/li>\n<li class=\"li1\"> \t\t<span style=\"color:#696969;\"><span class=\"s1\">Sentado por longos per\u00edodos de tempo&nbsp;<\/span><\/span><\/li>\n<li class=\"li1\"> \t\t<span style=\"color:#696969;\"><span class=\"s1\">Gravidez&nbsp;<\/span><\/span><\/li>\n<li class=\"li1\"> \t\t<span style=\"color:#696969;\"><span class=\"s1\">H\u00e9rnia&nbsp;<\/span><\/span><\/li>\n<li class=\"li1\"> \t\t<span style=\"color:#696969;\"><span class=\"s1\">Varizes&nbsp;<\/span><\/span><\/li>\n<li class=\"li1\"> \t\t<span style=\"color:#696969;\"><span class=\"s1\">Obesidade&nbsp;<\/span><\/span><\/li>\n<\/ul>\n<h3 class=\"p1\"> \t<span style=\"color:#696969;\"><span class=\"s1\">Tratamento para dor na coxa&nbsp;<\/span><\/span><\/h3>\n<ul>\n<li class=\"li1\"> \t\t<span style=\"color:#696969;\"><span class=\"s1\">Ferramentas ASTR\u00ae: Nossos m\u00e9dicos usam uma variedade de ferramentas ASTR\u00ae para liberar tecido cicatricial e restri\u00e7\u00e3o miofascial, o que pode diminuir a dor e aliviar os sintomas.<\/span><\/span><\/li>\n<li class=\"li1\"> \t\t<span style=\"color:#696969;\"><span class=\"s1\">Programa especial de exerc\u00edcios para diminuir a inflama\u00e7\u00e3o, fortalecer os m\u00fasculos e ajudar o paciente a retornar \u00e0s fun\u00e7\u00f5es e atividades normais.<\/span><\/span><\/li>\n<li class=\"li1\"> \t\t<span style=\"color:#696969;\"><span class=\"s1\">Instru\u00e7\u00f5es especiais sobre como acelerar o tempo de recupera\u00e7\u00e3o.<\/span><\/span><\/li>\n<\/ul>","protected":false},"excerpt":{"rendered":"<p>Thigh Pain&nbsp; Constant use on the muscles, joints, tendons, and ligaments can cause injuries to the thigh, which is the most common type of injury.&nbsp; Thigh pain can either come from overuse causing inflammation and resulting in pain, but can also be cause by tears of straining of the muscle.&nbsp; Pain can vary from a [&hellip;]<\/p>\n","protected":false},"author":2447,"featured_media":0,"parent":0,"menu_order":158,"comment_status":"closed","ping_status":"closed","template":"","meta":{"_analytify_skip_tracking":false,"footnotes":""},"class_list":["post-194","page","type-page","status-publish","hentry"],"_links":{"self":[{"href":"https:\/\/advancedsofttissuerelease.com\/pt\/wp-json\/wp\/v2\/pages\/194","targetHints":{"allow":["GET"]}}],"collection":[{"href":"https:\/\/advancedsofttissuerelease.com\/pt\/wp-json\/wp\/v2\/pages"}],"about":[{"href":"https:\/\/advancedsofttissuerelease.com\/pt\/wp-json\/wp\/v2\/types\/page"}],"author":[{"embeddable":true,"href":"https:\/\/advancedsofttissuerelease.com\/pt\/wp-json\/wp\/v2\/users\/2447"}],"replies":[{"embeddable":true,"href":"https:\/\/advancedsofttissuerelease.com\/pt\/wp-json\/wp\/v2\/comments?post=194"}],"version-history":[{"count":0,"href":"https:\/\/advancedsofttissuerelease.com\/pt\/wp-json\/wp\/v2\/pages\/194\/revisions"}],"wp:attachment":[{"href":"https:\/\/advancedsofttissuerelease.com\/pt\/wp-json\/wp\/v2\/media?parent=194"}],"curies":[{"name":"wp","href":"https:\/\/api.w.org\/{rel}","templated":true}]}}