{"id":196,"date":"2016-05-31T18:58:29","date_gmt":"2016-05-31T18:58:29","guid":{"rendered":"https:\/\/advancedsofttissuerelease.com\/drop-foot\/"},"modified":"2016-05-31T18:58:29","modified_gmt":"2016-05-31T18:58:29","slug":"drop-foot-2","status":"publish","type":"page","link":"https:\/\/advancedsofttissuerelease.com\/pt\/drop-foot\/","title":{"rendered":"Soltar P\u00e9"},"content":{"rendered":"<h1 class=\"p1\"> \t<span style=\"color:#696969;\"><span class=\"s1\"><b>Soltar P\u00e9<\/b><\/span><\/span><\/h1>\n<p class=\"p1\"> \t<span style=\"color:#696969;\"><span class=\"s2\">O p\u00e9 ca\u00eddo ocorre quando o p\u00e9 tem uma fraqueza ou paralisia nos m\u00fasculos e pode ser um sinal de um dist\u00farbio neurol\u00f3gico subjacente ou dano nervoso. Causa uma incapacidade de pegar a parte da frente do p\u00e9 ao caminhar, \u00e0s vezes fazendo com que os dedos dos p\u00e9s se arrastem. Muitas vezes as pessoas compensam levantando a perna mais alto quando andam. O p\u00e9 ca\u00eddo pode acontecer em um ou ambos os p\u00e9s em qualquer pessoa. &nbsp;<\/span><\/span><\/p>\n<p class=\"p2\"> \t<span style=\"color:#696969;\"><span style=\"font-family: &quot;Helvetica Neue&quot;, Helvetica, Arial, sans-serif; font-size: 30px; line-height: 1.1;\">P\u00e9 ca\u00eddo Causas poss\u00edveis<\/span><\/span><\/p>\n<ul>\n<li class=\"p1\"> \t\t<span style=\"color:#696969;\"><span class=\"s2\">Les\u00e3o do nervo (pin\u00e7ada ou comprimida)<\/span><\/span><\/li>\n<li class=\"p1\"> \t\t<span style=\"color:#696969;\"><span class=\"s2\">Les\u00e3o esportiva<\/span><\/span><\/li>\n<li class=\"p1\"> \t\t<span style=\"color:#696969;\"><span class=\"s2\">Parto<\/span><\/span><\/li>\n<li class=\"p1\"> \t\t<span style=\"color:#696969;\"><span class=\"s2\">EM<\/span><\/span><\/li>\n<li class=\"p1\"> \t\t<span style=\"color:#696969;\"><span class=\"s2\">Doen\u00e7a de Charcot-Marie-Tooth<\/span><\/span><\/li>\n<li class=\"p1\"> \t\t<span style=\"color:#696969;\"><span class=\"s2\">Cirurgia de substitui\u00e7\u00e3o do quadril ou joelho<\/span><\/span><\/li>\n<li class=\"p1\"> \t\t<span style=\"color:#696969;\"><span class=\"s2\">Distrofia muscular<\/span><\/span><\/li>\n<\/ul>\n<h3 class=\"p1\"> \t<span style=\"color:#696969;\"><span class=\"s1\">Tratamento para p\u00e9s ca\u00eddos<\/span><\/span><\/h3>\n<p class=\"p1\"> \t<span style=\"color:#696969;\"><span class=\"s2\">ASTR usa abordagens hol\u00edsticas, n\u00e3o invasivas e sem dor para aliviar a dor sem o uso de medicamentos. Nossos m\u00e9dicos usam ferramentas ASTR patenteadas para quebrar e limpar o tecido cicatricial existente e a restri\u00e7\u00e3o miofasical em pacientes. Programas de exerc\u00edcios especiais espec\u00edficos s\u00e3o dados aos pacientes que s\u00e3o projetados para reduzir a inflama\u00e7\u00e3o e fortalecer o m\u00fasculo para trazer o paciente de volta a um funcionamento e atividade normais.<\/span><\/span><\/p>","protected":false},"excerpt":{"rendered":"<p>Drop Foot Drop foot occurs when the foot has a weakness or paralysis in the muscles and can be a sign of an underlying neurological disorder or nerve damage.&nbsp; It causes an inability to pick up the front part of the foot when walking, sometimes causing the toes to drag.&nbsp; Often times people compensate by [&hellip;]<\/p>\n","protected":false},"author":2447,"featured_media":0,"parent":0,"menu_order":156,"comment_status":"closed","ping_status":"closed","template":"","meta":{"_analytify_skip_tracking":false,"footnotes":""},"class_list":["post-196","page","type-page","status-publish","hentry"],"_links":{"self":[{"href":"https:\/\/advancedsofttissuerelease.com\/pt\/wp-json\/wp\/v2\/pages\/196","targetHints":{"allow":["GET"]}}],"collection":[{"href":"https:\/\/advancedsofttissuerelease.com\/pt\/wp-json\/wp\/v2\/pages"}],"about":[{"href":"https:\/\/advancedsofttissuerelease.com\/pt\/wp-json\/wp\/v2\/types\/page"}],"author":[{"embeddable":true,"href":"https:\/\/advancedsofttissuerelease.com\/pt\/wp-json\/wp\/v2\/users\/2447"}],"replies":[{"embeddable":true,"href":"https:\/\/advancedsofttissuerelease.com\/pt\/wp-json\/wp\/v2\/comments?post=196"}],"version-history":[{"count":0,"href":"https:\/\/advancedsofttissuerelease.com\/pt\/wp-json\/wp\/v2\/pages\/196\/revisions"}],"wp:attachment":[{"href":"https:\/\/advancedsofttissuerelease.com\/pt\/wp-json\/wp\/v2\/media?parent=196"}],"curies":[{"name":"wp","href":"https:\/\/api.w.org\/{rel}","templated":true}]}}