{"id":198,"date":"2016-05-31T18:59:59","date_gmt":"2016-05-31T18:59:59","guid":{"rendered":"https:\/\/advancedsofttissuerelease.com\/shin-splints\/"},"modified":"2016-05-31T18:59:59","modified_gmt":"2016-05-31T18:59:59","slug":"dores-nas-canelas-2","status":"publish","type":"page","link":"https:\/\/advancedsofttissuerelease.com\/pt\/shin-splints\/","title":{"rendered":"Dores nas canelas"},"content":{"rendered":"<h1 class=\"p1\"> \t<span style=\"color:#696969;\"><span class=\"s1\"><b>Dores nas canelas<\/b><\/span><\/span><\/h1>\n<p class=\"p1\"> \t<span style=\"color:#696969;\"><span class=\"s2\">As dores nas canelas se apresentam como dor ao longo do osso da canela que ocorre frequentemente em corredores e dan\u00e7arinos. As dores nas canelas ocorrem quando os m\u00fasculos, tend\u00f5es e tecido \u00f3sseo est\u00e3o sobrecarregados devido ao aumento da atividade ou mudan\u00e7a na rotina. Pode causar sensibilidade, latejamento, dor ou incha\u00e7o leve na parte frontal da perna. As dores nas canelas podem durar de 1 a 3 dias, se parecerem persistir do que podem ser parte de uma les\u00e3o mais grave. &nbsp;<\/span><\/span><\/p>\n<p class=\"p2\"> \t<span style=\"color:#696969;\"><span style=\"font-family: 'Helvetica Neue', Helvetica, Arial, sans-serif; font-size: 30px; line-height: 1.1;\">Fatores de risco para t\u00edbia<\/span><\/span><\/p>\n<ul>\n<li class=\"p1\"> \t\t<span style=\"color:#696969;\"><span class=\"s2\">Corrida (especialmente novos corredores ou iniciando um novo programa de corrida)<\/span><\/span><\/li>\n<li class=\"p1\"> \t\t<span style=\"color:#696969;\"><span class=\"s2\">P\u00e9s chatos\/arcos em colapso<\/span><\/span><\/li>\n<li class=\"p1\"> \t\t<span style=\"color:#696969;\"><span class=\"s2\">Arcos altos<\/span><\/span><\/li>\n<li class=\"p1\"> \t\t<span style=\"color:#696969;\"><span class=\"s2\">Fraqueza nos quadris ou no n\u00facleo<\/span><\/span><\/li>\n<li class=\"p1\"> \t\t<span style=\"color:#696969;\"><span class=\"s2\">Correr em terreno irregular<\/span><\/span><\/li>\n<li class=\"p1\"> \t\t<span style=\"color:#696969;\"><span class=\"s2\">Fraturas por Estresse<\/span><\/span><\/li>\n<\/ul>\n<p class=\"p2\"> \t<span style=\"color:#696969;\"><span style=\"font-family: 'Helvetica Neue', Helvetica, Arial, sans-serif; font-size: 24px; line-height: 1.1;\">Tratamento de t\u00edbia<\/span><\/span><\/p>\n<p class=\"p1\"> \t<span style=\"color:#696969;\"><span class=\"s2\">ASTR usa abordagens hol\u00edsticas, n\u00e3o invasivas e sem dor para aliviar a dor sem o uso de medicamentos. Nossos m\u00e9dicos usam ferramentas ASTR patenteadas para quebrar e limpar o tecido cicatricial existente e a restri\u00e7\u00e3o miofasical em pacientes. Programas de exerc\u00edcios especiais espec\u00edficos s\u00e3o dados aos pacientes que s\u00e3o projetados para reduzir a inflama\u00e7\u00e3o e fortalecer o m\u00fasculo para trazer o paciente de volta a um funcionamento e atividade normais.<\/span><\/span><\/p>","protected":false},"excerpt":{"rendered":"<p>Shin Splints Shin splints presents itself as pain along the shin bone that often occurs in runners and dancers.&nbsp; Shin splints occurs when the muscles, tendons, and bone tissue are overworked from increased activity or change in routine.&nbsp; It can cause tenderness, throbbing, aching, or mild swelling in the front of the lower leg.&nbsp; Shin [&hellip;]<\/p>\n","protected":false},"author":2447,"featured_media":0,"parent":0,"menu_order":154,"comment_status":"closed","ping_status":"closed","template":"","meta":{"_analytify_skip_tracking":false,"footnotes":""},"class_list":["post-198","page","type-page","status-publish","hentry"],"_links":{"self":[{"href":"https:\/\/advancedsofttissuerelease.com\/pt\/wp-json\/wp\/v2\/pages\/198","targetHints":{"allow":["GET"]}}],"collection":[{"href":"https:\/\/advancedsofttissuerelease.com\/pt\/wp-json\/wp\/v2\/pages"}],"about":[{"href":"https:\/\/advancedsofttissuerelease.com\/pt\/wp-json\/wp\/v2\/types\/page"}],"author":[{"embeddable":true,"href":"https:\/\/advancedsofttissuerelease.com\/pt\/wp-json\/wp\/v2\/users\/2447"}],"replies":[{"embeddable":true,"href":"https:\/\/advancedsofttissuerelease.com\/pt\/wp-json\/wp\/v2\/comments?post=198"}],"version-history":[{"count":0,"href":"https:\/\/advancedsofttissuerelease.com\/pt\/wp-json\/wp\/v2\/pages\/198\/revisions"}],"wp:attachment":[{"href":"https:\/\/advancedsofttissuerelease.com\/pt\/wp-json\/wp\/v2\/media?parent=198"}],"curies":[{"name":"wp","href":"https:\/\/api.w.org\/{rel}","templated":true}]}}