{"id":199,"date":"2016-05-31T19:07:33","date_gmt":"2016-05-31T19:07:33","guid":{"rendered":"https:\/\/advancedsofttissuerelease.com\/morton-s-neuroma\/"},"modified":"2016-05-31T19:07:33","modified_gmt":"2016-05-31T19:07:33","slug":"morton-s-neuroma","status":"publish","type":"page","link":"https:\/\/advancedsofttissuerelease.com\/pt\/morton-s-neuroma\/","title":{"rendered":"Morton\u2019s Neuroma"},"content":{"rendered":"<h1 class=\"p1\"> \t<span style=\"color:#696969;\"><span class=\"s1\"><b>Morton\u2019s Neuroma<\/b><\/span><\/span><\/h1>\n<p class=\"p1\"> \t<span style=\"color:#696969;\"><span class=\"s2\">Morton\u2019s Neuroma is when the nerve between the third and fourth toes becomes thickened or swollen and affects the ball of your foot. Morton&#8217;s neuroma causes and individual to feel as if they are standing on a small pebble and may feel sharp or burning pains.&nbsp; The tissue around the nerves leading to the toes becomes thickened often due to the toes being squeezed together for too long commonly from women\u2019s high heels.&nbsp; High heels, rock climbing, and foot deformities are risk factors for Morton\u2019s neuroma. &nbsp;<\/span><\/span><\/p>\n<h2 class=\"p1\"> \t<span style=\"color:#696969;\"><span class=\"s1\">Morton\u2019s Neuroma Symptoms<\/span><\/span><\/h2>\n<ul>\n<li class=\"p1\"> \t\t<span style=\"color:#696969;\"><span class=\"s2\">Sharp or burning pain<\/span><\/span><\/li>\n<li class=\"p1\"> \t\t<span style=\"color:#696969;\"><span class=\"s2\">Feeling a small lump on the ball of the foot<\/span><\/span><\/li>\n<li class=\"p1\"> \t\t<span style=\"color:#696969;\"><span class=\"s2\">Numbness or tingling in the toes<\/span><\/span><\/li>\n<\/ul>\n<h3 class=\"p1\"> \t<span style=\"color:#696969;\"><span class=\"s1\">Morton&#8217;s Neuroma Treatment<\/span><\/span><\/h3>\n<p class=\"p1\"> \t<span style=\"color:#696969;\"><span class=\"s2\">ASTR usa abordagens hol\u00edsticas, n\u00e3o invasivas e sem dor para aliviar a dor sem o uso de medicamentos. Nossos m\u00e9dicos usam ferramentas ASTR patenteadas para quebrar e limpar o tecido cicatricial existente e a restri\u00e7\u00e3o miofasical em pacientes. Programas de exerc\u00edcios especiais espec\u00edficos s\u00e3o dados aos pacientes que s\u00e3o projetados para reduzir a inflama\u00e7\u00e3o e fortalecer o m\u00fasculo para trazer o paciente de volta a um funcionamento e atividade normais.<\/span><\/span><\/p>","protected":false},"excerpt":{"rendered":"<p>Morton\u2019s Neuroma Morton\u2019s Neuroma is when the nerve between the third and fourth toes becomes thickened or swollen and affects the ball of your foot. Morton&#8217;s neuroma causes and individual to feel as if they are standing on a small pebble and may feel sharp or burning pains.&nbsp; The tissue around the nerves leading to [&hellip;]<\/p>\n","protected":false},"author":2447,"featured_media":0,"parent":0,"menu_order":153,"comment_status":"closed","ping_status":"closed","template":"","meta":{"_analytify_skip_tracking":false,"footnotes":""},"class_list":["post-199","page","type-page","status-publish","hentry"],"_links":{"self":[{"href":"https:\/\/advancedsofttissuerelease.com\/pt\/wp-json\/wp\/v2\/pages\/199","targetHints":{"allow":["GET"]}}],"collection":[{"href":"https:\/\/advancedsofttissuerelease.com\/pt\/wp-json\/wp\/v2\/pages"}],"about":[{"href":"https:\/\/advancedsofttissuerelease.com\/pt\/wp-json\/wp\/v2\/types\/page"}],"author":[{"embeddable":true,"href":"https:\/\/advancedsofttissuerelease.com\/pt\/wp-json\/wp\/v2\/users\/2447"}],"replies":[{"embeddable":true,"href":"https:\/\/advancedsofttissuerelease.com\/pt\/wp-json\/wp\/v2\/comments?post=199"}],"version-history":[{"count":0,"href":"https:\/\/advancedsofttissuerelease.com\/pt\/wp-json\/wp\/v2\/pages\/199\/revisions"}],"wp:attachment":[{"href":"https:\/\/advancedsofttissuerelease.com\/pt\/wp-json\/wp\/v2\/media?parent=199"}],"curies":[{"name":"wp","href":"https:\/\/api.w.org\/{rel}","templated":true}]}}