{"id":204,"date":"2016-05-31T19:14:03","date_gmt":"2016-05-31T19:14:03","guid":{"rendered":"https:\/\/advancedsofttissuerelease.com\/rotator-cuff-tendonitis\/"},"modified":"2022-01-15T12:40:59","modified_gmt":"2022-01-15T19:40:59","slug":"tendinite-do-manguito-rotador-2","status":"publish","type":"page","link":"https:\/\/advancedsofttissuerelease.com\/pt\/rotator-cuff-tendonitis\/","title":{"rendered":"Tendinite do manguito rotador"},"content":{"rendered":"<h1 class=\"p1\"><span style=\"color: #696969;\"><span class=\"s1\"><b>Tendinite do manguito rotador<\/b><\/span><\/span><\/h1>\n<p><iframe title=\"Stop Rotator Cuff Tendonitis Naturally: Symptoms, Causes, Healing Cycle &amp; Treatment\" width=\"800\" height=\"450\" src=\"https:\/\/www.youtube.com\/embed\/9m8MbakUue0?feature=oembed\" frameborder=\"0\" allow=\"accelerometer; autoplay; clipboard-write; encrypted-media; gyroscope; picture-in-picture; web-share\" allowfullscreen><\/iframe><\/p>\n<p class=\"p1\"><span style=\"color: #696969;\"><span class=\"s2\">A tendinite do manguito rotador \u00e9 quando o manguito rotador (articula\u00e7\u00e3o do ombro) est\u00e1 inflamado. Isso geralmente ocorre ao longo do tempo por uso excessivo ou movimento impr\u00f3prio repetitivo no manguito rotador. Os esportes que t\u00eam alto risco de tendinite do manguito rotador incluem t\u00eanis, nata\u00e7\u00e3o e arremesso. Os primeiros sintomas da tendinite do manguito rotador podem diminuir com o repouso, mas os est\u00e1gios avan\u00e7ados podem precisar de tratamento fisioterap\u00eautico para recuperar a fun\u00e7\u00e3o completa e reduzir a dor. \u00a0<\/span><\/span><\/p>\n<p class=\"p2\"><span style=\"color: #696969;\"><span style=\"font-family: 'Helvetica Neue', Helvetica, Arial, sans-serif; font-size: 30px; line-height: 1.1;\">Sintomas de tendinite do manguito rotador<\/span><\/span><\/p>\n<ul>\n<li class=\"p1\"><span style=\"color: #696969;\"><span class=\"s2\">Dor e incha\u00e7o no ombro e bra\u00e7o<\/span><\/span><\/li>\n<li class=\"p1\"><span style=\"color: #696969;\"><span class=\"s2\">Rigidez<\/span><\/span><\/li>\n<li class=\"p1\"><span style=\"color: #696969;\"><span class=\"s2\">Dor ao alcan\u00e7ar acima da cabe\u00e7a ou levantar o bra\u00e7o<\/span><\/span><\/li>\n<li class=\"p1\"><span style=\"color: #696969;\"><span class=\"s2\">Clicando no ombro\/bra\u00e7o<\/span><\/span><\/li>\n<li class=\"p1\"><span style=\"color: #696969;\"><span class=\"s2\">Perda de mobilidade no bra\u00e7o<\/span><\/span><\/li>\n<\/ul>\n<h3 class=\"p1\"><span style=\"color: #696969;\"><span class=\"s1\">Tratamento da tendinite do manguito rotador<\/span><\/span><\/h3>\n<p class=\"p1\"><span style=\"color: #696969;\"><span class=\"s2\">ASTR usa abordagens hol\u00edsticas, n\u00e3o invasivas e sem dor para aliviar a dor sem o uso de medica\u00e7\u00e3o. Nossos m\u00e9dicos usam ferramentas ASTR patenteadas para quebrar e limpar o tecido cicatricial existente e a restri\u00e7\u00e3o miofasical em pacientes. Programas de exerc\u00edcios especiais espec\u00edficos s\u00e3o dados aos pacientes que s\u00e3o projetados para reduzir a inflama\u00e7\u00e3o e fortalecer o m\u00fasculo para trazer o paciente de volta a um funcionamento e atividade normais.<\/span><\/span><\/p>","protected":false},"excerpt":{"rendered":"<p>Rotator Cuff Tendonitis Rotator cuff tendonitis is when the rotator cuff (shoulder joint) is inflamed.\u00a0 This usually occurs over time from overuse or repetitive improper motion in the rotator cuff.\u00a0 Those sports that have a high risk for rotator cuff tendonitis include tennis, swimming, and pitching.\u00a0 Early symptoms of rotator cuff tendonitis can subside with [&hellip;]<\/p>\n","protected":false},"author":2447,"featured_media":0,"parent":0,"menu_order":148,"comment_status":"closed","ping_status":"closed","template":"","meta":{"_analytify_skip_tracking":false,"footnotes":""},"class_list":["post-204","page","type-page","status-publish","hentry"],"_links":{"self":[{"href":"https:\/\/advancedsofttissuerelease.com\/pt\/wp-json\/wp\/v2\/pages\/204","targetHints":{"allow":["GET"]}}],"collection":[{"href":"https:\/\/advancedsofttissuerelease.com\/pt\/wp-json\/wp\/v2\/pages"}],"about":[{"href":"https:\/\/advancedsofttissuerelease.com\/pt\/wp-json\/wp\/v2\/types\/page"}],"author":[{"embeddable":true,"href":"https:\/\/advancedsofttissuerelease.com\/pt\/wp-json\/wp\/v2\/users\/2447"}],"replies":[{"embeddable":true,"href":"https:\/\/advancedsofttissuerelease.com\/pt\/wp-json\/wp\/v2\/comments?post=204"}],"version-history":[{"count":0,"href":"https:\/\/advancedsofttissuerelease.com\/pt\/wp-json\/wp\/v2\/pages\/204\/revisions"}],"wp:attachment":[{"href":"https:\/\/advancedsofttissuerelease.com\/pt\/wp-json\/wp\/v2\/media?parent=204"}],"curies":[{"name":"wp","href":"https:\/\/api.w.org\/{rel}","templated":true}]}}