{"id":205,"date":"2016-05-31T19:49:12","date_gmt":"2016-05-31T19:49:12","guid":{"rendered":"https:\/\/advancedsofttissuerelease.com\/parkinson-s\/"},"modified":"2016-05-31T19:49:12","modified_gmt":"2016-05-31T19:49:12","slug":"parkinson-s","status":"publish","type":"page","link":"https:\/\/advancedsofttissuerelease.com\/pt\/parkinson-s\/","title":{"rendered":"Parkinson\u2019s"},"content":{"rendered":"<h1 class=\"p1\"> \t<span style=\"color:#696969;\"><span class=\"s1\"><b>Parkinson\u2019s<\/b><\/span><\/span><\/h1>\n<p class=\"p1\"> \t<span style=\"color:#696969;\"><span class=\"s2\">Parkinson\u2019s is a progressive neurological disorder that damages the nerve cells in the brain that produce dopamine.&nbsp; Dopamine helps us to keep our muscles calm and when dopamine levels decrease brain activity is affected.&nbsp; Early stages of Parkinson\u2019s begins with mild or slight tremors, softer speech and stiffening in the face.&nbsp; These symptoms increase with time and some individuals may only experience mild symptoms.&nbsp; Parkinson\u2019s has no known cause although genes may play a role.&nbsp; There is also no cure for parkinson\u2019s disease and only treatment can help to manage the symptoms.<\/span><\/span><\/p>\n<h2 class=\"p1\"> \t<span style=\"color:#696969;\"><span class=\"s1\">Parkinson\u2019s Disease Symptoms<\/span><\/span><\/h2>\n<ul>\n<li class=\"p1\"> \t\t<span style=\"color:#696969;\"><span class=\"s2\">Tremor (often in fingers)<\/span><\/span><\/li>\n<li class=\"p1\"> \t\t<span style=\"color:#696969;\"><span class=\"s2\">Slow movement<\/span><\/span><\/li>\n<li class=\"p1\"> \t\t<span style=\"color:#696969;\"><span class=\"s2\">Altera\u00e7\u00f5es de fala<\/span><\/span><\/li>\n<li class=\"p1\"> \t\t<span style=\"color:#696969;\"><span class=\"s2\">Decreased facial expression<\/span><\/span><\/li>\n<li class=\"p1\"> \t\t<span style=\"color:#696969;\"><span class=\"s2\">Shuffling or stooping posture<\/span><\/span><\/li>\n<li class=\"p1\"> \t\t<span style=\"color:#696969;\"><span class=\"s2\">Muscle stiffness<\/span><\/span><\/li>\n<li class=\"p1\"> \t\t<span style=\"color:#696969;\"><span class=\"s2\">Altera\u00e7\u00f5es de escrita<\/span><\/span><\/li>\n<\/ul>\n<h3 class=\"p2\"> \t<span style=\"color:#696969;\"><span style=\"font-family: &quot;Helvetica Neue&quot;, Helvetica, Arial, sans-serif; font-size: 24px; line-height: 1.1;\">Parkinson\u2019s Treatment<\/span><\/span><\/h3>\n<p class=\"p1\"> \t<span style=\"color:#696969;\"><span class=\"s2\">ASTR usa abordagens hol\u00edsticas, n\u00e3o invasivas e sem dor para aliviar a dor sem o uso de medicamentos. Nossos m\u00e9dicos usam ferramentas ASTR patenteadas para quebrar e limpar o tecido cicatricial existente e a restri\u00e7\u00e3o miofasical em pacientes. Programas de exerc\u00edcios especiais espec\u00edficos s\u00e3o dados aos pacientes que s\u00e3o projetados para reduzir a inflama\u00e7\u00e3o e fortalecer o m\u00fasculo para trazer o paciente de volta a um funcionamento e atividade normais.<\/span><\/span><\/p>","protected":false},"excerpt":{"rendered":"<p>Parkinson\u2019s Parkinson\u2019s is a progressive neurological disorder that damages the nerve cells in the brain that produce dopamine.&nbsp; Dopamine helps us to keep our muscles calm and when dopamine levels decrease brain activity is affected.&nbsp; Early stages of Parkinson\u2019s begins with mild or slight tremors, softer speech and stiffening in the face.&nbsp; These symptoms increase [&hellip;]<\/p>\n","protected":false},"author":2447,"featured_media":0,"parent":0,"menu_order":147,"comment_status":"closed","ping_status":"closed","template":"","meta":{"_analytify_skip_tracking":false,"footnotes":""},"class_list":["post-205","page","type-page","status-publish","hentry"],"_links":{"self":[{"href":"https:\/\/advancedsofttissuerelease.com\/pt\/wp-json\/wp\/v2\/pages\/205","targetHints":{"allow":["GET"]}}],"collection":[{"href":"https:\/\/advancedsofttissuerelease.com\/pt\/wp-json\/wp\/v2\/pages"}],"about":[{"href":"https:\/\/advancedsofttissuerelease.com\/pt\/wp-json\/wp\/v2\/types\/page"}],"author":[{"embeddable":true,"href":"https:\/\/advancedsofttissuerelease.com\/pt\/wp-json\/wp\/v2\/users\/2447"}],"replies":[{"embeddable":true,"href":"https:\/\/advancedsofttissuerelease.com\/pt\/wp-json\/wp\/v2\/comments?post=205"}],"version-history":[{"count":0,"href":"https:\/\/advancedsofttissuerelease.com\/pt\/wp-json\/wp\/v2\/pages\/205\/revisions"}],"wp:attachment":[{"href":"https:\/\/advancedsofttissuerelease.com\/pt\/wp-json\/wp\/v2\/media?parent=205"}],"curies":[{"name":"wp","href":"https:\/\/api.w.org\/{rel}","templated":true}]}}