{"id":2103,"date":"2019-01-16T17:34:08","date_gmt":"2019-01-16T17:34:08","guid":{"rendered":"https:\/\/advancedsofttissuerelease.com\/?page_id=2103"},"modified":"2020-01-05T18:44:13","modified_gmt":"2020-01-06T02:44:13","slug":"isencao-de-responsabilidade-magnetica","status":"publish","type":"page","link":"https:\/\/advancedsofttissuerelease.com\/pt\/magnet-disclaimer\/","title":{"rendered":"Isen\u00e7\u00e3o de responsabilidade do \u00edm\u00e3"},"content":{"rendered":"<p><\/p>\r\n<p>&nbsp;<\/p>\r\n<p><span style=\"font-size: 12pt;\"><strong>Isen\u00e7\u00e3o de responsabilidade do \u00edm\u00e3<\/strong><\/span><\/p>\r\n\r\n\r\n\r\n<p>O Instituto ASTR n\u00e3o \u00e9 respons\u00e1vel por qualquer les\u00e3o, destrui\u00e7\u00e3o ou dano que o MagnaHeal possa causar como resultado de seu uso. Antes de comprar o MagnaHeal, o comprador atesta que leu e compreendeu os seguintes avisos:<\/p>\r\n<div><strong>Contra-indica\u00e7\u00f5es:<\/strong> MagnaHeal deve ser evitado se voc\u00ea tiver um dos seguintes:<\/div>\r\n<ul>\r\n<li>Marcapasso<\/li>\r\n<li>Gravidez<\/li>\r\n<li>Qualquer eletr\u00f4nica em seu corpo<\/li>\r\n<li>Apreens\u00e3o<\/li>\r\n<\/ul>\r\n\r\n\r\n\r\n<p>O comprador atesta que ele\/ela assume a responsabilidade da 100% por todas as les\u00f5es e danos que o MagnaHeal possa causar. Isso inclui ferimentos a si mesmo ou a outros, danos \u00e0 propriedade e danos ao MagnaHeal. O comprador deve concordar com estes termos antes de comprar o MagnaHeal.<\/p>\r\n\r\n\r\n\r\n<p>O ASTR Institute fornecer\u00e1 uma estimativa da for\u00e7a de tra\u00e7\u00e3o para o MagnaHeal, mas n\u00e3o somos respons\u00e1veis por qualquer discrep\u00e2ncia ou imprecis\u00e3o da for\u00e7a de tra\u00e7\u00e3o dos \u00edm\u00e3s. Por favor, teste a for\u00e7a de tra\u00e7\u00e3o antes de us\u00e1-lo.<\/p>\r\n\r\n\r\n\r\n<p>MagnaHeal \u00e9 muito poderoso. \u00c9 essencial que seja manuseado com cuidado para evitar danos ao \u00edm\u00e3 e ferimentos a si mesmo ou a terceiros. \u00cdm\u00e3s do mesmo tamanho ou maiores que um cubo de 2 polegadas t\u00eam o potencial de causar danos muito s\u00e9rios aos dedos se os dedos ficarem presos entre os 2 \u00edm\u00e3s. Os ossos podem quebrar e as pontas dos dedos podem ser perdidas.\u00a0<\/p>\r\n\r\n\r\n\r\n<p>MagnaHeal \u00e9 quebr\u00e1vel. Se cair ou bater, pode quebrar ou estilha\u00e7ar. Use luvas e \u00f3culos de prote\u00e7\u00e3o ao segurar e usar o MagnaHeal, pois lascas e\/ou espa\u00e7adores podem se soltar e voar para fora do MagnaHeal.<\/p>\r\n\r\n\r\n\r\n<ul>\r\n<li>Se o MagnaHeal for aquecido acima de 175 graus Farenheit ou 80 graus Celsius, ele perder\u00e1 sua propriedade magn\u00e9tica.\r\n\r\n<\/li>\r\n<li>MagnaHeal tem um campo magn\u00e9tico muito poderoso e pode danificar o seguinte: computadores, televisores, monitores de computador, suportes de dados, telefones, dispositivos eletr\u00f4nicos, cart\u00f5es de cr\u00e9dito, rel\u00f3gios, aparelhos auditivos, marca-passos, etc.\r\n\r\n<\/li>\r\n<li>Marcapassos s\u00e3o uma contra-indica\u00e7\u00e3o e podem ser danificados se expostos ao MagnaHeal. Pacientes com marca-passos precisam ficar a pelo menos 1 metro de dist\u00e2ncia do MagnaHeal.\u00a0\r\n\r\n<\/li>\r\n<li>As crian\u00e7as n\u00e3o devem usar ou tocar o MagnaHeal, pois pode ser perigoso e apresentar risco de asfixia. As crian\u00e7as podem engasgar com o \u00edm\u00e3 e isso pode causar danos internos. MagnaHeal deve ser usado apenas externamente.\u00a0\r\n\r\n<\/li>\r\n<li>O MagnaHeal n\u00e3o deve ser alterado de forma alguma. N\u00e3o \u00e9 permitido cortar, perfurar ou serrar o MagnaHeal. Part\u00edculas de corte do MagnaHeal podem causar um ambiente muito perigoso, pois as part\u00edculas s\u00e3o altamente inflam\u00e1veis. O \u00edm\u00e3 quebrar\u00e1 se for serrado, cortado ou perfurado. MagnaHeal nunca deve ser queimado devido ao t\u00f3xico que isso criaria.\u00a0<\/li>\r\n<\/ul>","protected":false},"excerpt":{"rendered":"<p>&nbsp; Magnet Disclaimer ASTR Institute is not liable or responsible for any injury, destruction or harm the MagnaHeal may cause as a result of its use. Before purchasing the MagnaHeal, the purchaser attests that they have read and understand the following warnings: Contraindications: MagnaHeal should be avoided if you have one of the following: Pacemaker [&hellip;]<\/p>\n","protected":false},"author":2447,"featured_media":0,"parent":0,"menu_order":0,"comment_status":"closed","ping_status":"closed","template":"","meta":{"_analytify_skip_tracking":false,"footnotes":""},"class_list":["post-2103","page","type-page","status-publish","hentry"],"_links":{"self":[{"href":"https:\/\/advancedsofttissuerelease.com\/pt\/wp-json\/wp\/v2\/pages\/2103","targetHints":{"allow":["GET"]}}],"collection":[{"href":"https:\/\/advancedsofttissuerelease.com\/pt\/wp-json\/wp\/v2\/pages"}],"about":[{"href":"https:\/\/advancedsofttissuerelease.com\/pt\/wp-json\/wp\/v2\/types\/page"}],"author":[{"embeddable":true,"href":"https:\/\/advancedsofttissuerelease.com\/pt\/wp-json\/wp\/v2\/users\/2447"}],"replies":[{"embeddable":true,"href":"https:\/\/advancedsofttissuerelease.com\/pt\/wp-json\/wp\/v2\/comments?post=2103"}],"version-history":[{"count":0,"href":"https:\/\/advancedsofttissuerelease.com\/pt\/wp-json\/wp\/v2\/pages\/2103\/revisions"}],"wp:attachment":[{"href":"https:\/\/advancedsofttissuerelease.com\/pt\/wp-json\/wp\/v2\/media?parent=2103"}],"curies":[{"name":"wp","href":"https:\/\/api.w.org\/{rel}","templated":true}]}}