{"id":25436,"date":"2021-05-21T11:23:49","date_gmt":"2021-05-21T17:23:49","guid":{"rendered":"https:\/\/advancedsofttissuerelease.com\/?page_id=25436"},"modified":"2021-05-21T11:26:17","modified_gmt":"2021-05-21T17:26:17","slug":"esta-pequena-luz-meu","status":"publish","type":"page","link":"https:\/\/advancedsofttissuerelease.com\/pt\/this-little-light-of-mine\/","title":{"rendered":"Esta minha pequena luz"},"content":{"rendered":"<p><img fetchpriority=\"high\" decoding=\"async\" class=\"size-medium wp-image-25437 alignleft\" src=\"https:\/\/advancedsofttissuerelease.com\/wp-content\/uploads\/2021\/05\/189330840_1746137335557162_7799219327198139715_n-520x520.jpg\" alt=\"\" width=\"520\" height=\"520\" srcset=\"https:\/\/advancedsofttissuerelease.com\/wp-content\/uploads\/2021\/05\/189330840_1746137335557162_7799219327198139715_n-520x520.jpg 520w, https:\/\/advancedsofttissuerelease.com\/wp-content\/uploads\/2021\/05\/189330840_1746137335557162_7799219327198139715_n-100x100.jpg 100w, https:\/\/advancedsofttissuerelease.com\/wp-content\/uploads\/2021\/05\/189330840_1746137335557162_7799219327198139715_n-300x300.jpg 300w, https:\/\/advancedsofttissuerelease.com\/wp-content\/uploads\/2021\/05\/189330840_1746137335557162_7799219327198139715_n.jpg 749w\" sizes=\"(max-width: 520px) 100vw, 520px\" \/><\/p>\n<p>For\u00e7a, seguran\u00e7a e individualidade.<\/p>\n<p>Estas s\u00e3o as palavras que me v\u00eam \u00e0 mente quando olho para os far\u00f3is que visitamos na Ilha do Pr\u00edncipe Eduardo.<\/p>\n<p>Nos \u00faltimos anos, nossa fam\u00edlia passou por um surto de crescimento espiritual e emocional. Atrav\u00e9s de uma s\u00e9rie de eventos fora de nosso controle, nos encontramos tomando a dif\u00edcil decis\u00e3o de deixar nosso estado natal em busca de liberdade e seguran\u00e7a.<\/p>\n<p>Aprender a deixar nossa luz brilhar nem sempre foi f\u00e1cil. Sempre envolveu algum n\u00edvel de risco.<\/p>\n<p>Risco de ser exclu\u00eddo. Risco de ser fisicamente, emocionalmente ou financeiramente ferido. Risco de perder tudo perto de n\u00f3s.<\/p>\n<p>Em nosso ponto de ruptura, muito do medo que costum\u00e1vamos sentir milagrosamente nos deixou e a coragem tomou seu lugar.<\/p>\n<p>Hoje, estamos caminhando na for\u00e7a de Deus e esperamos encoraj\u00e1-lo a dar um pequeno passo intencional agora mesmo para deixar sua luz brilhar?<\/p>","protected":false},"excerpt":{"rendered":"<p>Strength, safety and individuality. These are the words that come to mind when I look back at the lighthouses we visited on Prince Edward Island. Over the past few years, our family has gone through a spiritual and emotional growth spurt. Through a series of events outside our control, we found ourselves making the very [&hellip;]<\/p>\n","protected":false},"author":1,"featured_media":0,"parent":0,"menu_order":0,"comment_status":"closed","ping_status":"closed","template":"","meta":{"_analytify_skip_tracking":false,"footnotes":""},"class_list":["post-25436","page","type-page","status-publish","hentry"],"_links":{"self":[{"href":"https:\/\/advancedsofttissuerelease.com\/pt\/wp-json\/wp\/v2\/pages\/25436","targetHints":{"allow":["GET"]}}],"collection":[{"href":"https:\/\/advancedsofttissuerelease.com\/pt\/wp-json\/wp\/v2\/pages"}],"about":[{"href":"https:\/\/advancedsofttissuerelease.com\/pt\/wp-json\/wp\/v2\/types\/page"}],"author":[{"embeddable":true,"href":"https:\/\/advancedsofttissuerelease.com\/pt\/wp-json\/wp\/v2\/users\/1"}],"replies":[{"embeddable":true,"href":"https:\/\/advancedsofttissuerelease.com\/pt\/wp-json\/wp\/v2\/comments?post=25436"}],"version-history":[{"count":0,"href":"https:\/\/advancedsofttissuerelease.com\/pt\/wp-json\/wp\/v2\/pages\/25436\/revisions"}],"wp:attachment":[{"href":"https:\/\/advancedsofttissuerelease.com\/pt\/wp-json\/wp\/v2\/media?parent=25436"}],"curies":[{"name":"wp","href":"https:\/\/api.w.org\/{rel}","templated":true}]}}