{"id":2647,"date":"2019-01-31T23:27:44","date_gmt":"2019-01-31T23:27:44","guid":{"rendered":"https:\/\/advancedsofttissuerelease.com\/?page_id=2647"},"modified":"2019-01-31T23:27:51","modified_gmt":"2019-01-31T23:27:51","slug":"pouso-50-2","status":"publish","type":"page","link":"https:\/\/advancedsofttissuerelease.com\/pt\/landing-50\/","title":{"rendered":"Desembarque 50"},"content":{"rendered":"<figure class=\"wp-block-embed-youtube wp-block-embed is-type-video is-provider-youtube wp-embed-aspect-16-9 wp-has-aspect-ratio\"><div class=\"wp-block-embed__wrapper\">\n<iframe title=\"1 Year of Knee Pain Relieved Before Your Eyes (REAL TREATMENT!!!)\" width=\"800\" height=\"450\" src=\"https:\/\/www.youtube.com\/embed\/R3LAkooeAOk?feature=oembed\" frameborder=\"0\" allow=\"accelerometer; autoplay; clipboard-write; encrypted-media; gyroscope; picture-in-picture; web-share\" allowfullscreen><\/iframe>\n<\/div><\/figure>\n\n\n\n<p>Quando Pedro fez seu primeiro tratamento com ASTR, ele sofria de uma dor no joelho de um ano que o impedia de andar ou ficar de p\u00e9. Ele recebeu uma cinta para ajudar na estabilidade, tentou fisioterapia, bem como inje\u00e7\u00f5es de cortisona. Depois de tudo isso, sua dor era de 7 em 10 e sua amplitude de movimento de flex\u00e3o inicial era de 110 graus. Ap\u00f3s seu primeiro tratamento com ASTR, sua dor diminuiu para 0 em 10 e seu movimento aumentou para 135 graus.<\/p>","protected":false},"excerpt":{"rendered":"<p>When Pedro had his first ASTR treatment, he was suffering from a year long knee pain that inhibited him from walking or standing. He was given a brace to help with stability, tried physical therapy, as well as cortisone shots. After all this,&nbsp;his pain was at a 7 out of 10 and his range of [&hellip;]<\/p>\n","protected":false},"author":2447,"featured_media":0,"parent":0,"menu_order":0,"comment_status":"closed","ping_status":"closed","template":"","meta":{"_analytify_skip_tracking":false,"footnotes":""},"class_list":["post-2647","page","type-page","status-publish","hentry"],"_links":{"self":[{"href":"https:\/\/advancedsofttissuerelease.com\/pt\/wp-json\/wp\/v2\/pages\/2647","targetHints":{"allow":["GET"]}}],"collection":[{"href":"https:\/\/advancedsofttissuerelease.com\/pt\/wp-json\/wp\/v2\/pages"}],"about":[{"href":"https:\/\/advancedsofttissuerelease.com\/pt\/wp-json\/wp\/v2\/types\/page"}],"author":[{"embeddable":true,"href":"https:\/\/advancedsofttissuerelease.com\/pt\/wp-json\/wp\/v2\/users\/2447"}],"replies":[{"embeddable":true,"href":"https:\/\/advancedsofttissuerelease.com\/pt\/wp-json\/wp\/v2\/comments?post=2647"}],"version-history":[{"count":0,"href":"https:\/\/advancedsofttissuerelease.com\/pt\/wp-json\/wp\/v2\/pages\/2647\/revisions"}],"wp:attachment":[{"href":"https:\/\/advancedsofttissuerelease.com\/pt\/wp-json\/wp\/v2\/media?parent=2647"}],"curies":[{"name":"wp","href":"https:\/\/api.w.org\/{rel}","templated":true}]}}