{"id":28553,"date":"2021-08-02T11:42:33","date_gmt":"2021-08-02T17:42:33","guid":{"rendered":"https:\/\/advancedsofttissuerelease.com\/?page_id=28553"},"modified":"2021-08-02T12:01:12","modified_gmt":"2021-08-02T18:01:12","slug":"coordenador-de-marketing-estagio-2","status":"publish","type":"page","link":"https:\/\/advancedsofttissuerelease.com\/pt\/marketing-coordinator-internship\/","title":{"rendered":"Est\u00e1gio Coordenador de Marketing"},"content":{"rendered":"<h1><strong>Est\u00e1gio Coordenador de Marketing<\/strong><\/h1>\n<p><strong>Meio per\u00edodo, n\u00e3o remunerado \u2013 hor\u00e1rio flex\u00edvel \u2013 trabalho em casa<\/strong><\/p>\n<p>Se voc\u00ea \u00e9 um jogador de equipe que tem excelentes habilidades de escrita, ent\u00e3o n\u00f3s queremos voc\u00ea! Esta posi\u00e7\u00e3o come\u00e7aria a tempo parcial com potencial de crescimento.<\/p>\n<p><strong>Requisitos<\/strong><\/p>\n<p>- Desej\u00e1vel gradua\u00e7\u00e3o em Marketing\/Neg\u00f3cios<\/p>\n<p>-Excelente conhecimento de marketing de m\u00eddia social<\/p>\n<p>-Excelentes habilidades de comunica\u00e7\u00e3o verbal e escrita<\/p>\n<p>-Escrita de conte\u00fado (SEO, Blogs, campanhas de e-mail)<\/p>\n<p>-Criar materiais de marketing<\/p>\n<p><strong>Habilidades que ser\u00e3o aprendidas relacionadas a:<\/strong><\/p>\n<p>-Marketing de m\u00eddia social<\/p>\n<p>-SEO<\/p>\n<p>-Planejar e escrever campanhas de e-mail<\/p>\n<p><strong>Como aplicar?<\/strong><\/p>\n<p>-Fa\u00e7a o teste de personalidade\u00a0<a href=\"https:\/\/www.16personalities.com\" target=\"_blank\" rel=\"noopener\">16personalities.com<\/a><\/p>\n<p>-Envie seu curr\u00edculo por e-mail, carta de apresenta\u00e7\u00e3o e resultados do teste de personalidade: <a href=\"mailto:support@ASTRinstitute.com\">support@ASTRinstitute.com<\/a><\/p>\n<p>-Preencha os seguintes formul\u00e1rios <a href=\"https:\/\/advancedsofttissuerelease.com\/wp-content\/uploads\/2019\/08\/Intern-Consent-Form.pdf\">Formul\u00e1rio de Consentimento do Estagi\u00e1rio<\/a>\u00a0&amp; <a href=\"https:\/\/advancedsofttissuerelease.com\/wp-content\/uploads\/2019\/08\/Non-discoulsure.pdf\">N\u00e3o divulga\u00e7\u00e3o<\/a><\/p>\n<p>-Para estar preparado para o est\u00e1gio assista ao primeiro <strong>7 v\u00eddeos<\/strong> nisso <a href=\"https:\/\/advancedsofttissuerelease.com\/pt\/videos-educativos\/\">p\u00e1gina<\/a><\/p>","protected":false},"excerpt":{"rendered":"<p>Marketing Coordinator Internship Part time, unpaid &#8211; flexible hours &#8211; work from home If you are a team player who has excellent writing skills then we want you!\u00a0This position would start part-time with potential for growth. Requirements -Marketing\/ business degree preferred -Exceptional knowledge of social media marketing -Excellent verbal and written communications skills -Content writing [&hellip;]<\/p>\n","protected":false},"author":1,"featured_media":0,"parent":0,"menu_order":0,"comment_status":"closed","ping_status":"closed","template":"","meta":{"_analytify_skip_tracking":false,"footnotes":""},"class_list":["post-28553","page","type-page","status-publish","hentry"],"_links":{"self":[{"href":"https:\/\/advancedsofttissuerelease.com\/pt\/wp-json\/wp\/v2\/pages\/28553","targetHints":{"allow":["GET"]}}],"collection":[{"href":"https:\/\/advancedsofttissuerelease.com\/pt\/wp-json\/wp\/v2\/pages"}],"about":[{"href":"https:\/\/advancedsofttissuerelease.com\/pt\/wp-json\/wp\/v2\/types\/page"}],"author":[{"embeddable":true,"href":"https:\/\/advancedsofttissuerelease.com\/pt\/wp-json\/wp\/v2\/users\/1"}],"replies":[{"embeddable":true,"href":"https:\/\/advancedsofttissuerelease.com\/pt\/wp-json\/wp\/v2\/comments?post=28553"}],"version-history":[{"count":0,"href":"https:\/\/advancedsofttissuerelease.com\/pt\/wp-json\/wp\/v2\/pages\/28553\/revisions"}],"wp:attachment":[{"href":"https:\/\/advancedsofttissuerelease.com\/pt\/wp-json\/wp\/v2\/media?parent=28553"}],"curies":[{"name":"wp","href":"https:\/\/api.w.org\/{rel}","templated":true}]}}