{"id":311,"date":"2017-02-04T19:25:53","date_gmt":"2017-02-04T19:25:53","guid":{"rendered":"https:\/\/advancedsofttissuerelease.com\/landing-15\/"},"modified":"2017-02-04T19:25:53","modified_gmt":"2017-02-04T19:25:53","slug":"landing-15","status":"publish","type":"page","link":"https:\/\/advancedsofttissuerelease.com\/pt\/landing-15\/","title":{"rendered":"Landing 14"},"content":{"rendered":"<p style=\"text-align: center;\"> \t<span style=\"font-size:24px;\"><span style=\"color:#FF0000\"><strong>Limited Back Range of Motion Released Before Your Eyes!<\/strong><\/span><\/span><\/p>\n<p style=\"text-align: center;\"> \t&nbsp;<\/p>\n<p style=\"text-align: center;\"> \t<iframe title=\"Limited Back Range of Motion Released With ASTR Before Your Eyes!\" width=\"800\" height=\"450\" src=\"https:\/\/www.youtube.com\/embed\/NXX6bmeNgr8?feature=oembed\" frameborder=\"0\" allow=\"accelerometer; autoplay; clipboard-write; encrypted-media; gyroscope; picture-in-picture; web-share\" allowfullscreen><\/iframe><\/p>\n<p style=\"text-align: center;\"> \t&nbsp;<\/p>\n<p style=\"text-align: center;\"> \t<span style=\"font-size:24px;\"><strong><span style=\"font-family:lucida sans unicode,lucida grande,sans-serif;\"><span style=\"color:#3366ff;\">\u201cEu vejo esses resultados incr\u00edveis diariamente em minha pr\u00e1tica. VOC\u00ca pode alcan\u00e7ar esses resultados incr\u00edveis com seus pacientes!\u201d <\/span><\/span><\/strong><span style=\"font-family:lucida sans unicode,lucida grande,sans-serif;\"><span style=\"color:#3366ff;\"><span style=\"font-size:16px;\">(Dr. Jacobs)<\/span><\/span><\/span><\/span><\/p>\n<p style=\"text-align: center;\"> \t&nbsp;<\/p>\n<p style=\"text-align: center;\"> \t<span id=\"cke_bm_111E\" style=\"display: none;\">&nbsp;<\/span><\/p>\n<p> \t<span style=\"display: none;\">&nbsp;<\/span><\/p>\n<p> \t<span style=\"font-size:24px;\"><span style=\"color:#696969;\"><strong>O que \u00e9 ASTRO?<\/strong><\/span><\/span><\/p>\n<p> \t<span style=\"font-family: &quot;lucida sans unicode&quot;, &quot;lucida grande&quot;, sans-serif; font-size: 18px;\">A Libera\u00e7\u00e3o Avan\u00e7ada de Tecidos Moles (ASTR) est\u00e1 mudando a maneira como os pacientes experimentam&nbsp;<\/span><strong style=\"font-family: verdana, geneva, sans-serif; font-size: 18px;\">Longo prazo<\/strong><span style=\"font-family: &quot;lucida sans unicode&quot;, &quot;lucida grande&quot;, sans-serif; font-size: 18px;\">&nbsp;<\/span><strong style=\"font-family: verdana, geneva, sans-serif; font-size: 18px;\">al\u00edvio da dor<\/strong><span style=\"font-family: &quot;lucida sans unicode&quot;, &quot;lucida grande&quot;, sans-serif; font-size: 18px;\">. Esta especialidade aborda a dor aguda e cr\u00f4nica atrav\u00e9s do uso de avalia\u00e7\u00f5es exclusivas do paciente,&nbsp;<\/span><span style=\"font-family: &quot;lucida sans unicode&quot;, &quot;lucida grande&quot;, sans-serif; font-size: 18px;\">protocolos de tratamento taticamente elaborados,<\/span><span style=\"font-family: &quot;lucida sans unicode&quot;, &quot;lucida grande&quot;, sans-serif; font-size: 18px;\">&nbsp;projetado estrategicamente <strong>p<\/strong><\/span><strong style=\"font-family: &quot;lucida sans unicode&quot;, &quot;lucida grande&quot;, sans-serif;\"><strong style=\"font-family: verdana, geneva, sans-serif; font-size: 18px;\">atento&nbsp;<\/strong><\/strong><span style=\"font-family: &quot;lucida sans unicode&quot;, &quot;lucida grande&quot;, sans-serif; font-size: 18px;\">instruments, and over 125 unique maneuvers. ASTR addresses aliments at their source to reduce pain, increase range of motion, and help improve people&#8217;s quality of life with an&nbsp;<\/span><strong style=\"font-family: verdana, geneva, sans-serif; font-size: 18px;\">Taxa de sucesso do 87%<\/strong><span style=\"font-family: &quot;lucida sans unicode&quot;, &quot;lucida grande&quot;, sans-serif; font-size: 18px;\">.<\/span><\/p>\n<p class=\"p1\" style=\"margin-bottom: 10px; font-size: 12px; color: rgb(0, 0, 0); -webkit-text-stroke: 0px rgb(0, 0, 0); text-align: left;\"> \t<span style=\"font-family: &quot;lucida sans unicode&quot;, &quot;lucida grande&quot;, sans-serif;\"><span style=\"font-size: 18px;\"><span style=\"color: rgb(105, 105, 105);\"><span class=\"s1\" style=\"text-decoration-line: underline;\">Como um provedor ASTR licenciado, voc\u00ea se beneficiar\u00e1 de:<\/span><\/span><\/span><\/span><\/p>\n<p class=\"p1\" style=\"margin-bottom: 10px; font-size: 12px; color: rgb(0, 0, 0); -webkit-text-stroke: 0px rgb(0, 0, 0); text-align: left;\"> \t&nbsp;<\/p>\n<ul>\n<li class=\"p1\" style=\"text-align: left;\"> \t\t<span style=\"font-family: &quot;lucida sans unicode&quot;, &quot;lucida grande&quot;, sans-serif;\"><span style=\"font-size: 18px;\"><span style=\"color: rgb(105, 105, 105);\"><strong>Trate condi\u00e7\u00f5es dif\u00edceis<\/strong>&nbsp;incluindo dor na mand\u00edbula, ci\u00e1tica, artrite, dores de cabe\u00e7a, dores no pesco\u00e7o e nas costas, s\u00edndrome do t\u00fanel do carpo, tendinite, bursite e&nbsp;<a href=\"https:\/\/advancedsofttissuerelease.com\/pt\/tratamento\/\" target=\"_blank\"><u>muito mais<\/u>!<\/a><\/span><\/span><\/span><\/li>\n<\/ul>\n<ul>\n<li class=\"p1\" style=\"text-align: left;\"> \t\t<strong style=\"color: rgb(105, 105, 105); font-size: 18px; font-family: &quot;lucida sans unicode&quot;, &quot;lucida grande&quot;, sans-serif;\"><a href=\"https:\/\/advancedsofttissuerelease.com\/pt\/medical-providers\/pesquisar\/\" target=\"_blank\">Pr\u00e1tica Baseada em Evid\u00eancias<\/a><span style=\"font-size: 14px;\">:&nbsp;<\/span><\/strong><span style=\"font-size: 14px;\">&nbsp;<span style=\"color: rgb(51, 102, 255);\"><strong><span style=\"font-size: 16px;\"><a href=\"https:\/\/advancedsofttissuerelease.com\/pt\/medical-providers\/pesquisar\/\" target=\"_blank\">Confira as pesquisas que apoiam o tratamento ASTR<\/a><\/span><\/strong><\/span><\/span><\/li>\n<li class=\"p1\" style=\"text-align: left;\"> \t\t<strong style=\"color: rgb(105, 105, 105); font-size: 18px; font-family: &quot;lucida sans unicode&quot;, &quot;lucida grande&quot;, sans-serif;\">Fornecer al\u00edvio a longo prazo<\/strong><span style=\"color: rgb(105, 105, 105); font-size: 18px; font-family: &quot;lucida sans unicode&quot;, &quot;lucida grande&quot;, sans-serif;\">&nbsp;para pacientes que sofrem de dor aguda e cr\u00f4nica e outras condi\u00e7\u00f5es debilitantes e est\u00e3o frustrados sem al\u00edvio.<\/span><\/li>\n<li class=\"p1\" style=\"text-align: left;\"> \t\t<span style=\"font-family: &quot;lucida sans unicode&quot;, &quot;lucida grande&quot;, sans-serif;\"><span style=\"font-size: 18px;\"><span style=\"color: rgb(105, 105, 105);\"><strong>Aumentar a satisfa\u00e7\u00e3o do paciente:<\/strong>&nbsp;Os pacientes tratados com ASTR geralmente experimentam al\u00edvio da dor na primeira ou segunda sess\u00e3o de tratamento. Eles muitas vezes ficam surpresos com a forma como essa abordagem diferente consegue aliviar suas dores onde outras terapias falharam.<\/span><\/span><\/span><\/li>\n<li class=\"p1\" style=\"text-align: left;\"> \t\t<span style=\"font-family: &quot;lucida sans unicode&quot;, &quot;lucida grande&quot;, sans-serif;\"><span style=\"font-size: 18px;\"><span style=\"color: rgb(105, 105, 105);\"><strong>Aumente as Refer\u00eancias de Pacientes:<\/strong>&nbsp;O boca a boca \u00e9 a melhor fonte de novos neg\u00f3cios! \u00c0 medida que os pacientes reconhecem os resultados de serem tratados com ASTR, sua satisfa\u00e7\u00e3o, confian\u00e7a e lealdade em rela\u00e7\u00e3o ao provedor seguem e indicam seus amigos<\/span><\/span><\/span><\/li>\n<li class=\"p1\" style=\"text-align: left;\"> \t\t<span style=\"font-family: &quot;lucida sans unicode&quot;, &quot;lucida grande&quot;, sans-serif;\"><span style=\"font-size: 18px;\"><span style=\"color: rgb(105, 105, 105);\"><strong>Aumentar a receita:<\/strong>&nbsp;ASTR \u00e9 um novo nicho para terapias de tecidos moles e a certifica\u00e7\u00e3o nesta especialidade \u00e9 uma \u00f3tima ferramenta para provedores m\u00e9dicos que desejam expandir sua pr\u00e1tica.<\/span><\/span><\/span><\/li>\n<li class=\"p1\" style=\"text-align: left;\"> \t\t<span style=\"font-family: &quot;lucida sans unicode&quot;, &quot;lucida grande&quot;, sans-serif;\"><span style=\"font-size: 18px;\"><span style=\"color: rgb(105, 105, 105);\"><strong>Destaque-se entre seus colegas:<\/strong>&nbsp;Os m\u00e9dicos da ASTR s\u00e3o membros de uma comunidade exclusiva de provedores m\u00e9dicos licenciados pela ASTR. A posse desta licen\u00e7a \u00e9 evid\u00eancia de treinamento extensivo de um provedor e alta compet\u00eancia no tratamento de les\u00f5es de tecidos moles com a abordagem ASTR.<\/span><\/span><\/span><\/li>\n<\/ul>\n<p> \t<span style=\"font-family:lucida sans unicode,lucida grande,sans-serif;\"><span style=\"font-size: 18px;\">&nbsp;<\/span><\/span><\/p>\n<p style=\"font-family: Helvetica; text-align: center;\"> \t&nbsp;<\/p>\n<p style=\"font-family: Helvetica; text-align: center;\"> \t<span style=\"font-family:lucida sans unicode,lucida grande,sans-serif;\"><span style=\"font-size:18px;\"><span style=\"color:#696969;\"> \t<\/p>\n<style type=\"text\/css\"> p.p1 {margin: 0.0px 0.0px 10.0px 0.0px; text-align: justify; font: 12.0px Verdana; color: #000000; -webkit-text-stroke: #000000; background-color: #ffffff} p.p3 {margin: 0.0px 0.0px 10.0px 0.0px; text-align: center; font: 14.0px Verdana; color: #000000; -webkit-text-stroke: #000000} li.li2 {margin: 0.0px 0.0px 10.0px 0.0px; text-align: justify; font: 12.0px Verdana; color: #000000; -webkit-text-stroke: #000000} span.s1 {font-kerning: none} span.s2 {font: 12.0px Helvetica; color: #000000} span.s3 {font-kerning: none; background-color: #ffffff} span.s4 {text-decoration: underline ; font-kerning: none} span.s5 {font: 9.3px Verdana; font-kerning: none} span.s6 {font: 11.0px 'Trebuchet MS'; font-kerning: none}\t<\/style>\n<p> \t<\/span><\/span><\/span><\/p>\n<p class=\"p3\"> \t<span style=\"font-family:lucida sans unicode,lucida grande,sans-serif;\"><span style=\"font-size:18px;\"><span style=\"color:#696969;\"><span class=\"s1\"><b>As inscri\u00e7\u00f5es est\u00e3o quase completas para nossa certifica\u00e7\u00e3o<\/b><\/span><\/span><\/span><\/span><\/p>\n<p class=\"p3\"> \t<span style=\"font-size:24px;\"><span style=\"font-family:lucida sans unicode,lucida grande,sans-serif;\"><a href=\"https:\/\/shop.advancedsofttissuerelease.com\/ocart2\/Class%20Registration\/Class%20Registration%20Fees\" target=\"_blank\"><strong><span style=\"color:#ff0000;\">Registrar agora!<\/span><\/strong><\/a><\/span><\/span><\/p>\n<p class=\"p3\"> \t&nbsp;<\/p>\n<p class=\"p3\" style=\"text-align: left;\"> \t<span style=\"font-family:lucida sans unicode,lucida grande,sans-serif;\"> \t<\/p>\n<style type=\"text\/css\"> p.p1 {margin: 0.0px 0.0px 10.0px 0.0px; text-align: justify; font: 12.0px Verdana; color: #000000; -webkit-text-stroke: #000000; background-color: #ffffff} span.s1 {font-kerning: none} span.s2 {text-decoration: underline ; font-kerning: none; color: #0000ff; -webkit-text-stroke: 0px #0000ff}\t<\/style>\n<p> \t<\/span><\/p>\n<p class=\"p1\" style=\"text-align: left;\"> \t<span style=\"font-family:lucida sans unicode,lucida grande,sans-serif;\"><span style=\"font-size:16px;\"><span style=\"color:#696969;\"><span class=\"s1\">N\u00e3o convencido? Clique <u><strong><a href=\"http:\/\/medcraveonline.com\/MOJOR\/MOJOR-05-00188.pdf\" target=\"_blank\" rel=\"noopener\">Aqui<\/a><\/strong><\/u><\/span><\/span><span style=\"color:#696969;\"><span class=\"s1\">&nbsp;para ler mais sobre a ci\u00eancia por tr\u00e1s do ASTR!<\/span><\/span><\/span><\/span><\/p>\n<p class=\"p3\"> \t&nbsp;<\/p>\n<p class=\"p3\"> \t<img fetchpriority=\"high\" decoding=\"async\" class=\"size-full wp-image-548\" alt=\"\" src=\"https:\/\/advancedsofttissuerelease.com\/wp-content\/uploads\/2017\/02\/Doris.jpeg\" width=\"2366\" height=\"954\" srcset=\"https:\/\/advancedsofttissuerelease.com\/wp-content\/uploads\/2017\/02\/Doris.jpeg 500w, https:\/\/advancedsofttissuerelease.com\/wp-content\/uploads\/2017\/02\/Doris-200x81.jpeg 200w, https:\/\/advancedsofttissuerelease.com\/wp-content\/uploads\/2017\/02\/Doris-300x121.jpeg 300w\" sizes=\"(max-width: 2366px) 100vw, 2366px\" \/><\/p>\n<p class=\"p3\" style=\"text-align: left;\"> \t&nbsp;<\/p>\n<p style=\"font-family: Helvetica; text-align: center;\"> \t<span style=\"font-size:22px;\"><span style=\"color:#696969;\"><strong>Depoimentos&nbsp;<\/strong><\/span><\/span><\/p>\n<p style=\"font-family: Helvetica;\"> \t<span style=\"font-family:lucida sans unicode,lucida grande,sans-serif;\"><span style=\"color: rgb(105, 105, 105); font-size: 16px;\"><span style=\"box-sizing: border-box;\"><span style=\"box-sizing: border-box;\"><span style=\"box-sizing: border-box;\"><span style=\"box-sizing: border-box; letter-spacing: 0px;\">\u201cTenho me preocupado com os efeitos agravantes das Espondilites Anquilosantes. Depois de ter&nbsp;<\/span><strong style=\"box-sizing: border-box; letter-spacing: 0px;\">viveu com o&nbsp;<\/strong><strong style=\"box-sizing: border-box; letter-spacing: 0px;\">doen\u00e7a h\u00e1 mais de 40 anos<\/strong><span style=\"box-sizing: border-box; letter-spacing: 0px;\">Estava c\u00e9ptico que qualquer al\u00edvio seria poss\u00edvel. Para meu espanto, experimentei&nbsp;<\/span><b style=\"box-sizing: border-box; letter-spacing: 0px;\">al\u00edvio imediato ap\u00f3s uma sess\u00e3o<\/b><span style=\"box-sizing: border-box; letter-spacing: 0px;\">. Estou muito agradecido pelo trabalho que voc\u00eas fazem.\u201d&nbsp;<\/span><\/span><\/span><\/span><\/span><span style=\"color: rgb(105, 105, 105); font-size: 10px;\"><span style=\"box-sizing: border-box;\"><span style=\"box-sizing: border-box;\"><span style=\"box-sizing: border-box;\">William K.B<\/span><\/span><\/span>ack Pain (miss\u00e3o Viejo, CA)<\/span><\/span><\/p>\n<p style=\"font-family: Helvetica;\"> \t&nbsp;<\/p>\n<p style=\"box-sizing: border-box; line-height: 1.6em; font-size: small; font-family: arial;\"> \t<span style=\"font-family:lucida sans unicode,lucida grande,sans-serif;\"> \t<\/p>\n<style type=\"text\/css\"> p.p1 {margin: 0.0px 0.0px 7.5px 0.0px; line-height: 19.2px; font: 11.0px Verdana; color: #696969; -webkit-text-stroke: #696969} span.s1 {font-kerning: none; background-color: #ffffff}\t<\/style>\n<p> \t<\/span><\/p>\n<p class=\"p1\" style=\"text-align: left;\"> \t<span style=\"font-family:lucida sans unicode,lucida grande,sans-serif;\"><span style=\"color:#696969;\"><span class=\"s1\"><span style=\"font-size:16px;\">\u201cDepois de sofrer os efeitos da&nbsp;<b>ATM<\/b>&nbsp;e&nbsp;<b>dor de cabe\u00e7a<\/b>&nbsp;dor por quase&nbsp;<b>5 anos<\/b>, o Doutor Jacobs foi capaz de aliviar minha dor usando sua Libera\u00e7\u00e3o Avan\u00e7ada de Tecidos Moles dentro&nbsp;<b>alguns minutos<\/b>. Sua t\u00e9cnica era muito&nbsp;<b>\u25a1 Gentil<\/b>&nbsp;e n\u00e3o foi nada doloroso.\u201d<\/span> <span style=\"font-size:10px;\">Lindsay J. TMJ (Aliso Velho, CA)<\/span><\/span><\/span><\/span><\/p>\n<p class=\"p1\" style=\"text-align: left;\"> \t&nbsp;<\/p>\n<p style=\"box-sizing: border-box; line-height: 1.6em; font-size: small; font-family: arial; text-align: center;\"> \t<span style=\"font-family:lucida sans unicode,lucida grande,sans-serif;\"><span style=\"font-size:26px;\"><span style=\"text-align: center;\"><strong><span style=\"color: rgb(255, 0, 0);\">VOC\u00ca pode alcan\u00e7ar esses resultados incr\u00edveis com seus pacientes!&nbsp;<\/span><\/strong><\/span><\/span><\/span><\/p>\n<p style=\"box-sizing: border-box; line-height: 1.6em; font-size: small; font-family: arial;\"> \t<span style=\"font-family:lucida sans unicode,lucida grande,sans-serif;\"> \t<\/p>\n<style type=\"text\/css\"> p.p1 {margin: 0.0px 0.0px 10.0px 0.0px; font: 11.0px 'Trebuchet MS'; color: #000000; -webkit-text-stroke: #000000} span.s1 {font-kerning: none} span.s2 {font: 7.3px 'Trebuchet MS'; font-kerning: none} span.s3 {font: 20.0px 'Trebuchet MS'; text-decoration: underline ; font-kerning: none; color: #ff0000; -webkit-text-stroke: 0px #ff0000} span.s4 {text-decoration: underline ; font-kerning: none; color: #0000ff; -webkit-text-stroke: 0px #0000ff}\t<\/style>\n<p> \t<\/span><\/p>\n<p class=\"p1\"> \t<span style=\"font-family:lucida sans unicode,lucida grande,sans-serif;\"><span class=\"s1\">&nbsp;<a href=\"https:\/\/shop.advancedsofttissuerelease.com\/ocart2\/Class%2520Registration\/Class%2520Registration%2520Fees\"><span class=\"s3\"><b>Registrar agora!<\/b><\/span><span class=\"s4\">&nbsp;<\/span><\/a><\/span><\/span><\/p>\n<style type=\"text\/css\"> p.p1 {margin: 0.0px 0.0px 7.5px 0.0px; text-align: center; line-height: 19.2px; font: 15.0px Verdana; color: #3366cc; -webkit-text-stroke: #3366cc} span.s1 {font-kerning: none}<\/style>","protected":false},"excerpt":{"rendered":"<p>Limited Back Range of Motion Released Before Your Eyes! &nbsp; &nbsp; &#8220;I see these Amazing results daily in my practice. YOU can achieve these incredible results with your patients!&#8221; (Dr.Jacobs) &nbsp; &nbsp; &nbsp; What is ASTR? Advanced Soft Tissue Release (ASTR) is changing the way that patients experience&nbsp;Long-term&nbsp;pain&nbsp;relief. This specialty addresses acute and chronic pain [&hellip;]<\/p>\n","protected":false},"author":2447,"featured_media":548,"parent":0,"menu_order":73,"comment_status":"closed","ping_status":"closed","template":"","meta":{"_analytify_skip_tracking":false,"footnotes":""},"class_list":["post-311","page","type-page","status-publish","has-post-thumbnail","hentry"],"_links":{"self":[{"href":"https:\/\/advancedsofttissuerelease.com\/pt\/wp-json\/wp\/v2\/pages\/311","targetHints":{"allow":["GET"]}}],"collection":[{"href":"https:\/\/advancedsofttissuerelease.com\/pt\/wp-json\/wp\/v2\/pages"}],"about":[{"href":"https:\/\/advancedsofttissuerelease.com\/pt\/wp-json\/wp\/v2\/types\/page"}],"author":[{"embeddable":true,"href":"https:\/\/advancedsofttissuerelease.com\/pt\/wp-json\/wp\/v2\/users\/2447"}],"replies":[{"embeddable":true,"href":"https:\/\/advancedsofttissuerelease.com\/pt\/wp-json\/wp\/v2\/comments?post=311"}],"version-history":[{"count":0,"href":"https:\/\/advancedsofttissuerelease.com\/pt\/wp-json\/wp\/v2\/pages\/311\/revisions"}],"wp:featuredmedia":[{"embeddable":true,"href":"https:\/\/advancedsofttissuerelease.com\/pt\/wp-json\/wp\/v2\/media\/548"}],"wp:attachment":[{"href":"https:\/\/advancedsofttissuerelease.com\/pt\/wp-json\/wp\/v2\/media?parent=311"}],"curies":[{"name":"wp","href":"https:\/\/api.w.org\/{rel}","templated":true}]}}