{"id":374,"date":"2017-02-04T19:25:53","date_gmt":"2017-02-04T19:25:53","guid":{"rendered":"https:\/\/advancedsofttissuerelease.com\/landing-40\/"},"modified":"2017-02-04T19:25:53","modified_gmt":"2017-02-04T19:25:53","slug":"pouso-40-2","status":"publish","type":"page","link":"https:\/\/advancedsofttissuerelease.com\/pt\/landing-40\/","title":{"rendered":"Desembarque 40"},"content":{"rendered":"<p class=\"title style-scope ytd-video-primary-info-renderer\" style=\"font-family: Roboto, Arial, sans-serif; line-height: 2.4rem; color: rgb(0, 0, 0); margin: 0px; padding: 0px; border: 0px; background-image: initial; background-position: initial; background-size: initial; background-repeat: initial; background-attachment: initial; background-origin: initial; background-clip: initial; max-height: 4.8rem; overflow: hidden; transform: var(--ytd-video-primary-info-renderer-title-transform, none); text-shadow: var(--ytd-video-primary-info-renderer-title-text-shadow, none); text-align: center;\"> \t<iframe title=\"Como se livrar de pontos de gatilho (n\u00f3s)? ENCONTRE HACKS AQUI!\" width=\"800\" height=\"450\" src=\"https:\/\/www.youtube.com\/embed\/0KyZ3WZPEVU?feature=oembed\" frameborder=\"0\" allow=\"accelerometer; autoplay; clipboard-write; encrypted-media; gyroscope; picture-in-picture; web-share\" allowfullscreen><\/iframe><\/p>\n<h2 class=\"p2\" style=\"text-align: left;\"> \t<span style=\"font-size:20px;\"><strong><span style=\"font-family: &quot;trebuchet ms&quot;, helvetica, sans-serif; color: rgb(105, 105, 105);\">O que \u00e9 a ASTR?<\/span><\/strong><\/span><\/h2>\n<p class=\"p2\" style=\"text-align: left;\"> \t&nbsp;<\/p>\n<p class=\"p2\" style=\"text-align: left;\"> \t<span style=\"font-size:18px;\"><span style=\"font-family: &quot;trebuchet ms&quot;, helvetica, sans-serif; color: rgb(105, 105, 105);\">O ASTR \u00e9 um modelo de tratamento biopsicossocial que utiliza instrumentos, meios, teorias e metodologias exclusivos do ASTR. O tratamento ASTR inclui trabalhar em v\u00e1rios aspectos, incluindo: tecido cicatricial, restri\u00e7\u00f5es de f\u00e1scia, pontos de gatilho, espasmos musculares, ergonomia, marcha, exerc\u00edcio, nutri\u00e7\u00e3o, inflama\u00e7\u00e3o, gerenciamento de estresse e modifica\u00e7\u00e3o de comportamento. Os resultados de um estudo recente no pesco\u00e7o realizado em pacientes com ASTR descobriram que havia um <\/span><span style=\"color:#ff0000;\"><span style=\"font-family: &quot;trebuchet ms&quot;, helvetica, sans-serif;\">Taxa de sucesso do 87%<\/span><\/span><span style=\"font-family: &quot;trebuchet ms&quot;, helvetica, sans-serif; color: rgb(105, 105, 105);\">&nbsp;para os pacientes que passaram pelo nosso programa!<\/span><\/span><\/p>\n<p class=\"p2\" style=\"text-align: left;\"> \t&nbsp;<\/p>\n<hr \/>\n<p style=\"font-size: 15px;\"> \t<span style=\"font-size: 18px;\"><span style=\"font-family: verdana, geneva, sans-serif;\"><span style=\"color: rgb(105, 105, 105);\"><strong><span style=\"background-color: rgb(255, 255, 0);\">&nbsp;Por que o ASTR \u00e9 o futuro da medicina?&nbsp;<\/span><\/strong><\/span><\/span><\/span><\/p>\n<ul style=\"font-size: 15px;\">\n<li style=\"text-align: left;\"> \t\t<span style=\"font-family: verdana, geneva, sans-serif;\"><span style=\"font-size: 18px;\"><span style=\"color: rgb(255, 0, 0);\"><strong>40+<\/strong><\/span><span style=\"color: rgb(105, 105, 105);\"><strong>&nbsp;<\/strong>Estudos apoiam o modelo de tratamento do ASTR<\/span><\/span><\/span><\/li>\n<li style=\"text-align: left;\"> \t\t<span style=\"font-family: verdana, geneva, sans-serif;\"><span style=\"font-size: 18px;\"><span style=\"color: rgb(255, 0, 0);\"><strong>400+<\/strong><\/span><span style=\"color: rgb(105, 105, 105);\"><strong>&nbsp;<\/strong>Estudos de pesquisa s\u00e3o integrados ao modelo de tratamento do ASTR<\/span><\/span><\/span><\/li>\n<li style=\"text-align: left;\"> \t\t<span style=\"font-family: verdana, geneva, sans-serif;\"><span style=\"font-size: 16px;\"><span style=\"color: rgb(255, 0, 0);\"><strong>16,000+<\/strong><\/span>&nbsp;<span style=\"color: rgb(105, 105, 105);\">Os estudos de pesquisa foram revisados por nossa equipe<\/span><\/span><\/span><\/li>\n<li style=\"text-align: left;\"> \t\t<span style=\"font-family: verdana, geneva, sans-serif;\"><span style=\"font-size: 16px;\"><strong><font color=\"#ff0000\">260+&nbsp;<\/font><\/strong><span style=\"color: rgb(105, 105, 105);\">V\u00eddeos de tratamento e depoimentos<\/span>&nbsp;<\/span><\/span><\/li>\n<li style=\"text-align: left;\"> \t\t<span style=\"font-family: verdana, geneva, sans-serif;\"><span style=\"font-size: 18px;\"><span style=\"color: rgb(255, 0, 0);\">Pr\u00e1tica Baseada em Evid\u00eancias<\/span><span style=\"color: rgb(105, 105, 105);\">&nbsp;&amp; Modelo Biopsicossocial<\/span><\/span><\/span><\/li>\n<li style=\"text-align: left;\"> \t\t<span style=\"font-family: verdana, geneva, sans-serif;\"><span style=\"font-size: 18px;\"><span style=\"color: rgb(105, 105, 105);\">Trata o&nbsp;<\/span><strong><span style=\"color: rgb(255, 0, 0);\">fonte<\/span><\/strong><span style=\"color: rgb(105, 105, 105);\">&nbsp;de dor<\/span><\/span><\/span><\/li>\n<li style=\"text-align: left;\"> \t\t<span style=\"font-family: verdana, geneva, sans-serif;\"><span style=\"font-size: 18px;\"><strong><span style=\"color: rgb(255, 0, 0);\">N\u00e3o invasivo<\/span><\/strong><span style=\"color: rgb(105, 105, 105);\">&nbsp;tratamento natural<\/span><\/span><\/span><\/li>\n<\/ul>\n<hr \/>\n<p class=\"p2\"> \t&nbsp;<\/p>\n<p class=\"p3\"> \t&nbsp;<\/p>\n<p class=\"p3\"> \t<span style=\"font-size:26px;\"><a href=\"https:\/\/shop.advancedsofttissuerelease.com\/ocart2\/index.php?route=common\/home\" target=\"_blank\"><span style=\"color:#ff0000;\"><span style=\"font-family:lucida sans unicode,lucida grande,sans-serif;\"><strong>Registrar agora!<\/strong><\/span><\/span><\/a><\/span><\/p>\n<p class=\"p3\"> \t&nbsp;<\/p>\n<style type=\"text\/css\"> p.p1 {margin: 0.0px 0.0px 7.5px 0.0px; text-align: center; line-height: 19.2px; font: 15.0px Verdana; color: #3366cc; -webkit-text-stroke: #3366cc} span.s1 {font-kerning: none}<\/style>\n<style type=\"text\/css\"> p.p1 {margin: 0.0px 0.0px 7.5px 0.0px; line-height: 19.2px; font: 11.0px Verdana; color: #696969; -webkit-text-stroke: #696969} span.s1 {font-kerning: none; background-color: #ffffff}<\/style>\n<style type=\"text\/css\"> p.p1 {margin: 0.0px 0.0px 10.0px 0.0px; text-align: justify; font: 12.0px Verdana; color: #000000; -webkit-text-stroke: #000000; background-color: #ffffff} span.s1 {font-kerning: none} span.s2 {text-decoration: underline ; font-kerning: none; color: #0000ff; -webkit-text-stroke: 0px #0000ff}<\/style>\n<style type=\"text\/css\"> p.p1 {margin: 0.0px 0.0px 10.0px 0.0px; text-align: justify; font: 12.0px Verdana; color: #000000; -webkit-text-stroke: #000000; background-color: #ffffff} p.p3 {margin: 0.0px 0.0px 10.0px 0.0px; text-align: center; font: 14.0px Verdana; color: #000000; -webkit-text-stroke: #000000} li.li2 {margin: 0.0px 0.0px 10.0px 0.0px; text-align: justify; font: 12.0px Verdana; color: #000000; -webkit-text-stroke: #000000} span.s1 {font-kerning: none} span.s2 {font: 12.0px Helvetica; color: #000000} span.s3 {font-kerning: none; background-color: #ffffff} span.s4 {text-decoration: underline ; font-kerning: none} span.s5 {font: 9.3px Verdana; font-kerning: none} span.s6 {font: 11.0px 'Trebuchet MS'; font-kerning: none}<\/style>\n<style type=\"text\/css\"> p.p1 {margin: 0.0px 0.0px 10.0px 0.0px; line-height: 22.0px; font: 20.0px Avenir; color: #808080; -webkit-text-stroke: #808080; background-color: #ffffff} p.p2 {margin: 0.0px 0.0px 0.0px 0.0px; text-align: center; line-height: 15.0px; font: 11.0px Avenir; color: #f22529; -webkit-text-stroke: #696969; background-color: #ffffff} p.p3 {margin: 0.0px 0.0px 0.0px 0.0px; line-height: 22.0px; font: 18.0px Avenir; color: #808080; -webkit-text-stroke: #696969; background-color: #ffffff} span.s1 {font-kerning: none} span.s2 {font-kerning: none; color: #ff0000}<\/style>\n<style type=\"text\/css\"> p.p1 {margin: 0.0px 0.0px 10.0px 0.0px; line-height: 22.0px; font: 20.0px Avenir; color: #808080; -webkit-text-stroke: #808080; background-color: #ffffff} p.p2 {margin: 0.0px 0.0px 0.0px 0.0px; text-align: center; line-height: 15.0px; font: 11.0px Avenir; color: #f22529; -webkit-text-stroke: #696969; background-color: #ffffff} p.p3 {margin: 0.0px 0.0px 0.0px 0.0px; line-height: 22.0px; font: 18.0px Avenir; color: #808080; -webkit-text-stroke: #696969; background-color: #ffffff} span.s1 {font-kerning: none} span.s2 {font-kerning: none; color: #ff0000}<\/style>\n<style type=\"text\/css\"> p.p1 {margin: 0.0px 0.0px 0.0px 0.0px; font: 11.0px 'Helvetica Neue'; color: #000000; -webkit-text-stroke: #000000} span.s1 {text-decoration: underline ; font-kerning: none}<\/style>\n<style type=\"text\/css\"> p.p1 {margin: 0.0px 0.0px 10.0px 0.0px; font: 11.0px 'Trebuchet MS'; color: #000000; -webkit-text-stroke: #000000} span.s1 {font-kerning: none} span.s2 {font: 7.3px 'Trebuchet MS'; font-kerning: none} span.s3 {font: 20.0px 'Trebuchet MS'; text-decoration: underline ; font-kerning: none; color: #ff0000; -webkit-text-stroke: 0px #ff0000} span.s4 {text-decoration: underline ; font-kerning: none; color: #0000ff; -webkit-text-stroke: 0px #0000ff}<\/style>","protected":false},"excerpt":{"rendered":"<p>What Is ASTR? &nbsp; ASTR is a biopsychosocial treatment model that utilizes unique ASTR instruments, meaneuvers, theries and methodologies. ASTR treatment includes working on multiple aspects including: scar tissue, fascia restrictions, trigger points, muscles spasms, ergonomics, gait, exercise, nutrition, inflammation, stress management, and behavior modification. Results from a recent neck study conducted on ASTR patients [&hellip;]<\/p>\n","protected":false},"author":2447,"featured_media":0,"parent":0,"menu_order":18,"comment_status":"closed","ping_status":"closed","template":"","meta":{"_analytify_skip_tracking":false,"footnotes":""},"class_list":["post-374","page","type-page","status-publish","hentry"],"_links":{"self":[{"href":"https:\/\/advancedsofttissuerelease.com\/pt\/wp-json\/wp\/v2\/pages\/374","targetHints":{"allow":["GET"]}}],"collection":[{"href":"https:\/\/advancedsofttissuerelease.com\/pt\/wp-json\/wp\/v2\/pages"}],"about":[{"href":"https:\/\/advancedsofttissuerelease.com\/pt\/wp-json\/wp\/v2\/types\/page"}],"author":[{"embeddable":true,"href":"https:\/\/advancedsofttissuerelease.com\/pt\/wp-json\/wp\/v2\/users\/2447"}],"replies":[{"embeddable":true,"href":"https:\/\/advancedsofttissuerelease.com\/pt\/wp-json\/wp\/v2\/comments?post=374"}],"version-history":[{"count":0,"href":"https:\/\/advancedsofttissuerelease.com\/pt\/wp-json\/wp\/v2\/pages\/374\/revisions"}],"wp:attachment":[{"href":"https:\/\/advancedsofttissuerelease.com\/pt\/wp-json\/wp\/v2\/media?parent=374"}],"curies":[{"name":"wp","href":"https:\/\/api.w.org\/{rel}","templated":true}]}}