{"id":387,"date":"2018-09-03T15:05:07","date_gmt":"2018-09-03T15:05:07","guid":{"rendered":"https:\/\/advancedsofttissuerelease.com\/my-story\/"},"modified":"2022-03-06T10:16:16","modified_gmt":"2022-03-06T17:16:16","slug":"dr-joseph-jacobs-cancer-story","status":"publish","type":"page","link":"https:\/\/advancedsofttissuerelease.com\/pt\/dr-joseph-jacobs-cancer-story\/","title":{"rendered":"Hist\u00f3ria do c\u00e2ncer do Dr. Joseph Jacobs"},"content":{"rendered":"<div data-elementor-type=\"wp-page\" data-elementor-id=\"387\" class=\"elementor elementor-387\" data-elementor-post-type=\"page\">\n\t\t\t\t\t\t<section class=\"elementor-section elementor-top-section elementor-element elementor-element-72fc8ad elementor-section-stretched elementor-section-boxed elementor-section-height-default elementor-section-height-default\" data-id=\"72fc8ad\" data-element_type=\"section\" data-e-type=\"section\" data-settings=\"{&quot;stretch_section&quot;:&quot;section-stretched&quot;}\">\n\t\t\t\t\t\t<div class=\"elementor-container elementor-column-gap-default\">\n\t\t\t\t\t<div class=\"elementor-column elementor-col-100 elementor-top-column elementor-element elementor-element-72a958c\" data-id=\"72a958c\" data-element_type=\"column\" data-e-type=\"column\">\n\t\t\t<div class=\"elementor-widget-wrap elementor-element-populated\">\n\t\t\t\t\t\t<div class=\"elementor-element elementor-element-ab1d866 elementor-widget elementor-widget-heading\" data-id=\"ab1d866\" data-element_type=\"widget\" data-e-type=\"widget\" data-widget_type=\"heading.default\">\n\t\t\t\t<div class=\"elementor-widget-container\">\n\t\t\t\t\t<h1 class=\"elementor-heading-title elementor-size-default\">Hist\u00f3ria do c\u00e2ncer do Dr. Joseph Jacobs<\/h1>\t\t\t\t<\/div>\n\t\t\t\t<\/div>\n\t\t\t\t<div class=\"elementor-element elementor-element-af369df elementor-widget elementor-widget-image\" data-id=\"af369df\" data-element_type=\"widget\" data-e-type=\"widget\" data-widget_type=\"image.default\">\n\t\t\t\t<div class=\"elementor-widget-container\">\n\t\t\t\t\t\t\t\t\t\t\t\t\t\t\t<img fetchpriority=\"high\" decoding=\"async\" width=\"455\" height=\"500\" src=\"https:\/\/advancedsofttissuerelease.com\/wp-content\/uploads\/2020\/01\/Joseph-Jacobs-scaled.jpeg\" class=\"attachment-full size-full wp-image-9149\" alt=\"\" srcset=\"https:\/\/advancedsofttissuerelease.com\/wp-content\/uploads\/2020\/01\/Joseph-Jacobs-scaled.jpeg 455w, https:\/\/advancedsofttissuerelease.com\/wp-content\/uploads\/2020\/01\/Joseph-Jacobs-scaled-200x220.jpeg 200w, https:\/\/advancedsofttissuerelease.com\/wp-content\/uploads\/2020\/01\/Joseph-Jacobs-scaled-300x330.jpeg 300w\" sizes=\"(max-width: 455px) 100vw, 455px\" \/>\t\t\t\t\t\t\t\t\t\t\t\t\t\t\t<\/div>\n\t\t\t\t<\/div>\n\t\t\t\t\t<\/div>\n\t\t<\/div>\n\t\t\t\t\t<\/div>\n\t\t<\/section>\n\t\t\t\t<section class=\"elementor-section elementor-top-section elementor-element elementor-element-48239340 elementor-section-stretched elementor-section-boxed elementor-section-height-default elementor-section-height-default\" data-id=\"48239340\" data-element_type=\"section\" data-e-type=\"section\" data-settings=\"{&quot;stretch_section&quot;:&quot;section-stretched&quot;}\">\n\t\t\t\t\t\t<div class=\"elementor-container elementor-column-gap-default\">\n\t\t\t\t\t<div class=\"elementor-column elementor-col-100 elementor-top-column elementor-element elementor-element-1f17e08e\" data-id=\"1f17e08e\" data-element_type=\"column\" data-e-type=\"column\">\n\t\t\t<div class=\"elementor-widget-wrap elementor-element-populated\">\n\t\t\t\t\t\t<div class=\"elementor-element elementor-element-1e51ad51 elementor-widget elementor-widget-text-editor\" data-id=\"1e51ad51\" data-element_type=\"widget\" data-e-type=\"widget\" data-widget_type=\"text-editor.default\">\n\t\t\t\t<div class=\"elementor-widget-container\">\n\t\t\t\t\t\t\t\t\t<p class=\"p1\"><span style=\"color: #333333; font-family: verdana, geneva, sans-serif;\"><span style=\"font-size: 16px;\"><span class=\"s1\">Eu cresci em uma casa modesta com meus pais trabalhando em v\u00e1rios empregos para sustentar a mim e minha irm\u00e3. Enfrentei persegui\u00e7\u00e3o e discrimina\u00e7\u00e3o desde o nascimento como minoria no Egito e me disseram que eu nunca seria muito. Meu governo me disse o que eu tinha permiss\u00e3o para estudar, j\u00e1 que eu n\u00e3o fazia parte da maioria.<\/span><\/span><\/span><\/p>\n<p><\/p>\n<p class=\"p1\"><span style=\"font-family: verdana, geneva, sans-serif; color: #333333;\">Aos 7 anos, fui diagnosticado com <b>cancro<\/b>. Pela gra\u00e7a de Deus, eu estava livre do c\u00e2ncer um ano depois. Aos 18 anos, me inscrevi e acabei ganhando na loteria para vir para os EUA com muita dificuldade. Cheguei aos EUA aos 19 anos falando apenas \u00e1rabe e trabalhei como seguran\u00e7a sem nenhum conhecimento da l\u00edngua inglesa, enquanto terminava meu bacharelado e doutorado.<\/span><\/p>\n<p><span style=\"font-family: verdana, geneva, sans-serif; color: #333333;\">eu lutei <b>cancro<\/b> novamente durante meu \u00faltimo ano do programa e pela gra\u00e7a de Deus, passei nos exames do conselho. Eu costumava sofrer de cr\u00f4nica <strong>enxaquecas<\/strong>, <strong>dores de cabe\u00e7a<\/strong>, <strong>fadiga<\/strong>e <strong>dor&nbsp;<\/strong>e estava muito frustrado com os resultados que eu estava vendo usando as modalidades tradicionais que aprendi na escola. Foi isso que me levou a desenvolver o ASTR. Passei os \u00faltimos dez anos estudando, pesquisando, desenvolvendo e patenteando novas t\u00e9cnicas e ferramentas com o objetivo de fornecer al\u00edvio da dor a longo prazo para pacientes como eu que tentaram tudo e qualquer coisa sem sucesso.<\/span><\/p>\n<p><span style=\"font-family: verdana, geneva, sans-serif; color: #333333;\">Este \u00e9 um grito para todos voc\u00eas sonhadores que ainda est\u00e3o esperando para ver seus sonhos realizados! Pode n\u00e3o acontecer hoje, no pr\u00f3ximo ano ou mesmo nesta d\u00e9cada. Mas&nbsp;<strong><span class=\"s2\">nunca desista! N\u00e3o perca a esperan\u00e7a! Persistir!<\/span><\/strong><\/span><\/p>\n<p><span style=\"font-family: verdana, geneva, sans-serif; color: #333333;\"><strong style=\"font-size: 16px; -webkit-text-stroke-width: initial; -webkit-text-stroke-color: #696969;\"><br><\/strong><\/span><\/p>\n<p><span style=\"font-family: verdana, geneva, sans-serif; color: #333333;\"><strong style=\"font-size: 16px; -webkit-text-stroke-width: initial; -webkit-text-stroke-color: #696969;\">Joseph Jacobs<\/strong><span style=\"font-size: 16px; -webkit-text-stroke-width: initial; -webkit-text-stroke-color: #696969;\">, DPT, ACN, ASTR<\/span><\/span><\/p>\n<p><span style=\"font-family: verdana, geneva, sans-serif; font-size: 16px; color: #333333; -webkit-text-stroke-width: initial; -webkit-text-stroke-color: #696969;\">Doutor em Fisioterapia<\/span><\/p>\n<p><span style=\"font-family: verdana, geneva, sans-serif; font-size: 16px; color: #333333; -webkit-text-stroke-width: initial; -webkit-text-stroke-color: #696969;\">Nutricionista Cl\u00ednico Avan\u00e7ado<\/span><\/p>\n<p class=\"p1\"><span style=\"color: #333333; font-family: verdana, geneva, sans-serif;\"><span style=\"font-size: 16px;\">Inventor do ASTR<\/span><\/span><span style=\"color: var( --e-global-color-text ); font-family: var( --e-global-typography-text-font-family ), verdana; font-size: 16.00160026550293px; -webkit-text-stroke-color: #202020; -webkit-text-stroke-width: initial;\">&nbsp;<\/span><\/p>\t\t\t\t\t\t\t\t<\/div>\n\t\t\t\t<\/div>\n\t\t\t\t\t<\/div>\n\t\t<\/div>\n\t\t\t\t\t<\/div>\n\t\t<\/section>\n\t\t\t\t<\/div>","protected":false},"excerpt":{"rendered":"<p>Dr. Joseph Jacobs Cancer Story I grew up in a modest home with both of my parents working multiple jobs to support me and my sister. I faced persecution and discrimination from birth as a minority in Egypt and was told I would never amount to much. My government told me what I was allowed [&hellip;]<\/p>\n","protected":false},"author":2447,"featured_media":0,"parent":0,"menu_order":5,"comment_status":"closed","ping_status":"closed","template":"","meta":{"_analytify_skip_tracking":false,"footnotes":""},"class_list":["post-387","page","type-page","status-publish","hentry"],"_links":{"self":[{"href":"https:\/\/advancedsofttissuerelease.com\/pt\/wp-json\/wp\/v2\/pages\/387","targetHints":{"allow":["GET"]}}],"collection":[{"href":"https:\/\/advancedsofttissuerelease.com\/pt\/wp-json\/wp\/v2\/pages"}],"about":[{"href":"https:\/\/advancedsofttissuerelease.com\/pt\/wp-json\/wp\/v2\/types\/page"}],"author":[{"embeddable":true,"href":"https:\/\/advancedsofttissuerelease.com\/pt\/wp-json\/wp\/v2\/users\/2447"}],"replies":[{"embeddable":true,"href":"https:\/\/advancedsofttissuerelease.com\/pt\/wp-json\/wp\/v2\/comments?post=387"}],"version-history":[{"count":0,"href":"https:\/\/advancedsofttissuerelease.com\/pt\/wp-json\/wp\/v2\/pages\/387\/revisions"}],"wp:attachment":[{"href":"https:\/\/advancedsofttissuerelease.com\/pt\/wp-json\/wp\/v2\/media?parent=387"}],"curies":[{"name":"wp","href":"https:\/\/api.w.org\/{rel}","templated":true}]}}