{"id":5332,"date":"2019-08-08T11:27:53","date_gmt":"2019-08-08T18:27:53","guid":{"rendered":"https:\/\/advancedsofttissuerelease.com\/?page_id=5332"},"modified":"2022-02-19T10:38:08","modified_gmt":"2022-02-19T17:38:08","slug":"fisioterapia-estagio","status":"publish","type":"page","link":"https:\/\/advancedsofttissuerelease.com\/pt\/physical-therapy-internship\/","title":{"rendered":"Est\u00e1gio de Fisioterapia"},"content":{"rendered":"<div class=\"profile\">\n<h1><strong><span style=\"font-size: 12pt;\">Est\u00e1gio de fisioterapia no condado de Ada (Boise, ID)<\/span><\/strong><\/h1>\n<\/div>\n<p>Est\u00e1gio - Meio per\u00edodo, n\u00e3o remunerado<\/p>\n<p><strong>Boise, ID<\/strong><\/p>\n<div class=\"profile\">\n<p>Os estagi\u00e1rios poder\u00e3o acompanhar o Dr. Joseph Jacobs, inventor da especialidade ASTR. Venha conhecer a especialidade ASTR e como o Dr. Jacobs ajuda a aliviar a dor dos pacientes de forma r\u00e1pida e afetiva. Horas flex\u00edveis<\/p>\n<h2><strong><span style=\"font-size: 12pt;\">Os estagi\u00e1rios poder\u00e3o<\/span><\/strong><\/h2>\n<ul>\n<li style=\"list-style-type: none;\">\n<ul>\n<li>Tratamento de sombra<\/li>\n<li>Ajuda com pesquisas<\/li>\n<li>Escrit\u00f3rio<\/li>\n<li>Limpar mesas e ferramentas<\/li>\n<li>Crie postagens nas redes sociais<\/li>\n<li>Educa\u00e7\u00e3o paciente<\/li>\n<\/ul>\n<\/li>\n<\/ul>\n<\/div>\n<div class=\"profile\">\n<h2><strong><span style=\"font-size: 12pt;\">Habilidades que ser\u00e3o aprendidas relacionadas a:<\/span><\/strong><\/h2>\n<p>fisioterapia, tratamento, Educa\u00e7\u00e3o do paciente, pesquisa, dor, Prescri\u00e7\u00e3o de exerc\u00edcios, Reabilita\u00e7\u00e3o ortop\u00e9dica, Terapia manual, Exerc\u00edcios, ergonomia, Medicina esportiva, nutri\u00e7\u00e3o, reabilita\u00e7\u00e3o, Preven\u00e7\u00e3o de les\u00f5es, Cinesiologia, Reabilita\u00e7\u00e3o vestibular, Ortopedia ambulatorial, Reabilita\u00e7\u00e3o geri\u00e1trica<\/p>\n<div class=\"profile\">\n<h2><strong><span style=\"font-size: 12pt;\">Requisitos do est\u00e1gio:<\/span><\/strong><\/h2>\n<ul>\n<li>Fa\u00e7a o teste de personalidade\u00a0<span style=\"color: #0000ff;\"><a style=\"color: #0000ff;\" href=\"https:\/\/www.16personalities.com\" target=\"_blank\" rel=\"noopener\">16personalities.com<\/a><\/span><\/li>\n<li>Envie por e-mail seu curr\u00edculo, carta de apresenta\u00e7\u00e3o e resultados do teste de personalidade: <span style=\"color: #0000ff;\"><a style=\"color: #0000ff;\" href=\"mailto:support@ASTRinstitute.com\">support@ASTRinstitute.com<\/a><\/span><\/li>\n<li>Preencha os seguintes formul\u00e1rios <span style=\"color: #0000ff;\"><a style=\"color: #0000ff;\" href=\"https:\/\/advancedsofttissuerelease.com\/wp-content\/uploads\/2019\/08\/Intern-Consent-Form.pdf\">Formul\u00e1rio de Consentimento do Estagi\u00e1rio<\/a><\/span>\u00a0&amp;<span style=\"color: #0000ff;\"> <a style=\"color: #0000ff;\" href=\"https:\/\/advancedsofttissuerelease.com\/wp-content\/uploads\/2019\/08\/Non-discoulsure.pdf\">N\u00e3o divulga\u00e7\u00e3o<\/a><\/span><\/li>\n<li>Para estar preparado para o est\u00e1gio assista ao primeiro <strong>7 v\u00eddeos<\/strong> nisso<span style=\"color: #0000ff;\"> <a style=\"color: #0000ff;\" href=\"https:\/\/advancedsofttissuerelease.com\/pt\/videos-educativos\/\">p\u00e1gina<\/a><\/span><\/li>\n<\/ul>\n<\/div>\n<\/div>","protected":false},"excerpt":{"rendered":"<p>Physical Therapy Internship In Ada County (Boise, ID) Internship &#8211; Part Time, Unpaid Boise, ID Interns will be able to shadow Dr. Joseph Jacobs, Inventor of ASTR speciality. Come learn about ASTR specialty and how Dr. Jacobs helps to relieve patients pain quickly and affectively. Flexible hours Interns will be able to Shadowing treatment Help [&hellip;]<\/p>\n","protected":false},"author":1,"featured_media":0,"parent":0,"menu_order":0,"comment_status":"closed","ping_status":"closed","template":"","meta":{"_analytify_skip_tracking":false,"footnotes":""},"class_list":["post-5332","page","type-page","status-publish","hentry"],"_links":{"self":[{"href":"https:\/\/advancedsofttissuerelease.com\/pt\/wp-json\/wp\/v2\/pages\/5332","targetHints":{"allow":["GET"]}}],"collection":[{"href":"https:\/\/advancedsofttissuerelease.com\/pt\/wp-json\/wp\/v2\/pages"}],"about":[{"href":"https:\/\/advancedsofttissuerelease.com\/pt\/wp-json\/wp\/v2\/types\/page"}],"author":[{"embeddable":true,"href":"https:\/\/advancedsofttissuerelease.com\/pt\/wp-json\/wp\/v2\/users\/1"}],"replies":[{"embeddable":true,"href":"https:\/\/advancedsofttissuerelease.com\/pt\/wp-json\/wp\/v2\/comments?post=5332"}],"version-history":[{"count":0,"href":"https:\/\/advancedsofttissuerelease.com\/pt\/wp-json\/wp\/v2\/pages\/5332\/revisions"}],"wp:attachment":[{"href":"https:\/\/advancedsofttissuerelease.com\/pt\/wp-json\/wp\/v2\/media?parent=5332"}],"curies":[{"name":"wp","href":"https:\/\/api.w.org\/{rel}","templated":true}]}}