{"id":72,"date":"2015-07-06T00:22:14","date_gmt":"2015-07-06T00:22:14","guid":{"rendered":"https:\/\/advancedsofttissuerelease.com\/home\/"},"modified":"2018-12-26T06:35:29","modified_gmt":"2018-12-26T06:35:29","slug":"casa","status":"publish","type":"page","link":"https:\/\/advancedsofttissuerelease.com\/pt\/home\/","title":{"rendered":"In\u00edcio"},"content":{"rendered":"<p class=\"p1\"> \t<span style=\"font-size:16px;\"><span style=\"font-family:verdana,geneva,sans-serif;\"><span style=\"color:#696969;\"><span class=\"s1\">Libera\u00e7\u00e3o Avan\u00e7ada de Tecidos Moles<\/span><span class=\"s2\"><b><sup>\u00ae&nbsp;<\/sup><\/b><\/span><span class=\"s1\">&nbsp;(ASTR<\/span><span class=\"s2\"><b><sup>\u00ae<\/sup><\/b><\/span><span class=\"s1\">)<\/span><\/span><span class=\"s1\"><a href=\"https:\/\/advancedsofttissuerelease.com\/pt\/about-astr\/o-que-e-astro-2\/\"><span style=\"color:#696969;\"><span class=\"s3\">&nbsp;<\/span><\/span><\/a><\/span><span style=\"color:#696969;\"><span class=\"s1\">est\u00e1 mudando a maneira como os pacientes experimentam&nbsp;<b>Al\u00edvio da dor a longo prazo<\/b>. ASTR foi desenvolvido em 2011 pelo Dr. Joseph Jacobs, Doutor em Fisioterapia. Dr.Jacobs \u00e9 um&nbsp;<\/span><\/span><span class=\"s4\">sobrevivente de cancer<\/span><span class=\"s1\">&nbsp;<span style=\"color:#696969;\">que sofria de<\/span>&nbsp;<\/span><span class=\"s4\">enxaquecas cr\u00f4nicas, dores de cabe\u00e7a, fadiga&nbsp;<\/span><span class=\"s5\">e<\/span><span class=\"s4\">&nbsp;dor&nbsp;<b>Antes de inventar o ASTR<\/b><\/span><span class=\"s1\">. <span style=\"color:#696969;\">A especialidade ASTR aborda a dor aguda e cr\u00f4nica diferente de qualquer outra coisa. Com&nbsp;<b>Patenteado,<\/b>&nbsp;Instrumentos estrategicamente projetados, mais de 125 manobras, avalia\u00e7\u00f5es exclusivas de pacientes e protocolos de tratamento taticamente elaborados, o ASTR foi projetado para atingir a fonte da dor e reduzi-la drasticamente, aumentando a amplitude de movimento e melhorando essencialmente a qualidade de vida das pessoas.<\/span><\/span><\/span><\/span><\/p>\n<p class=\"p1\"> \t&nbsp;<\/p>\n<hr>\n<p class=\"p1\"> \t&nbsp;<\/p>\n<p class=\"p1\"> \t<span style=\"font-size:18px;\"><span style=\"font-family:verdana,geneva,sans-serif;\"><strong style=\"-webkit-text-stroke-width: initial; color: rgb(105, 105, 105); font-size: 22px; font-family: verdana, geneva, sans-serif;\"><span class=\"s1\">ASTR: O Futuro da Medicina<\/span><\/strong><\/span><\/span><\/p>\n<p class=\"p1\"> \t&nbsp;<\/p>\n<ul class=\"ul1\">\n<li class=\"li2\"> \t\t<span style=\"font-size:16px;\"><span style=\"font-family:verdana,geneva,sans-serif;\"><span style=\"color:#696969;\"><span class=\"s7\"><b>40+<\/b><\/span><span class=\"s8\"><b>&nbsp;<\/b>Estudos apoiam o modelo de tratamento do ASTR<\/span><\/span><\/span><\/span><\/li>\n<li class=\"li2\"> \t\t<span style=\"font-size:16px;\"><span style=\"font-family:verdana,geneva,sans-serif;\"><span style=\"color:#696969;\"><span class=\"s7\"><b>400+<\/b><\/span><span class=\"s8\"><b>&nbsp;<\/b>Estudos de pesquisa s\u00e3o integrados ao modelo de tratamento do ASTR<\/span><\/span><\/span><\/span><\/li>\n<li class=\"li2\"> \t\t<span style=\"font-size:16px;\"><span style=\"font-family:verdana,geneva,sans-serif;\"><span style=\"color:#696969;\"><span class=\"s7\"><b>16,000+<\/b><\/span><span class=\"s8\">&nbsp;Os estudos de pesquisa foram revisados por nossa equipe<\/span><\/span><\/span><\/span><\/li>\n<li class=\"li2\"> \t\t<span style=\"font-size:16px;\"><span style=\"font-family:verdana,geneva,sans-serif;\"><span style=\"color:#696969;\"><span class=\"s7\"><b>300+&nbsp;<\/b><\/span><span class=\"s8\">V\u00eddeos de tratamento e depoimentos&nbsp;<\/span><\/span><\/span><\/span><\/li>\n<li class=\"li3\"> \t\t<span style=\"font-size:16px;\"><span style=\"font-family:verdana,geneva,sans-serif;\"><span style=\"color:#ff0000;\"><span class=\"s8\">Pr\u00e1tica Baseada em Evid\u00eancias<\/span><\/span><span style=\"color:#696969;\"><span class=\"s8\"> &amp; Modelo Biopsicossocial<\/span><\/span><\/span><\/span><\/li>\n<li class=\"li2\"> \t\t<span style=\"font-size:16px;\"><span style=\"font-family:verdana,geneva,sans-serif;\"><span style=\"color:#696969;\"><span class=\"s8\">Trata o&nbsp;<\/span><span class=\"s7\"><b>fonte<\/b><\/span><span class=\"s8\">&nbsp;de dor<\/span><\/span><\/span><\/span><\/li>\n<li class=\"li2\"> \t\t<span style=\"font-size:16px;\"><span style=\"font-family:verdana,geneva,sans-serif;\"><span style=\"color:#696969;\"><span class=\"s7\"><b>N\u00e3o invasivo<\/b><\/span><span class=\"s8\">&nbsp;tratamento natural<\/span><\/span><\/span><\/span><\/li>\n<\/ul>\n<hr>\n<p class=\"p1\"> \t&nbsp;<\/p>\n<p class=\"p1\"> \t<span style=\"font-size:22px;\"><span style=\"font-family:verdana,geneva,sans-serif;\"><span style=\"color:#696969;\"><strong><span class=\"s1\">O que \u00e9 a ASTR?<\/span><\/strong><\/span><\/span><\/span><\/p>\n<p class=\"p1\"> \t&nbsp;<\/p>\n<p class=\"p2\"> \t<span style=\"font-size:16px;\"><span style=\"font-family:verdana,geneva,sans-serif;\"><span style=\"color:#696969;\"><span class=\"s1\">O ASTR \u00e9 um modelo de tratamento biopsicossocial que utiliza instrumentos, manobras, teorias e metodologias exclusivas do ASTR para tratar a dor em sua origem. O tratamento ASTR inclui trabalhar em v\u00e1rios aspectos, incluindo: tecido cicatricial, restri\u00e7\u00e3o da f\u00e1scia, pontos-gatilho, espasmos musculares, ergonomia, marcha, exerc\u00edcio, nutri\u00e7\u00e3o, inflama\u00e7\u00e3o, gerenciamento de estresse e modifica\u00e7\u00e3o de comportamento. Os resultados de um estudo recente no pesco\u00e7o realizado em pacientes com ASTR descobriram que havia um&nbsp;<\/span><span class=\"s4\">Taxa de sucesso do 87%&nbsp;<\/span><span class=\"s1\">para os pacientes que passaram pelo nosso programa!<b>&nbsp;<\/b><\/span><\/span><span class=\"s1\"><a href=\"https:\/\/advancedsofttissuerelease.com\/pt\/pesquisar\/\"><span style=\"color:#696969;\"><span class=\"s11\">Saiba mais aqui<\/span><\/span><\/a><\/span><span style=\"color:#696969;\"><span class=\"s3\">!<\/span><\/span><\/span><\/span><\/p>\n<p class=\"p2\" style=\"text-align: center;\"> \t&nbsp;<\/p>\n<hr>\n<style type=\"text\/css\"> p.p1 {margin: 0.0px 0.0px 0.0px 0.0px; font: 16.0px Verdana; color: #000000; -webkit-text-stroke: #000000; background-color: #ffffff} p.p2 {margin: 0.0px 0.0px 0.0px 0.0px; font: 16.0px Verdana; color: #000000; -webkit-text-stroke: #000000} p.p4 {margin: 0.0px 0.0px 0.0px 0.0px; font: 16.0px Verdana; color: #000000; -webkit-text-stroke: #000000; background-color: #ffffff; min-height: 19.0px} li.li2 {margin: 0.0px 0.0px 0.0px 0.0px; font: 16.0px Verdana; color: #000000; -webkit-text-stroke: #000000} li.li3 {margin: 0.0px 0.0px 0.0px 0.0px; font: 16.0px Verdana; color: #696969; -webkit-text-stroke: #696969} span.s1 {font-kerning: none} span.s2 {font: 10.7px Verdana; font-kerning: none; color: #6a6a6a; -webkit-text-stroke: 0px #6a6a6a} span.s3 {font-kerning: none; color: #428bca; -webkit-text-stroke: 0px #428bca} span.s4 {font-kerning: none; color: #ff0000; -webkit-text-stroke: 0px #ff0000} span.s5 {font-kerning: none; color: #696969; -webkit-text-stroke: 0px #696969} span.s6 {color: #ff0000} span.s7 {font-kerning: none; color: #ff0000; background-color: #ffffff; -webkit-text-stroke: 0px #ff0000} span.s8 {font-kerning: none; background-color: #ffffff} span.s9 {color: #ff0000; -webkit-text-stroke: 0px #000000} span.s10 {font-kerning: none; color: #000000; background-color: #ffffff; -webkit-text-stroke: 0px #ff0000} span.s11 {font-kerning: none; color: #428bca; background-color: transparent; -webkit-text-stroke: 0px #428bca} span.s12 {font-kerning: none; color: #808080; -webkit-text-stroke: 0px #808080} span.s13 {text-decoration: underline ; font-kerning: none; background-color: transparent} ul.ul1 {list-style-type: disc}\t<\/style>","protected":false},"excerpt":{"rendered":"<p>Advanced Soft Tissue Release\u00ae&nbsp;&nbsp;(ASTR\u00ae)&nbsp;is changing the way that patients experience&nbsp;Long-Term&nbsp;pain relief. ASTR was developed in 2011 by&nbsp;Dr. Joseph Jacobs,&nbsp;Doctor of Physical Therapy. Dr.Jacobs is a&nbsp;cancer survivor&nbsp;who used to suffer from&nbsp;chronic migraines, headaches, fatigue&nbsp;and&nbsp;pain&nbsp;Before he invented ASTR. ASTR specialty addresses acute and chronic pain unlike anything else. With&nbsp;Patented,&nbsp;strategically designed instruments, over 125 maneuvers, unique patient assessments, [&hellip;]<\/p>\n","protected":false},"author":2447,"featured_media":0,"parent":0,"menu_order":19,"comment_status":"closed","ping_status":"closed","template":"","meta":{"_analytify_skip_tracking":false,"footnotes":""},"class_list":["post-72","page","type-page","status-publish","hentry"],"_links":{"self":[{"href":"https:\/\/advancedsofttissuerelease.com\/pt\/wp-json\/wp\/v2\/pages\/72","targetHints":{"allow":["GET"]}}],"collection":[{"href":"https:\/\/advancedsofttissuerelease.com\/pt\/wp-json\/wp\/v2\/pages"}],"about":[{"href":"https:\/\/advancedsofttissuerelease.com\/pt\/wp-json\/wp\/v2\/types\/page"}],"author":[{"embeddable":true,"href":"https:\/\/advancedsofttissuerelease.com\/pt\/wp-json\/wp\/v2\/users\/2447"}],"replies":[{"embeddable":true,"href":"https:\/\/advancedsofttissuerelease.com\/pt\/wp-json\/wp\/v2\/comments?post=72"}],"version-history":[{"count":0,"href":"https:\/\/advancedsofttissuerelease.com\/pt\/wp-json\/wp\/v2\/pages\/72\/revisions"}],"wp:attachment":[{"href":"https:\/\/advancedsofttissuerelease.com\/pt\/wp-json\/wp\/v2\/media?parent=72"}],"curies":[{"name":"wp","href":"https:\/\/api.w.org\/{rel}","templated":true}]}}