{"id":86,"date":"2015-07-18T14:17:33","date_gmt":"2015-07-18T14:17:33","guid":{"rendered":"https:\/\/advancedsofttissuerelease.com\/hand-testimonials\/"},"modified":"2015-07-18T14:17:33","modified_gmt":"2015-07-18T14:17:33","slug":"testemunhos-de-mao","status":"publish","type":"page","link":"https:\/\/advancedsofttissuerelease.com\/pt\/hand-testimonials\/","title":{"rendered":"Testemunhos de m\u00e3o"},"content":{"rendered":"<h1 style=\"color: rgb(69, 68, 68); font-family: 'Open Sans', sans-serif; font-size: 14px; line-height: 20px; text-align: center;\"> \t<span style=\"font-size:36px;\"><span style=\"color:#696969;\"><strong>Testemunhos de dor nas m\u00e3os<\/strong><\/span><\/span><\/h1>\n<p> \t&nbsp;<\/p>\n<div style=\"color: rgb(69, 68, 68); font-family: 'Open Sans', sans-serif; font-size: 14px; line-height: 20px;\"> \t<span style=\"color:#696969;\"><span style=\"font-family:verdana,geneva,sans-serif;\">\u201cDurante um ano, n\u00e3o consegui abrir a m\u00e3o. Meu polegar tinha movimento muito limitado sem muita dor. Era dif\u00edcil levantar qualquer coisa, mesmo pequena, ou mover minha m\u00e3o de uma certa maneira sem dor. No ano passado eu tive duas inje\u00e7\u00f5es colocadas na \u00e1rea para controle da dor. E antes disso, fiz cerca de 5-6 meses de quiropraxia, mas a dor sempre voltava. A partir de hoje, eu tive 3 tratamentos ASTR. Eu posso abrir minha m\u00e3o completamente e n\u00e3o sentir nenhuma dor. <strong>ASTR funciona! Sem d\u00favida, funciona!<\/strong>&#8220;<\/span><\/span><\/div>\n<div style=\"color: rgb(69, 68, 68); font-family: 'Open Sans', sans-serif; font-size: 14px; line-height: 20px; text-align: right;\"> \t<span style=\"color:#696969;\"><span style=\"font-family:verdana,geneva,sans-serif;\">Carol<\/span><\/span><\/div>\n<div style=\"color: rgb(69, 68, 68); font-family: 'Open Sans', sans-serif; font-size: 14px; line-height: 20px; text-align: right;\"> \t<span style=\"color:#696969;\"><span style=\"font-family:verdana,geneva,sans-serif;\"><strong>Dor nas m\u00e3os<\/strong><\/span><\/span> \t<\/p>\n<hr \/><\/div>\n<div style=\"color: rgb(69, 68, 68); font-family: 'Open Sans', sans-serif; font-size: 14px; line-height: 20px;\"> \t<span style=\"color:#696969;\"><span style=\"font-family:verdana,geneva,sans-serif;\">\u201cSou uma sobrevivente de AVC. Tive um derrame em dezembro de 2010 e, nos \u00faltimos 4 anos, tenho entrado e sa\u00eddo de v\u00e1rias instala\u00e7\u00f5es de terapia\/reabilita\u00e7\u00e3o. Quando cheguei ao Dr. Jacobs, ainda tinha alguma paralisia na m\u00e3o e no bra\u00e7o esquerdos. <strong>Atrav\u00e9s do programa ASTR do Dr. Jacob, ele foi capaz de romper o tecido cicatricial e fazer meus dedos come\u00e7arem a se mover<\/strong> dentro de dois meses de estar aqui.\u201d&nbsp;<\/span><\/span><\/div>\n<div style=\"color: rgb(69, 68, 68); font-family: 'Open Sans', sans-serif; font-size: 14px; line-height: 20px; text-align: right;\"> \t<span style=\"color:#696969;\"><span style=\"font-family:verdana,geneva,sans-serif;\">Chris<\/span><\/span><\/div>\n<div style=\"color: rgb(69, 68, 68); font-family: 'Open Sans', sans-serif; font-size: 14px; line-height: 20px; text-align: right;\"> \t<span style=\"color:#696969;\"><span style=\"font-family:verdana,geneva,sans-serif;\"><strong>Sobrevivente de AVC com paralisia da m\u00e3o<\/strong><\/span><\/span> \t<\/p>\n<hr \/><\/div>\n<div style=\"color: rgb(69, 68, 68); font-family: 'Open Sans', sans-serif; font-size: 14px; line-height: 20px; text-align: right;\"> \t&nbsp;<\/div>\n<div style=\"color: rgb(69, 68, 68); font-family: 'Open Sans', sans-serif; font-size: 14px; line-height: 20px; text-align: center;\"> \t<span style=\"font-size:22px;\"><span style=\"color:#696969;\"><span style=\"font-family: verdana, geneva, sans-serif;\">Assista a v\u00eddeos de depoimentos de pacientes que experimentam al\u00edvio da dor nas m\u00e3os atrav\u00e9s da Libera\u00e7\u00e3o Avan\u00e7ada de Tecidos Moles!<\/span><\/span><\/span><\/div>\n<div> \t&nbsp;<\/div>\n<p style=\"color: rgb(69, 68, 68); font-family: 'Open Sans', sans-serif; font-size: 14px; line-height: 20px; text-align: center;\"> \t<iframe title=\"Effective Treatment For Carpal Tunnel Syndrome\" width=\"800\" height=\"450\" src=\"https:\/\/www.youtube.com\/embed\/Kb7LU58hjgM?feature=oembed\" frameborder=\"0\" allow=\"accelerometer; autoplay; clipboard-write; encrypted-media; gyroscope; picture-in-picture; web-share\" allowfullscreen><\/iframe><\/p>\n<p style=\"color: rgb(69, 68, 68); font-family: 'Open Sans', sans-serif; font-size: 14px; line-height: 20px; text-align: center;\"> \t<iframe title=\"Wrist &amp; Hand Pain Relieved After 5 ASTR sessions!\" width=\"800\" height=\"450\" src=\"https:\/\/www.youtube.com\/embed\/1tct-lgChDA?feature=oembed\" frameborder=\"0\" allow=\"accelerometer; autoplay; clipboard-write; encrypted-media; gyroscope; picture-in-picture; web-share\" allowfullscreen><\/iframe><\/p>\n<p style=\"color: rgb(69, 68, 68); font-family: 'Open Sans', sans-serif; font-size: 14px; line-height: 20px; text-align: center;\"> \t<iframe title=\"Chronic Neck Pain Relieved After Only 1 ASTR treatment!\" width=\"800\" height=\"450\" src=\"https:\/\/www.youtube.com\/embed\/m4enZU69P0A?feature=oembed\" frameborder=\"0\" allow=\"accelerometer; autoplay; clipboard-write; encrypted-media; gyroscope; picture-in-picture; web-share\" allowfullscreen><\/iframe><\/p>\n<p style=\"color: rgb(69, 68, 68); font-family: 'Open Sans', sans-serif; font-size: 14px; line-height: 20px; text-align: center;\"> \t<iframe title=\"Stroke Treatment - Doctor - Mission Viejo - Laguna Niguel\" width=\"800\" height=\"450\" src=\"https:\/\/www.youtube.com\/embed\/QODZKM40hx8?feature=oembed\" frameborder=\"0\" allow=\"accelerometer; autoplay; clipboard-write; encrypted-media; gyroscope; picture-in-picture; web-share\" allowfullscreen><\/iframe><\/p>\n<p style=\"color: rgb(69, 68, 68); font-family: 'Open Sans', sans-serif; font-size: 14px; line-height: 20px; text-align: center;\"> \t<iframe title=\"Hands Pain Treatment - Orange County\" width=\"800\" height=\"450\" src=\"https:\/\/www.youtube.com\/embed\/tYst8zcroso?feature=oembed\" frameborder=\"0\" allow=\"accelerometer; autoplay; clipboard-write; encrypted-media; gyroscope; picture-in-picture; web-share\" allowfullscreen><\/iframe><\/p>\n<p style=\"color: rgb(69, 68, 68); font-family: 'Open Sans', sans-serif; font-size: 14px; line-height: 20px; text-align: center;\"> \t&nbsp;<\/p>\n<div style=\"color: rgb(69, 68, 68); font-family: 'Open Sans', sans-serif; font-size: 14px; line-height: 20px; text-align: center;\"> \t&nbsp;<\/div>","protected":false},"excerpt":{"rendered":"<p>Hand Pain Testimonials &nbsp; &#8220;For a year, I couldn&#8217;t open my hand. My thumb had very limited movement without a lot of pain. It was difficult to lift anything, even small, or move my hand a certain way without pain. Last year I had two injections put into the area for pain management. And before [&hellip;]<\/p>\n","protected":false},"author":2447,"featured_media":0,"parent":0,"menu_order":253,"comment_status":"closed","ping_status":"closed","template":"","meta":{"_analytify_skip_tracking":false,"footnotes":""},"class_list":["post-86","page","type-page","status-publish","hentry"],"_links":{"self":[{"href":"https:\/\/advancedsofttissuerelease.com\/pt\/wp-json\/wp\/v2\/pages\/86","targetHints":{"allow":["GET"]}}],"collection":[{"href":"https:\/\/advancedsofttissuerelease.com\/pt\/wp-json\/wp\/v2\/pages"}],"about":[{"href":"https:\/\/advancedsofttissuerelease.com\/pt\/wp-json\/wp\/v2\/types\/page"}],"author":[{"embeddable":true,"href":"https:\/\/advancedsofttissuerelease.com\/pt\/wp-json\/wp\/v2\/users\/2447"}],"replies":[{"embeddable":true,"href":"https:\/\/advancedsofttissuerelease.com\/pt\/wp-json\/wp\/v2\/comments?post=86"}],"version-history":[{"count":0,"href":"https:\/\/advancedsofttissuerelease.com\/pt\/wp-json\/wp\/v2\/pages\/86\/revisions"}],"wp:attachment":[{"href":"https:\/\/advancedsofttissuerelease.com\/pt\/wp-json\/wp\/v2\/media?parent=86"}],"curies":[{"name":"wp","href":"https:\/\/api.w.org\/{rel}","templated":true}]}}