{"id":89,"date":"2015-07-18T14:21:32","date_gmt":"2015-07-18T14:21:32","guid":{"rendered":"https:\/\/advancedsofttissuerelease.com\/shoulder-testimonials\/"},"modified":"2015-07-18T14:21:32","modified_gmt":"2015-07-18T14:21:32","slug":"ombro-testemunho-2","status":"publish","type":"page","link":"https:\/\/advancedsofttissuerelease.com\/pt\/shoulder-testimonials\/","title":{"rendered":"Depoimentos do ombro"},"content":{"rendered":"<h1 style=\"text-align: center;\"> \t<span style=\"color:#696969;\"><strong>&nbsp;Testemunhos de dor no ombro<\/strong><\/span><\/h1>\n<div style=\"color: rgb(69, 68, 68); font-family: 'Open Sans', sans-serif; font-size: 14px; line-height: 20px; text-align: center;\"> \t&nbsp;<\/div>\n<div style=\"color: rgb(69, 68, 68); font-family: 'Open Sans', sans-serif; font-size: 14px; line-height: 20px; text-align: center;\">\n<div style=\"box-sizing: border-box; text-align: left;\">\n<p style=\"box-sizing: border-box; line-height: 1.6em; color: rgb(34, 34, 34); font-family: Arial, Verdana, sans-serif; font-size: 12px;\"> \t\t\t<span style=\"color:#696969;\"><span style=\"box-sizing: border-box;\"><span style=\"box-sizing: border-box; font-family: verdana, geneva, sans-serif;\"><span style=\"box-sizing: border-box; font-size: 14px;\">\u201cMinha experi\u00eancia com o Doutor Jacobs foi&nbsp;<strong style=\"box-sizing: border-box;\">totalmente diferente da minha experi\u00eancia com fisioterapia antes<\/strong>. Sua t\u00e9cnica ASTR aborda o&nbsp;<strong style=\"box-sizing: border-box;\">raiz do problema<\/strong>&nbsp;e ele gasta&nbsp;<strong style=\"box-sizing: border-box;\">tempo um a um<\/strong>&nbsp;com seus pacientes. Depois&nbsp;<strong style=\"box-sizing: border-box;\">7 visitas<\/strong>, eu sinto que a maior parte da minha dor se foi.&nbsp;<strong style=\"box-sizing: border-box;\">J\u00e1 posso dormir \u00e0 noite.<\/strong>&nbsp;Eu recomendo o Doutor Jacobs para qualquer pessoa!\u201d<\/span><\/span><\/span><\/span><\/p>\n<p style=\"box-sizing: border-box; line-height: 1.6em; color: rgb(34, 34, 34); font-family: Arial, Verdana, sans-serif; font-size: 12px; text-align: right;\"> \t\t\t<span style=\"color:#696969;\"><span style=\"box-sizing: border-box;\"><span style=\"box-sizing: border-box; font-family: verdana, geneva, sans-serif;\"><span style=\"box-sizing: border-box; font-size: 14px;\">Mahvah F.<\/span><\/span><\/span><\/span><\/p>\n<p style=\"box-sizing: border-box; line-height: 1.6em; color: rgb(34, 34, 34); font-family: Arial, Verdana, sans-serif; font-size: 12px; text-align: right;\"> \t\t\t<span style=\"color:#696969;\"><span style=\"box-sizing: border-box;\"><span style=\"box-sizing: border-box; font-family: verdana, geneva, sans-serif;\"><span style=\"box-sizing: border-box; font-size: 14px;\"><strong style=\"box-sizing: border-box;\">Ombro<\/strong><\/span><\/span><\/span><\/span><\/p>\n<p style=\"box-sizing: border-box; line-height: 1.6em; color: rgb(34, 34, 34); font-family: Arial, Verdana, sans-serif; font-size: 12px; text-align: right;\"> \t\t\t<span style=\"color:#696969;\"><span style=\"box-sizing: border-box;\"><span style=\"box-sizing: border-box; font-family: verdana, geneva, sans-serif;\"><span style=\"box-sizing: border-box; font-size: 14px;\">(Miss\u00e3o Velha, CA)<\/span><\/span><\/span><\/span><\/p>\n<hr \/>\n<div> \t\t\t<span style=\"color:#696969;\"><span style=\"font-family: verdana, geneva, sans-serif;\">\u201cS\u00f3 queria dizer a grande experi\u00eancia que tive. O doutor Jacobs usou a t\u00e9cnica ASTR em mim para me ajudar com meu manguito rotador, o que foi realmente muito doloroso quando cheguei aqui. Eu tamb\u00e9m tenho escoliose e tenho dores constantes com isso. A dor do manguito rotador passou imediatamente. Eu diria que nas primeiras duas ou tr\u00eas consultas, <strong>Eu me senti muito melhor e agora tenho total flexibilidade, o que \u00e9 incr\u00edvel!<\/strong> Minha dor de escoliose est\u00e1 indo embora. Est\u00e1 quase desaparecendo completamente e isso \u00e9 apenas dentro de um m\u00eas e meio.! Obrigado, Dr. Jacobs. Eu realmente aprecio tudo o que voc\u00ea fez!\u201d<\/span><\/span><\/div>\n<div> \t\t\t&nbsp;<\/div>\n<div style=\"text-align: right;\"> \t\t\t<span style=\"color:#696969;\"><span style=\"font-family: verdana, geneva, sans-serif;\">Gle H.<\/span><\/span><\/div>\n<div style=\"text-align: right;\"> \t\t\t<span style=\"color:#696969;\"><strong><span style=\"font-family: verdana, geneva, sans-serif;\">Dor no ombro\/escoliose<\/span><\/strong><\/span><\/div>\n<div style=\"box-sizing: border-box; font-size: small; line-height: 25.6px; text-align: right; font-family: arial;\"> \t\t\t<span style=\"color:#696969;\"><span style=\"box-sizing: border-box;\"><span style=\"box-sizing: border-box; font-family: verdana, geneva, sans-serif;\"><span style=\"box-sizing: border-box; font-size: 14px;\">(Miss\u00e3o Velha, CA)<\/span><\/span><\/span><\/span> \t\t\t<\/p>\n<hr \/><\/div>\n<\/p><\/div>\n<div style=\"box-sizing: border-box;\"> \t\t&nbsp;<\/div>\n<div style=\"box-sizing: border-box;\"> \t\t<span style=\"font-size:22px;\"><span style=\"color:#696969;\"><span style=\"box-sizing: border-box; font-family: verdana, geneva, sans-serif;\">Assista a v\u00eddeos de depoimentos de pacientes que experimentaram al\u00edvio da dor no ombro atrav\u00e9s da Libera\u00e7\u00e3o Avan\u00e7ada de Tecidos Moles!<\/span><\/span><\/span><\/div>\n<div> \t\t&nbsp;<\/div>\n<\/p><\/div>\n<div style=\"color: rgb(69, 68, 68); font-family: 'Open Sans', sans-serif; font-size: 14px; line-height: 20px; text-align: center;\"> \t&nbsp;<\/div>\n<div style=\"color: rgb(69, 68, 68); font-family: 'Open Sans', sans-serif; font-size: 14px; line-height: 20px; text-align: center;\"> \thttp:\/\/www.youtube.com\/watch?v=OrW24_nK5DU<\/div>\n<div style=\"color: rgb(69, 68, 68); font-family: 'Open Sans', sans-serif; font-size: 14px; line-height: 20px; text-align: center;\"> \thttp:\/\/www.youtube.com\/watch?v=MH-ncsFdkik<\/div>\n<div style=\"color: rgb(69, 68, 68); font-family: 'Open Sans', sans-serif; font-size: 14px; line-height: 20px; text-align: center;\"> \thttp:\/\/www.youtube.com\/watch?v=9I8oQtTGhHI<\/div>\n<div style=\"color: rgb(69, 68, 68); font-family: 'Open Sans', sans-serif; font-size: 14px; line-height: 20px; text-align: center;\"> \thttp:\/\/www.youtube.com\/watch?v=EP8HCevdyr4<\/div>\n<div style=\"color: rgb(69, 68, 68); font-family: 'Open Sans', sans-serif; font-size: 14px; line-height: 20px; text-align: center;\"> \thttp:\/\/www.youtube.com\/watch?v=m4enZU69P0A<\/div>\n<div style=\"color: rgb(69, 68, 68); font-family: 'Open Sans', sans-serif; font-size: 14px; line-height: 20px; text-align: center;\"> \thttp:\/\/www.youtube.com\/watch?v=Xwn_Vc3u0R8<\/div>\n<div style=\"color: rgb(69, 68, 68); font-family: 'Open Sans', sans-serif; font-size: 14px; line-height: 20px; text-align: center;\"> \thttp:\/\/www.youtube.com\/watch?v=wb4t1dP8Ubs<\/div>\n<div style=\"color: rgb(69, 68, 68); font-family: 'Open Sans', sans-serif; font-size: 14px; line-height: 20px; text-align: center;\"> \thttp:\/\/www.youtube.com\/watch?v=BGcwgXKwYiw<\/div>\n<div style=\"color: rgb(69, 68, 68); font-family: 'Open Sans', sans-serif; font-size: 14px; line-height: 20px; text-align: center;\">\n<div> \t\thttp:\/\/www.youtube.com\/watch?v=zmKbc9dA4_k<\/div>\n<div> \t\thttp:\/\/www.youtube.com\/watch?v=GdPemS1bRk0<\/div>\n<\/p><\/div>\n<div style=\"color: rgb(69, 68, 68); font-family: 'Open Sans', sans-serif; font-size: 14px; line-height: 20px; text-align: center;\"> \thttp:\/\/www.youtube.com\/watch?v=1S8m9fcU_Ns<\/div>\n<div style=\"color: rgb(69, 68, 68); font-family: 'Open Sans', sans-serif; font-size: 14px; line-height: 20px; text-align: center;\"> \thttp:\/\/www.youtube.com\/watch?v=t55BovzkSfY<\/div>\n<div style=\"color: rgb(69, 68, 68); font-family: 'Open Sans', sans-serif; font-size: 14px; line-height: 20px; text-align: center;\"> \thttp:\/\/www.youtube.com\/watch?v=Jz8JyMPZ5C4<\/div>\n<div style=\"color: rgb(69, 68, 68); font-family: 'Open Sans', sans-serif; font-size: 14px; line-height: 20px; text-align: center;\"> \thttp:\/\/www.youtube.com\/watch?v=k4U0nUDq-II<\/div>\n<div>\n<p> \t\t&nbsp;<\/p>\n<\/p><\/div>","protected":false},"excerpt":{"rendered":"<p>&nbsp;Shoulder Pain Testimonials &nbsp; &#8220;My experience with Doctor Jacobs has been&nbsp;totally different than my experience with physical therapy before. His ASTR technique addresses the&nbsp;root of the problem&nbsp;and he spends&nbsp;one-on-one time&nbsp;with his patients. After&nbsp;7 visits, I feel like most of my pain is gone.&nbsp;I can sleep at night now.&nbsp;I would highly recommend Doctor Jacobs to anyone!&#8221; [&hellip;]<\/p>\n","protected":false},"author":2447,"featured_media":0,"parent":0,"menu_order":250,"comment_status":"closed","ping_status":"closed","template":"","meta":{"_analytify_skip_tracking":false,"footnotes":""},"class_list":["post-89","page","type-page","status-publish","hentry"],"_links":{"self":[{"href":"https:\/\/advancedsofttissuerelease.com\/pt\/wp-json\/wp\/v2\/pages\/89","targetHints":{"allow":["GET"]}}],"collection":[{"href":"https:\/\/advancedsofttissuerelease.com\/pt\/wp-json\/wp\/v2\/pages"}],"about":[{"href":"https:\/\/advancedsofttissuerelease.com\/pt\/wp-json\/wp\/v2\/types\/page"}],"author":[{"embeddable":true,"href":"https:\/\/advancedsofttissuerelease.com\/pt\/wp-json\/wp\/v2\/users\/2447"}],"replies":[{"embeddable":true,"href":"https:\/\/advancedsofttissuerelease.com\/pt\/wp-json\/wp\/v2\/comments?post=89"}],"version-history":[{"count":0,"href":"https:\/\/advancedsofttissuerelease.com\/pt\/wp-json\/wp\/v2\/pages\/89\/revisions"}],"wp:attachment":[{"href":"https:\/\/advancedsofttissuerelease.com\/pt\/wp-json\/wp\/v2\/media?parent=89"}],"curies":[{"name":"wp","href":"https:\/\/api.w.org\/{rel}","templated":true}]}}