{"id":91,"date":"2015-07-18T14:23:32","date_gmt":"2015-07-18T14:23:32","guid":{"rendered":"https:\/\/advancedsofttissuerelease.com\/pediatrics-testimonials\/"},"modified":"2015-07-18T14:23:32","modified_gmt":"2015-07-18T14:23:32","slug":"pediatrics-testimonials","status":"publish","type":"page","link":"https:\/\/advancedsofttissuerelease.com\/pt\/pediatrics-testimonials\/","title":{"rendered":"Pediatrics Testimonials"},"content":{"rendered":"<h1 style=\"color: rgb(69, 68, 68); font-family: 'Open Sans', sans-serif; font-size: 14px; line-height: 20px; text-align: center;\"> \t<span style=\"font-size:36px;\"><span style=\"color:#696969;\"><strong>Pediatric Testimonials<\/strong><\/span><\/span><\/h1>\n<div style=\"box-sizing: border-box; color: rgb(69, 68, 68); font-family: 'Open Sans', sans-serif; font-size: 14px; line-height: 20px; text-align: center;\"> \t&nbsp;<\/div>\n<div style=\"box-sizing: border-box; color: rgb(69, 68, 68); font-family: 'Open Sans', sans-serif; font-size: 14px; line-height: 20px;\"> \t&nbsp;<\/div>\n<div style=\"box-sizing: border-box; color: rgb(69, 68, 68); font-family: 'Open Sans', sans-serif; font-size: 14px; line-height: 20px;\"> \t<span style=\"color:#696969;\">&#8220;I had a neck spasm three days ago and I couldn&#8217;t move my neck. My neck was stiff and my shoulder was really numb. Now I have almost no pain. I had three treatments and now I can move my neck.&#8221;<\/span><\/div>\n<div style=\"box-sizing: border-box; color: rgb(69, 68, 68); font-family: 'Open Sans', sans-serif; font-size: 14px; line-height: 20px;\"> \t&nbsp;<\/div>\n<div style=\"box-sizing: border-box; color: rgb(69, 68, 68); font-family: 'Open Sans', sans-serif; font-size: 14px; line-height: 20px; text-align: right;\"> \t<span style=\"color:#696969;\">Anthony<\/span><\/div>\n<div style=\"box-sizing: border-box; color: rgb(69, 68, 68); font-family: 'Open Sans', sans-serif; font-size: 14px; line-height: 20px; text-align: right;\">\n<p> \t\t<span style=\"color:#696969;\"><strong>Dor no pesco\u00e7o<\/strong><\/span><\/p>\n<hr \/><\/div>\n<div style=\"box-sizing: border-box; color: rgb(69, 68, 68); font-family: 'Open Sans', sans-serif; font-size: 14px; line-height: 20px;\"> \t<span style=\"color:#696969;\">\u201cEu trouxe minha filha, Daisy, porque ela fez v\u00e1rias radiografias mostrando que sua curva de escoliose estava em 53 graus. Ela era muito desequilibrada. Os m\u00e9dicos disseram que n\u00e3o havia esperan\u00e7a - que fosse cirurgia ou nada. Fui ao Dr. Jacobs para ver se havia alguma coisa que pud\u00e9ssemos fazer. <strong>Daisy teve um progresso incr\u00edvel!<\/strong> Eu mal noto quando ela est\u00e1 andando na minha frente. Ela \u00e9 muito mais reta. Ela anda totalmente diferente. <strong>Ela parece 90% melhor do que antes de virmos aqui!<\/strong> Dr. Jacob liberou o aperto de seu tecido cicatricial para que sua coluna n\u00e3o estivesse mais sendo puxada. As sess\u00f5es s\u00e3o sem dor e ela nunca reclama do tratamento!\u201d<\/span><\/div>\n<div style=\"box-sizing: border-box; color: rgb(69, 68, 68); font-family: 'Open Sans', sans-serif; font-size: 14px; line-height: 20px; text-align: right;\"> \t<span style=\"color:#696969;\">celeste<\/span><\/div>\n<div style=\"box-sizing: border-box; color: rgb(69, 68, 68); font-family: 'Open Sans', sans-serif; font-size: 14px; line-height: 20px; text-align: right;\"> \t<span style=\"color:#696969;\"><strong>Filha tem escoliose<\/strong><\/span> \t<\/p>\n<hr \/><\/div>\n<div style=\"box-sizing: border-box; color: rgb(69, 68, 68); font-family: 'Open Sans', sans-serif; font-size: 14px; line-height: 20px; text-align: center;\"> \t<span style=\"font-size:22px;\"><span style=\"color:#696969;\"><span style=\"box-sizing: border-box; font-family: verdana, geneva, sans-serif;\">Watch testimonial videos of pediatric patients who experienced pain relief through Advanced Soft Tissue Release!<\/span><\/span><\/span><\/div>\n<div> \t&nbsp;<\/div>\n<p style=\"color: rgb(69, 68, 68); font-family: 'Open Sans', sans-serif; font-size: 14px; line-height: 20px; text-align: center;\"> \t<iframe title=\"Effective Torticollis Treatment! (INCREDIBLE RESULTS!!)\" width=\"800\" height=\"450\" src=\"https:\/\/www.youtube.com\/embed\/5aiqxq3JswQ?feature=oembed\" frameborder=\"0\" allow=\"accelerometer; autoplay; clipboard-write; encrypted-media; gyroscope; picture-in-picture; web-share\" allowfullscreen><\/iframe><\/p>\n<p style=\"color: rgb(69, 68, 68); font-family: 'Open Sans', sans-serif; font-size: 14px; line-height: 20px; text-align: center;\"> \t<iframe title=\"Effective Scoliosis Treatment! (DISCOVER RELIEF NOW!!)\" width=\"800\" height=\"450\" src=\"https:\/\/www.youtube.com\/embed\/a-X8NYdXHws?feature=oembed\" frameborder=\"0\" allow=\"accelerometer; autoplay; clipboard-write; encrypted-media; gyroscope; picture-in-picture; web-share\" allowfullscreen><\/iframe><\/p>\n<p style=\"color: rgb(69, 68, 68); font-family: 'Open Sans', sans-serif; font-size: 14px; line-height: 20px; text-align: center;\"> \t<iframe title=\"Back &amp; Hip Pain Relieved Without Surgery After 2 ASTR Treatments\" width=\"800\" height=\"450\" src=\"https:\/\/www.youtube.com\/embed\/qcCzOO3CPwU?feature=oembed\" frameborder=\"0\" allow=\"accelerometer; autoplay; clipboard-write; encrypted-media; gyroscope; picture-in-picture; web-share\" allowfullscreen><\/iframe><\/p>\n<p style=\"color: rgb(69, 68, 68); font-family: 'Open Sans', sans-serif; font-size: 14px; line-height: 20px; text-align: center;\"> \t&nbsp;<\/p>","protected":false},"excerpt":{"rendered":"<p>Pediatric Testimonials &nbsp; &nbsp; &#8220;I had a neck spasm three days ago and I couldn&#8217;t move my neck. My neck was stiff and my shoulder was really numb. Now I have almost no pain. I had three treatments and now I can move my neck.&#8221; &nbsp; Anthony Neck Pain &#8220;I brought my daughter, Daisy, in [&hellip;]<\/p>\n","protected":false},"author":2447,"featured_media":0,"parent":0,"menu_order":248,"comment_status":"closed","ping_status":"closed","template":"","meta":{"_analytify_skip_tracking":false,"footnotes":""},"class_list":["post-91","page","type-page","status-publish","hentry"],"_links":{"self":[{"href":"https:\/\/advancedsofttissuerelease.com\/pt\/wp-json\/wp\/v2\/pages\/91","targetHints":{"allow":["GET"]}}],"collection":[{"href":"https:\/\/advancedsofttissuerelease.com\/pt\/wp-json\/wp\/v2\/pages"}],"about":[{"href":"https:\/\/advancedsofttissuerelease.com\/pt\/wp-json\/wp\/v2\/types\/page"}],"author":[{"embeddable":true,"href":"https:\/\/advancedsofttissuerelease.com\/pt\/wp-json\/wp\/v2\/users\/2447"}],"replies":[{"embeddable":true,"href":"https:\/\/advancedsofttissuerelease.com\/pt\/wp-json\/wp\/v2\/comments?post=91"}],"version-history":[{"count":0,"href":"https:\/\/advancedsofttissuerelease.com\/pt\/wp-json\/wp\/v2\/pages\/91\/revisions"}],"wp:attachment":[{"href":"https:\/\/advancedsofttissuerelease.com\/pt\/wp-json\/wp\/v2\/media?parent=91"}],"curies":[{"name":"wp","href":"https:\/\/api.w.org\/{rel}","templated":true}]}}