{"id":10108,"date":"2020-03-06T18:45:02","date_gmt":"2020-03-07T01:45:02","guid":{"rendered":"https:\/\/advancedsofttissuerelease.com\/?post_type=product&#038;p=10108"},"modified":"2025-09-23T20:46:00","modified_gmt":"2025-09-24T00:46:00","slug":"kit-de-suplemento-de-alivio-de-inflamacao-2","status":"publish","type":"product","link":"https:\/\/advancedsofttissuerelease.com\/pt\/product\/inflammation-relief-supplement-kit\/","title":{"rendered":"Kit de Al\u00edvio de Inflama\u00e7\u00e3o Grave"},"content":{"rendered":"<h1><span style=\"font-size: 12pt; color: #333333;\"><strong>Kit de Al\u00edvio de Inflama\u00e7\u00e3o Grave<\/strong><\/span><\/h1>\n<p><span style=\"color: #333333;\">Neste programa passo a passo, o Dr. Jacobs mostrar\u00e1 a voc\u00ea como reduzir a inflama\u00e7\u00e3o de maneira r\u00e1pida e eficaz, implementando a dieta anti-inflamat\u00f3ria do ASTR com nosso kit de suplemento anti-inflamat\u00f3rio. Se voc\u00ea estiver com dor cr\u00f4nica ou de curto prazo, este kit iniciar\u00e1 sua jornada para o al\u00edvio da dor, reduzindo rapidamente a inflama\u00e7\u00e3o moderada a grave!<\/span><\/p>\n<p><span style=\"color: #333333;\"><strong>O kit de al\u00edvio de inflama\u00e7\u00e3o grave inclui<\/strong><\/span><\/p>\n<ol>\n<li><span style=\"color: #333333;\">Joint &amp; Muscle Repair Pack<\/span><\/li>\n<li><span style=\"color: #333333;\">Colag\u00e9nio Activo<\/span><\/li>\n<li>\u00d4mega Ativo<\/li>\n<li><span style=\"color: #333333;\">Magn\u00e9sio Activo<\/span><\/li>\n<li><span style=\"color: #333333;\">K2 e D3 completos<\/span><\/li>\n<li><span style=\"color: #333333;\">ASTR diet, including recipes<\/span><\/li>\n<\/ol>\n<p><span style=\"color: #0000ff;\"><a style=\"color: #0000ff;\" href=\"https:\/\/advancedsofttissuerelease.com\/pt\/produtos\/infla-facilidade-3\/\"><strong><span style=\"font-size: 12pt;\">Joint &amp; Muscle Repair Pack &gt;<\/span><\/strong><\/a><\/span><\/p>\n<ul>\n<li>Supports joint &amp; muscle repair<\/li>\n<li>Suporta uma resposta inflamat\u00f3ria saud\u00e1vel<\/li>\n<li>Melhorar a sa\u00fade musculoesquel\u00e9tica<\/li>\n<li>Possui sa\u00fade articular<\/li>\n<li>Aumenta o movimento das articula\u00e7\u00f5es<\/li>\n<li>Aumenta a fun\u00e7\u00e3o f\u00edsica<\/li>\n<li>Melhora o tempo de recupera\u00e7\u00e3o do treino<\/li>\n<\/ul>\n<p><span style=\"color: #0000ff;\"><a style=\"color: #0000ff;\" href=\"https:\/\/advancedsofttissuerelease.com\/pt\/produtos\/ativo-de-colageno-2\/\"><strong><span style=\"font-size: 12pt;\">Col\u00e1geno Ativo &gt;<\/span><\/strong><\/a><\/span><\/p>\n<ul>\n<li>Apoia o processo de auto-repara\u00e7\u00e3o da cartilagem<\/li>\n<li>Suporta o processo de auto-repara\u00e7\u00e3o do tend\u00e3o<\/li>\n<li>Apoia o processo de auto-repara\u00e7\u00e3o do ligamento<\/li>\n<li>Suporta o processo de auto-reparo da f\u00e1scia<\/li>\n<li>Suporta cabelos saud\u00e1veis<\/li>\n<li>Suporta uma pele saud\u00e1vel<\/li>\n<li>Suporta unhas saud\u00e1veis<\/li>\n<li>Suporta lubrifica\u00e7\u00e3o das articula\u00e7\u00f5es<\/li>\n<li>Suporta amortecimento das articula\u00e7\u00f5es<\/li>\n<li>Promove a bioss\u00edntese do tecido conjuntivo<\/li>\n<\/ul>\n<div class=\"page\" title=\"P\u00e1gina 1\">\n<div class=\"section\">\n<div class=\"layoutArea\">\n<div class=\"column\">\n<p>O col\u00e1geno \u00e9 um elemento crucial da pele, cabelo, unhas, articula\u00e7\u00f5es e tecido conjuntivo. Col\u00e1geno Conte\u00fados ativos: vitamina C, magn\u00e9sio, col\u00e1geno tipo 1, \u00e1cido hialur\u00f4nico, hidrolisado de gelatina. O col\u00e1geno ativo suporta cartilagem, tend\u00e3o, ligamento, f\u00e1scia e fun\u00e7\u00e3o articular saud\u00e1veis.<\/p>\n<\/div>\n<\/div>\n<\/div>\n<\/div>\n<p><span style=\"color: #0000ff;\"><a style=\"color: #0000ff;\" href=\"https:\/\/advancedsofttissuerelease.com\/pt\/produtos\/omega-ativo-2\/\"><strong><span style=\"font-size: 12pt;\">\u00d4mega Ativo &gt;<\/span><\/strong><\/a><\/span><\/p>\n<ul>\n<li>Apoia a sa\u00fade cardiovascular<\/li>\n<li>Suporta o metabolismo do a\u00e7\u00facar no sangue<\/li>\n<li>Suporta a fun\u00e7\u00e3o cognitiva<\/li>\n<li>Apoia o desenvolvimento cognitivo<\/li>\n<li>Suporta uma pele saud\u00e1vel<\/li>\n<li>Suporta articula\u00e7\u00f5es saud\u00e1veis<\/li>\n<li>Suporta tecidos conjuntivos saud\u00e1veis<\/li>\n<li>Aumenta a sa\u00fade visual e ocular<\/li>\n<li>Mant\u00e9m o equil\u00edbrio inflamat\u00f3rio normal<\/li>\n<\/ul>\n<p><span style=\"color: #0000ff;\"><a style=\"color: #0000ff;\" href=\"https:\/\/advancedsofttissuerelease.com\/pt\/produtos\/ativo-de-magnesio\/\"><strong><span style=\"font-size: 12pt;\">Magn\u00e9sio Ativo &gt;<\/span><\/strong><\/a><\/span><\/p>\n<ul>\n<li><span style=\"color: #333333;\">Fornece 3 formas de magn\u00e9sio altamente absorvido<\/span><\/li>\n<li><span style=\"color: #333333;\">Magn\u00e9sio de alta concentra\u00e7\u00e3o para suporte cardiovascular<\/span><\/li>\n<li><span style=\"color: #333333;\">O magn\u00e9sio desempenha um papel vital em centenas de atividades metab\u00f3licas<\/span><\/li>\n<li><span style=\"color: #333333;\">Ajudar a manter a press\u00e3o arterial saud\u00e1vel<\/span><\/li>\n<li><span style=\"color: #333333;\">Ajuda a manter n\u00edveis saud\u00e1veis de glicose<\/span><\/li>\n<li><span style=\"color: #333333;\">Promove a produ\u00e7\u00e3o de energia<\/span><\/li>\n<li><span style=\"color: #333333;\">Promove o relaxamento muscular<\/span><\/li>\n<li><span style=\"color: #333333;\">Suporta a fun\u00e7\u00e3o muscular<\/span><\/li>\n<li><span style=\"color: #333333;\">Apoie a fun\u00e7\u00e3o do nervo<\/span><\/li>\n<\/ul>\n<div class=\"page\" title=\"P\u00e1gina 1\"><\/div>\n<p><span style=\"color: #0000ff;\"><a style=\"color: #0000ff;\" href=\"https:\/\/advancedsofttissuerelease.com\/pt\/produtos\/k2-d3-completo-2\/\"><strong><span style=\"font-size: 12pt;\">K2 e D3 conclu\u00eddos &gt;<\/span><\/strong><\/a><\/span><\/p>\n<ul>\n<li><span style=\"color: #333333;\">Apoia a circula\u00e7\u00e3o sangu\u00ednea saud\u00e1vel<\/span><\/li>\n<li><span style=\"color: #333333;\">Promove a sa\u00fade \u00f3ssea ideal<\/span><\/li>\n<li><span style=\"color: #333333;\">Promove o armazenamento adequado de c\u00e1lcio<\/span><\/li>\n<li><span style=\"color: #333333;\">Mant\u00e9m a fun\u00e7\u00e3o cardiometab\u00f3lica saud\u00e1vel<\/span><\/li>\n<li><span style=\"color: #333333;\">Suporta elasticidade arterial<\/span><\/li>\n<li><span style=\"color: #333333;\">Aumenta a fun\u00e7\u00e3o imunol\u00f3gica<\/span><\/li>\n<li><span style=\"color: #333333;\">Suporta um equil\u00edbrio saud\u00e1vel de c\u00e1lcio<\/span><\/li>\n<li><span style=\"color: #333333;\">Suporta o equil\u00edbrio do a\u00e7\u00facar no sangue\u00a0<\/span><\/li>\n<\/ul>\n<div class=\"page\" title=\"P\u00e1gina 1\">\n<div class=\"section\">\n<div class=\"layoutArea\">\n<div class=\"column\">\n<p><span style=\"color: #333333;\">A pesquisa atual descobriu que a suplementa\u00e7\u00e3o de alta concentra\u00e7\u00e3o de K2, a 180 mcg\/dia, resulta em melhores resultados cl\u00ednicos em compara\u00e7\u00e3o com a suplementa\u00e7\u00e3o de dose mais baixa*. K2 &amp; D3 complete fornece 180 mcg de MenaQ7\u00ae PRO, a forma mais amplamente estudada de vitamina K2 como MK-7, juntamente com 5.000 UI de vitamina D3 para suporte ideal da sa\u00fade \u00f3ssea e cardiovascular.<\/span><\/p>\n<p><span style=\"color: #0000ff;\"><strong style=\"color: #0000ff;\"><span style=\"font-size: 12pt;\"><a style=\"color: #0000ff;\" href=\"https:\/\/advancedsofttissuerelease.com\/pt\/produtos\/creme-de-alivio-da-dor\/\">Creme para al\u00edvio da dor &gt;<\/a><\/span><\/strong><\/span><\/p>\n<\/div>\n<div class=\"page\" title=\"P\u00e1gina 1\">\n<div class=\"section\">\n<p><strong>Para adultos e crian\u00e7as<\/strong><\/p>\n<ul>\n<li>Suporta al\u00edvio de dores musculares e articulares<\/li>\n<li>Apoia a cicatriza\u00e7\u00e3o de feridas<\/li>\n<li>Suporta a sa\u00fade normal da pele e unhas<\/li>\n<li>Suporta uma resposta inflamat\u00f3ria saud\u00e1vel<\/li>\n<li>Melhora a sa\u00fade musculoesquel\u00e9tica<\/li>\n<li>Possui sa\u00fade articular<\/li>\n<li>Aumenta o movimento das articula\u00e7\u00f5es<\/li>\n<\/ul>\n<p><strong>O creme de al\u00edvio da dor \u00e9 usado para:<\/strong><\/p>\n<ul>\n<li>Al\u00edvio da dor<\/li>\n<li>Diminuir a inflama\u00e7\u00e3o<\/li>\n<li>Artrite<\/li>\n<li>Tratamento de feridas<\/li>\n<li>Eczema<\/li>\n<li>Acne<\/li>\n<li>Dermatite<\/li>\n<li>Psor\u00edase<\/li>\n<\/ul>\n<\/div>\n<\/div>\n<\/div>\n<\/div>\n<\/div>\n<p style=\"text-align: center;\"><span style=\"font-size: 8pt; color: #333333;\">*Estas declara\u00e7\u00f5es n\u00e3o foram avaliadas pela Food and Drug Administration. Este produto n\u00e3o se destina a diagnosticar, tratar, curar ou prevenir qualquer doen\u00e7a.\u00a0<\/span><\/p>","protected":false},"excerpt":{"rendered":"<p><span class=\"\">Programa passo a passo, incluindo dicas de al\u00edvio da inflama\u00e7\u00e3o,\u00a0<\/span><span class=\"\">plano de nutri\u00e7\u00e3o, <\/span><span class=\"\">receitas, listas de compras e suplementos que o ajudar\u00e3o a abordar a origem de seus problemas de sa\u00fade subjacentes.<\/span><\/p>","protected":false},"featured_media":41492,"template":"","meta":{"_analytify_skip_tracking":false},"product_brand":[],"product_cat":[1782],"product_tag":[2326,1942,1789,1791,1792,1408],"woo-feed-brand":[],"class_list":{"0":"post-10108","1":"product","2":"type-product","3":"status-publish","4":"has-post-thumbnail","6":"product_cat-health-supplement-kits","7":"product_tag-collagen","8":"product_tag-inflammation-relief","9":"product_tag-inflammation-supplements","10":"product_tag-k2-d3-complete","11":"product_tag-magnesium-active","12":"product_tag-omega-3","13":"product_shipping_class-regular-shipping","15":"first","16":"instock","17":"sale","18":"taxable","19":"shipping-taxable","20":"purchasable","21":"product-type-simple"},"exclude_global_add_ons":false,"addons":[{"name":"Creme de al\u00edvio da dor para dor, inflama\u00e7\u00e3o e acelerar a cicatriza\u00e7\u00e3o","type":"checkbox","position":0,"required":true,"title_format":"heading","default":"","description_enable":false,"description":"","placeholder_enable":false,"placeholder":"","display":"select","restrictions_type":"any_text","adjust_price":false,"price":"","price_type":"flat_fee","restrictions":false,"min":"0","max":"0","options":[{"label":"Yes (save $10)","price":"49","price_type":"flat_fee","image":0,"visibility":true},{"label":"No","price":"","price_type":"flat_fee","image":0,"visibility":true}],"id":1671889258},{"name":"Do you own our tool kit? (A1, A2, A3, A4 & A5)","type":"multiple_choice","position":0,"required":true,"title_format":"heading","default":"","description_enable":false,"description":"","placeholder_enable":false,"placeholder":"","display":"radiobutton","restrictions_type":"any_text","adjust_price":false,"price":"","price_type":"flat_fee","restrictions":false,"min":"0","max":"0","options":[{"label":"Yes","price":"0","price_type":"flat_fee","image":0,"visibility":true},{"label":"No","price":"399","price_type":"flat_fee","image":0,"visibility":true}]}],"_links":{"self":[{"href":"https:\/\/advancedsofttissuerelease.com\/pt\/wp-json\/wp\/v2\/product\/10108","targetHints":{"allow":["GET"]}}],"collection":[{"href":"https:\/\/advancedsofttissuerelease.com\/pt\/wp-json\/wp\/v2\/product"}],"about":[{"href":"https:\/\/advancedsofttissuerelease.com\/pt\/wp-json\/wp\/v2\/types\/product"}],"version-history":[{"count":0,"href":"https:\/\/advancedsofttissuerelease.com\/pt\/wp-json\/wp\/v2\/product\/10108\/revisions"}],"wp:featuredmedia":[{"embeddable":true,"href":"https:\/\/advancedsofttissuerelease.com\/pt\/wp-json\/wp\/v2\/media\/41492"}],"wp:attachment":[{"href":"https:\/\/advancedsofttissuerelease.com\/pt\/wp-json\/wp\/v2\/media?parent=10108"}],"wp:term":[{"taxonomy":"product_brand","embeddable":true,"href":"https:\/\/advancedsofttissuerelease.com\/pt\/wp-json\/wp\/v2\/product_brand?post=10108"},{"taxonomy":"product_cat","embeddable":true,"href":"https:\/\/advancedsofttissuerelease.com\/pt\/wp-json\/wp\/v2\/product_cat?post=10108"},{"taxonomy":"product_tag","embeddable":true,"href":"https:\/\/advancedsofttissuerelease.com\/pt\/wp-json\/wp\/v2\/product_tag?post=10108"},{"taxonomy":"woo-feed-brand","embeddable":true,"href":"https:\/\/advancedsofttissuerelease.com\/pt\/wp-json\/wp\/v2\/woo-feed-brand?post=10108"}],"curies":[{"name":"wp","href":"https:\/\/api.w.org\/{rel}","templated":true}]}}