{"id":10110,"date":"2020-03-07T17:21:54","date_gmt":"2020-03-08T00:21:54","guid":{"rendered":"https:\/\/advancedsofttissuerelease.com\/?post_type=product&#038;p=10110"},"modified":"2025-09-22T22:05:23","modified_gmt":"2025-09-23T02:05:23","slug":"kit-de-fadiga-cronica-2","status":"publish","type":"product","link":"https:\/\/advancedsofttissuerelease.com\/pt\/product\/chronic-fatigue-kit\/","title":{"rendered":"Kit de Fadiga Cr\u00f3nica"},"content":{"rendered":"<h1><span style=\"font-size: 12pt; color: #333333;\"><strong>Kit Suplemento para Fadiga Cr\u00f4nica<\/strong><\/span><\/h1>\n<p><span style=\"color: #333333;\">Neste programa passo a passo, o Dr. Jacobs mostrar\u00e1 a voc\u00ea como reduzir a fadiga de forma r\u00e1pida e eficaz, implementando a dieta anti-inflamat\u00f3ria do ASTR com nosso kit de suplemento de fadiga cr\u00f4nica. Se voc\u00ea est\u00e1 experimentando fadiga cr\u00f4nica ou de curto prazo, este kit iniciar\u00e1 sua jornada para experimentar o aumento de energia!<\/span><\/p>\n<p><span style=\"color: #333333;\"><strong>O kit de suplemento de fadiga cr\u00f4nica inclui<\/strong><\/span><\/p>\n<ol>\n<li><span style=\"color: #333333;\">B Activo<\/span><\/li>\n<li><span style=\"color: #333333;\">Magn\u00e9sio Activo<\/span><\/li>\n<li><span style=\"color: #333333;\">Coq 10 Ativo<\/span><\/li>\n<li><span style=\"color: #333333;\">Vitamina C e Bioflavon\u00f3ides\u00a0<\/span><\/li>\n<li>Iodo ativo<\/li>\n<li><span style=\"color: #333333;\">ASTR diet, including recipes<\/span><\/li>\n<\/ol>\n<p><span style=\"color: #0000ff;\"><a style=\"color: #0000ff;\" href=\"https:\/\/advancedsofttissuerelease.com\/pt\/produtos\/b-ativo-2\/\"><strong>B Ativo &gt;<\/strong><\/a><\/span><\/p>\n<ul>\n<li><span style=\"color: #333333;\">Suporta o metabolismo de carboidratos<\/span><\/li>\n<li><span style=\"color: #333333;\">Suporta o funcionamento do sistema nervoso<\/span><\/li>\n<li><span style=\"color: #333333;\">Suporta o funcionamento do sistema adrenal<\/span><\/li>\n<li><span style=\"color: #333333;\">Suporta o funcionamento do sistema imunol\u00f3gico<\/span><\/li>\n<li><span style=\"color: #333333;\">Apoia a sa\u00fade cardiovascular<\/span><\/li>\n<li><span style=\"color: #333333;\">Protege contra defici\u00eancias alimentares<\/span><\/li>\n<li><span style=\"color: #333333;\">Protege contra a deple\u00e7\u00e3o de nutrientes induzida pelo estresse<\/span><\/li>\n<li><span style=\"color: #333333;\">Suporta fun\u00e7\u00e3o mental e humor saud\u00e1veis<\/span><\/li>\n<\/ul>\n<p><span style=\"color: #333333;\">O ASTR B Active Supplement ajuda a apoiar o metabolismo de carboidratos, funcionamento do sistema nervoso\/adrenal\/imune, sa\u00fade cardiovascular e funcionamento mental e humor saud\u00e1veis. B Active cont\u00e9m todo o espectro de vitaminas B; formas ativadas de B2, B6 e B12; e folato.*<\/span><\/p>\n<p><span style=\"color: #0000ff;\"><a style=\"color: #0000ff;\" href=\"https:\/\/advancedsofttissuerelease.com\/pt\/produtos\/coq-10-ativo-2\/\"><strong>CoQ 10 Ativo &gt;<\/strong><\/a><\/span><\/p>\n<ul>\n<li><span style=\"color: #333333;\">Suporta gera\u00e7\u00e3o de energia natural<\/span><\/li>\n<li><span style=\"color: #333333;\">Suporta o funcionamento mitocondrial<\/span><\/li>\n<li><span style=\"color: #333333;\">Suporta a sa\u00fade do plasma e dos tecidos<\/span><\/li>\n<li><span style=\"color: #333333;\">Apoia a sa\u00fade e o funcionamento do sistema cardiovascular<\/span><\/li>\n<li><span style=\"color: #333333;\">Apoia a sa\u00fade neuromuscular<\/span><\/li>\n<li><span style=\"color: #333333;\">Suporta o funcionamento do sistema nervoso central<\/span><\/li>\n<\/ul>\n<p><span style=\"color: #333333;\">O suplemento ASTR CoQ 10 suporta a gera\u00e7\u00e3o natural de energia e a sa\u00fade mitocondrial, o funcionamento saud\u00e1vel do sistema cardiovascular e a sa\u00fade neuromuscular e do sistema nervoso central. O ASTR CoQ 10 demonstrou clinicamente ser mais absorv\u00edvel para utiliza\u00e7\u00e3o ideal no suporte \u00e0s necessidades de sa\u00fade cardiovasculares e baseadas em energia.<\/span><\/p>\n<p><span style=\"color: #0000ff;\"><a style=\"color: #0000ff;\" href=\"https:\/\/advancedsofttissuerelease.com\/pt\/produtos\/k2-d3-completo-2\/\"><strong><span style=\"font-size: 12pt;\">Magn\u00e9sio Ativo &gt;<\/span><\/strong><\/a><\/span><\/p>\n<ul>\n<li><span style=\"color: #333333;\">Fornece 3 formas de magn\u00e9sio altamente absorvido<\/span><\/li>\n<li><span style=\"color: #333333;\">Magn\u00e9sio de alta concentra\u00e7\u00e3o para suporte cardiovascular<\/span><\/li>\n<li><span style=\"color: #333333;\">O magn\u00e9sio desempenha um papel vital em centenas de atividades metab\u00f3licas<\/span><\/li>\n<li><span style=\"color: #333333;\">Ajudar a manter a press\u00e3o arterial saud\u00e1vel<\/span><\/li>\n<li><span style=\"color: #333333;\">Ajuda a manter n\u00edveis saud\u00e1veis de glicose<\/span><\/li>\n<li><span style=\"color: #333333;\">Promove a produ\u00e7\u00e3o de energia<\/span><\/li>\n<li><span style=\"color: #333333;\">Promove o relaxamento muscular<\/span><\/li>\n<li><span style=\"color: #333333;\">Suporta a fun\u00e7\u00e3o muscular<\/span><\/li>\n<li><span style=\"color: #333333;\">Apoie a fun\u00e7\u00e3o do nervo<\/span><\/li>\n<\/ul>\n<p><a href=\"https:\/\/advancedsofttissuerelease.com\/pt\/produtos\/vitamina-c-e-bioflavonoides-2\/\"><strong><span style=\"color: #0000ff;\">Vitamina C &amp;\u00a0<span style=\"caret-color: #0000ff;\">Bioflavon\u00f3ides<\/span>\u00a0 &gt;\u00a0<\/span><\/strong><\/a><\/p>\n<ul>\n<li>F\u00f3rmula de vitamina C de alta pot\u00eancia<\/li>\n<li>Suporta sistema imunol\u00f3gico<\/li>\n<li>Suporta sistemas antioxidantes<\/li>\n<li>Apoiar a s\u00edntese de vasos sangu\u00edneos<\/li>\n<li>Apoia a produ\u00e7\u00e3o de col\u00e1geno<\/li>\n<li>Apoia a produ\u00e7\u00e3o de carnitina<\/li>\n<li>Apoia a produ\u00e7\u00e3o de neurotransmissores<\/li>\n<\/ul>\n<p>Vitamina C e Bioflavon\u00f3ides combinam vitamina C de alta pot\u00eancia com um complexo de bioflavon\u00f3ides c\u00edtricos padronizado e de espectro completo. Tanto a vitamina C quanto os bioflavon\u00f3ides foram amplamente pesquisados por seus pap\u00e9is no apoio \u00e0 fun\u00e7\u00e3o antioxidante e imunol\u00f3gica. Al\u00e9m disso, pesquisas indicam que a vitamina C \u00e9 necess\u00e1ria para a s\u00edntese de col\u00e1geno, neurotransmissores e carnitina. Os bioflavon\u00f3ides parecem apoiar o metabolismo e a cogni\u00e7\u00e3o saud\u00e1veis, funcionando como agentes de sinaliza\u00e7\u00e3o celular.*<\/p>\n<p><span style=\"color: #0000ff;\"><a style=\"color: #0000ff;\" href=\"https:\/\/advancedsofttissuerelease.com\/pt\/produtos\/ativo-de-iodo-2\/\"><strong><span style=\"font-size: 12pt;\">Iodo ativo &gt;<\/span><\/strong><\/a><\/span><\/p>\n<ul>\n<li>Apoia a sa\u00fade da tire\u00f3ide<\/li>\n<li>Ajuda a manter o tecido mam\u00e1rio saud\u00e1vel<\/li>\n<li>Apoia a s\u00edntese saud\u00e1vel de horm\u00f4nios da tireoide<\/li>\n<li>Reduzir o estresse oxidativo<\/li>\n<li>Suporta olhos saud\u00e1veis<\/li>\n<li>Apoia o revestimento gastrointestinal saud\u00e1vel<\/li>\n<li>Antioxidante<\/li>\n<\/ul>\n<div class=\"page\" title=\"P\u00e1gina 1\">\n<div class=\"section\">\n<div class=\"layoutArea\">\n<div class=\"column\">\n<p>F\u00f3rmula de iodo e sel\u00eanio para a fun\u00e7\u00e3o ideal da gl\u00e2ndula tire\u00f3ide<\/p>\n<p><span style=\"color: #0000ff;\"><strong style=\"color: #0000ff;\"><span style=\"font-size: 12pt;\"><a style=\"color: #0000ff;\" href=\"https:\/\/advancedsofttissuerelease.com\/pt\/produtos\/creme-de-alivio-da-dor\/\">Creme para al\u00edvio da dor &gt;<\/a><\/span><\/strong><\/span><\/p>\n<\/div>\n<\/div>\n<\/div>\n<\/div>\n<div class=\"page\" title=\"P\u00e1gina 1\">\n<div class=\"section\">\n<div class=\"layoutArea\">\n<div class=\"column\">\n<div class=\"page\" title=\"P\u00e1gina 1\">\n<div class=\"section\">\n<p><strong>Para adultos e crian\u00e7as<\/strong><\/p>\n<ul>\n<li>Suporta al\u00edvio de dores musculares e articulares<\/li>\n<li>Apoia a cicatriza\u00e7\u00e3o de feridas<\/li>\n<li>Suporta a sa\u00fade normal da pele e unhas<\/li>\n<li>Suporta uma resposta inflamat\u00f3ria saud\u00e1vel<\/li>\n<li>Melhora a sa\u00fade musculoesquel\u00e9tica<\/li>\n<li>Possui sa\u00fade articular<\/li>\n<li>Aumenta o movimento das articula\u00e7\u00f5es<\/li>\n<\/ul>\n<p><strong>O creme de al\u00edvio da dor \u00e9 usado para:<\/strong><\/p>\n<ul>\n<li>Al\u00edvio da dor<\/li>\n<li>Diminuir a inflama\u00e7\u00e3o<\/li>\n<li>Artrite<\/li>\n<li>Tratamento de feridas<\/li>\n<li>Eczema<\/li>\n<li>Acne<\/li>\n<li>Dermatite<\/li>\n<li>Psor\u00edase<\/li>\n<\/ul>\n<\/div>\n<\/div>\n<\/div>\n<\/div>\n<\/div>\n<\/div>\n<p style=\"text-align: center;\"><span style=\"font-size: 8pt; color: #333333;\">*Estas declara\u00e7\u00f5es n\u00e3o foram avaliadas pela Food and Drug Administration. Este produto n\u00e3o se destina a diagnosticar, tratar, curar ou prevenir qualquer doen\u00e7a.\u00a0<\/span><\/p>","protected":false},"excerpt":{"rendered":"<p><span class=\"\">Programa passo a passo, incluindo dicas de al\u00edvio da fadiga,\u00a0<\/span><span class=\"\">plano de nutri\u00e7\u00e3o, <\/span><span class=\"\">receitas, listas de compras e suplementos que o ajudar\u00e3o a abordar a origem de seus problemas de sa\u00fade subjacentes.<\/span><\/p>","protected":false},"featured_media":47789,"template":"","meta":{"_analytify_skip_tracking":false},"product_brand":[],"product_cat":[1782],"product_tag":[1799,1790,1800,604,2345,1792],"woo-feed-brand":[],"class_list":{"0":"post-10110","1":"product","2":"type-product","3":"status-publish","4":"has-post-thumbnail","6":"product_cat-health-supplement-kits","7":"product_tag-b-complex","8":"product_tag-c-active","9":"product_tag-chronic-fatigue-supplements","10":"product_tag-coq-10","11":"product_tag-fatigue-vitamins","12":"product_tag-magnesium-active","13":"product_shipping_class-regular-shipping","15":"first","16":"instock","17":"sale","18":"taxable","19":"shipping-taxable","20":"purchasable","21":"product-type-simple"},"exclude_global_add_ons":false,"addons":[{"name":"Creme de al\u00edvio da dor para dor, inflama\u00e7\u00e3o e acelerar a cicatriza\u00e7\u00e3o","type":"checkbox","position":0,"required":false,"title_format":"heading","default":"","description_enable":false,"description":"","placeholder_enable":false,"placeholder":"","display":"select","restrictions_type":"any_text","adjust_price":false,"price":"","price_type":"flat_fee","restrictions":false,"min":"0","max":"0","options":[{"label":"Yes (save $10)","price":"49","price_type":"flat_fee","image":0,"visibility":true},{"label":"No","price":"","price_type":"flat_fee","image":0,"visibility":true}],"id":1724186133},{"name":"Do you own our tool kit? (A1, A2, A3, A4 & A5)","type":"multiple_choice","position":0,"required":true,"title_format":"heading","default":"","description_enable":false,"description":"","placeholder_enable":false,"placeholder":"","display":"radiobutton","restrictions_type":"any_text","adjust_price":false,"price":"","price_type":"flat_fee","restrictions":false,"min":"0","max":"0","options":[{"label":"Yes","price":"0","price_type":"flat_fee","image":0,"visibility":true},{"label":"No","price":"399","price_type":"flat_fee","image":0,"visibility":true}]}],"_links":{"self":[{"href":"https:\/\/advancedsofttissuerelease.com\/pt\/wp-json\/wp\/v2\/product\/10110","targetHints":{"allow":["GET"]}}],"collection":[{"href":"https:\/\/advancedsofttissuerelease.com\/pt\/wp-json\/wp\/v2\/product"}],"about":[{"href":"https:\/\/advancedsofttissuerelease.com\/pt\/wp-json\/wp\/v2\/types\/product"}],"version-history":[{"count":0,"href":"https:\/\/advancedsofttissuerelease.com\/pt\/wp-json\/wp\/v2\/product\/10110\/revisions"}],"wp:featuredmedia":[{"embeddable":true,"href":"https:\/\/advancedsofttissuerelease.com\/pt\/wp-json\/wp\/v2\/media\/47789"}],"wp:attachment":[{"href":"https:\/\/advancedsofttissuerelease.com\/pt\/wp-json\/wp\/v2\/media?parent=10110"}],"wp:term":[{"taxonomy":"product_brand","embeddable":true,"href":"https:\/\/advancedsofttissuerelease.com\/pt\/wp-json\/wp\/v2\/product_brand?post=10110"},{"taxonomy":"product_cat","embeddable":true,"href":"https:\/\/advancedsofttissuerelease.com\/pt\/wp-json\/wp\/v2\/product_cat?post=10110"},{"taxonomy":"product_tag","embeddable":true,"href":"https:\/\/advancedsofttissuerelease.com\/pt\/wp-json\/wp\/v2\/product_tag?post=10110"},{"taxonomy":"woo-feed-brand","embeddable":true,"href":"https:\/\/advancedsofttissuerelease.com\/pt\/wp-json\/wp\/v2\/woo-feed-brand?post=10110"}],"curies":[{"name":"wp","href":"https:\/\/api.w.org\/{rel}","templated":true}]}}