{"id":10114,"date":"2020-03-07T17:34:52","date_gmt":"2020-03-08T00:34:52","guid":{"rendered":"https:\/\/advancedsofttissuerelease.com\/?post_type=product&#038;p=10114"},"modified":"2025-09-23T20:03:15","modified_gmt":"2025-09-24T00:03:15","slug":"kit-de-acucar-no-sangue-2","status":"publish","type":"product","link":"https:\/\/advancedsofttissuerelease.com\/pt\/product\/blood-sugar-kit\/","title":{"rendered":"Kit de a\u00e7\u00facar no sangue"},"content":{"rendered":"<h1><span style=\"font-size: 12pt; color: #333333;\"><strong>Kit Suplemento de A\u00e7\u00facar no Sangue<\/strong><\/span><\/h1>\n<p><span style=\"color: #333333;\">Neste programa passo a passo, o Dr. Jacobs mostrar\u00e1 a voc\u00ea como reduzir o a\u00e7\u00facar no sangue de forma r\u00e1pida e eficaz, implementando a dieta anti-inflamat\u00f3ria do ASTR com nosso kit de suplemento de a\u00e7\u00facar no sangue. Se voc\u00ea est\u00e1 experimentando um alto n\u00edvel de glicose de curto prazo ou cr\u00f4nico, este kit iniciar\u00e1 sua jornada para diminuir o a\u00e7\u00facar no sangue de forma natural e eficaz!<\/span><\/p>\n<p><span style=\"color: #333333;\"><strong>O kit de suplemento de a\u00e7\u00facar no sangue inclui<\/strong><\/span><\/p>\n<ol>\n<li><span style=\"color: #333333;\">B Activo<\/span><\/li>\n<li><span style=\"color: #333333;\">Magn\u00e9sio Activo<\/span><\/li>\n<li><span style=\"color: #333333;\">K2 e D3 completos<\/span><\/li>\n<li><span style=\"color: #333333;\">Zinco Activo<\/span><\/li>\n<li><span style=\"color: #333333;\">ASTR diet, including recipes<\/span><\/li>\n<\/ol>\n<p><span style=\"color: #0000ff;\"><a style=\"color: #0000ff;\" href=\"https:\/\/advancedsofttissuerelease.com\/pt\/produtos\/b-ativo-2\/\"><strong>B Ativo &gt;<\/strong><\/a><\/span><\/p>\n<ul>\n<li><span style=\"color: #333333;\">Suporta o metabolismo de carboidratos<\/span><\/li>\n<li><span style=\"color: #333333;\">Suporta o funcionamento do sistema nervoso<\/span><\/li>\n<li><span style=\"color: #333333;\">Suporta o funcionamento do sistema adrenal<\/span><\/li>\n<li><span style=\"color: #333333;\">Suporta o funcionamento do sistema imunol\u00f3gico<\/span><\/li>\n<li><span style=\"color: #333333;\">Apoia a sa\u00fade cardiovascular<\/span><\/li>\n<li><span style=\"color: #333333;\">Protege contra defici\u00eancias alimentares<\/span><\/li>\n<li><span style=\"color: #333333;\">Protege contra a deple\u00e7\u00e3o de nutrientes induzida pelo estresse<\/span><\/li>\n<li><span style=\"color: #333333;\">Suporta fun\u00e7\u00e3o mental e humor saud\u00e1veis<\/span><\/li>\n<\/ul>\n<p><span style=\"color: #333333;\">O ASTR B Active Supplement ajuda a apoiar o metabolismo de carboidratos, funcionamento do sistema nervoso\/adrenal\/imune, sa\u00fade cardiovascular e funcionamento mental e humor saud\u00e1veis. B Active cont\u00e9m todo o espectro de vitaminas B; formas ativadas de B2, B6 e B12; e folato.*<\/span><\/p>\n<p><span style=\"color: #0000ff;\"><a style=\"color: #0000ff;\" href=\"https:\/\/advancedsofttissuerelease.com\/pt\/produtos\/ativo-de-magnesio\/\"><strong><span style=\"font-size: 12pt;\">Magn\u00e9sio Ativo &gt;<\/span><\/strong><\/a><\/span><\/p>\n<ul>\n<li><span style=\"color: #333333;\">Fornece 3 formas de magn\u00e9sio altamente absorvido<\/span><\/li>\n<li><span style=\"color: #333333;\">Magn\u00e9sio de alta concentra\u00e7\u00e3o para suporte cardiovascular<\/span><\/li>\n<li><span style=\"color: #333333;\">O magn\u00e9sio desempenha um papel vital em centenas de atividades metab\u00f3licas<\/span><\/li>\n<li><span style=\"color: #333333;\">Ajudar a manter a press\u00e3o arterial saud\u00e1vel<\/span><\/li>\n<li><span style=\"color: #333333;\">Ajuda a manter n\u00edveis saud\u00e1veis de glicose<\/span><\/li>\n<li><span style=\"color: #333333;\">Promove a produ\u00e7\u00e3o de energia<\/span><\/li>\n<li><span style=\"color: #333333;\">Promove o relaxamento muscular<\/span><\/li>\n<li><span style=\"color: #333333;\">Suporta a fun\u00e7\u00e3o muscular<\/span><\/li>\n<li><span style=\"color: #333333;\">Apoie a fun\u00e7\u00e3o do nervo<\/span><\/li>\n<\/ul>\n<p><span style=\"color: #0000ff;\"><a style=\"color: #0000ff;\" href=\"https:\/\/advancedsofttissuerelease.com\/pt\/produtos\/zinco-ativo-2\/\"><strong>Zinco Ativo &gt;<\/strong><\/a><\/span><\/p>\n<ul>\n<li><span style=\"color: #333333;\">Suporta sistema imunol\u00f3gico<\/span><\/li>\n<li><span style=\"color: #333333;\">Suporta a fun\u00e7\u00e3o neurol\u00f3gica<\/span><\/li>\n<li><span style=\"color: #333333;\">Suporta o metabolismo dos nutrientes<\/span><\/li>\n<li><span style=\"color: #333333;\">Apoia a sa\u00fade reprodutiva<\/span><\/li>\n<li><span style=\"color: #333333;\">Apoia o equil\u00edbrio hormonal<\/span><\/li>\n<li><span style=\"color: #333333;\">Apoie a percep\u00e7\u00e3o sensorial<\/span><\/li>\n<li><span style=\"color: #333333;\">Suporta atividade antioxidante<\/span><\/li>\n<li><span style=\"color: #333333;\">Suporta rea\u00e7\u00f5es enzim\u00e1ticas<\/span><\/li>\n<li><span style=\"color: #333333;\">Suporta o metabolismo das prote\u00ednas<\/span><\/li>\n<\/ul>\n<div class=\"page\" title=\"P\u00e1gina 1\">\n<div class=\"section\">\n<div class=\"layoutArea\">\n<div class=\"column\">\n<p><span style=\"color: #0000ff;\"><a style=\"color: #0000ff;\" href=\"https:\/\/advancedsofttissuerelease.com\/pt\/produtos\/k2-d3-completo-2\/\"><strong>K2 e D3 conclu\u00eddos &gt;<\/strong><\/a><\/span><\/p>\n<ul>\n<li><span style=\"color: #333333;\">Apoia a circula\u00e7\u00e3o sangu\u00ednea saud\u00e1vel<\/span><\/li>\n<li><span style=\"color: #333333;\">Promove a sa\u00fade \u00f3ssea ideal<\/span><\/li>\n<li><span style=\"color: #333333;\">Promove o armazenamento adequado de c\u00e1lcio<\/span><\/li>\n<li><span style=\"color: #333333;\">Mant\u00e9m a fun\u00e7\u00e3o cardiometab\u00f3lica saud\u00e1vel<\/span><\/li>\n<li><span style=\"color: #333333;\">Suporta elasticidade arterial<\/span><\/li>\n<li><span style=\"color: #333333;\">Aumenta a fun\u00e7\u00e3o imunol\u00f3gica<\/span><\/li>\n<li><span style=\"color: #333333;\">Suporta um equil\u00edbrio saud\u00e1vel de c\u00e1lcio<\/span><\/li>\n<li><span style=\"color: #333333;\">Suporta o equil\u00edbrio do a\u00e7\u00facar no sangue<\/span><\/li>\n<\/ul>\n<p><span style=\"color: #333333;\">A pesquisa atual descobriu que a suplementa\u00e7\u00e3o de alta concentra\u00e7\u00e3o de K2, a 180 mcg\/dia, resulta em melhores resultados cl\u00ednicos em compara\u00e7\u00e3o com a suplementa\u00e7\u00e3o de dose mais baixa*. K2 &amp; D3 complete fornece 180 mcg de MenaQ7\u00ae PRO, a forma mais amplamente estudada de vitamina K2 como MK-7, juntamente com 5.000 UI de vitamina D3 para suporte ideal da sa\u00fade \u00f3ssea e cardiovascular.<\/span><\/p>\n<\/div>\n<\/div>\n<\/div>\n<\/div>\n<p style=\"text-align: center;\"><span style=\"font-size: 8pt; color: #333333;\">*Estas declara\u00e7\u00f5es n\u00e3o foram avaliadas pela Food and Drug Administration. Este produto n\u00e3o se destina a diagnosticar, tratar, curar ou prevenir qualquer doen\u00e7a.\u00a0<\/span><\/p>","protected":false},"excerpt":{"rendered":"<p>Programa passo a passo, incluindo dicas de sa\u00fade de a\u00e7\u00facar no sangue, plano de nutri\u00e7\u00e3o, receitas, listas de compras e suplementos que o ajudar\u00e3o a abordar a origem de seus problemas de sa\u00fade subjacentes.<\/p>","protected":false},"featured_media":29604,"template":"","meta":{"_analytify_skip_tracking":false},"product_brand":[],"product_cat":[1782],"product_tag":[1799,1810,1809,1808,1792,1807],"woo-feed-brand":[],"class_list":{"0":"post-10114","1":"product","2":"type-product","3":"status-publish","4":"has-post-thumbnail","6":"product_cat-health-supplement-kits","7":"product_tag-b-complex","8":"product_tag-blood-sugar-supplements","9":"product_tag-d3-vitamin","10":"product_tag-k2-vitamin","11":"product_tag-magnesium-active","12":"product_tag-zinc-active","13":"product_shipping_class-regular-shipping","15":"first","16":"instock","17":"sale","18":"taxable","19":"shipping-taxable","20":"purchasable","21":"product-type-simple"},"exclude_global_add_ons":[],"addons":[],"_links":{"self":[{"href":"https:\/\/advancedsofttissuerelease.com\/pt\/wp-json\/wp\/v2\/product\/10114","targetHints":{"allow":["GET"]}}],"collection":[{"href":"https:\/\/advancedsofttissuerelease.com\/pt\/wp-json\/wp\/v2\/product"}],"about":[{"href":"https:\/\/advancedsofttissuerelease.com\/pt\/wp-json\/wp\/v2\/types\/product"}],"version-history":[{"count":0,"href":"https:\/\/advancedsofttissuerelease.com\/pt\/wp-json\/wp\/v2\/product\/10114\/revisions"}],"wp:featuredmedia":[{"embeddable":true,"href":"https:\/\/advancedsofttissuerelease.com\/pt\/wp-json\/wp\/v2\/media\/29604"}],"wp:attachment":[{"href":"https:\/\/advancedsofttissuerelease.com\/pt\/wp-json\/wp\/v2\/media?parent=10114"}],"wp:term":[{"taxonomy":"product_brand","embeddable":true,"href":"https:\/\/advancedsofttissuerelease.com\/pt\/wp-json\/wp\/v2\/product_brand?post=10114"},{"taxonomy":"product_cat","embeddable":true,"href":"https:\/\/advancedsofttissuerelease.com\/pt\/wp-json\/wp\/v2\/product_cat?post=10114"},{"taxonomy":"product_tag","embeddable":true,"href":"https:\/\/advancedsofttissuerelease.com\/pt\/wp-json\/wp\/v2\/product_tag?post=10114"},{"taxonomy":"woo-feed-brand","embeddable":true,"href":"https:\/\/advancedsofttissuerelease.com\/pt\/wp-json\/wp\/v2\/woo-feed-brand?post=10114"}],"curies":[{"name":"wp","href":"https:\/\/api.w.org\/{rel}","templated":true}]}}