{"id":10139,"date":"2020-03-09T12:33:51","date_gmt":"2020-03-09T18:33:51","guid":{"rendered":"https:\/\/advancedsofttissuerelease.com\/?post_type=product&#038;p=10139"},"modified":"2025-09-23T20:40:29","modified_gmt":"2025-09-24T00:40:29","slug":"kit-de-suporte-imunologico-2","status":"publish","type":"product","link":"https:\/\/advancedsofttissuerelease.com\/pt\/product\/immune-support-kit\/","title":{"rendered":"Kit de apoio imunit\u00e1rio"},"content":{"rendered":"<h1><span style=\"font-size: 12pt; color: #333333;\"><strong>Kit de Suplemento de Suporte Imunol\u00f3gico<\/strong><\/span><\/h1>\n<p><span style=\"color: #333333;\">Neste programa passo a passo, o Dr. Jacobs mostrar\u00e1 como fortalecer de forma r\u00e1pida e eficaz a fun\u00e7\u00e3o do seu sistema imunol\u00f3gico, implementando a dieta anti-inflamat\u00f3ria do ASTR com nosso kit de suplementos de suporte imunol\u00f3gico. Se voc\u00ea est\u00e1 enfrentando uma infec\u00e7\u00e3o cr\u00f4nica ou de curto prazo, este kit ir\u00e1 iniciar sua jornada para melhorar a fun\u00e7\u00e3o do seu sistema imunol\u00f3gico para combater a infec\u00e7\u00e3o!<\/span><\/p>\n<p><span style=\"color: #333333;\"><strong>O kit de suplemento de suporte imunol\u00f3gico inclui<\/strong><\/span><\/p>\n<ol>\n<li><span style=\"color: #333333;\">Mushroom Active<\/span><\/li>\n<li><span style=\"color: #333333;\">Zinco Activo<\/span><\/li>\n<li><span style=\"color: #333333;\">K2 e D3 completos<\/span><\/li>\n<li>Iodo ativo<\/li>\n<li>NAC<\/li>\n<li><span style=\"color: #333333;\">Vitamina C e Bioflavon\u00f3ides\u00a0<\/span><\/li>\n<li><span style=\"color: #333333;\">ASTR diet, including recipes<\/span><\/li>\n<\/ol>\n<p><a href=\"https:\/\/advancedsofttissuerelease.com\/pt\/produtos\/mushroom-active\/\"><strong><span style=\"color: #0000ff;\"><span style=\"caret-color: #0000ff;\"><u>Mushroom Active &gt;<\/u><\/span><\/span><\/strong><\/a><\/p>\n<ul>\n<li>Reduces fatigue and improves stress resilience<\/li>\n<li>Supports the immune system<\/li>\n<li>Helps eliminate unwanted organisms<\/li>\n<li>Supports modulate and strengthen the immune response<\/li>\n<li>Suporta o equil\u00edbrio inflamat\u00f3rio normal<\/li>\n<li>Supports the body\u2019s response to stress<\/li>\n<\/ul>\n<p><span style=\"color: #0000ff;\"><a style=\"color: #0000ff;\" href=\"https:\/\/advancedsofttissuerelease.com\/pt\/produtos\/zinco-ativo-2\/\"><strong>Zinco Ativo &gt;<\/strong><\/a><\/span><\/p>\n<ul>\n<li><span style=\"color: #333333;\">Suporta sistema imunol\u00f3gico<\/span><\/li>\n<li><span style=\"color: #333333;\">Suporta a fun\u00e7\u00e3o neurol\u00f3gica<\/span><\/li>\n<li><span style=\"color: #333333;\">Suporta o metabolismo dos nutrientes<\/span><\/li>\n<li><span style=\"color: #333333;\">Apoia a sa\u00fade reprodutiva<\/span><\/li>\n<li><span style=\"color: #333333;\">Apoia o equil\u00edbrio hormonal<\/span><\/li>\n<li><span style=\"color: #333333;\">Apoie a percep\u00e7\u00e3o sensorial<\/span><\/li>\n<li><span style=\"color: #333333;\">Suporta atividade antioxidante<\/span><\/li>\n<li><span style=\"color: #333333;\">Suporta rea\u00e7\u00f5es enzim\u00e1ticas<\/span><\/li>\n<li><span style=\"color: #333333;\">Suporta o metabolismo das prote\u00ednas<\/span><\/li>\n<\/ul>\n<p><a href=\"https:\/\/advancedsofttissuerelease.com\/pt\/produtos\/vitamina-c-e-bioflavonoides-2\/\"><strong>Vitamina C e Bioflavon\u00f3ides &gt;\u00a0<\/strong><\/a><\/p>\n<ul>\n<li>F\u00f3rmula de vitamina C de alta pot\u00eancia<\/li>\n<li>Suporta sistema imunol\u00f3gico<\/li>\n<li>Suporta sistemas antioxidantes<\/li>\n<li>Apoiar a s\u00edntese de vasos sangu\u00edneos<\/li>\n<li>Apoia a produ\u00e7\u00e3o de col\u00e1geno<\/li>\n<li>Apoia a produ\u00e7\u00e3o de carnitina<\/li>\n<li>Apoia a produ\u00e7\u00e3o de neurotransmissores<\/li>\n<\/ul>\n<p>Vitamina C e Bioflavon\u00f3ides combinam vitamina C de alta pot\u00eancia com um complexo de bioflavon\u00f3ides c\u00edtricos padronizado e de espectro completo. Tanto a vitamina C quanto os bioflavon\u00f3ides foram amplamente pesquisados por seus pap\u00e9is no apoio \u00e0 fun\u00e7\u00e3o antioxidante e imunol\u00f3gica. Al\u00e9m disso, pesquisas indicam que a vitamina C \u00e9 necess\u00e1ria para a s\u00edntese de col\u00e1geno, neurotransmissores e carnitina. Os bioflavon\u00f3ides parecem apoiar o metabolismo e a cogni\u00e7\u00e3o saud\u00e1veis, funcionando como agentes de sinaliza\u00e7\u00e3o celular.*<\/p>\n<p><span style=\"color: #0000ff;\"><a style=\"color: #0000ff;\" href=\"https:\/\/advancedsofttissuerelease.com\/pt\/produtos\/ativo-de-iodo-2\/\"><strong>Iodo ativo &gt;<\/strong><\/a><\/span><\/p>\n<ul>\n<li>Apoia a sa\u00fade da tire\u00f3ide<\/li>\n<li>Ajuda a manter o tecido mam\u00e1rio saud\u00e1vel<\/li>\n<li>Apoia a s\u00edntese saud\u00e1vel de horm\u00f4nios da tireoide<\/li>\n<li>Reduzir o estresse oxidativo<\/li>\n<li>Suporta olhos saud\u00e1veis<\/li>\n<li>Suporta sistema imunol\u00f3gico<\/li>\n<li>Apoia o processo de desintoxica\u00e7\u00e3o<\/li>\n<li>Apoia o revestimento gastrointestinal saud\u00e1vel<\/li>\n<li>Antioxidante<\/li>\n<\/ul>\n<p><a href=\"https:\/\/advancedsofttissuerelease.com\/pt\/produtos\/nac-n-acetyl-l-cysteine\/\"><span style=\"font-size: 12pt; color: #0000ff;\"><strong>N-acetil-L-ciste\u00edna (NAC) &gt;<\/strong><\/span><\/a><\/p>\n<div class=\"page\" title=\"P\u00e1gina 1\">\n<div class=\"section\">\n<div class=\"layoutArea\">\n<div class=\"column\">\n<ul>\n<li>Suporta a s\u00edntese de glutationa<\/li>\n<li>Apoia a desintoxica\u00e7\u00e3o de toxinas e poluentes ambientais<\/li>\n<li>Suporta a fun\u00e7\u00e3o imunol\u00f3gica<\/li>\n<li>Suporta a fun\u00e7\u00e3o hep\u00e1tica<\/li>\n<li>Apoia a atividade antioxidante em todas as c\u00e9lulas do corpo<\/li>\n<li>Apoia a fun\u00e7\u00e3o respirat\u00f3ria saud\u00e1vel<\/li>\n<\/ul>\n<\/div>\n<\/div>\n<\/div>\n<\/div>\n<div class=\"page\" title=\"P\u00e1gina 1\">\n<div class=\"section\">\n<div class=\"layoutArea\">\n<div class=\"column\">\n<p><span style=\"color: #0000ff;\"><a style=\"color: #0000ff;\" href=\"https:\/\/advancedsofttissuerelease.com\/pt\/produtos\/k2-d3-completo-2\/\"><strong>K2 e D3 conclu\u00eddos &gt;<\/strong><\/a><\/span><\/p>\n<ul>\n<li><span style=\"color: #333333;\">Apoia a circula\u00e7\u00e3o sangu\u00ednea saud\u00e1vel<\/span><\/li>\n<li><span style=\"color: #333333;\">Promove a sa\u00fade \u00f3ssea ideal<\/span><\/li>\n<li><span style=\"color: #333333;\">Promove o armazenamento adequado de c\u00e1lcio<\/span><\/li>\n<li><span style=\"color: #333333;\">Mant\u00e9m a fun\u00e7\u00e3o cardiometab\u00f3lica saud\u00e1vel<\/span><\/li>\n<li><span style=\"color: #333333;\">Suporta elasticidade arterial<\/span><\/li>\n<li><span style=\"color: #333333;\">Aumenta a fun\u00e7\u00e3o imunol\u00f3gica<\/span><\/li>\n<li><span style=\"color: #333333;\">Suporta um equil\u00edbrio saud\u00e1vel de c\u00e1lcio<\/span><\/li>\n<li><span style=\"color: #333333;\">Suporta o equil\u00edbrio do a\u00e7\u00facar no sangue<\/span><\/li>\n<\/ul>\n<p><span style=\"color: #333333;\">A pesquisa atual descobriu que a suplementa\u00e7\u00e3o de alta concentra\u00e7\u00e3o de K2, a 180 mcg\/dia, resulta em melhores resultados cl\u00ednicos em compara\u00e7\u00e3o com a suplementa\u00e7\u00e3o de dose mais baixa*. K2 &amp; D3 complete fornece 180 mcg de MenaQ7\u00ae PRO, a forma mais amplamente estudada de vitamina K2 como MK-7, juntamente com 5.000 UI de vitamina D3 para suporte ideal da sa\u00fade \u00f3ssea e cardiovascular.<\/span><\/p>\n<\/div>\n<\/div>\n<\/div>\n<\/div>\n<p style=\"text-align: center;\"><span style=\"font-size: 8pt; color: #333333;\">*Estas declara\u00e7\u00f5es n\u00e3o foram avaliadas pela Food and Drug Administration. Este produto n\u00e3o se destina a diagnosticar, tratar, curar ou prevenir qualquer doen\u00e7a.\u00a0<\/span><\/p>","protected":false},"excerpt":{"rendered":"<p><span class=\"\">Programa passo a passo, incluindo dicas de suporte imunol\u00f3gico,\u00a0<\/span><span class=\"\">plano de nutri\u00e7\u00e3o, <\/span><span class=\"\">receitas, listas de compras e suplementos que o ajudar\u00e3o a abordar a origem de seus problemas de sa\u00fade subjacentes.<\/span><\/p>","protected":false},"featured_media":41982,"template":"","meta":{"_analytify_skip_tracking":false},"product_brand":[],"product_cat":[1782],"product_tag":[1993,534,1792,2367,1885,529,1412,1807],"woo-feed-brand":[],"class_list":{"0":"post-10139","1":"product","2":"type-product","3":"status-publish","4":"has-post-thumbnail","6":"product_cat-health-supplement-kits","7":"product_tag-immune-support-supplements","8":"product_tag-immune-system","9":"product_tag-magnesium-active","10":"product_tag-mushroom-complex","11":"product_tag-nac","12":"product_tag-vitamin-c","13":"product_tag-vitamin-d3","14":"product_tag-zinc-active","15":"product_shipping_class-regular-shipping","17":"first","18":"instock","19":"sale","20":"taxable","21":"shipping-taxable","22":"purchasable","23":"product-type-simple"},"exclude_global_add_ons":[],"addons":[],"_links":{"self":[{"href":"https:\/\/advancedsofttissuerelease.com\/pt\/wp-json\/wp\/v2\/product\/10139","targetHints":{"allow":["GET"]}}],"collection":[{"href":"https:\/\/advancedsofttissuerelease.com\/pt\/wp-json\/wp\/v2\/product"}],"about":[{"href":"https:\/\/advancedsofttissuerelease.com\/pt\/wp-json\/wp\/v2\/types\/product"}],"version-history":[{"count":0,"href":"https:\/\/advancedsofttissuerelease.com\/pt\/wp-json\/wp\/v2\/product\/10139\/revisions"}],"wp:featuredmedia":[{"embeddable":true,"href":"https:\/\/advancedsofttissuerelease.com\/pt\/wp-json\/wp\/v2\/media\/41982"}],"wp:attachment":[{"href":"https:\/\/advancedsofttissuerelease.com\/pt\/wp-json\/wp\/v2\/media?parent=10139"}],"wp:term":[{"taxonomy":"product_brand","embeddable":true,"href":"https:\/\/advancedsofttissuerelease.com\/pt\/wp-json\/wp\/v2\/product_brand?post=10139"},{"taxonomy":"product_cat","embeddable":true,"href":"https:\/\/advancedsofttissuerelease.com\/pt\/wp-json\/wp\/v2\/product_cat?post=10139"},{"taxonomy":"product_tag","embeddable":true,"href":"https:\/\/advancedsofttissuerelease.com\/pt\/wp-json\/wp\/v2\/product_tag?post=10139"},{"taxonomy":"woo-feed-brand","embeddable":true,"href":"https:\/\/advancedsofttissuerelease.com\/pt\/wp-json\/wp\/v2\/woo-feed-brand?post=10139"}],"curies":[{"name":"wp","href":"https:\/\/api.w.org\/{rel}","templated":true}]}}