{"id":10512,"date":"2020-03-16T12:57:43","date_gmt":"2020-03-16T18:57:43","guid":{"rendered":"https:\/\/advancedsofttissuerelease.com\/?post_type=product&#038;p=10512"},"modified":"2025-09-23T20:35:00","modified_gmt":"2025-09-24T00:35:00","slug":"kit-de-suplemento-diario-2","status":"publish","type":"product","link":"https:\/\/advancedsofttissuerelease.com\/pt\/product\/daily-supplement-kit\/","title":{"rendered":"Kit Suplemento Di\u00e1rio"},"content":{"rendered":"<h1><span style=\"font-size: 12pt; color: #333333;\"><strong>Kit Suplemento Di\u00e1rio<\/strong><\/span><\/h1>\n<p>Neste programa passo a passo, o Dr. Jacobs mostrar\u00e1 a voc\u00ea como implementar de forma r\u00e1pida e eficaz a dieta do ASTR com nosso kit de suplementos di\u00e1rios para sa\u00fade, energia e bem-estar ideais. Se voc\u00ea deseja manter a sa\u00fade ideal, este kit \u00e9 um \u00f3timo come\u00e7o!<\/p>\n<p><span style=\"color: #333333;\"><strong>Kit Suplemento Di\u00e1rio Inclui<\/strong><\/span><\/p>\n<ol>\n<li><span style=\"color: #333333;\">B Activo<\/span><\/li>\n<li><span style=\"color: #333333;\">Magn\u00e9sio Activo<\/span><\/li>\n<li>Coq 10 Ativo<\/li>\n<li>K2 e D3 completos<\/li>\n<li>\u00d4mega Ativo<\/li>\n<li><span style=\"color: #333333;\">ASTR diet, including recipes<\/span><\/li>\n<\/ol>\n<p><a href=\"https:\/\/advancedsofttissuerelease.com\/pt\/produtos\/b-ativo-2\/\"><strong>B Ativo &gt;<\/strong><\/a><\/p>\n<ul>\n<li>Suporta o metabolismo de carboidratos<\/li>\n<li>Suporta o funcionamento do sistema nervoso<\/li>\n<li>Suporta o funcionamento do sistema adrenal<\/li>\n<li>Suporta o funcionamento do sistema imunol\u00f3gico<\/li>\n<li>Apoia a sa\u00fade cardiovascular<\/li>\n<li>Protege contra defici\u00eancias alimentares<\/li>\n<li>Protege contra a deple\u00e7\u00e3o de nutrientes induzida pelo estresse<\/li>\n<li>Suporta fun\u00e7\u00e3o mental e humor saud\u00e1veis<\/li>\n<\/ul>\n<p>O ASTR B Active Supplement ajuda a apoiar o metabolismo de carboidratos, funcionamento do sistema nervoso\/adrenal\/imune, sa\u00fade cardiovascular e funcionamento mental e humor saud\u00e1veis. B Active cont\u00e9m todo o espectro de vitaminas B; formas ativadas de B2, B6 e B12; e folato.*<\/p>\n<p><span style=\"color: #0000ff;\"><a style=\"color: #0000ff;\" href=\"https:\/\/advancedsofttissuerelease.com\/pt\/produtos\/ativo-de-magnesio\/\"><strong>Magn\u00e9sio Ativo &gt;<\/strong><\/a><\/span><\/p>\n<ul>\n<li><span style=\"color: #333333;\">Fornece 3 formas de magn\u00e9sio altamente absorvido<\/span><\/li>\n<li><span style=\"color: #333333;\">Magn\u00e9sio de alta concentra\u00e7\u00e3o para suporte cardiovascular<\/span><\/li>\n<li><span style=\"color: #333333;\">O magn\u00e9sio desempenha um papel vital em centenas de atividades metab\u00f3licas<\/span><\/li>\n<li><span style=\"color: #333333;\">Ajudar a manter a press\u00e3o arterial saud\u00e1vel<\/span><\/li>\n<li><span style=\"color: #333333;\">Ajuda a manter n\u00edveis saud\u00e1veis de glicose<\/span><\/li>\n<li><span style=\"color: #333333;\">Promove a produ\u00e7\u00e3o de energia<\/span><\/li>\n<li><span style=\"color: #333333;\">Promove o relaxamento muscular<\/span><\/li>\n<li><span style=\"color: #333333;\">Suporta a fun\u00e7\u00e3o muscular<\/span><\/li>\n<li><span style=\"color: #333333;\">Apoie a fun\u00e7\u00e3o do nervo<\/span><\/li>\n<\/ul>\n<p><span style=\"color: #0000ff;\"><a style=\"color: #0000ff;\" href=\"https:\/\/advancedsofttissuerelease.com\/pt\/produtos\/coq-10-ativo-2\/\"><strong>CoQ 10 Ativo &gt;<\/strong><\/a><\/span><\/p>\n<ul>\n<li>Suporta gera\u00e7\u00e3o de energia natural<\/li>\n<li>Suporta o funcionamento mitocondrial<\/li>\n<li>Suporta a sa\u00fade do plasma e dos tecidos<\/li>\n<li>Apoia a sa\u00fade e o funcionamento do sistema cardiovascular<\/li>\n<li>Apoia a sa\u00fade neuromuscular<\/li>\n<li>Suporta o funcionamento do sistema nervoso central<\/li>\n<\/ul>\n<p>O suplemento ASTR CoQ 10 suporta a gera\u00e7\u00e3o natural de energia e a sa\u00fade mitocondrial, o funcionamento saud\u00e1vel do sistema cardiovascular e a sa\u00fade neuromuscular e do sistema nervoso central. O ASTR CoQ 10 demonstrou clinicamente ser mais absorv\u00edvel para utiliza\u00e7\u00e3o ideal no suporte \u00e0s necessidades de sa\u00fade cardiovasculares e baseadas em energia.<\/p>\n<p><span style=\"color: #0000ff;\"><a style=\"color: #0000ff;\" href=\"https:\/\/advancedsofttissuerelease.com\/pt\/produtos\/k2-d3-completo-2\/\"><strong>K2 e D3 conclu\u00eddos &gt;<\/strong><\/a><\/span><\/p>\n<ul>\n<li>Apoia a circula\u00e7\u00e3o sangu\u00ednea saud\u00e1vel<\/li>\n<li>Promove a sa\u00fade \u00f3ssea ideal<\/li>\n<li>Promove o armazenamento adequado de c\u00e1lcio<\/li>\n<li>Mant\u00e9m a fun\u00e7\u00e3o cardiometab\u00f3lica saud\u00e1vel<\/li>\n<li>Suporta elasticidade arterial<\/li>\n<li>Aumenta a fun\u00e7\u00e3o imunol\u00f3gica<\/li>\n<li>Suporta um equil\u00edbrio saud\u00e1vel de c\u00e1lcio<\/li>\n<li>Suporta o equil\u00edbrio do a\u00e7\u00facar no sangue<\/li>\n<\/ul>\n<div class=\"page\" title=\"P\u00e1gina 1\">\n<div class=\"section\">\n<div class=\"layoutArea\">\n<div class=\"column\">\n<p>A pesquisa atual descobriu que a suplementa\u00e7\u00e3o de alta concentra\u00e7\u00e3o de K2, a 180 mcg\/dia, resulta em melhores resultados cl\u00ednicos em compara\u00e7\u00e3o com a suplementa\u00e7\u00e3o de dose mais baixa*. K2 &amp; D3 complete fornece 180 mcg de MenaQ7\u00ae PRO, a forma mais amplamente estudada de vitamina K2 como MK-7, juntamente com 5.000 UI de vitamina D3 para suporte ideal da sa\u00fade \u00f3ssea e cardiovascular.<\/p>\n<\/div>\n<\/div>\n<\/div>\n<\/div>\n<p><span style=\"color: #0000ff;\"><a style=\"color: #0000ff;\" href=\"https:\/\/advancedsofttissuerelease.com\/pt\/produtos\/omega-ativo-2\/\"><strong><span style=\"font-size: 12pt;\">\u00d4mega Ativo &gt;<\/span><\/strong><\/a><\/span><\/p>\n<ul>\n<li>Apoia a sa\u00fade cardiovascular<\/li>\n<li>Suporta o metabolismo do a\u00e7\u00facar no sangue<\/li>\n<li>Suporta a fun\u00e7\u00e3o cognitiva<\/li>\n<li>Apoia o desenvolvimento cognitivo<\/li>\n<li>Suporta uma pele saud\u00e1vel<\/li>\n<li>Suporta articula\u00e7\u00f5es saud\u00e1veis<\/li>\n<li>Suporta tecidos conjuntivos saud\u00e1veis<\/li>\n<li>Aumenta a sa\u00fade visual e ocular<\/li>\n<li>Mant\u00e9m o equil\u00edbrio inflamat\u00f3rio normal<\/li>\n<\/ul>\n<p style=\"text-align: center;\"><span style=\"font-size: 8pt; color: #333333;\">*Estas declara\u00e7\u00f5es n\u00e3o foram avaliadas pela Food and Drug Administration. Este produto n\u00e3o se destina a diagnosticar, tratar, curar ou prevenir qualquer doen\u00e7a.\u00a0<\/span><\/p>","protected":false},"excerpt":{"rendered":"<p>Programa passo a passo, incluindo dicas de sa\u00fade, plano de nutri\u00e7\u00e3o, receitas, listas de compras e suplementos que o ajudar\u00e3o a abordar a origem de seus problemas de sa\u00fade subjacentes.<\/p>","protected":false},"featured_media":47787,"template":"","meta":{"_analytify_skip_tracking":false},"product_brand":[],"product_cat":[1782],"product_tag":[604,1809,1890,1808,1792,1891],"woo-feed-brand":[],"class_list":{"0":"post-10512","1":"product","2":"type-product","3":"status-publish","4":"has-post-thumbnail","6":"product_cat-health-supplement-kits","7":"product_tag-coq-10","8":"product_tag-d3-vitamin","9":"product_tag-daily-vitamins","10":"product_tag-k2-vitamin","11":"product_tag-magnesium-active","12":"product_tag-multivitamins","13":"product_shipping_class-regular-shipping","15":"first","16":"instock","17":"sale","18":"taxable","19":"shipping-taxable","20":"purchasable","21":"product-type-simple"},"exclude_global_add_ons":[],"addons":[],"_links":{"self":[{"href":"https:\/\/advancedsofttissuerelease.com\/pt\/wp-json\/wp\/v2\/product\/10512","targetHints":{"allow":["GET"]}}],"collection":[{"href":"https:\/\/advancedsofttissuerelease.com\/pt\/wp-json\/wp\/v2\/product"}],"about":[{"href":"https:\/\/advancedsofttissuerelease.com\/pt\/wp-json\/wp\/v2\/types\/product"}],"version-history":[{"count":0,"href":"https:\/\/advancedsofttissuerelease.com\/pt\/wp-json\/wp\/v2\/product\/10512\/revisions"}],"wp:featuredmedia":[{"embeddable":true,"href":"https:\/\/advancedsofttissuerelease.com\/pt\/wp-json\/wp\/v2\/media\/47787"}],"wp:attachment":[{"href":"https:\/\/advancedsofttissuerelease.com\/pt\/wp-json\/wp\/v2\/media?parent=10512"}],"wp:term":[{"taxonomy":"product_brand","embeddable":true,"href":"https:\/\/advancedsofttissuerelease.com\/pt\/wp-json\/wp\/v2\/product_brand?post=10512"},{"taxonomy":"product_cat","embeddable":true,"href":"https:\/\/advancedsofttissuerelease.com\/pt\/wp-json\/wp\/v2\/product_cat?post=10512"},{"taxonomy":"product_tag","embeddable":true,"href":"https:\/\/advancedsofttissuerelease.com\/pt\/wp-json\/wp\/v2\/product_tag?post=10512"},{"taxonomy":"woo-feed-brand","embeddable":true,"href":"https:\/\/advancedsofttissuerelease.com\/pt\/wp-json\/wp\/v2\/woo-feed-brand?post=10512"}],"curies":[{"name":"wp","href":"https:\/\/api.w.org\/{rel}","templated":true}]}}