{"id":10516,"date":"2020-03-16T13:26:44","date_gmt":"2020-03-16T19:26:44","guid":{"rendered":"https:\/\/advancedsofttissuerelease.com\/?post_type=product&#038;p=10516"},"modified":"2025-09-23T20:00:30","modified_gmt":"2025-09-24T00:00:30","slug":"kit-de-saude-intestinal-2","status":"publish","type":"product","link":"https:\/\/advancedsofttissuerelease.com\/pt\/product\/gut-health-kit\/","title":{"rendered":"Kit de Sa\u00fade Intestinal"},"content":{"rendered":"<h1><span style=\"font-size: 12pt; color: #333333;\"><strong>Kit de Suplemento de Sa\u00fade Intestinal<\/strong><\/span><\/h1>\n<p>Neste programa passo a passo, o Dr. Jacobs mostrar\u00e1 como reduzir de forma r\u00e1pida e eficaz os problemas intestinais (gastrintestinais) implementando a dieta anti-inflamat\u00f3ria do ASTR com nosso kit de suplementos para a sa\u00fade intestinal. Se voc\u00ea est\u00e1 enfrentando problemas gastrointestinais cr\u00f4nicos ou de curto prazo, este kit o ajudar\u00e1 a viver sem os desconfortos di\u00e1rios que voc\u00ea est\u00e1 enfrentando atualmente!<\/p>\n<p><span style=\"color: #333333;\"><strong>O kit de suplemento de sa\u00fade intestinal inclui<\/strong><\/span><\/p>\n<ol>\n<li><span style=\"color: #333333;\">GI<\/span><\/li>\n<li><span style=\"color: #333333;\">GI e imune<\/span><\/li>\n<li>Probi\u00f3tico Max<\/li>\n<li>Enzimas<\/li>\n<li><span style=\"color: #333333;\">ASTR diet, including recipes<\/span><\/li>\n<\/ol>\n<p><span style=\"color: #0000ff;\"><strong><a style=\"color: #0000ff;\" href=\"https:\/\/advancedsofttissuerelease.com\/pt\/produtos\/gi-2\/\">GI &gt;<\/a><\/strong><\/span><\/p>\n<ul>\n<li>Apoia a integridade e o funcionamento ideal do trato gastrointestinal<\/li>\n<li>Suporta a mucosa gastrointestinal<\/li>\n<li>Suporta a inulina prebi\u00f3tica<\/li>\n<\/ul>\n<p>O suplemento ASTR GI apoia a integridade e o funcionamento ideal do trato gastrointestinal. O GI apresenta L-glutamina, zinco e \u00e1cido pantot\u00eanico para apoiar a mucosa gastrointestinal e a inulina prebi\u00f3tica para fornecer nutri\u00e7\u00e3o \u00e0s c\u00e9lulas da mucosa. Tamb\u00e9m cont\u00e9m extrato de folha de aloe, que tem sido tradicionalmente usado para uma fun\u00e7\u00e3o GI ideal.*<\/p>\n<p><span style=\"color: #0000ff;\"><a style=\"color: #0000ff;\" href=\"https:\/\/advancedsofttissuerelease.com\/pt\/produtos\/gi-imune-2\/\"><strong>GI e imunol\u00f3gico &gt;<\/strong><\/a><\/span><\/p>\n<ul>\n<li>Promove o equil\u00edbrio microbiano<\/li>\n<li>Ajuda a manter o conforto gastrointestinal<\/li>\n<li>Apoia o funcionamento imunol\u00f3gico saud\u00e1vel<\/li>\n<li>Fornece nutrientes que aumentam a prote\u00e7\u00e3o antioxidante<\/li>\n<li>Melhora a fun\u00e7\u00e3o imunol\u00f3gica<\/li>\n<li>Apoia a resposta imune natural<\/li>\n<\/ul>\n<p><span style=\"color: #0000ff;\"><strong><a style=\"color: #0000ff;\" href=\"https:\/\/advancedsofttissuerelease.com\/pt\/produtos\/probiotico-max-2\/\">Probi\u00f3tico Max \u2013 18 Cepas&gt;<\/a><\/strong><\/span><\/p>\n<ul>\n<li>Suporta uma microbiota saud\u00e1vel<\/li>\n<li>Apoia a resposta imune natural<\/li>\n<li>Suporta a digest\u00e3o da lactose<\/li>\n<li>Apoia a regularidade intestinal<\/li>\n<li>Suporta um microbioma intestinal saud\u00e1vel<\/li>\n<li>Selecionado por sua viabilidade e estabilidade<\/li>\n<\/ul>\n<p>O ASTR Probiotic Max Supplement suporta uma microbiota saud\u00e1vel, a resposta imune natural, a digest\u00e3o da lactose e a regularidade intestinal. Probiotic Max Strain apresenta diversas cepas probi\u00f3ticas para apoiar um microbioma intestinal saud\u00e1vel. Essas cepas foram selecionadas n\u00e3o apenas por seus benef\u00edcios \u00e0 sa\u00fade e a\u00e7\u00f5es complementares, mas tamb\u00e9m por sua viabilidade e estabilidade. Para proteger as bact\u00e9rias da luz e da umidade, s\u00e3o utilizadas embalagens opacas e forradas com papel alum\u00ednio para ambas as f\u00f3rmulas.*<\/p>\n<p><span style=\"color: #0000ff;\"><a style=\"color: #0000ff;\" href=\"https:\/\/advancedsofttissuerelease.com\/pt\/produtos\/enzimas-2\/\"><strong>Enzimas &gt;<\/strong><\/a><\/span><\/p>\n<ul>\n<li>Apoia a digest\u00e3o saud\u00e1vel de macronutrientes<\/li>\n<li>Melhora a absor\u00e7\u00e3o de nutrientes<\/li>\n<li>Suporta a quebra de polissacar\u00eddeos<\/li>\n<li>Suporta o funcionamento pancre\u00e1tico<\/li>\n<li>Suporta a quebra da lactose<\/li>\n<\/ul>\n<p>Os Suplementos de Enzimas ASTR suportam tanto a digest\u00e3o saud\u00e1vel quanto a absor\u00e7\u00e3o de macronutrientes. As enzimas s\u00e3o projetadas para auxiliar a digest\u00e3o de gorduras, prote\u00ednas, carboidratos, fibras e lactose. ASTR criou Enzimas usando uma infinidade de enzimas digestivas diferentes para funcionar dentro de uma ampla faixa de pH.*<\/p>\n<p><strong>N\u00c3O CONT\u00c9M:<\/strong>\u00a0 gl\u00faten, corantes artificiais, conservantes artificiais ou ado\u00e7antes artificiais.<\/p>\n<p style=\"text-align: center;\"><span style=\"font-size: 8pt; color: #333333;\">*Estas declara\u00e7\u00f5es n\u00e3o foram avaliadas pela Food and Drug Administration. Este produto n\u00e3o se destina a diagnosticar, tratar, curar ou prevenir qualquer doen\u00e7a.\u00a0<\/span><\/p>","protected":false},"excerpt":{"rendered":"<p><span class=\"\">Programa passo a passo, incluindo dicas de sa\u00fade intestinal,\u00a0<\/span><span class=\"\">plano de nutri\u00e7\u00e3o, <\/span><span class=\"\">receitas, listas de compras e suplementos que o ajudar\u00e3o a abordar a origem de seus problemas de sa\u00fade subjacentes.<\/span><\/p>","protected":false},"featured_media":37354,"template":"","meta":{"_analytify_skip_tracking":false},"product_brand":[],"product_cat":[1782],"product_tag":[644,1898,662,1895,1896,1897],"woo-feed-brand":[],"class_list":{"0":"post-10516","1":"product","2":"type-product","3":"status-publish","4":"has-post-thumbnail","6":"product_cat-health-supplement-kits","7":"product_tag-enzymes","8":"product_tag-fiber","9":"product_tag-gi","10":"product_tag-gut-supplements","11":"product_tag-leaky-gut-supplements","12":"product_tag-probiotics","13":"product_shipping_class-regular-shipping","15":"first","16":"instock","17":"sale","18":"taxable","19":"shipping-taxable","20":"purchasable","21":"product-type-simple"},"exclude_global_add_ons":[],"addons":[],"_links":{"self":[{"href":"https:\/\/advancedsofttissuerelease.com\/pt\/wp-json\/wp\/v2\/product\/10516","targetHints":{"allow":["GET"]}}],"collection":[{"href":"https:\/\/advancedsofttissuerelease.com\/pt\/wp-json\/wp\/v2\/product"}],"about":[{"href":"https:\/\/advancedsofttissuerelease.com\/pt\/wp-json\/wp\/v2\/types\/product"}],"version-history":[{"count":0,"href":"https:\/\/advancedsofttissuerelease.com\/pt\/wp-json\/wp\/v2\/product\/10516\/revisions"}],"wp:featuredmedia":[{"embeddable":true,"href":"https:\/\/advancedsofttissuerelease.com\/pt\/wp-json\/wp\/v2\/media\/37354"}],"wp:attachment":[{"href":"https:\/\/advancedsofttissuerelease.com\/pt\/wp-json\/wp\/v2\/media?parent=10516"}],"wp:term":[{"taxonomy":"product_brand","embeddable":true,"href":"https:\/\/advancedsofttissuerelease.com\/pt\/wp-json\/wp\/v2\/product_brand?post=10516"},{"taxonomy":"product_cat","embeddable":true,"href":"https:\/\/advancedsofttissuerelease.com\/pt\/wp-json\/wp\/v2\/product_cat?post=10516"},{"taxonomy":"product_tag","embeddable":true,"href":"https:\/\/advancedsofttissuerelease.com\/pt\/wp-json\/wp\/v2\/product_tag?post=10516"},{"taxonomy":"woo-feed-brand","embeddable":true,"href":"https:\/\/advancedsofttissuerelease.com\/pt\/wp-json\/wp\/v2\/woo-feed-brand?post=10516"}],"curies":[{"name":"wp","href":"https:\/\/api.w.org\/{rel}","templated":true}]}}