{"id":10519,"date":"2020-03-16T15:53:13","date_gmt":"2020-03-16T21:53:13","guid":{"rendered":"https:\/\/advancedsofttissuerelease.com\/?post_type=product&#038;p=10519"},"modified":"2025-09-23T20:50:04","modified_gmt":"2025-09-24T00:50:04","slug":"kit-de-suporte-para-tireoide-2","status":"publish","type":"product","link":"https:\/\/advancedsofttissuerelease.com\/pt\/product\/thyroid-support-kit\/","title":{"rendered":"Kit de suporte para tireoide"},"content":{"rendered":"<h1><strong><span style=\"font-size: medium;\">Kit de suporte para tireoide<\/span><\/strong><\/h1>\n<p>Neste programa passo a passo, o Dr. Jacobs mostrar\u00e1 a voc\u00ea como apoiar efetivamente sua gl\u00e2ndula tireoide e aliviar o estresse da tireoide implementando a dieta anti-inflamat\u00f3ria do ASTR com nosso kit de suplementos de suporte \u00e0 tireoide. Se voc\u00ea estiver enfrentando problemas cr\u00f4nicos ou de curto prazo da tireoide, este kit iniciar\u00e1 sua jornada para apoiar sua gl\u00e2ndula tireoide!<\/p>\n<p><span style=\"color: #333333;\"><strong>O kit de suporte para tireoide inclui<\/strong><\/span><\/p>\n<ol>\n<li><span style=\"color: #333333;\">B Activo<\/span><\/li>\n<li><span style=\"color: #333333;\">Iodo ativo<\/span><\/li>\n<li>Zinco Activo<\/li>\n<li><span style=\"color: #333333;\">ASTR diet, including recipes<\/span><\/li>\n<\/ol>\n<p><span style=\"color: #0000ff;\"><a style=\"color: #0000ff;\" href=\"https:\/\/advancedsofttissuerelease.com\/pt\/produtos\/b-ativo-2\/\"><strong>B Ativo &gt;<\/strong><\/a><\/span><\/p>\n<ul>\n<li><span style=\"color: #333333;\">Suporta o metabolismo de carboidratos<\/span><\/li>\n<li><span style=\"color: #333333;\">Suporta o funcionamento do sistema nervoso<\/span><\/li>\n<li><span style=\"color: #333333;\">Suporta o funcionamento do sistema adrenal<\/span><\/li>\n<li><span style=\"color: #333333;\">Suporta o funcionamento do sistema imunol\u00f3gico<\/span><\/li>\n<li><span style=\"color: #333333;\">Apoia a sa\u00fade cardiovascular<\/span><\/li>\n<li><span style=\"color: #333333;\">Protege contra defici\u00eancias alimentares<\/span><\/li>\n<li><span style=\"color: #333333;\">Protege contra a deple\u00e7\u00e3o de nutrientes induzida pelo estresse<\/span><\/li>\n<li><span style=\"color: #333333;\">Suporta fun\u00e7\u00e3o mental e humor saud\u00e1veis<\/span><\/li>\n<\/ul>\n<p><span style=\"color: #333333;\">O ASTR B Active Supplement ajuda a apoiar o metabolismo de carboidratos, funcionamento do sistema nervoso\/adrenal\/imune, sa\u00fade cardiovascular e funcionamento mental e humor saud\u00e1veis. B Active cont\u00e9m todo o espectro de vitaminas B; formas ativadas de B2, B6 e B12; e folato.*<\/span><\/p>\n<p><span style=\"color: #0000ff;\"><a style=\"color: #0000ff;\" href=\"https:\/\/advancedsofttissuerelease.com\/pt\/produtos\/zinco-ativo-2\/\"><strong>Zinco Ativo &gt;<\/strong><\/a><\/span><\/p>\n<ul>\n<li>Suporta sistema imunol\u00f3gico<\/li>\n<li>Suporta a fun\u00e7\u00e3o neurol\u00f3gica<\/li>\n<li>Suporta o metabolismo dos nutrientes<\/li>\n<li>Apoia a sa\u00fade reprodutiva<\/li>\n<li>Apoia o equil\u00edbrio hormonal<\/li>\n<li>Apoie a percep\u00e7\u00e3o sensorial<\/li>\n<li>Suporta atividade antioxidante<\/li>\n<li>Suporta rea\u00e7\u00f5es enzim\u00e1ticas<\/li>\n<li>Suporta o metabolismo das prote\u00ednas<\/li>\n<\/ul>\n<p><span style=\"color: #0000ff;\"><strong><a style=\"color: #0000ff;\" href=\"https:\/\/advancedsofttissuerelease.com\/pt\/produtos\/ativo-de-iodo-2\/\">Iodo ativo &gt;<\/a><\/strong><\/span><\/p>\n<ul>\n<li>Apoia a sa\u00fade da tire\u00f3ide<\/li>\n<li>Ajuda a manter o tecido mam\u00e1rio saud\u00e1vel<\/li>\n<li>Apoia a s\u00edntese saud\u00e1vel de horm\u00f4nios da tireoide<\/li>\n<li>Reduzir o estresse oxidativo<\/li>\n<li>Suporta olhos saud\u00e1veis<\/li>\n<li>Apoia o revestimento gastrointestinal saud\u00e1vel<\/li>\n<li>Antioxidante<\/li>\n<\/ul>\n<div class=\"page\" title=\"P\u00e1gina 1\">\n<div class=\"section\">\n<div class=\"layoutArea\">\n<div class=\"column\">\n<p>F\u00f3rmula de iodo e sel\u00eanio para a fun\u00e7\u00e3o ideal da gl\u00e2ndula tire\u00f3ide<\/p>\n<\/div>\n<\/div>\n<\/div>\n<\/div>\n<p style=\"text-align: center;\"><span style=\"font-size: 8pt; color: #333333;\">*Estas declara\u00e7\u00f5es n\u00e3o foram avaliadas pela Food and Drug Administration. Este produto n\u00e3o se destina a diagnosticar, tratar, curar ou prevenir qualquer doen\u00e7a.\u00a0<\/span><\/p>","protected":false},"excerpt":{"rendered":"<p>Programa passo a passo, incluindo dicas de suporte \u00e0 tireoide, plano de nutri\u00e7\u00e3o, receitas, listas de compras e suplementos que ajudar\u00e3o voc\u00ea a abordar a origem de seus problemas de sa\u00fade subjacentes.<\/p>","protected":false},"featured_media":29588,"template":"","meta":{"_analytify_skip_tracking":false},"product_brand":[],"product_cat":[1782],"product_tag":[1799,609,1604,1603,1906,1907],"woo-feed-brand":[],"class_list":{"0":"post-10519","1":"product","2":"type-product","3":"status-publish","4":"has-post-thumbnail","6":"product_cat-health-supplement-kits","7":"product_tag-b-complex","8":"product_tag-energy-generation","9":"product_tag-iodine","10":"product_tag-selenium","11":"product_tag-thyroid-support","12":"product_tag-zinc","13":"product_shipping_class-regular-shipping","15":"first","16":"instock","17":"sale","18":"taxable","19":"shipping-taxable","20":"purchasable","21":"product-type-simple"},"exclude_global_add_ons":[],"addons":[],"_links":{"self":[{"href":"https:\/\/advancedsofttissuerelease.com\/pt\/wp-json\/wp\/v2\/product\/10519","targetHints":{"allow":["GET"]}}],"collection":[{"href":"https:\/\/advancedsofttissuerelease.com\/pt\/wp-json\/wp\/v2\/product"}],"about":[{"href":"https:\/\/advancedsofttissuerelease.com\/pt\/wp-json\/wp\/v2\/types\/product"}],"version-history":[{"count":0,"href":"https:\/\/advancedsofttissuerelease.com\/pt\/wp-json\/wp\/v2\/product\/10519\/revisions"}],"wp:featuredmedia":[{"embeddable":true,"href":"https:\/\/advancedsofttissuerelease.com\/pt\/wp-json\/wp\/v2\/media\/29588"}],"wp:attachment":[{"href":"https:\/\/advancedsofttissuerelease.com\/pt\/wp-json\/wp\/v2\/media?parent=10519"}],"wp:term":[{"taxonomy":"product_brand","embeddable":true,"href":"https:\/\/advancedsofttissuerelease.com\/pt\/wp-json\/wp\/v2\/product_brand?post=10519"},{"taxonomy":"product_cat","embeddable":true,"href":"https:\/\/advancedsofttissuerelease.com\/pt\/wp-json\/wp\/v2\/product_cat?post=10519"},{"taxonomy":"product_tag","embeddable":true,"href":"https:\/\/advancedsofttissuerelease.com\/pt\/wp-json\/wp\/v2\/product_tag?post=10519"},{"taxonomy":"woo-feed-brand","embeddable":true,"href":"https:\/\/advancedsofttissuerelease.com\/pt\/wp-json\/wp\/v2\/woo-feed-brand?post=10519"}],"curies":[{"name":"wp","href":"https:\/\/api.w.org\/{rel}","templated":true}]}}